{"id":8181,"date":"2016-02-11T09:55:47","date_gmt":"2016-02-11T09:55:47","guid":{"rendered":"https:\/\/eurologos-milano.com\/fr\/?page_id=8181"},"modified":"2016-11-04T16:18:17","modified_gmt":"2016-11-04T16:18:17","slug":"contatti","status":"publish","type":"page","link":"https:\/\/eurologos-milano.com\/fr\/contatti\/","title":{"rendered":"Contacts"},"content":{"rendered":"<p>[et_pb_section admin_label=\u00a0\u00bbsection\u00a0\u00bb fullwidth=\u00a0\u00bbon\u00a0\u00bb specialty=\u00a0\u00bboff\u00a0\u00bb][et_pb_fullwidth_map admin_label=\u00a0\u00bbMap a Larghezza Piena\u00a0\u00bb address=\u00a0\u00bbVia Villa Mirabello, 6, 20125 Milano, Italia\u00a0\u00bb zoom_level=\u00a0\u00bb13&Prime; address_lat=\u00a0\u00bb45.492086441783805&Prime; address_lng=\u00a0\u00bb9.19480009521488&Prime; mouse_wheel=\u00a0\u00bboff\u00a0\u00bb] [et_pb_map_pin title=\u00a0\u00bbEurologos-Milano\u00a0\u00bb pin_address=\u00a0\u00bbVia Villa Mirabello, 6, 20125 Milano, Italia\u00a0\u00bb pin_address_lat=\u00a0\u00bb45.49702&Prime; pin_address_lng=\u00a0\u00bb9.19789000000003&Prime;]<\/p>\n<p><strong>Eurologos Milano<\/strong><br \/>\nvia Villa Mirabello, 6<br \/>\n20125 Milano<\/p>\n<p>[\/et_pb_map_pin] [\/et_pb_fullwidth_map][\/et_pb_section][et_pb_section admin_label=\u00a0\u00bbsection\u00a0\u00bb fullwidth=\u00a0\u00bboff\u00a0\u00bb specialty=\u00a0\u00bboff\u00a0\u00bb][et_pb_row admin_label=\u00a0\u00bbrow\u00a0\u00bb][et_pb_column type=\u00a0\u00bb1_3&Prime;][et_pb_image admin_label=\u00a0\u00bbImmagine\u00a0\u00bb src=\u00a0\u00bbhttps:\/\/eurologos-milano.com\/wp-content\/uploads\/2015\/10\/villa1.jpg\u00a0\u00bb show_in_lightbox=\u00a0\u00bboff\u00a0\u00bb url_new_window=\u00a0\u00bboff\u00a0\u00bb animation=\u00a0\u00bboff\u00a0\u00bb sticky=\u00a0\u00bboff\u00a0\u00bb align=\u00a0\u00bbleft\u00a0\u00bb force_fullwidth=\u00a0\u00bboff\u00a0\u00bb always_center_on_mobile=\u00a0\u00bbon\u00a0\u00bb use_border_color=\u00a0\u00bboff\u00a0\u00bb border_color=\u00a0\u00bb#ffffff\u00a0\u00bb border_style=\u00a0\u00bbsolid\u00a0\u00bb] [\/et_pb_image][\/et_pb_column][et_pb_column type=\u00a0\u00bb1_3&Prime;][et_pb_image admin_label=\u00a0\u00bbImmagine\u00a0\u00bb src=\u00a0\u00bbhttps:\/\/eurologos-milano.com\/wp-content\/uploads\/2015\/10\/villa02.jpg\u00a0\u00bb show_in_lightbox=\u00a0\u00bboff\u00a0\u00bb url_new_window=\u00a0\u00bboff\u00a0\u00bb animation=\u00a0\u00bboff\u00a0\u00bb sticky=\u00a0\u00bboff\u00a0\u00bb align=\u00a0\u00bbleft\u00a0\u00bb force_fullwidth=\u00a0\u00bboff\u00a0\u00bb always_center_on_mobile=\u00a0\u00bbon\u00a0\u00bb use_border_color=\u00a0\u00bboff\u00a0\u00bb border_color=\u00a0\u00bb#ffffff\u00a0\u00bb border_style=\u00a0\u00bbsolid\u00a0\u00bb] [\/et_pb_image][\/et_pb_column][et_pb_column type=\u00a0\u00bb1_3&Prime;][et_pb_image admin_label=\u00a0\u00bbImmagine\u00a0\u00bb src=\u00a0\u00bbhttps:\/\/eurologos-milano.com\/wp-content\/uploads\/2015\/10\/villa03.jpg\u00a0\u00bb show_in_lightbox=\u00a0\u00bboff\u00a0\u00bb url_new_window=\u00a0\u00bboff\u00a0\u00bb animation=\u00a0\u00bboff\u00a0\u00bb sticky=\u00a0\u00bboff\u00a0\u00bb align=\u00a0\u00bbleft\u00a0\u00bb force_fullwidth=\u00a0\u00bboff\u00a0\u00bb always_center_on_mobile=\u00a0\u00bbon\u00a0\u00bb use_border_color=\u00a0\u00bboff\u00a0\u00bb border_color=\u00a0\u00bb#ffffff\u00a0\u00bb border_style=\u00a0\u00bbsolid\u00a0\u00bb] [\/et_pb_image][\/et_pb_column][\/et_pb_row][\/et_pb_section][et_pb_section admin_label=\u00a0\u00bbsection\u00a0\u00bb fullwidth=\u00a0\u00bboff\u00a0\u00bb transparent_background=\u00a0\u00bboff\u00a0\u00bb background_color=\u00a0\u00bb#e6e6e6&Prime; inner_shadow=\u00a0\u00bboff\u00a0\u00bb parallax=\u00a0\u00bboff\u00a0\u00bb parallax_method=\u00a0\u00bboff\u00a0\u00bb module_id=\u00a0\u00bbsezioneContatti\u00a0\u00bb allow_player_pause=\u00a0\u00bboff\u00a0\u00bb padding_mobile=\u00a0\u00bboff\u00a0\u00bb make_fullwidth=\u00a0\u00bboff\u00a0\u00bb use_custom_width=\u00a0\u00bboff\u00a0\u00bb width_unit=\u00a0\u00bbon\u00a0\u00bb make_equal=\u00a0\u00bboff\u00a0\u00bb use_custom_gutter=\u00a0\u00bboff\u00a0\u00bb][et_pb_row admin_label=\u00a0\u00bbrow\u00a0\u00bb][et_pb_column type=\u00a0\u00bb4_4&Prime;][et_pb_text admin_label=\u00a0\u00bbTesto\u00a0\u00bb background_layout=\u00a0\u00bblight\u00a0\u00bb text_orientation=\u00a0\u00bbleft\u00a0\u00bb text_line_height=\u00a0\u00bb2em\u00a0\u00bb use_border_color=\u00a0\u00bboff\u00a0\u00bb border_color=\u00a0\u00bb#ffffff\u00a0\u00bb border_style=\u00a0\u00bbsolid\u00a0\u00bb]<\/p>\n<h1>Bienvenue \u00e0 la Villa Mirabello, si\u00e8ge d\u2019Eurologos Milan<\/h1>\n<p><strong>La Villa Mirabello est l\u2019un des plus beaux exemples d\u2019architecture de maison-ferme b\u00e2tie dans les faubourgs de la ville au XV<sup>e<\/sup> si\u00e8cle<\/strong>. Elle compte parmi les b\u00e2timents les mieux conserv\u00e9s de la proche banlieue milanaise. Li\u00e9e \u00e0 la famille Mirabello, qui en a probablement ordonn\u00e9 la construction, la villa passe en 1445 aux mains de Pigello Portinari, un noble florentin venu g\u00e9rer la banque des M\u00e9dicis (<em>banco mediceo<\/em>) \u00e0 Milan. Apr\u00e8s avoir \u00e9t\u00e9 la propri\u00e9t\u00e9 des Landriani puis de Giovanni Marino, \u00e0 la moiti\u00e9 du XVI<sup>e<\/sup>, la villa, rel\u00e9gu\u00e9e \u00e0 la seule fonction agricole, restera \u00e0 l\u2019abandon jusqu\u2019au d\u00e9but du XX<sup>e<\/sup> si\u00e8cle, date de sa restauration.<\/p>\n<p>Le b\u00e2timent, en briquettes apparentes, pr\u00e9sente une structure en L, avec des fen\u00eatres en ogive et des encadrements en terre cuite d\u00e9limit\u00e9s par des bandes d\u2019enduit et de graphite. L\u2019\u00e9difice est flanqu\u00e9 d\u2019<strong>une petite \u00e9glise consacr\u00e9e \u00e0 la Mater amabilis (Marie m\u00e8re aimable), dont les fresques du XV<sup>e<\/sup><\/strong> repr\u00e9sentent un saint soulevant la croix. La cour est ferm\u00e9e par l\u2019aile autrefois destin\u00e9e aux fermiers qui relie les deux corps de b\u00e2timent et cl\u00f4t enti\u00e8rement la cour int\u00e9rieure. Au-del\u00e0 s\u2019\u00e9tend le verger-potager (<em>hortus<\/em>) et l\u2019ensemble est ceint d\u2019un mur imposant. \u00c0 l\u2019int\u00e9rieur, la grande salle conserve une bande de d\u00e9corations h\u00e9raldiques et l\u2019on aper\u00e7oit \u00e9galement des vestiges de fresques \u00e0 motifs h\u00e9raldiques mais \u00e9galement des d\u00e9corations m\u00ealant fleurs et grenades ainsi qu\u2019une fresque au plafond d\u2019inspiration courtoise. \u00c0 l\u2019ext\u00e9rieur, au milieu de la cour, se dresse <strong>une vasque dite du \u00ab\u00a0mangia bagaj\u00a0\u00bb<\/strong>. Il s\u2019agit d\u2019une copie de Beltrami, r\u00e9alis\u00e9e \u00e0 la fin du XIX<sup>e<\/sup> et provenant du ch\u00e2teau de Vigevano. Depuis 1916, la villa accueille la <strong>Casa di lavoro e patronato per i ciechi di guerra di Lombardia <\/strong>(Maison pour le travail et le patronage des aveugles de guerre de Lombardie).<\/p>\n<p>Le complexe architectural nich\u00e9 dans un grand jardin fait figure d\u2019exception dans le quartier r\u00e9sidentiel b\u00e2ti de petites villas Art nouveau et coup\u00e9 des grands axes en raison de l\u2019expansion de la ville vers le nord. C\u2019est ici que se trouve Eurologos Milan. Venez nous rendre une petite visite, vous \u00eates les bienvenus\u00a0!<\/p>\n<p>[\/et_pb_text][\/et_pb_column][\/et_pb_row][\/et_pb_section][et_pb_section admin_label=\u00a0\u00bbsection\u00a0\u00bb fullwidth=\u00a0\u00bboff\u00a0\u00bb specialty=\u00a0\u00bboff\u00a0\u00bb][et_pb_row admin_label=\u00a0\u00bbrow\u00a0\u00bb][et_pb_column type=\u00a0\u00bb2_3&Prime;][et_pb_contact_form admin_label=\u00a0\u00bbContact Form\u00a0\u00bb captcha=\u00a0\u00bbon\u00a0\u00bb title=\u00a0\u00bbVeuillez remplir le formulaire ci-dessous et nous prendrons contact au plus vite\u00a0\u00bb form_field_line_height=\u00a0\u00bb2em\u00a0\u00bb use_border_color=\u00a0\u00bboff\u00a0\u00bb border_color=\u00a0\u00bb#ffffff\u00a0\u00bb border_style=\u00a0\u00bbsolid\u00a0\u00bb custom_button=\u00a0\u00bboff\u00a0\u00bb button_letter_spacing=\u00a0\u00bb0&Prime; button_use_icon=\u00a0\u00bbdefault\u00a0\u00bb button_icon_placement=\u00a0\u00bbright\u00a0\u00bb button_on_hover=\u00a0\u00bbon\u00a0\u00bb button_letter_spacing_hover=\u00a0\u00bb0&Prime; email=\u00a0\u00bbviola@eurologos.it\u00a0\u00bb] [\/et_pb_contact_form][\/et_pb_column][et_pb_column type=\u00a0\u00bb1_3&Prime;][et_pb_text admin_label=\u00a0\u00bbText\u00a0\u00bb background_layout=\u00a0\u00bblight\u00a0\u00bb text_orientation=\u00a0\u00bbleft\u00a0\u00bb use_border_color=\u00a0\u00bboff\u00a0\u00bb border_color=\u00a0\u00bb#ffffff\u00a0\u00bb border_style=\u00a0\u00bbsolid\u00a0\u00bb]<\/p>\n<p style=\"text-align: justify;\">Prenez contact avec l\u2019un de nos responsables de projet\u00a0: chaque projet est supervis\u00e9 par ses soins et il assure l\u2019interface entre le client et les producteurs \u2013 traducteurs, r\u00e9viseurs, terminologues, graphistes et informaticiens. Gr\u00e2ce au syst\u00e8me SAP Business One\u00ae, nos responsables de projet sont de surcro\u00eet en mesure d\u2019aborder et de r\u00e9gler tout probl\u00e8me \u00e9ventuel dans les meilleurs d\u00e9lais, ils flairent les tendances du march\u00e9, d\u00e9nichent les bons filons commerciaux et planifient en toute s\u00e9curit\u00e9 les besoins de nos clients.<\/p>\n<p>[\/et_pb_text][\/et_pb_column][\/et_pb_row][\/et_pb_section][et_pb_section admin_label=\u00a0\u00bbsection\u00a0\u00bb fullwidth=\u00a0\u00bboff\u00a0\u00bb specialty=\u00a0\u00bboff\u00a0\u00bb transparent_background=\u00a0\u00bboff\u00a0\u00bb background_color=\u00a0\u00bb#3d7dca\u00a0\u00bb inner_shadow=\u00a0\u00bboff\u00a0\u00bb parallax=\u00a0\u00bboff\u00a0\u00bb parallax_method=\u00a0\u00bboff\u00a0\u00bb allow_player_pause=\u00a0\u00bboff\u00a0\u00bb padding_mobile=\u00a0\u00bboff\u00a0\u00bb make_fullwidth=\u00a0\u00bboff\u00a0\u00bb use_custom_width=\u00a0\u00bboff\u00a0\u00bb width_unit=\u00a0\u00bbon\u00a0\u00bb make_equal=\u00a0\u00bboff\u00a0\u00bb use_custom_gutter=\u00a0\u00bboff\u00a0\u00bb][et_pb_row admin_label=\u00a0\u00bbrow\u00a0\u00bb][et_pb_column type=\u00a0\u00bb2_3&Prime;][et_pb_image admin_label=\u00a0\u00bbImmagine\u00a0\u00bb src=\u00a0\u00bbhttps:\/\/eurologos-milano.com\/wp-content\/uploads\/2015\/02\/fondoContatti.jpg\u00a0\u00bb show_in_lightbox=\u00a0\u00bboff\u00a0\u00bb url_new_window=\u00a0\u00bboff\u00a0\u00bb animation=\u00a0\u00bbleft\u00a0\u00bb sticky=\u00a0\u00bboff\u00a0\u00bb align=\u00a0\u00bbleft\u00a0\u00bb force_fullwidth=\u00a0\u00bboff\u00a0\u00bb always_center_on_mobile=\u00a0\u00bbon\u00a0\u00bb use_border_color=\u00a0\u00bboff\u00a0\u00bb border_color=\u00a0\u00bb#ffffff\u00a0\u00bb border_style=\u00a0\u00bbsolid\u00a0\u00bb] [\/et_pb_image][\/et_pb_column][et_pb_column type=\u00a0\u00bb1_3&Prime;][et_pb_text admin_label=\u00a0\u00bbText\u00a0\u00bb background_layout=\u00a0\u00bbdark\u00a0\u00bb text_orientation=\u00a0\u00bbleft\u00a0\u00bb text_line_height=\u00a0\u00bb2em\u00a0\u00bb use_border_color=\u00a0\u00bboff\u00a0\u00bb border_color=\u00a0\u00bb#ffffff\u00a0\u00bb border_style=\u00a0\u00bbsolid\u00a0\u00bb]<\/p>\n<h3>ADRESSE ET OUVERTURE DES BUREAUX<\/h3>\n<p><strong>MTP srl Eurologos Milano<\/strong><br \/>\nSi\u00e8ge social\u00a0: Via Villa Mirabello, 6<br \/>\n20125 Milan &#8211; Italie<br \/>\nT\u00e9l +39 02 6880951 \u2013\u00a0Fax +39 02 70030857<br \/>\nE-mail: info@eurologos-milano.com<\/p>\n<p>N\u00b0 de TVA\u00a0: 11816920158<br \/>\nCourrier \u00e9lectronique certifi\u00e9\u00a0:\u00a0mtp_srl@pec.it<br \/>\nN\u00b0 de Registre \u00e9conomique et administratif\u00a0\u2013 1499854<br \/>\nCapital social autoris\u00e9\u00a0: 79.101,00 euro<\/p>\n<p>Jours et horaires d\u2019ouverture des bureaux\u00a0:<br \/>\n9h-18h30 du lundi au vendredi<\/p>\n<p>[\/et_pb_text][\/et_pb_column][\/et_pb_row][\/et_pb_section][et_pb_section admin_label=\u00a0\u00bbsection\u00a0\u00bb fullwidth=\u00a0\u00bboff\u00a0\u00bb specialty=\u00a0\u00bboff\u00a0\u00bb transparent_background=\u00a0\u00bboff\u00a0\u00bb background_color=\u00a0\u00bb#ffffff\u00a0\u00bb inner_shadow=\u00a0\u00bboff\u00a0\u00bb parallax=\u00a0\u00bboff\u00a0\u00bb parallax_method=\u00a0\u00bboff\u00a0\u00bb allow_player_pause=\u00a0\u00bboff\u00a0\u00bb padding_mobile=\u00a0\u00bboff\u00a0\u00bb make_fullwidth=\u00a0\u00bboff\u00a0\u00bb use_custom_width=\u00a0\u00bboff\u00a0\u00bb width_unit=\u00a0\u00bbon\u00a0\u00bb make_equal=\u00a0\u00bboff\u00a0\u00bb use_custom_gutter=\u00a0\u00bboff\u00a0\u00bb module_id=\u00a0\u00bblavoraconnoi\u00a0\u00bb][et_pb_row admin_label=\u00a0\u00bbrow\u00a0\u00bb][et_pb_column type=\u00a0\u00bb4_4&Prime;][et_pb_text admin_label=\u00a0\u00bbLavora con noi\u00a0\u00bb background_layout=\u00a0\u00bblight\u00a0\u00bb text_orientation=\u00a0\u00bbleft\u00a0\u00bb use_border_color=\u00a0\u00bboff\u00a0\u00bb border_color=\u00a0\u00bb#ffffff\u00a0\u00bb border_style=\u00a0\u00bbsolid\u00a0\u00bb]<\/p>\n<h1>TRAVAILLER AVEC NOUS<\/h1>\n<p>[\/et_pb_text][\/et_pb_column][\/et_pb_row][et_pb_row admin_label=\u00a0\u00bbrow\u00a0\u00bb][et_pb_column type=\u00a0\u00bb1_3&Prime;][et_pb_blurb admin_label=\u00a0\u00bbFreelance\u00a0\u00bb url_new_window=\u00a0\u00bboff\u00a0\u00bb use_icon=\u00a0\u00bboff\u00a0\u00bb icon_color=\u00a0\u00bb#005498&Prime; use_circle=\u00a0\u00bboff\u00a0\u00bb circle_color=\u00a0\u00bb#005498&Prime; use_circle_border=\u00a0\u00bboff\u00a0\u00bb circle_border_color=\u00a0\u00bb#005498&Prime; image=\u00a0\u00bbhttps:\/\/eurologos-milano.com\/wp-content\/uploads\/2015\/02\/icona_01.jpg\u00a0\u00bb icon_placement=\u00a0\u00bbtop\u00a0\u00bb animation=\u00a0\u00bboff\u00a0\u00bb background_layout=\u00a0\u00bblight\u00a0\u00bb text_orientation=\u00a0\u00bbleft\u00a0\u00bb use_icon_font_size=\u00a0\u00bboff\u00a0\u00bb use_border_color=\u00a0\u00bboff\u00a0\u00bb border_color=\u00a0\u00bb#ffffff\u00a0\u00bb border_style=\u00a0\u00bbsolid\u00a0\u00bb]<\/p>\n<p><strong>Vous \u00eates une traductrice ou un traducteur freelance qualifi\u00e9(e)\u00a0?<\/strong><br \/>\nAlors envoyez-nous votre CV d\u00e9taill\u00e9 \u00e0 cette adresse\u00a0:\u00a0<a href=\"mailto:freelance@eurologos-milano.com\">freelance@eurologos-milano.com<\/a> et nous vous contacterons d\u00e8s que possible.<\/p>\n<p>[\/et_pb_blurb][\/et_pb_column][et_pb_column type=\u00a0\u00bb1_3&Prime;][et_pb_blurb admin_label=\u00a0\u00bbtirocinio\u00a0\u00bb url_new_window=\u00a0\u00bboff\u00a0\u00bb use_icon=\u00a0\u00bboff\u00a0\u00bb icon_color=\u00a0\u00bb#005498&Prime; use_circle=\u00a0\u00bboff\u00a0\u00bb circle_color=\u00a0\u00bb#005498&Prime; use_circle_border=\u00a0\u00bboff\u00a0\u00bb circle_border_color=\u00a0\u00bb#005498&Prime; image=\u00a0\u00bbhttps:\/\/eurologos-milano.com\/wp-content\/uploads\/2015\/02\/icona_02.jpg\u00a0\u00bb icon_placement=\u00a0\u00bbtop\u00a0\u00bb animation=\u00a0\u00bboff\u00a0\u00bb background_layout=\u00a0\u00bblight\u00a0\u00bb text_orientation=\u00a0\u00bbleft\u00a0\u00bb use_icon_font_size=\u00a0\u00bboff\u00a0\u00bb use_border_color=\u00a0\u00bboff\u00a0\u00bb border_color=\u00a0\u00bb#ffffff\u00a0\u00bb border_style=\u00a0\u00bbsolid\u00a0\u00bb]<\/p>\n<p><strong>Vous aimeriez vous mesurer au monde du travail en effectuant un stage de formation chez nous\u00a0?<\/strong><br \/>\n\u00c9crivez-nous \u00e0 cette adresse <a href=\"mailto:tirocinio@eurologos-milano.com\">tirocinio@eurologos-milano.com<\/a> et nous prendrons contact avec vous.<\/p>\n<p>[\/et_pb_blurb][\/et_pb_column][et_pb_column type=\u00a0\u00bb1_3&Prime;][et_pb_blurb admin_label=\u00a0\u00bbin house\u00a0\u00bb url_new_window=\u00a0\u00bboff\u00a0\u00bb use_icon=\u00a0\u00bboff\u00a0\u00bb icon_color=\u00a0\u00bb#005498&Prime; use_circle=\u00a0\u00bboff\u00a0\u00bb circle_color=\u00a0\u00bb#005498&Prime; use_circle_border=\u00a0\u00bboff\u00a0\u00bb circle_border_color=\u00a0\u00bb#005498&Prime; image=\u00a0\u00bbhttps:\/\/eurologos-milano.com\/wp-content\/uploads\/2015\/02\/icona_03.jpg\u00a0\u00bb icon_placement=\u00a0\u00bbtop\u00a0\u00bb animation=\u00a0\u00bboff\u00a0\u00bb background_layout=\u00a0\u00bblight\u00a0\u00bb text_orientation=\u00a0\u00bbleft\u00a0\u00bb use_icon_font_size=\u00a0\u00bboff\u00a0\u00bb use_border_color=\u00a0\u00bboff\u00a0\u00bb border_color=\u00a0\u00bb#ffffff\u00a0\u00bb border_style=\u00a0\u00bbsolid\u00a0\u00bb]<\/p>\n<p>Si vous souhaitez travailler comme <strong>traducteur et r\u00e9viseur interne<\/strong>, envoyez-nous votre CV \u00e0 cette adresse\u00a0:\u00a0<a href=\"mailto:inhouse@eurologos-milano.com\">inhouse@eurologos-milano.com<\/a>. Nous actualisons r\u00e9guli\u00e8rement nos fichiers et vous pourriez bien \u00eatre notre prochain(e) candidat(e) pour un entretien de pr\u00e9sentation.<\/p>\n<p>[\/et_pb_blurb][\/et_pb_column][\/et_pb_row][\/et_pb_section]<\/p>\n","protected":false},"excerpt":{"rendered":"<p>Eurologos Milano via Villa Mirabello, 6 20125 Milano Bienvenue \u00e0 la Villa Mirabello, si\u00e8ge d\u2019Eurologos Milan La Villa Mirabello est l\u2019un des plus beaux exemples d\u2019architecture de maison-ferme b\u00e2tie dans les faubourgs de la ville au XVe si\u00e8cle. Elle compte parmi les b\u00e2timents les mieux conserv\u00e9s de la proche banlieue milanaise. Li\u00e9e \u00e0 la famille [&hellip;]<\/p>\n","protected":false},"author":8,"featured_media":0,"parent":0,"menu_order":70,"comment_status":"open","ping_status":"closed","template":"","meta":{"_et_pb_use_builder":"on","_et_pb_old_content":"","_et_gb_content_width":"","footnotes":""},"class_list":["post-8181","page","type-page","status-publish","hentry"],"yoast_head":"<!-- This site is optimized with the Yoast SEO plugin v27.3 - https:\/\/yoast.com\/product\/yoast-seo-wordpress\/ -->\n<title>Contacts - Eurologos Milano<\/title>\n<meta name=\"robots\" content=\"index, follow, max-snippet:-1, max-image-preview:large, max-video-preview:-1\" \/>\n<link rel=\"canonical\" href=\"https:\/\/eurologos-milano.com\/fr\/contatti\/\" \/>\n<meta property=\"og:locale\" content=\"fr_FR\" \/>\n<meta property=\"og:type\" content=\"article\" \/>\n<meta property=\"og:title\" content=\"Contacts - Eurologos Milano\" \/>\n<meta property=\"og:description\" content=\"Eurologos Milano via Villa Mirabello, 6 20125 Milano Bienvenue \u00e0 la Villa Mirabello, si\u00e8ge d\u2019Eurologos Milan La Villa Mirabello est l\u2019un des plus beaux exemples d\u2019architecture de maison-ferme b\u00e2tie dans les faubourgs de la ville au XVe si\u00e8cle. Elle compte parmi les b\u00e2timents les mieux conserv\u00e9s de la proche banlieue milanaise. Li\u00e9e \u00e0 la famille [&hellip;]\" \/>\n<meta property=\"og:url\" content=\"https:\/\/eurologos-milano.com\/fr\/contatti\/\" \/>\n<meta property=\"og:site_name\" content=\"Eurologos Milano\" \/>\n<meta property=\"article:modified_time\" content=\"2016-11-04T16:18:17+00:00\" \/>\n<meta name=\"twitter:card\" content=\"summary_large_image\" \/>\n<meta name=\"twitter:label1\" content=\"Dur\u00e9e de lecture estim\u00e9e\" \/>\n\t<meta name=\"twitter:data1\" content=\"8 minutes\" \/>\n<script type=\"application\/ld+json\" class=\"yoast-schema-graph\">{\"@context\":\"https:\\\/\\\/schema.org\",\"@graph\":[{\"@type\":\"WebPage\",\"@id\":\"https:\\\/\\\/eurologos-milano.com\\\/fr\\\/contatti\\\/\",\"url\":\"https:\\\/\\\/eurologos-milano.com\\\/fr\\\/contatti\\\/\",\"name\":\"Contacts - Eurologos Milano\",\"isPartOf\":{\"@id\":\"https:\\\/\\\/eurologos-milano.com\\\/#website\"},\"datePublished\":\"2016-02-11T09:55:47+00:00\",\"dateModified\":\"2016-11-04T16:18:17+00:00\",\"breadcrumb\":{\"@id\":\"https:\\\/\\\/eurologos-milano.com\\\/fr\\\/contatti\\\/#breadcrumb\"},\"inLanguage\":\"fr-FR\",\"potentialAction\":[{\"@type\":\"ReadAction\",\"target\":[\"https:\\\/\\\/eurologos-milano.com\\\/fr\\\/contatti\\\/\"]}]},{\"@type\":\"BreadcrumbList\",\"@id\":\"https:\\\/\\\/eurologos-milano.com\\\/fr\\\/contatti\\\/#breadcrumb\",\"itemListElement\":[{\"@type\":\"ListItem\",\"position\":1,\"name\":\"Home\",\"item\":\"https:\\\/\\\/eurologos-milano.com\\\/fr\\\/\"},{\"@type\":\"ListItem\",\"position\":2,\"name\":\"Contacts\"}]},{\"@type\":\"WebSite\",\"@id\":\"https:\\\/\\\/eurologos-milano.com\\\/#website\",\"url\":\"https:\\\/\\\/eurologos-milano.com\\\/\",\"name\":\"Eurologos Milano\",\"description\":\"Traduzioni Milano\",\"potentialAction\":[{\"@type\":\"SearchAction\",\"target\":{\"@type\":\"EntryPoint\",\"urlTemplate\":\"https:\\\/\\\/eurologos-milano.com\\\/?s={search_term_string}\"},\"query-input\":{\"@type\":\"PropertyValueSpecification\",\"valueRequired\":true,\"valueName\":\"search_term_string\"}}],\"inLanguage\":\"fr-FR\"}]}<\/script>\n<!-- \/ Yoast SEO plugin. -->","yoast_head_json":{"title":"Contacts - Eurologos Milano","robots":{"index":"index","follow":"follow","max-snippet":"max-snippet:-1","max-image-preview":"max-image-preview:large","max-video-preview":"max-video-preview:-1"},"canonical":"https:\/\/eurologos-milano.com\/fr\/contatti\/","og_locale":"fr_FR","og_type":"article","og_title":"Contacts - Eurologos Milano","og_description":"Eurologos Milano via Villa Mirabello, 6 20125 Milano Bienvenue \u00e0 la Villa Mirabello, si\u00e8ge d\u2019Eurologos Milan La Villa Mirabello est l\u2019un des plus beaux exemples d\u2019architecture de maison-ferme b\u00e2tie dans les faubourgs de la ville au XVe si\u00e8cle. Elle compte parmi les b\u00e2timents les mieux conserv\u00e9s de la proche banlieue milanaise. Li\u00e9e \u00e0 la famille [&hellip;]","og_url":"https:\/\/eurologos-milano.com\/fr\/contatti\/","og_site_name":"Eurologos Milano","article_modified_time":"2016-11-04T16:18:17+00:00","twitter_card":"summary_large_image","twitter_misc":{"Dur\u00e9e de lecture estim\u00e9e":"8 minutes"},"schema":{"@context":"https:\/\/schema.org","@graph":[{"@type":"WebPage","@id":"https:\/\/eurologos-milano.com\/fr\/contatti\/","url":"https:\/\/eurologos-milano.com\/fr\/contatti\/","name":"Contacts - Eurologos Milano","isPartOf":{"@id":"https:\/\/eurologos-milano.com\/#website"},"datePublished":"2016-02-11T09:55:47+00:00","dateModified":"2016-11-04T16:18:17+00:00","breadcrumb":{"@id":"https:\/\/eurologos-milano.com\/fr\/contatti\/#breadcrumb"},"inLanguage":"fr-FR","potentialAction":[{"@type":"ReadAction","target":["https:\/\/eurologos-milano.com\/fr\/contatti\/"]}]},{"@type":"BreadcrumbList","@id":"https:\/\/eurologos-milano.com\/fr\/contatti\/#breadcrumb","itemListElement":[{"@type":"ListItem","position":1,"name":"Home","item":"https:\/\/eurologos-milano.com\/fr\/"},{"@type":"ListItem","position":2,"name":"Contacts"}]},{"@type":"WebSite","@id":"https:\/\/eurologos-milano.com\/#website","url":"https:\/\/eurologos-milano.com\/","name":"Eurologos Milano","description":"Traduzioni Milano","potentialAction":[{"@type":"SearchAction","target":{"@type":"EntryPoint","urlTemplate":"https:\/\/eurologos-milano.com\/?s={search_term_string}"},"query-input":{"@type":"PropertyValueSpecification","valueRequired":true,"valueName":"search_term_string"}}],"inLanguage":"fr-FR"}]}},"_links":{"self":[{"href":"https:\/\/eurologos-milano.com\/fr\/wp-json\/wp\/v2\/pages\/8181","targetHints":{"allow":["GET"]}}],"collection":[{"href":"https:\/\/eurologos-milano.com\/fr\/wp-json\/wp\/v2\/pages"}],"about":[{"href":"https:\/\/eurologos-milano.com\/fr\/wp-json\/wp\/v2\/types\/page"}],"author":[{"embeddable":true,"href":"https:\/\/eurologos-milano.com\/fr\/wp-json\/wp\/v2\/users\/8"}],"replies":[{"embeddable":true,"href":"https:\/\/eurologos-milano.com\/fr\/wp-json\/wp\/v2\/comments?post=8181"}],"version-history":[{"count":1,"href":"https:\/\/eurologos-milano.com\/fr\/wp-json\/wp\/v2\/pages\/8181\/revisions"}],"predecessor-version":[{"id":9109,"href":"https:\/\/eurologos-milano.com\/fr\/wp-json\/wp\/v2\/pages\/8181\/revisions\/9109"}],"wp:attachment":[{"href":"https:\/\/eurologos-milano.com\/fr\/wp-json\/wp\/v2\/media?parent=8181"}],"curies":[{"name":"wp","href":"https:\/\/api.w.org\/{rel}","templated":true}]}}