{"id":8157,"date":"2016-02-11T09:04:04","date_gmt":"2016-02-11T09:04:04","guid":{"rendered":"https:\/\/eurologos-milano.com\/fr\/?page_id=8157"},"modified":"2018-01-29T18:37:54","modified_gmt":"2018-01-29T18:37:54","slug":"qualita","status":"publish","type":"page","link":"https:\/\/eurologos-milano.com\/fr\/qualita\/","title":{"rendered":"Qualite"},"content":{"rendered":"<p>[et_pb_section bb_built=\u00a0\u00bb1&Prime; admin_label=\u00a0\u00bbsection\u00a0\u00bb fullwidth=\u00a0\u00bbon\u00a0\u00bb specialty=\u00a0\u00bboff\u00a0\u00bb][et_pb_fullwidth_header title=\u00a0\u00bbLa localisation linguistique :<br \/>\nproduction et v\u00e9rification dans les lieux m\u00eames<br \/>\no\u00f9 l\u2019on parle les langues \u00a0\u00bb background_layout=\u00a0\u00bbdark\u00a0\u00bb text_orientation=\u00a0\u00bbcenter\u00a0\u00bb header_fullscreen=\u00a0\u00bboff\u00a0\u00bb header_scroll_down=\u00a0\u00bbon\u00a0\u00bb scroll_down_icon=\u00a0\u00bb%%188%%\u00a0\u00bb background_url=\u00a0\u00bbhttps:\/\/eurologos-milano.com\/wp-content\/uploads\/2015\/09\/worldok.jpg\u00a0\u00bb parallax=\u00a0\u00bbon\u00a0\u00bb parallax_method=\u00a0\u00bbon\u00a0\u00bb content_orientation=\u00a0\u00bbcenter\u00a0\u00bb image_orientation=\u00a0\u00bbcenter\u00a0\u00bb module_class=\u00a0\u00bbkepler\u00a0\u00bb custom_button_one=\u00a0\u00bboff\u00a0\u00bb button_one_icon_placement=\u00a0\u00bbright\u00a0\u00bb custom_button_two=\u00a0\u00bboff\u00a0\u00bb button_two_icon_placement=\u00a0\u00bbright\u00a0\u00bb title_font_size=\u00a0\u00bb64&Prime; background_image=\u00a0\u00bbhttps:\/\/eurologos-milano.com\/wp-content\/uploads\/2015\/09\/worldok.jpg\u00a0\u00bb _builder_version=\u00a0\u00bb3.0.83&Prime; max_width_tablet=\u00a0\u00bb50px\u00a0\u00bb \/][\/et_pb_section][et_pb_section bb_built=\u00a0\u00bb1&Prime; admin_label=\u00a0\u00bbsection\u00a0\u00bb transparent_background=\u00a0\u00bboff\u00a0\u00bb background_color=\u00a0\u00bb#ffffff\u00a0\u00bb inner_shadow=\u00a0\u00bboff\u00a0\u00bb parallax=\u00a0\u00bboff\u00a0\u00bb parallax_method=\u00a0\u00bboff\u00a0\u00bb module_id=\u00a0\u00bbtestoqualita\u00a0\u00bb][et_pb_row admin_label=\u00a0\u00bbrow\u00a0\u00bb make_fullwidth=\u00a0\u00bboff\u00a0\u00bb use_custom_width=\u00a0\u00bboff\u00a0\u00bb width_unit=\u00a0\u00bbon\u00a0\u00bb use_custom_gutter=\u00a0\u00bboff\u00a0\u00bb padding_mobile=\u00a0\u00bboff\u00a0\u00bb disabled=\u00a0\u00bboff\u00a0\u00bb disabled_on=\u00a0\u00bb|on|on\u00a0\u00bb allow_player_pause=\u00a0\u00bboff\u00a0\u00bb parallax=\u00a0\u00bboff\u00a0\u00bb parallax_method=\u00a0\u00bboff\u00a0\u00bb make_equal=\u00a0\u00bboff\u00a0\u00bb parallax_1=\u00a0\u00bboff\u00a0\u00bb parallax_method_1=\u00a0\u00bboff\u00a0\u00bb column_padding_mobile=\u00a0\u00bbon\u00a0\u00bb background_position=\u00a0\u00bbtop_left\u00a0\u00bb background_repeat=\u00a0\u00bbrepeat\u00a0\u00bb background_size=\u00a0\u00bbinitial\u00a0\u00bb][et_pb_column type=\u00a0\u00bb4_4&Prime;][et_pb_text admin_label=\u00a0\u00bbText\u00a0\u00bb background_layout=\u00a0\u00bblight\u00a0\u00bb text_orientation=\u00a0\u00bbleft\u00a0\u00bb use_border_color=\u00a0\u00bboff\u00a0\u00bb border_color=\u00a0\u00bb#ffffff\u00a0\u00bb border_style=\u00a0\u00bbsolid\u00a0\u00bb text_line_height=\u00a0\u00bb2em\u00a0\u00bb module_alignment=\u00a0\u00bbleft\u00a0\u00bb background_position=\u00a0\u00bbtop_left\u00a0\u00bb background_repeat=\u00a0\u00bbrepeat\u00a0\u00bb background_size=\u00a0\u00bbinitial\u00a0\u00bb]<\/p>\n<h1>Le sch\u00e9ma de production d\u2019Eurologos\u00a0: de la commande \u00e0 la livraison.<\/h1>\n<p>Voici comment le Groupe Eurologos assure la qualit\u00e9 des services linguistiques et multim\u00e9dias. Les notions de<a href=\"https:\/\/eurologos-milano.com\/fr\/portfolio\/#geostile\"><strong> localisation g\u00e9ostylistique des langues<\/strong><\/a> et de <a href=\"https:\/\/eurologos-milano.com\/fr\/portfolio\/#geostile\"><strong>relocalisation de la production sur les lieux o\u00f9 l\u2019on parle la langue<\/strong><\/a> cible ne sont pas un vain mot. Chaque projet est confi\u00e9 \u00e0 la supervision d\u2019<strong>un seul responsable de projet<\/strong> qui tient lieu d\u2019interlocuteur direct et de responsable \u00e0 l\u2019\u00e9gard du client et des producteurs (traducteurs, r\u00e9dacteurs publicitaires, terminologues, graphistes et informaticiens). R\u00e9sultat, une production linguistique et graphique int\u00e9gr\u00e9e r\u00e9unie sous un m\u00eame toit\u00a0!<\/p>\n<p>[\/et_pb_text][et_pb_image src=\u00a0\u00bbhttps:\/\/eurologos-milano.com\/wp-content\/uploads\/2015\/02\/schema_NEW.png\u00a0\u00bb show_in_lightbox=\u00a0\u00bboff\u00a0\u00bb url_new_window=\u00a0\u00bboff\u00a0\u00bb animation=\u00a0\u00bbleft\u00a0\u00bb sticky=\u00a0\u00bboff\u00a0\u00bb align=\u00a0\u00bbleft\u00a0\u00bb force_fullwidth=\u00a0\u00bboff\u00a0\u00bb always_center_on_mobile=\u00a0\u00bbon\u00a0\u00bb use_border_color=\u00a0\u00bboff\u00a0\u00bb border_color=\u00a0\u00bb#ffffff\u00a0\u00bb border_style=\u00a0\u00bbsolid\u00a0\u00bb animation_direction=\u00a0\u00bbleft\u00a0\u00bb animation_style=\u00a0\u00bbslide\u00a0\u00bb animation_duration=\u00a0\u00bb500ms\u00a0\u00bb animation_intensity_slide=\u00a0\u00bb10%\u00a0\u00bb]<\/p>\n<p>&nbsp;<\/p>\n<p>[\/et_pb_image][\/et_pb_column][\/et_pb_row][et_pb_row admin_label=\u00a0\u00bbrow\u00a0\u00bb make_fullwidth=\u00a0\u00bboff\u00a0\u00bb use_custom_width=\u00a0\u00bboff\u00a0\u00bb width_unit=\u00a0\u00bbon\u00a0\u00bb use_custom_gutter=\u00a0\u00bboff\u00a0\u00bb padding_mobile=\u00a0\u00bboff\u00a0\u00bb allow_player_pause=\u00a0\u00bboff\u00a0\u00bb parallax=\u00a0\u00bboff\u00a0\u00bb parallax_method=\u00a0\u00bboff\u00a0\u00bb make_equal=\u00a0\u00bboff\u00a0\u00bb column_padding_mobile=\u00a0\u00bbon\u00a0\u00bb disabled=\u00a0\u00bboff\u00a0\u00bb disabled_on=\u00a0\u00bbon||\u00a0\u00bb parallax_1=\u00a0\u00bboff\u00a0\u00bb parallax_method_1=\u00a0\u00bboff\u00a0\u00bb background_position=\u00a0\u00bbtop_left\u00a0\u00bb background_repeat=\u00a0\u00bbrepeat\u00a0\u00bb background_size=\u00a0\u00bbinitial\u00a0\u00bb][et_pb_column type=\u00a0\u00bb4_4&Prime;][et_pb_text admin_label=\u00a0\u00bbText\u00a0\u00bb background_layout=\u00a0\u00bblight\u00a0\u00bb text_orientation=\u00a0\u00bbleft\u00a0\u00bb use_border_color=\u00a0\u00bboff\u00a0\u00bb border_color=\u00a0\u00bb#ffffff\u00a0\u00bb border_style=\u00a0\u00bbsolid\u00a0\u00bb text_line_height=\u00a0\u00bb2em\u00a0\u00bb module_alignment=\u00a0\u00bbleft\u00a0\u00bb background_position=\u00a0\u00bbtop_left\u00a0\u00bb background_repeat=\u00a0\u00bbrepeat\u00a0\u00bb background_size=\u00a0\u00bbinitial\u00a0\u00bb]<\/p>\n<h1>Le sch\u00e9ma de production d\u2019Eurologos\u00a0: de la commande \u00e0 la livraison.<\/h1>\n<p>Voici comment le Groupe Eurologos assure la qualit\u00e9 des services linguistiques et multim\u00e9dias. Les notions de<a href=\"https:\/\/eurologos-milano.com\/fr\/portfolio\/#geostile\"><strong> localisation g\u00e9ostylistique des langues<\/strong><\/a> et de <a href=\"https:\/\/eurologos-milano.com\/fr\/portfolio\/#geostile\"><strong>relocalisation de la production sur les lieux o\u00f9 l\u2019on parle la langue<\/strong><\/a> cible ne sont pas un vain mot. Chaque projet est confi\u00e9 \u00e0 la supervision d\u2019<strong>un seul responsable de projet<\/strong> qui tient lieu d\u2019interlocuteur direct et de responsable \u00e0 l\u2019\u00e9gard du client et des producteurs (traducteurs, r\u00e9dacteurs publicitaires, terminologues, graphistes et informaticiens). R\u00e9sultat, une production linguistique et graphique int\u00e9gr\u00e9e r\u00e9unie sous un m\u00eame toit\u00a0!<\/p>\n<p>[\/et_pb_text][et_pb_code module_id=\u00a0\u00bbanimazioneIntro\u00a0\u00bb \/][et_pb_image admin_label=\u00a0\u00bbImmagine 01&Prime; show_in_lightbox=\u00a0\u00bboff\u00a0\u00bb url_new_window=\u00a0\u00bboff\u00a0\u00bb animation=\u00a0\u00bboff\u00a0\u00bb sticky=\u00a0\u00bbon\u00a0\u00bb align=\u00a0\u00bbcenter\u00a0\u00bb force_fullwidth=\u00a0\u00bboff\u00a0\u00bb always_center_on_mobile=\u00a0\u00bbon\u00a0\u00bb use_border_color=\u00a0\u00bboff\u00a0\u00bb border_color=\u00a0\u00bb#ffffff\u00a0\u00bb border_style=\u00a0\u00bbsolid\u00a0\u00bb module_id=\u00a0\u00bbanimazione\u00a0\u00bb url=\u00a0\u00bb#animazioneStep2&Prime; module_class=\u00a0\u00bbanimazione\u00a0\u00bb show_bottom_space=\u00a0\u00bboff\u00a0\u00bb]<\/p>\n<p>&nbsp;<\/p>\n<p>[\/et_pb_image][et_pb_code module_id=\u00a0\u00bbanimazioneStep2&Prime; \/][et_pb_image admin_label=\u00a0\u00bbImmagine 02&Prime; show_in_lightbox=\u00a0\u00bboff\u00a0\u00bb url_new_window=\u00a0\u00bboff\u00a0\u00bb animation=\u00a0\u00bboff\u00a0\u00bb sticky=\u00a0\u00bbon\u00a0\u00bb align=\u00a0\u00bbcenter\u00a0\u00bb force_fullwidth=\u00a0\u00bboff\u00a0\u00bb always_center_on_mobile=\u00a0\u00bbon\u00a0\u00bb use_border_color=\u00a0\u00bboff\u00a0\u00bb border_color=\u00a0\u00bb#ffffff\u00a0\u00bb border_style=\u00a0\u00bbsolid\u00a0\u00bb url=\u00a0\u00bb#animazioneStep3&Prime; module_id=\u00a0\u00bbanimazione2&Prime; module_class=\u00a0\u00bbanimazione2&Prime; show_bottom_space=\u00a0\u00bboff\u00a0\u00bb]<\/p>\n<p>&nbsp;<\/p>\n<p>[\/et_pb_image][et_pb_code module_id=\u00a0\u00bbanimazioneStep3&Prime; \/][et_pb_image admin_label=\u00a0\u00bbImmagine 03&Prime; show_in_lightbox=\u00a0\u00bboff\u00a0\u00bb url_new_window=\u00a0\u00bboff\u00a0\u00bb animation=\u00a0\u00bboff\u00a0\u00bb sticky=\u00a0\u00bbon\u00a0\u00bb align=\u00a0\u00bbcenter\u00a0\u00bb force_fullwidth=\u00a0\u00bboff\u00a0\u00bb always_center_on_mobile=\u00a0\u00bbon\u00a0\u00bb use_border_color=\u00a0\u00bboff\u00a0\u00bb border_color=\u00a0\u00bb#ffffff\u00a0\u00bb border_style=\u00a0\u00bbsolid\u00a0\u00bb module_id=\u00a0\u00bbanimazione3&Prime; module_class=\u00a0\u00bbanimazione3&Prime; show_bottom_space=\u00a0\u00bboff\u00a0\u00bb]<\/p>\n<p>&nbsp;<\/p>\n<p>[\/et_pb_image][et_pb_code]&lt;div class=\u00a0\u00bbcolonnaTornaSu\u00a0\u00bb id=\u00a0\u00bbcolonnaTornaSu\u00a0\u00bb&gt;&lt;img class=\u00a0\u00bbclientFeedback\u00a0\u00bb src=&rsquo;https:\/\/eurologos-milano.com\/extra\/img\/certificazioni\/Client_feedback.gif?[random-number]&rsquo;&gt;&lt;\/div&gt;[\/et_pb_code][\/et_pb_column][\/et_pb_row][\/et_pb_section][et_pb_section bb_built=\u00a0\u00bb1&Prime; fullwidth=\u00a0\u00bboff\u00a0\u00bb specialty=\u00a0\u00bboff\u00a0\u00bb transparent_background=\u00a0\u00bboff\u00a0\u00bb background_color=\u00a0\u00bb#e6e6e6&Prime; parallax_method=\u00a0\u00bboff\u00a0\u00bb custom_padding_tablet=\u00a0\u00bb50px|0|50px|0&Prime; custom_padding_last_edited=\u00a0\u00bbon|desktop\u00a0\u00bb _builder_version=\u00a0\u00bb3.0.83&Prime; disabled=\u00a0\u00bbon\u00a0\u00bb disabled_on=\u00a0\u00bbon|on|on\u00a0\u00bb][et_pb_row background_position=\u00a0\u00bbtop_left\u00a0\u00bb background_repeat=\u00a0\u00bbrepeat\u00a0\u00bb background_size=\u00a0\u00bbinitial\u00a0\u00bb][et_pb_column type=\u00a0\u00bb2_3&Prime;][et_pb_text admin_label=\u00a0\u00bbText\u00a0\u00bb background_layout=\u00a0\u00bblight\u00a0\u00bb text_orientation=\u00a0\u00bbleft\u00a0\u00bb use_border_color=\u00a0\u00bboff\u00a0\u00bb border_color=\u00a0\u00bb#ffffff\u00a0\u00bb border_style=\u00a0\u00bbsolid\u00a0\u00bb text_line_height=\u00a0\u00bb2em\u00a0\u00bb module_alignment=\u00a0\u00bbleft\u00a0\u00bb background_position=\u00a0\u00bbtop_left\u00a0\u00bb background_repeat=\u00a0\u00bbrepeat\u00a0\u00bb background_size=\u00a0\u00bbinitial\u00a0\u00bb]<\/p>\n<h1>Eurologos Milano et sa\u00a0Certification de Qualit\u00e9<\/h1>\n<p><strong>MTP srl EUROLOGOS Milan<\/strong> est une <a href=\"https:\/\/eurologos-milano.com\/wp-content\/uploads\/2015\/09\/certification-2015_ITA.pdf\" target=\"_blank\" rel=\"noopener\">entreprise certifi\u00e9e<\/a> selon les imp\u00e9ratifs de la <strong>norme UNI EN ISO 9001:2008<\/strong>, avec extension aux crit\u00e8res de la <strong>norme UNI EN 15038<\/strong>.<\/p>\n<p>La documentation du syst\u00e8me de management de la qualit\u00e9 est l\u2019ensemble de tous les documents n\u00e9cessaires \u00e0 assurer la planification, le fonctionnement, la v\u00e9rification et l\u2019am\u00e9lioration des processus qui influent sur la qualit\u00e9 du service fourni par MTP srl EUROLOGOS Milan.<\/p>\n<p>La <strong>Politique qualit\u00e9<\/strong> est le document principal du syst\u00e8me de management de la qualit\u00e9 (SMQ) de MTP srl EUROLOGOS Milan. Il mentionne et transmet \u00e0 l\u2019ensemble de l\u2019organisation l\u2019orientation g\u00e9n\u00e9rale, les finalit\u00e9s ainsi que les valeurs qui guident et sous-tendent le travail de tout le personnel, interne et externe, \u00e0 ses diff\u00e9rents niveaux, afin de r\u00e9pondre pleinement aux crit\u00e8res requis, d\u2019am\u00e9liorer sans cesse l\u2019efficacit\u00e9 du service et du SMQ, et ce afin d\u2019atteindre l\u2019excellence.<\/p>\n<p>[\/et_pb_text][et_pb_image src=\u00a0\u00bbhttps:\/\/eurologos-milano.com\/wp-content\/uploads\/2015\/02\/loghiqualita_picc.png\u00a0\u00bb show_in_lightbox=\u00a0\u00bboff\u00a0\u00bb url_new_window=\u00a0\u00bboff\u00a0\u00bb animation=\u00a0\u00bbleft\u00a0\u00bb sticky=\u00a0\u00bboff\u00a0\u00bb align=\u00a0\u00bbleft\u00a0\u00bb force_fullwidth=\u00a0\u00bbon\u00a0\u00bb always_center_on_mobile=\u00a0\u00bbon\u00a0\u00bb use_border_color=\u00a0\u00bboff\u00a0\u00bb border_color=\u00a0\u00bb#ffffff\u00a0\u00bb border_style=\u00a0\u00bbsolid\u00a0\u00bb animation_direction=\u00a0\u00bbleft\u00a0\u00bb animation_style=\u00a0\u00bbslide\u00a0\u00bb animation_duration=\u00a0\u00bb500ms\u00a0\u00bb animation_intensity_slide=\u00a0\u00bb10%\u00a0\u00bb]<\/p>\n<p>&nbsp;<\/p>\n<p>[\/et_pb_image][et_pb_cta button_url=\u00a0\u00bbhttps:\/\/eurologos-milano.com\/wp-content\/uploads\/2016\/02\/Quality-Policy.pdf\u00a0\u00bb url_new_window=\u00a0\u00bbon\u00a0\u00bb button_text=\u00a0\u00bbPolitique qualit\u00e9\u00a0\u00bb use_background_color=\u00a0\u00bboff\u00a0\u00bb background_color=\u00a0\u00bb#005498&Prime; background_layout=\u00a0\u00bblight\u00a0\u00bb text_orientation=\u00a0\u00bbcenter\u00a0\u00bb use_border_color=\u00a0\u00bboff\u00a0\u00bb border_color=\u00a0\u00bb#ffffff\u00a0\u00bb border_style=\u00a0\u00bbsolid\u00a0\u00bb custom_button=\u00a0\u00bboff\u00a0\u00bb button_letter_spacing=\u00a0\u00bb0&Prime; button_use_icon=\u00a0\u00bbdefault\u00a0\u00bb button_icon_placement=\u00a0\u00bbright\u00a0\u00bb button_on_hover=\u00a0\u00bbon\u00a0\u00bb button_letter_spacing_hover=\u00a0\u00bb0&Prime; background_position=\u00a0\u00bbtop_left\u00a0\u00bb background_repeat=\u00a0\u00bbrepeat\u00a0\u00bb background_size=\u00a0\u00bbinitial\u00a0\u00bb]<\/p>\n<p>&nbsp;<\/p>\n<p>[\/et_pb_cta][\/et_pb_column][et_pb_column type=\u00a0\u00bb1_3&Prime;][et_pb_blurb admin_label=\u00a0\u00bbBlurb\u00a0\u00bb title=\u00a0\u00bbT\u00e9l\u00e9charger la certification ISO\u00a0\u00bb url_new_window=\u00a0\u00bbon\u00a0\u00bb use_icon=\u00a0\u00bboff\u00a0\u00bb font_icon=\u00a0\u00bb\ue004\u00a0\u00bb icon_color=\u00a0\u00bb#005498&Prime; use_circle=\u00a0\u00bboff\u00a0\u00bb circle_color=\u00a0\u00bb#005498&Prime; use_circle_border=\u00a0\u00bboff\u00a0\u00bb circle_border_color=\u00a0\u00bb#005498&Prime; icon_placement=\u00a0\u00bbtop\u00a0\u00bb animation=\u00a0\u00bbright\u00a0\u00bb background_layout=\u00a0\u00bblight\u00a0\u00bb text_orientation=\u00a0\u00bbcenter\u00a0\u00bb image=\u00a0\u00bbhttps:\/\/eurologos-milano.com\/wp-content\/uploads\/2015\/02\/Quality_Gif_300x300_Alpha_01.gif\u00a0\u00bb use_icon_font_size=\u00a0\u00bboff\u00a0\u00bb body_line_height=\u00a0\u00bb2em\u00a0\u00bb use_border_color=\u00a0\u00bboff\u00a0\u00bb border_color=\u00a0\u00bb#ffffff\u00a0\u00bb border_style=\u00a0\u00bbsolid\u00a0\u00bb url=\u00a0\u00bbhttps:\/\/eurologos-milano.com\/wp-content\/uploads\/2015\/09\/certification-2015_ITA.pdf\u00a0\u00bb background_position=\u00a0\u00bbtop_left\u00a0\u00bb background_repeat=\u00a0\u00bbrepeat\u00a0\u00bb background_size=\u00a0\u00bbinitial\u00a0\u00bb]<\/p>\n<p>&nbsp;<\/p>\n<p>[\/et_pb_blurb][\/et_pb_column][\/et_pb_row][\/et_pb_section]<\/p>\n","protected":false},"excerpt":{"rendered":"<p>Le sch\u00e9ma de production d\u2019Eurologos\u00a0: de la commande \u00e0 la livraison. Voici comment le Groupe Eurologos assure la qualit\u00e9 des services linguistiques et multim\u00e9dias. Les notions de localisation g\u00e9ostylistique des langues et de relocalisation de la production sur les lieux o\u00f9 l\u2019on parle la langue cible ne sont pas un vain mot. Chaque projet est [&hellip;]<\/p>\n","protected":false},"author":8,"featured_media":0,"parent":0,"menu_order":20,"comment_status":"open","ping_status":"closed","template":"","meta":{"_et_pb_use_builder":"on","_et_pb_old_content":"","_et_gb_content_width":"","footnotes":""},"class_list":["post-8157","page","type-page","status-publish","hentry"],"yoast_head":"<!-- This site is optimized with the Yoast SEO plugin v27.3 - https:\/\/yoast.com\/product\/yoast-seo-wordpress\/ -->\n<title>Qualite - Eurologos Milano<\/title>\n<meta name=\"description\" content=\"Comment le Groupe Eurologos assure la qualit\u00e9 des services linguistiques et multim\u00e9dias.\" \/>\n<meta name=\"robots\" content=\"index, follow, max-snippet:-1, max-image-preview:large, max-video-preview:-1\" \/>\n<link rel=\"canonical\" href=\"https:\/\/eurologos-milano.com\/fr\/qualita\/\" \/>\n<meta property=\"og:locale\" content=\"fr_FR\" \/>\n<meta property=\"og:type\" content=\"article\" \/>\n<meta property=\"og:title\" content=\"Qualite - Eurologos Milano\" \/>\n<meta property=\"og:description\" content=\"Comment le Groupe Eurologos assure la qualit\u00e9 des services linguistiques et multim\u00e9dias.\" \/>\n<meta property=\"og:url\" content=\"https:\/\/eurologos-milano.com\/fr\/qualita\/\" \/>\n<meta property=\"og:site_name\" content=\"Eurologos Milano\" \/>\n<meta property=\"article:modified_time\" content=\"2018-01-29T18:37:54+00:00\" \/>\n<meta name=\"twitter:card\" content=\"summary_large_image\" \/>\n<meta name=\"twitter:label1\" content=\"Dur\u00e9e de lecture estim\u00e9e\" \/>\n\t<meta name=\"twitter:data1\" content=\"7 minutes\" \/>\n<script type=\"application\/ld+json\" class=\"yoast-schema-graph\">{\"@context\":\"https:\\\/\\\/schema.org\",\"@graph\":[{\"@type\":\"WebPage\",\"@id\":\"https:\\\/\\\/eurologos-milano.com\\\/fr\\\/qualita\\\/\",\"url\":\"https:\\\/\\\/eurologos-milano.com\\\/fr\\\/qualita\\\/\",\"name\":\"Qualite - Eurologos Milano\",\"isPartOf\":{\"@id\":\"https:\\\/\\\/eurologos-milano.com\\\/#website\"},\"datePublished\":\"2016-02-11T09:04:04+00:00\",\"dateModified\":\"2018-01-29T18:37:54+00:00\",\"description\":\"Comment le Groupe Eurologos assure la qualit\u00e9 des services linguistiques et multim\u00e9dias.\",\"breadcrumb\":{\"@id\":\"https:\\\/\\\/eurologos-milano.com\\\/fr\\\/qualita\\\/#breadcrumb\"},\"inLanguage\":\"fr-FR\",\"potentialAction\":[{\"@type\":\"ReadAction\",\"target\":[\"https:\\\/\\\/eurologos-milano.com\\\/fr\\\/qualita\\\/\"]}]},{\"@type\":\"BreadcrumbList\",\"@id\":\"https:\\\/\\\/eurologos-milano.com\\\/fr\\\/qualita\\\/#breadcrumb\",\"itemListElement\":[{\"@type\":\"ListItem\",\"position\":1,\"name\":\"Home\",\"item\":\"https:\\\/\\\/eurologos-milano.com\\\/fr\\\/\"},{\"@type\":\"ListItem\",\"position\":2,\"name\":\"Qualite\"}]},{\"@type\":\"WebSite\",\"@id\":\"https:\\\/\\\/eurologos-milano.com\\\/#website\",\"url\":\"https:\\\/\\\/eurologos-milano.com\\\/\",\"name\":\"Eurologos Milano\",\"description\":\"Traduzioni Milano\",\"potentialAction\":[{\"@type\":\"SearchAction\",\"target\":{\"@type\":\"EntryPoint\",\"urlTemplate\":\"https:\\\/\\\/eurologos-milano.com\\\/?s={search_term_string}\"},\"query-input\":{\"@type\":\"PropertyValueSpecification\",\"valueRequired\":true,\"valueName\":\"search_term_string\"}}],\"inLanguage\":\"fr-FR\"}]}<\/script>\n<!-- \/ Yoast SEO plugin. -->","yoast_head_json":{"title":"Qualite - Eurologos Milano","description":"Comment le Groupe Eurologos assure la qualit\u00e9 des services linguistiques et multim\u00e9dias.","robots":{"index":"index","follow":"follow","max-snippet":"max-snippet:-1","max-image-preview":"max-image-preview:large","max-video-preview":"max-video-preview:-1"},"canonical":"https:\/\/eurologos-milano.com\/fr\/qualita\/","og_locale":"fr_FR","og_type":"article","og_title":"Qualite - Eurologos Milano","og_description":"Comment le Groupe Eurologos assure la qualit\u00e9 des services linguistiques et multim\u00e9dias.","og_url":"https:\/\/eurologos-milano.com\/fr\/qualita\/","og_site_name":"Eurologos Milano","article_modified_time":"2018-01-29T18:37:54+00:00","twitter_card":"summary_large_image","twitter_misc":{"Dur\u00e9e de lecture estim\u00e9e":"7 minutes"},"schema":{"@context":"https:\/\/schema.org","@graph":[{"@type":"WebPage","@id":"https:\/\/eurologos-milano.com\/fr\/qualita\/","url":"https:\/\/eurologos-milano.com\/fr\/qualita\/","name":"Qualite - Eurologos Milano","isPartOf":{"@id":"https:\/\/eurologos-milano.com\/#website"},"datePublished":"2016-02-11T09:04:04+00:00","dateModified":"2018-01-29T18:37:54+00:00","description":"Comment le Groupe Eurologos assure la qualit\u00e9 des services linguistiques et multim\u00e9dias.","breadcrumb":{"@id":"https:\/\/eurologos-milano.com\/fr\/qualita\/#breadcrumb"},"inLanguage":"fr-FR","potentialAction":[{"@type":"ReadAction","target":["https:\/\/eurologos-milano.com\/fr\/qualita\/"]}]},{"@type":"BreadcrumbList","@id":"https:\/\/eurologos-milano.com\/fr\/qualita\/#breadcrumb","itemListElement":[{"@type":"ListItem","position":1,"name":"Home","item":"https:\/\/eurologos-milano.com\/fr\/"},{"@type":"ListItem","position":2,"name":"Qualite"}]},{"@type":"WebSite","@id":"https:\/\/eurologos-milano.com\/#website","url":"https:\/\/eurologos-milano.com\/","name":"Eurologos Milano","description":"Traduzioni Milano","potentialAction":[{"@type":"SearchAction","target":{"@type":"EntryPoint","urlTemplate":"https:\/\/eurologos-milano.com\/?s={search_term_string}"},"query-input":{"@type":"PropertyValueSpecification","valueRequired":true,"valueName":"search_term_string"}}],"inLanguage":"fr-FR"}]}},"_links":{"self":[{"href":"https:\/\/eurologos-milano.com\/fr\/wp-json\/wp\/v2\/pages\/8157","targetHints":{"allow":["GET"]}}],"collection":[{"href":"https:\/\/eurologos-milano.com\/fr\/wp-json\/wp\/v2\/pages"}],"about":[{"href":"https:\/\/eurologos-milano.com\/fr\/wp-json\/wp\/v2\/types\/page"}],"author":[{"embeddable":true,"href":"https:\/\/eurologos-milano.com\/fr\/wp-json\/wp\/v2\/users\/8"}],"replies":[{"embeddable":true,"href":"https:\/\/eurologos-milano.com\/fr\/wp-json\/wp\/v2\/comments?post=8157"}],"version-history":[{"count":2,"href":"https:\/\/eurologos-milano.com\/fr\/wp-json\/wp\/v2\/pages\/8157\/revisions"}],"predecessor-version":[{"id":9565,"href":"https:\/\/eurologos-milano.com\/fr\/wp-json\/wp\/v2\/pages\/8157\/revisions\/9565"}],"wp:attachment":[{"href":"https:\/\/eurologos-milano.com\/fr\/wp-json\/wp\/v2\/media?parent=8157"}],"curies":[{"name":"wp","href":"https:\/\/api.w.org\/{rel}","templated":true}]}}