{"id":8144,"date":"2016-02-11T08:32:43","date_gmt":"2016-02-11T08:32:43","guid":{"rendered":"https:\/\/eurologos-milano.com\/fr\/?page_id=8144"},"modified":"2016-11-04T16:16:44","modified_gmt":"2016-11-04T16:16:44","slug":"comunicazione","status":"publish","type":"page","link":"https:\/\/eurologos-milano.com\/fr\/comunicazione\/","title":{"rendered":"Communication"},"content":{"rendered":"<p>[et_pb_section admin_label=\u00a0\u00bbsection\u00a0\u00bb fullwidth=\u00a0\u00bbon\u00a0\u00bb specialty=\u00a0\u00bboff\u00a0\u00bb background_image=\u00a0\u00bbhttps:\/\/eurologos-milano.com\/wp-content\/uploads\/2015\/04\/Comunicazione-ok.jpg\u00a0\u00bb transparent_background=\u00a0\u00bboff\u00a0\u00bb background_color=\u00a0\u00bb#ffffff\u00a0\u00bb inner_shadow=\u00a0\u00bboff\u00a0\u00bb parallax=\u00a0\u00bbon\u00a0\u00bb parallax_method=\u00a0\u00bbon\u00a0\u00bb module_class=\u00a0\u00bbtestataServizi\u00a0\u00bb][et_pb_fullwidth_header admin_label=\u00a0\u00bbFullwidth Header\u00a0\u00bb title=\u00a0\u00bbCommunication<br \/>\nde A \u00e0 Z\u00a0\u00bb subhead=\u00a0\u00bbLe lieu des id\u00e9es\u00a0\u00bb background_layout=\u00a0\u00bblight\u00a0\u00bb text_orientation=\u00a0\u00bbleft\u00a0\u00bb header_fullscreen=\u00a0\u00bboff\u00a0\u00bb header_scroll_down=\u00a0\u00bboff\u00a0\u00bb parallax=\u00a0\u00bboff\u00a0\u00bb parallax_method=\u00a0\u00bboff\u00a0\u00bb content_orientation=\u00a0\u00bbcenter\u00a0\u00bb image_orientation=\u00a0\u00bbcenter\u00a0\u00bb custom_button_one=\u00a0\u00bboff\u00a0\u00bb button_one_letter_spacing=\u00a0\u00bb0&Prime; button_one_use_icon=\u00a0\u00bbdefault\u00a0\u00bb button_one_icon_placement=\u00a0\u00bbright\u00a0\u00bb button_one_on_hover=\u00a0\u00bbon\u00a0\u00bb button_one_letter_spacing_hover=\u00a0\u00bb0&Prime; custom_button_two=\u00a0\u00bboff\u00a0\u00bb button_two_letter_spacing=\u00a0\u00bb0&Prime; button_two_use_icon=\u00a0\u00bbdefault\u00a0\u00bb button_two_icon_placement=\u00a0\u00bbright\u00a0\u00bb button_two_on_hover=\u00a0\u00bbon\u00a0\u00bb button_two_letter_spacing_hover=\u00a0\u00bb0&Prime; module_class=\u00a0\u00bbkepler\u00a0\u00bb subhead_font=\u00a0\u00bb||on||\u00a0\u00bb]<br \/>\n[\/et_pb_fullwidth_header][\/et_pb_section][et_pb_section admin_label=\u00a0\u00bbsection\u00a0\u00bb transparent_background=\u00a0\u00bboff\u00a0\u00bb background_color=\u00a0\u00bb#f5f5f5&Prime; inner_shadow=\u00a0\u00bboff\u00a0\u00bb parallax=\u00a0\u00bboff\u00a0\u00bb parallax_method=\u00a0\u00bboff\u00a0\u00bb allow_player_pause=\u00a0\u00bboff\u00a0\u00bb padding_mobile=\u00a0\u00bboff\u00a0\u00bb make_fullwidth=\u00a0\u00bboff\u00a0\u00bb use_custom_width=\u00a0\u00bboff\u00a0\u00bb width_unit=\u00a0\u00bbon\u00a0\u00bb make_equal=\u00a0\u00bboff\u00a0\u00bb use_custom_gutter=\u00a0\u00bboff\u00a0\u00bb][et_pb_row admin_label=\u00a0\u00bbrow\u00a0\u00bb][et_pb_column type=\u00a0\u00bb2_3&Prime;][et_pb_text admin_label=\u00a0\u00bbText\u00a0\u00bb background_layout=\u00a0\u00bblight\u00a0\u00bb text_orientation=\u00a0\u00bbleft\u00a0\u00bb use_border_color=\u00a0\u00bboff\u00a0\u00bb border_color=\u00a0\u00bb#ffffff\u00a0\u00bb border_style=\u00a0\u00bbsolid\u00a0\u00bb text_line_height=\u00a0\u00bb2em\u00a0\u00bb]<\/p>\n<p>&nbsp;<\/p>\n<h1>COMMUNICATION<\/h1>\n<p style=\"text-align: justify;\">Les locaux d\u2019Eurologos Milan se trouvent dans la magnifique Villa Mirabello, un havre de paix au c\u0153ur de la tr\u00e8s dynamique capitale lombarde. M\u00e9connue, cette villa est pourtant un v\u00e9ritable joyau\u00a0: ancienne maison de campagne de la famille Visconti, elle accueille aujourd\u2019hui la fondation \u00e0 but non lucratif Villa Mirabello Onlus ainsi que de nombreuses autres soci\u00e9t\u00e9s.<\/p>\n<p style=\"text-align: justify;\">\u00c0 l\u2019int\u00e9rieur, Eurologos Milan s\u2019inscrit dans le contexte de <strong><a href=\"https:\/\/vm6.it\/il_luogo_delle_idee\/\" target=\"_blank\">VM6 \u2013 Le lieu des id\u00e9es<\/a><\/strong>, une synergie qui a germ\u00e9 entre six organisations \u2013 Eurologos Milan, Capricorn, Beecreative, Pentaphoto, Pepe Research et Sunny Milano \u2013 afin de proposer le plus large \u00e9ventail possible de services dans l\u2019univers de la communication.<\/p>\n<p style=\"text-align: justify;\">Nous partageons avec les autres soci\u00e9t\u00e9s du Groupe une approche, des objectifs et des normes de qualit\u00e9 identiques. Chacun de nous op\u00e8re \u00e0 la fois de mani\u00e8re individuelle dans son domaine respectif mais \u00e9galement en synergie lorsque des projets et des clients communs l\u2019exigent.<\/p>\n<p>[\/et_pb_text][et_pb_cta admin_label=\u00a0\u00bbCall-To-Action\u00a0\u00bb button_url=\u00a0\u00bbmailto:bertolesi@eurologos.it\u00a0\u00bb url_new_window=\u00a0\u00bbon\u00a0\u00bb button_text=\u00a0\u00bbDemander un devis\u00a0\u00bb use_background_color=\u00a0\u00bboff\u00a0\u00bb background_color=\u00a0\u00bb#005498&Prime; background_layout=\u00a0\u00bblight\u00a0\u00bb text_orientation=\u00a0\u00bbleft\u00a0\u00bb use_border_color=\u00a0\u00bboff\u00a0\u00bb border_color=\u00a0\u00bb#ffffff\u00a0\u00bb border_style=\u00a0\u00bbsolid\u00a0\u00bb custom_button=\u00a0\u00bboff\u00a0\u00bb button_letter_spacing=\u00a0\u00bb0&Prime; button_use_icon=\u00a0\u00bbdefault\u00a0\u00bb button_icon_placement=\u00a0\u00bbright\u00a0\u00bb button_on_hover=\u00a0\u00bbon\u00a0\u00bb button_letter_spacing_hover=\u00a0\u00bb0&Prime;]<br \/>\n[\/et_pb_cta][\/et_pb_column][et_pb_column type=\u00a0\u00bb1_3&Prime;][et_pb_text admin_label=\u00a0\u00bbTesto\u00a0\u00bb background_layout=\u00a0\u00bblight\u00a0\u00bb text_orientation=\u00a0\u00bbleft\u00a0\u00bb use_border_color=\u00a0\u00bboff\u00a0\u00bb border_color=\u00a0\u00bb#ffffff\u00a0\u00bb border_style=\u00a0\u00bbsolid\u00a0\u00bb]<br \/>\n[\/et_pb_text][et_pb_image admin_label=\u00a0\u00bbImmagine\u00a0\u00bb src=\u00a0\u00bbhttps:\/\/eurologos-milano.com\/wp-content\/uploads\/2015\/04\/Communication_Gif_300x300_Alpha_01.gif\u00a0\u00bb show_in_lightbox=\u00a0\u00bboff\u00a0\u00bb url_new_window=\u00a0\u00bboff\u00a0\u00bb animation=\u00a0\u00bbleft\u00a0\u00bb sticky=\u00a0\u00bboff\u00a0\u00bb align=\u00a0\u00bbleft\u00a0\u00bb force_fullwidth=\u00a0\u00bboff\u00a0\u00bb always_center_on_mobile=\u00a0\u00bbon\u00a0\u00bb use_border_color=\u00a0\u00bboff\u00a0\u00bb border_color=\u00a0\u00bb#ffffff\u00a0\u00bb border_style=\u00a0\u00bbsolid\u00a0\u00bb]<br \/>\n[\/et_pb_image][\/et_pb_column][\/et_pb_row][\/et_pb_section][et_pb_section admin_label=\u00a0\u00bbsection\u00a0\u00bb transparent_background=\u00a0\u00bboff\u00a0\u00bb background_color=\u00a0\u00bb#f5f5f5&Prime; inner_shadow=\u00a0\u00bboff\u00a0\u00bb parallax=\u00a0\u00bboff\u00a0\u00bb parallax_method=\u00a0\u00bboff\u00a0\u00bb allow_player_pause=\u00a0\u00bboff\u00a0\u00bb padding_mobile=\u00a0\u00bboff\u00a0\u00bb make_fullwidth=\u00a0\u00bboff\u00a0\u00bb use_custom_width=\u00a0\u00bboff\u00a0\u00bb width_unit=\u00a0\u00bbon\u00a0\u00bb make_equal=\u00a0\u00bboff\u00a0\u00bb use_custom_gutter=\u00a0\u00bboff\u00a0\u00bb][et_pb_row admin_label=\u00a0\u00bbrow\u00a0\u00bb][et_pb_column type=\u00a0\u00bb2_3&Prime;][et_pb_image admin_label=\u00a0\u00bbImmagine\u00a0\u00bb src=\u00a0\u00bbhttps:\/\/eurologos-milano.com\/wp-content\/uploads\/2015\/04\/logo-VM6.png\u00a0\u00bb show_in_lightbox=\u00a0\u00bboff\u00a0\u00bb url_new_window=\u00a0\u00bboff\u00a0\u00bb animation=\u00a0\u00bbleft\u00a0\u00bb sticky=\u00a0\u00bboff\u00a0\u00bb align=\u00a0\u00bbleft\u00a0\u00bb force_fullwidth=\u00a0\u00bboff\u00a0\u00bb always_center_on_mobile=\u00a0\u00bbon\u00a0\u00bb use_border_color=\u00a0\u00bboff\u00a0\u00bb border_color=\u00a0\u00bb#ffffff\u00a0\u00bb border_style=\u00a0\u00bbsolid\u00a0\u00bb use_overlay=\u00a0\u00bboff\u00a0\u00bb]<\/p>\n<p>&nbsp;<\/p>\n<p>[\/et_pb_image][et_pb_text admin_label=\u00a0\u00bbTesto\u00a0\u00bb background_layout=\u00a0\u00bblight\u00a0\u00bb text_orientation=\u00a0\u00bbleft\u00a0\u00bb use_border_color=\u00a0\u00bboff\u00a0\u00bb border_color=\u00a0\u00bb#ffffff\u00a0\u00bb border_style=\u00a0\u00bbsolid\u00a0\u00bb text_line_height=\u00a0\u00bb2em\u00a0\u00bb module_id=\u00a0\u00bbVM6&Prime;]<\/p>\n<p style=\"text-align: justify;\">VM6 est lieu o\u00f9 les stimuli, les intuitions et les id\u00e9es se transforment en communication. Autour de son patio, des professionnels aux comp\u00e9tences vari\u00e9es conjuguent leurs talents pour mettre leur expertise au service de votre entreprise.<\/p>\n<p style=\"text-align: justify;\">L\u2019une des fen\u00eatres de cette demeure ancienne ouvre sur l\u2019avenir. C\u2019est un lieu o\u00f9 l\u2019on con\u00e7oit et o\u00f9 l\u2019on invente des sites dynamiques, des applications et tout ce qui existera bient\u00f4t. Ici, chaque histoire raconte le pr\u00e9sent avec les moyens de demain. Si votre entreprise a besoin de faire un bond en avant, passez donc par ici\u2026 <strong><a href=\"https:\/\/beecreative.it\" target=\"_blank\">Beecreative<\/a><\/strong> Sp\u00e9cialis\u00e9e dans la cr\u00e9ation de sites de toute sorte, cette soci\u00e9t\u00e9 propose \u00e0 ses clients des solutions pour atteindre leurs objectifs de visibilit\u00e9 et de positionnement sur le Web. Elle est \u00e0 m\u00eame de concevoir n\u2019importe quel type de plate-forme Internet et d\u2019application mobile.<\/p>\n<p style=\"text-align: justify;\">Derri\u00e8re ces murs, on habille les id\u00e9es, on leur donne une forme et on invente des modes et des mondes pour les rendre inoubliables, belles et attrayantes. Ici, conception graphique et couleurs permettent de sublimer n\u2019importe quel projet\u2026 <strong><a href=\"https:\/\/www.capricorn2001.it\/it\/home.php\" target=\"_blank\">Capricorn<\/a><\/strong>. La soci\u00e9t\u00e9 con\u00e7oit et r\u00e9alise des id\u00e9es cr\u00e9atives et des solutions graphiques qui vont du packaging \u00e0 la promotion, du marketing hors m\u00e9dia au marketing de la distribution en passant par le mat\u00e9riel destin\u00e9 au point de vente. Elle dispose \u00e9galement d\u2019un service qui cr\u00e9e des illustrations en tout genre : techniques (vues \u00e9clat\u00e9es et explos\u00e9es), hyperr\u00e9alistes et anim\u00e9es.<\/p>\n<p style=\"text-align: justify;\">Ici, on conte des histoires dans toutes les langues, de l\u2019arabe au zoulou. Il n\u2019existe aucun mot, aucune phrase, aucune information qui ne puisse franchir les fronti\u00e8res. Si les limites de votre langage freinent vos activit\u00e9s, faites un saut chez nous ! Vous constaterez que nous parlons la m\u00eame langue\u2026 <strong><a href=\"https:\/\/eurologos-milano.com\">Eurologos Milano<\/a><\/strong>. Si\u00e8ge italien du Groupe Eurologos, une soci\u00e9t\u00e9 internationale qui s\u2019illustre depuis plus de 35 ans dans les services linguistiques. Sp\u00e9cialis\u00e9e dans la traduction, la r\u00e9vision, l\u2019interpr\u00e9tation, la mise en page et la conception graphique multilingue, elle livre des projets dans toutes les langues, y compris les plus rares.<\/p>\n<p style=\"text-align: justify;\">Derri\u00e8re ce portail, les histoires durent le temps d\u2019une photo. Ici naissent des images qui parlent de gens, de lieux et d\u2019objets. Une belle photo en dit plus long que tous les discours. Quel que soit votre projet, amenez-le-nous ! Nous vous promettons de l\u2019\u00e9clairer sous son meilleur jour\u2026 <strong><a href=\"https:\/\/www.pentaphoto.it\/it\/index.html\" target=\"_blank\">Pentaphoto<\/a><\/strong>. Leader de la photo sportive depuis 1979, la soci\u00e9t\u00e9 a peu \u00e0 peu \u00e9largi son champ d\u2019action pour se consacrer notamment \u00e0 la mode et aux natures mortes. Son atelier dernier cri lui permet de photographier des objets \u00e0 360\u00b0 en tr\u00e8s haute d\u00e9finition.<\/p>\n<p style=\"text-align: justify;\">Un lieu o\u00f9 l\u2019on explore et \u00e9tudie, o\u00f9 l\u2019on d\u00e9crit et interpr\u00e8te, o\u00f9 l\u2019on observe et analyse. En un mot, un lieu de recherches. Des recherches plac\u00e9es sous le signe du savoir-faire, de la passion et de la comp\u00e9tence. Pour mieux conna\u00eetre votre propre univers, venez faire notre connaissance\u2026 <a href=\"https:\/\/peperesearch.it\/it\/index.html\" target=\"_blank\"><strong>Pepe Research<\/strong><\/a>. L\u2019institut r\u00e9alise des \u00e9tudes sociopolitiques et des \u00e9tudes de march\u00e9 \u00e0 travers des techniques classiques mais aussi gr\u00e2ce \u00e0 des outils modernes, innovants et cibl\u00e9s. Ses deux fondatrices ont dirig\u00e9 des \u00e9tudes qualitatives et quantitatives pour des instituts italiens, des entreprises et des associations de premier plan.<\/p>\n<p style=\"text-align: justify;\">La publicit\u00e9 est l\u2019\u00e2me du commerce et, derri\u00e8re ces fen\u00eatres, vous trouverez l\u2019\u00e2me de bien des campagnes publicitaires que vous connaissez et qui ont contribu\u00e9 au succ\u00e8s de grandes marques. Si votre entreprise a besoin de communiquer, parlez-en avec nous\u2026 <strong><a href=\"https:\/\/sunnymilano.it\" target=\"_blank\">Sunny Milano<\/a><\/strong>. Agence de communication cr\u00e9\u00e9e par ses deux directeurs cr\u00e9atifs qui ont fait carri\u00e8re dans les plus grandes agences de publicit\u00e9 internationales. Ils ont sign\u00e9 de c\u00e9l\u00e8bres campagnes t\u00e9l\u00e9vis\u00e9es, radio, de presse et d\u2019affichage pour des marques leaders dans diff\u00e9rents secteurs d\u2019activit\u00e9.<\/p>\n<p style=\"text-align: justify;\">Nous vous attendons.<\/p>\n<p>[\/et_pb_text][et_pb_cta admin_label=\u00a0\u00bbCall-To-Action\u00a0\u00bb button_url=\u00a0\u00bbmailto:bertolesi@eurologos.it\u00a0\u00bb url_new_window=\u00a0\u00bbon\u00a0\u00bb button_text=\u00a0\u00bbDemander un devis\u00a0\u00bb use_background_color=\u00a0\u00bboff\u00a0\u00bb background_color=\u00a0\u00bb#005498&Prime; background_layout=\u00a0\u00bblight\u00a0\u00bb text_orientation=\u00a0\u00bbleft\u00a0\u00bb use_border_color=\u00a0\u00bboff\u00a0\u00bb border_color=\u00a0\u00bb#ffffff\u00a0\u00bb border_style=\u00a0\u00bbsolid\u00a0\u00bb custom_button=\u00a0\u00bboff\u00a0\u00bb button_letter_spacing=\u00a0\u00bb0&Prime; button_use_icon=\u00a0\u00bbdefault\u00a0\u00bb button_icon_placement=\u00a0\u00bbright\u00a0\u00bb button_on_hover=\u00a0\u00bbon\u00a0\u00bb button_letter_spacing_hover=\u00a0\u00bb0&Prime;]<br \/>\n[\/et_pb_cta][\/et_pb_column][et_pb_column type=\u00a0\u00bb1_3&Prime;][et_pb_image admin_label=\u00a0\u00bbImmagine\u00a0\u00bb src=\u00a0\u00bbhttps:\/\/eurologos-milano.com\/wp-content\/uploads\/2015\/09\/VM6.png\u00a0\u00bb show_in_lightbox=\u00a0\u00bboff\u00a0\u00bb url_new_window=\u00a0\u00bboff\u00a0\u00bb animation=\u00a0\u00bbleft\u00a0\u00bb sticky=\u00a0\u00bboff\u00a0\u00bb align=\u00a0\u00bbleft\u00a0\u00bb force_fullwidth=\u00a0\u00bboff\u00a0\u00bb always_center_on_mobile=\u00a0\u00bbon\u00a0\u00bb use_border_color=\u00a0\u00bboff\u00a0\u00bb border_color=\u00a0\u00bb#ffffff\u00a0\u00bb border_style=\u00a0\u00bbsolid\u00a0\u00bb]<br \/>\n[\/et_pb_image][\/et_pb_column][\/et_pb_row][\/et_pb_section][et_pb_section admin_label=\u00a0\u00bbsection\u00a0\u00bb fullwidth=\u00a0\u00bboff\u00a0\u00bb specialty=\u00a0\u00bboff\u00a0\u00bb transparent_background=\u00a0\u00bboff\u00a0\u00bb background_color=\u00a0\u00bb#ffffff\u00a0\u00bb allow_player_pause=\u00a0\u00bboff\u00a0\u00bb inner_shadow=\u00a0\u00bboff\u00a0\u00bb parallax=\u00a0\u00bboff\u00a0\u00bb parallax_method=\u00a0\u00bboff\u00a0\u00bb padding_mobile=\u00a0\u00bboff\u00a0\u00bb make_fullwidth=\u00a0\u00bboff\u00a0\u00bb use_custom_width=\u00a0\u00bboff\u00a0\u00bb width_unit=\u00a0\u00bbon\u00a0\u00bb make_equal=\u00a0\u00bboff\u00a0\u00bb use_custom_gutter=\u00a0\u00bboff\u00a0\u00bb][et_pb_row admin_label=\u00a0\u00bbrow\u00a0\u00bb][et_pb_column type=\u00a0\u00bb1_2&Prime;][et_pb_text admin_label=\u00a0\u00bbTesto\u00a0\u00bb background_layout=\u00a0\u00bblight\u00a0\u00bb text_orientation=\u00a0\u00bbleft\u00a0\u00bb use_border_color=\u00a0\u00bboff\u00a0\u00bb border_color=\u00a0\u00bb#ffffff\u00a0\u00bb border_style=\u00a0\u00bbsolid\u00a0\u00bb]<br \/>\n[\/et_pb_text][et_pb_video admin_label=\u00a0\u00bbVideo\u00a0\u00bb src=\u00a0\u00bbhttps:\/\/youtu.be\/YuVa6dUSy9M?t=4s\u00a0\u00bb]<br \/>\n[\/et_pb_video][\/et_pb_column][et_pb_column type=\u00a0\u00bb1_2&Prime;][et_pb_text admin_label=\u00a0\u00bbTesto\u00a0\u00bb background_layout=\u00a0\u00bblight\u00a0\u00bb text_orientation=\u00a0\u00bbleft\u00a0\u00bb use_border_color=\u00a0\u00bboff\u00a0\u00bb border_color=\u00a0\u00bb#ffffff\u00a0\u00bb border_style=\u00a0\u00bbsolid\u00a0\u00bb]<\/p>\n<h1>UNE PEPINIERE D\u2019IDEES<\/h1>\n<p>L\u2019id\u00e9e du syst\u00e8me VM6 a germ\u00e9 \u00e0 la Villa Mirabello, en 2012, port\u00e9e par un groupe de professionnels de l\u2019univers de la communication, du marketing, de la cr\u00e9ativit\u00e9 et du design, d\u00e9sireux de croiser leurs id\u00e9es et leurs comp\u00e9tences.<\/p>\n<p>Lors d\u2019une des premi\u00e8res tables rondes, nous nous sommes inspir\u00e9s des mots de Steven Johnson, journaliste et \u00e9crivain am\u00e9ricain sp\u00e9cialis\u00e9 dans les nouvelles technologies. Steven \u00e9tudie en effet la mani\u00e8re dont les nouvelles technologies et Internet, avec leur capacit\u00e9 \u00e0 multiplier nos \u00ab\u00a0connexions\u00a0\u00bb, influent sur le processus qui fait germer une id\u00e9e mais surtout sur le fait que le r\u00e9sultat d\u2019une id\u00e9e est presque toujours le fruit de l\u2019influence et de la collaboration entre plusieurs personnes qui mettent \u00e0 profit une partie de l\u2019id\u00e9e de d\u00e9part.<\/p>\n<p>[\/et_pb_text][\/et_pb_column][\/et_pb_row][\/et_pb_section]<\/p>\n","protected":false},"excerpt":{"rendered":"<p>&nbsp; COMMUNICATION Les locaux d\u2019Eurologos Milan se trouvent dans la magnifique Villa Mirabello, un havre de paix au c\u0153ur de la tr\u00e8s dynamique capitale lombarde. M\u00e9connue, cette villa est pourtant un v\u00e9ritable joyau\u00a0: ancienne maison de campagne de la famille Visconti, elle accueille aujourd\u2019hui la fondation \u00e0 but non lucratif Villa Mirabello Onlus ainsi que [&hellip;]<\/p>\n","protected":false},"author":8,"featured_media":0,"parent":0,"menu_order":50,"comment_status":"open","ping_status":"closed","template":"","meta":{"_et_pb_use_builder":"on","_et_pb_old_content":"","_et_gb_content_width":"","footnotes":""},"class_list":["post-8144","page","type-page","status-publish","hentry"],"yoast_head":"<!-- This site is optimized with the Yoast SEO plugin v27.3 - https:\/\/yoast.com\/product\/yoast-seo-wordpress\/ -->\n<title>Communication - Eurologos Milano<\/title>\n<meta name=\"robots\" content=\"index, follow, max-snippet:-1, max-image-preview:large, max-video-preview:-1\" \/>\n<link rel=\"canonical\" href=\"https:\/\/eurologos-milano.com\/fr\/comunicazione\/\" \/>\n<meta property=\"og:locale\" content=\"fr_FR\" \/>\n<meta property=\"og:type\" content=\"article\" \/>\n<meta property=\"og:title\" content=\"Communication - Eurologos Milano\" \/>\n<meta property=\"og:description\" content=\"&nbsp; COMMUNICATION Les locaux d\u2019Eurologos Milan se trouvent dans la magnifique Villa Mirabello, un havre de paix au c\u0153ur de la tr\u00e8s dynamique capitale lombarde. M\u00e9connue, cette villa est pourtant un v\u00e9ritable joyau\u00a0: ancienne maison de campagne de la famille Visconti, elle accueille aujourd\u2019hui la fondation \u00e0 but non lucratif Villa Mirabello Onlus ainsi que [&hellip;]\" \/>\n<meta property=\"og:url\" content=\"https:\/\/eurologos-milano.com\/fr\/comunicazione\/\" \/>\n<meta property=\"og:site_name\" content=\"Eurologos Milano\" \/>\n<meta property=\"article:modified_time\" content=\"2016-11-04T16:16:44+00:00\" \/>\n<meta name=\"twitter:card\" content=\"summary_large_image\" \/>\n<meta name=\"twitter:label1\" content=\"Dur\u00e9e de lecture estim\u00e9e\" \/>\n\t<meta name=\"twitter:data1\" content=\"9 minutes\" \/>\n<script type=\"application\/ld+json\" class=\"yoast-schema-graph\">{\"@context\":\"https:\\\/\\\/schema.org\",\"@graph\":[{\"@type\":\"WebPage\",\"@id\":\"https:\\\/\\\/eurologos-milano.com\\\/fr\\\/comunicazione\\\/\",\"url\":\"https:\\\/\\\/eurologos-milano.com\\\/fr\\\/comunicazione\\\/\",\"name\":\"Communication - Eurologos Milano\",\"isPartOf\":{\"@id\":\"https:\\\/\\\/eurologos-milano.com\\\/#website\"},\"datePublished\":\"2016-02-11T08:32:43+00:00\",\"dateModified\":\"2016-11-04T16:16:44+00:00\",\"breadcrumb\":{\"@id\":\"https:\\\/\\\/eurologos-milano.com\\\/fr\\\/comunicazione\\\/#breadcrumb\"},\"inLanguage\":\"fr-FR\",\"potentialAction\":[{\"@type\":\"ReadAction\",\"target\":[\"https:\\\/\\\/eurologos-milano.com\\\/fr\\\/comunicazione\\\/\"]}]},{\"@type\":\"BreadcrumbList\",\"@id\":\"https:\\\/\\\/eurologos-milano.com\\\/fr\\\/comunicazione\\\/#breadcrumb\",\"itemListElement\":[{\"@type\":\"ListItem\",\"position\":1,\"name\":\"Home\",\"item\":\"https:\\\/\\\/eurologos-milano.com\\\/fr\\\/\"},{\"@type\":\"ListItem\",\"position\":2,\"name\":\"Communication\"}]},{\"@type\":\"WebSite\",\"@id\":\"https:\\\/\\\/eurologos-milano.com\\\/#website\",\"url\":\"https:\\\/\\\/eurologos-milano.com\\\/\",\"name\":\"Eurologos Milano\",\"description\":\"Traduzioni Milano\",\"potentialAction\":[{\"@type\":\"SearchAction\",\"target\":{\"@type\":\"EntryPoint\",\"urlTemplate\":\"https:\\\/\\\/eurologos-milano.com\\\/?s={search_term_string}\"},\"query-input\":{\"@type\":\"PropertyValueSpecification\",\"valueRequired\":true,\"valueName\":\"search_term_string\"}}],\"inLanguage\":\"fr-FR\"}]}<\/script>\n<!-- \/ Yoast SEO plugin. -->","yoast_head_json":{"title":"Communication - Eurologos Milano","robots":{"index":"index","follow":"follow","max-snippet":"max-snippet:-1","max-image-preview":"max-image-preview:large","max-video-preview":"max-video-preview:-1"},"canonical":"https:\/\/eurologos-milano.com\/fr\/comunicazione\/","og_locale":"fr_FR","og_type":"article","og_title":"Communication - Eurologos Milano","og_description":"&nbsp; COMMUNICATION Les locaux d\u2019Eurologos Milan se trouvent dans la magnifique Villa Mirabello, un havre de paix au c\u0153ur de la tr\u00e8s dynamique capitale lombarde. M\u00e9connue, cette villa est pourtant un v\u00e9ritable joyau\u00a0: ancienne maison de campagne de la famille Visconti, elle accueille aujourd\u2019hui la fondation \u00e0 but non lucratif Villa Mirabello Onlus ainsi que [&hellip;]","og_url":"https:\/\/eurologos-milano.com\/fr\/comunicazione\/","og_site_name":"Eurologos Milano","article_modified_time":"2016-11-04T16:16:44+00:00","twitter_card":"summary_large_image","twitter_misc":{"Dur\u00e9e de lecture estim\u00e9e":"9 minutes"},"schema":{"@context":"https:\/\/schema.org","@graph":[{"@type":"WebPage","@id":"https:\/\/eurologos-milano.com\/fr\/comunicazione\/","url":"https:\/\/eurologos-milano.com\/fr\/comunicazione\/","name":"Communication - Eurologos Milano","isPartOf":{"@id":"https:\/\/eurologos-milano.com\/#website"},"datePublished":"2016-02-11T08:32:43+00:00","dateModified":"2016-11-04T16:16:44+00:00","breadcrumb":{"@id":"https:\/\/eurologos-milano.com\/fr\/comunicazione\/#breadcrumb"},"inLanguage":"fr-FR","potentialAction":[{"@type":"ReadAction","target":["https:\/\/eurologos-milano.com\/fr\/comunicazione\/"]}]},{"@type":"BreadcrumbList","@id":"https:\/\/eurologos-milano.com\/fr\/comunicazione\/#breadcrumb","itemListElement":[{"@type":"ListItem","position":1,"name":"Home","item":"https:\/\/eurologos-milano.com\/fr\/"},{"@type":"ListItem","position":2,"name":"Communication"}]},{"@type":"WebSite","@id":"https:\/\/eurologos-milano.com\/#website","url":"https:\/\/eurologos-milano.com\/","name":"Eurologos Milano","description":"Traduzioni Milano","potentialAction":[{"@type":"SearchAction","target":{"@type":"EntryPoint","urlTemplate":"https:\/\/eurologos-milano.com\/?s={search_term_string}"},"query-input":{"@type":"PropertyValueSpecification","valueRequired":true,"valueName":"search_term_string"}}],"inLanguage":"fr-FR"}]}},"_links":{"self":[{"href":"https:\/\/eurologos-milano.com\/fr\/wp-json\/wp\/v2\/pages\/8144","targetHints":{"allow":["GET"]}}],"collection":[{"href":"https:\/\/eurologos-milano.com\/fr\/wp-json\/wp\/v2\/pages"}],"about":[{"href":"https:\/\/eurologos-milano.com\/fr\/wp-json\/wp\/v2\/types\/page"}],"author":[{"embeddable":true,"href":"https:\/\/eurologos-milano.com\/fr\/wp-json\/wp\/v2\/users\/8"}],"replies":[{"embeddable":true,"href":"https:\/\/eurologos-milano.com\/fr\/wp-json\/wp\/v2\/comments?post=8144"}],"version-history":[{"count":1,"href":"https:\/\/eurologos-milano.com\/fr\/wp-json\/wp\/v2\/pages\/8144\/revisions"}],"predecessor-version":[{"id":9107,"href":"https:\/\/eurologos-milano.com\/fr\/wp-json\/wp\/v2\/pages\/8144\/revisions\/9107"}],"wp:attachment":[{"href":"https:\/\/eurologos-milano.com\/fr\/wp-json\/wp\/v2\/media?parent=8144"}],"curies":[{"name":"wp","href":"https:\/\/api.w.org\/{rel}","templated":true}]}}