{"id":8142,"date":"2016-02-11T08:32:26","date_gmt":"2016-02-11T08:32:26","guid":{"rendered":"https:\/\/eurologos-milano.com\/fr\/?page_id=8142"},"modified":"2016-11-04T16:15:06","modified_gmt":"2016-11-04T16:15:06","slug":"grafica_multilingue","status":"publish","type":"page","link":"https:\/\/eurologos-milano.com\/fr\/grafica_multilingue\/","title":{"rendered":"Graphisme multilingue"},"content":{"rendered":"<p>[et_pb_section admin_label=\u00a0\u00bbsection\u00a0\u00bb fullwidth=\u00a0\u00bbon\u00a0\u00bb specialty=\u00a0\u00bboff\u00a0\u00bb transparent_background=\u00a0\u00bboff\u00a0\u00bb allow_player_pause=\u00a0\u00bboff\u00a0\u00bb inner_shadow=\u00a0\u00bboff\u00a0\u00bb parallax=\u00a0\u00bboff\u00a0\u00bb parallax_method=\u00a0\u00bboff\u00a0\u00bb padding_mobile=\u00a0\u00bboff\u00a0\u00bb module_class=\u00a0\u00bbtestataServizi\u00a0\u00bb make_fullwidth=\u00a0\u00bboff\u00a0\u00bb use_custom_width=\u00a0\u00bboff\u00a0\u00bb width_unit=\u00a0\u00bbon\u00a0\u00bb make_equal=\u00a0\u00bboff\u00a0\u00bb use_custom_gutter=\u00a0\u00bboff\u00a0\u00bb][et_pb_fullwidth_header admin_label=\u00a0\u00bbIntestazione a Larghezza Piena\u00a0\u00bb title=\u00a0\u00bbGRAPHISME<br \/>\nMULTILINGUE\u00a0\u00bb subhead=\u00a0\u00bbDonner forme aux mots\u00a0\u00bb background_layout=\u00a0\u00bblight\u00a0\u00bb text_orientation=\u00a0\u00bbleft\u00a0\u00bb header_fullscreen=\u00a0\u00bboff\u00a0\u00bb header_scroll_down=\u00a0\u00bbon\u00a0\u00bb scroll_down_icon=\u00a0\u00bb%%188%%\u00a0\u00bb background_url=\u00a0\u00bbhttps:\/\/eurologos-milano.com\/wp-content\/uploads\/2015\/04\/Immagine-ok.jpg\u00a0\u00bb parallax=\u00a0\u00bboff\u00a0\u00bb parallax_method=\u00a0\u00bbon\u00a0\u00bb content_orientation=\u00a0\u00bbcenter\u00a0\u00bb image_orientation=\u00a0\u00bbcenter\u00a0\u00bb subhead_font=\u00a0\u00bb||on||\u00a0\u00bb custom_button_one=\u00a0\u00bbon\u00a0\u00bb button_one_letter_spacing=\u00a0\u00bb0&Prime; button_one_use_icon=\u00a0\u00bbon\u00a0\u00bb button_one_icon_placement=\u00a0\u00bbright\u00a0\u00bb button_one_on_hover=\u00a0\u00bboff\u00a0\u00bb button_one_letter_spacing_hover=\u00a0\u00bb0&Prime; custom_button_two=\u00a0\u00bboff\u00a0\u00bb button_two_letter_spacing=\u00a0\u00bb0&Prime; button_two_use_icon=\u00a0\u00bbdefault\u00a0\u00bb button_two_icon_placement=\u00a0\u00bbright\u00a0\u00bb button_two_on_hover=\u00a0\u00bbon\u00a0\u00bb button_two_letter_spacing_hover=\u00a0\u00bb0&Prime; module_class=\u00a0\u00bbkepler\u00a0\u00bb button_one_url=\u00a0\u00bb#iniziotesto\u00a0\u00bb button_one_text_color=\u00a0\u00bb#000000&Prime; button_one_border_color=\u00a0\u00bb#000000&Prime; button_one_icon=\u00a0\u00bb%%18%%\u00a0\u00bb button_one_border_width=\u00a0\u00bb1&Prime; button_one_border_radius=\u00a0\u00bb0&Prime; scroll_down_icon_color=\u00a0\u00bb#000000&Prime;] [\/et_pb_fullwidth_header][\/et_pb_section][et_pb_section admin_label=\u00a0\u00bbsection\u00a0\u00bb transparent_background=\u00a0\u00bboff\u00a0\u00bb background_color=\u00a0\u00bb#ffffff\u00a0\u00bb inner_shadow=\u00a0\u00bboff\u00a0\u00bb parallax=\u00a0\u00bboff\u00a0\u00bb parallax_method=\u00a0\u00bboff\u00a0\u00bb allow_player_pause=\u00a0\u00bboff\u00a0\u00bb padding_mobile=\u00a0\u00bboff\u00a0\u00bb module_id=\u00a0\u00bbiniziotesto\u00a0\u00bb make_fullwidth=\u00a0\u00bboff\u00a0\u00bb use_custom_width=\u00a0\u00bboff\u00a0\u00bb width_unit=\u00a0\u00bbon\u00a0\u00bb make_equal=\u00a0\u00bboff\u00a0\u00bb use_custom_gutter=\u00a0\u00bboff\u00a0\u00bb][et_pb_row admin_label=\u00a0\u00bbrow\u00a0\u00bb][et_pb_column type=\u00a0\u00bb2_3&Prime;][et_pb_text admin_label=\u00a0\u00bbDPT Grafica multilingue\u00a0\u00bb background_layout=\u00a0\u00bblight\u00a0\u00bb text_orientation=\u00a0\u00bbleft\u00a0\u00bb use_border_color=\u00a0\u00bboff\u00a0\u00bb border_color=\u00a0\u00bb#ffffff\u00a0\u00bb border_style=\u00a0\u00bbsolid\u00a0\u00bb]<\/p>\n<p>&nbsp;<\/p>\n<h1>DTP GRAPHISME MULTILINGUE<\/h1>\n<p style=\"text-align: justify;\">Eurologos Milan dispose d\u2019un d\u00e9partement Graphisme qui g\u00e8re les projets multilingues. Son \u00e9quipe int\u00e9gr\u00e9e de cr\u00e9atifs r\u00e9alise toute brochure et tout document d\u2019entreprise, d\u00e9veloppe l\u2019image de marque et, plus g\u00e9n\u00e9ralement, le graphisme de l\u2019entreprise. Lorsque l\u2019on conna\u00eet bien les mots et les objectifs de son client, il est ais\u00e9 de transformer ses id\u00e9es et son style en image car la beaut\u00e9 est un droit.<\/p>\n<p>[\/et_pb_text][et_pb_cta admin_label=\u00a0\u00bbCall-To-Action\u00a0\u00bb button_url=\u00a0\u00bbmailto:fiorini@eurologos.it\u00a0\u00bb url_new_window=\u00a0\u00bbon\u00a0\u00bb button_text=\u00a0\u00bbDemander un devis\u00a0\u00bb use_background_color=\u00a0\u00bboff\u00a0\u00bb background_color=\u00a0\u00bb#005498&Prime; background_layout=\u00a0\u00bblight\u00a0\u00bb text_orientation=\u00a0\u00bbleft\u00a0\u00bb use_border_color=\u00a0\u00bboff\u00a0\u00bb border_color=\u00a0\u00bb#ffffff\u00a0\u00bb border_style=\u00a0\u00bbsolid\u00a0\u00bb custom_button=\u00a0\u00bboff\u00a0\u00bb button_letter_spacing=\u00a0\u00bb0&Prime; button_use_icon=\u00a0\u00bbdefault\u00a0\u00bb button_icon_placement=\u00a0\u00bbright\u00a0\u00bb button_on_hover=\u00a0\u00bbon\u00a0\u00bb button_letter_spacing_hover=\u00a0\u00bb0&Prime;] [\/et_pb_cta][\/et_pb_column][et_pb_column type=\u00a0\u00bb1_3&Prime;][et_pb_blurb admin_label=\u00a0\u00bbBlurb\u00a0\u00bb url_new_window=\u00a0\u00bboff\u00a0\u00bb use_icon=\u00a0\u00bboff\u00a0\u00bb font_icon=\u00a0\u00bb\ue005\u00a0\u00bb icon_color=\u00a0\u00bb#ffffff\u00a0\u00bb use_circle=\u00a0\u00bboff\u00a0\u00bb circle_color=\u00a0\u00bb#005498&Prime; use_circle_border=\u00a0\u00bboff\u00a0\u00bb circle_border_color=\u00a0\u00bb#005498&Prime; icon_placement=\u00a0\u00bbtop\u00a0\u00bb animation=\u00a0\u00bbtop\u00a0\u00bb background_layout=\u00a0\u00bblight\u00a0\u00bb text_orientation=\u00a0\u00bbcenter\u00a0\u00bb image=\u00a0\u00bbhttps:\/\/eurologos-milano.com\/wp-content\/uploads\/2015\/04\/DTP_Gif_300x300_Alpha_01.gif\u00a0\u00bb use_icon_font_size=\u00a0\u00bboff\u00a0\u00bb use_border_color=\u00a0\u00bboff\u00a0\u00bb border_color=\u00a0\u00bb#ffffff\u00a0\u00bb border_style=\u00a0\u00bbsolid\u00a0\u00bb] [\/et_pb_blurb][\/et_pb_column][\/et_pb_row][\/et_pb_section][et_pb_section admin_label=\u00a0\u00bbsection\u00a0\u00bb transparent_background=\u00a0\u00bboff\u00a0\u00bb background_color=\u00a0\u00bb#f5f5f5&Prime; inner_shadow=\u00a0\u00bboff\u00a0\u00bb parallax=\u00a0\u00bboff\u00a0\u00bb parallax_method=\u00a0\u00bboff\u00a0\u00bb allow_player_pause=\u00a0\u00bboff\u00a0\u00bb padding_mobile=\u00a0\u00bboff\u00a0\u00bb module_id=\u00a0\u00bbtesto2&Prime; make_fullwidth=\u00a0\u00bboff\u00a0\u00bb use_custom_width=\u00a0\u00bboff\u00a0\u00bb width_unit=\u00a0\u00bbon\u00a0\u00bb make_equal=\u00a0\u00bboff\u00a0\u00bb use_custom_gutter=\u00a0\u00bboff\u00a0\u00bb][et_pb_row admin_label=\u00a0\u00bbrow\u00a0\u00bb][et_pb_column type=\u00a0\u00bb1_3&Prime;][et_pb_blurb admin_label=\u00a0\u00bbBlurb\u00a0\u00bb url_new_window=\u00a0\u00bboff\u00a0\u00bb use_icon=\u00a0\u00bboff\u00a0\u00bb font_icon=\u00a0\u00bbj\u00a0\u00bb icon_color=\u00a0\u00bb#ffffff\u00a0\u00bb use_circle=\u00a0\u00bboff\u00a0\u00bb circle_color=\u00a0\u00bb#005498&Prime; use_circle_border=\u00a0\u00bboff\u00a0\u00bb circle_border_color=\u00a0\u00bb#005498&Prime; icon_placement=\u00a0\u00bbtop\u00a0\u00bb animation=\u00a0\u00bbtop\u00a0\u00bb background_layout=\u00a0\u00bblight\u00a0\u00bb text_orientation=\u00a0\u00bbcenter\u00a0\u00bb image=\u00a0\u00bbhttps:\/\/eurologos-milano.com\/wp-content\/uploads\/2015\/04\/Illustration_Gif_300x300_Alpha_01.gif\u00a0\u00bb use_icon_font_size=\u00a0\u00bboff\u00a0\u00bb body_line_height=\u00a0\u00bb2em\u00a0\u00bb use_border_color=\u00a0\u00bboff\u00a0\u00bb border_color=\u00a0\u00bb#ffffff\u00a0\u00bb border_style=\u00a0\u00bbsolid\u00a0\u00bb] [\/et_pb_blurb][\/et_pb_column][et_pb_column type=\u00a0\u00bb2_3&Prime;][et_pb_text admin_label=\u00a0\u00bbIllustrazione\u00a0\u00bb background_layout=\u00a0\u00bblight\u00a0\u00bb text_orientation=\u00a0\u00bbleft\u00a0\u00bb use_border_color=\u00a0\u00bboff\u00a0\u00bb border_color=\u00a0\u00bb#ffffff\u00a0\u00bb border_style=\u00a0\u00bbsolid\u00a0\u00bb]<\/p>\n<h2>ILLUSTRATION<\/h2>\n<p style=\"text-align: justify;\">Eurologos Milan met \u00e9galement sa cr\u00e9ativit\u00e9 au service du client l\u00e0 o\u00f9 les mots ne suffisent pas. Qu\u2019il s\u2019agisse de r\u00e9aliser une carte ou une mascotte, de cr\u00e9er des ic\u00f4nes originales ou d\u2019organiser un reportage photo pour lancer une nouvelle collection ou inaugurer un \u00e9tablissement, les photographes et illustrateurs travaillant avec Eurologos Milan dans le cadre du syst\u00e8me int\u00e9gr\u00e9 VM6 rivalisent de cr\u00e9ativit\u00e9 pour donner vie aux projets et aux attentes du client.<\/p>\n<p>&nbsp;<\/p>\n<p>[\/et_pb_text][et_pb_cta admin_label=\u00a0\u00bbCall-To-Action\u00a0\u00bb button_url=\u00a0\u00bbmailto:fiorini@eurologos.it\u00a0\u00bb url_new_window=\u00a0\u00bbon\u00a0\u00bb button_text=\u00a0\u00bbDemander un devis\u00a0\u00bb use_background_color=\u00a0\u00bboff\u00a0\u00bb background_color=\u00a0\u00bb#005498&Prime; background_layout=\u00a0\u00bblight\u00a0\u00bb text_orientation=\u00a0\u00bbleft\u00a0\u00bb use_border_color=\u00a0\u00bboff\u00a0\u00bb border_color=\u00a0\u00bb#ffffff\u00a0\u00bb border_style=\u00a0\u00bbsolid\u00a0\u00bb custom_button=\u00a0\u00bboff\u00a0\u00bb button_letter_spacing=\u00a0\u00bb0&Prime; button_use_icon=\u00a0\u00bbdefault\u00a0\u00bb button_icon_placement=\u00a0\u00bbright\u00a0\u00bb button_on_hover=\u00a0\u00bbon\u00a0\u00bb button_letter_spacing_hover=\u00a0\u00bb0&Prime;] [\/et_pb_cta][\/et_pb_column][\/et_pb_row][\/et_pb_section][et_pb_section admin_label=\u00a0\u00bbsection\u00a0\u00bb transparent_background=\u00a0\u00bboff\u00a0\u00bb background_color=\u00a0\u00bb#ffffff\u00a0\u00bb inner_shadow=\u00a0\u00bboff\u00a0\u00bb parallax=\u00a0\u00bboff\u00a0\u00bb parallax_method=\u00a0\u00bboff\u00a0\u00bb][et_pb_row admin_label=\u00a0\u00bbrow\u00a0\u00bb][et_pb_column type=\u00a0\u00bb2_3&Prime;][et_pb_text admin_label=\u00a0\u00bbFotolito\u00a0\u00bb background_layout=\u00a0\u00bblight\u00a0\u00bb text_orientation=\u00a0\u00bbleft\u00a0\u00bb use_border_color=\u00a0\u00bboff\u00a0\u00bb border_color=\u00a0\u00bb#ffffff\u00a0\u00bb border_style=\u00a0\u00bbsolid\u00a0\u00bb]<\/p>\n<p>&nbsp;<\/p>\n<h1>PHOTOLITHOGRAPHIE ET IMPRESSION<\/h1>\n<p style=\"text-align: justify;\">Gr\u00e2ce aux comp\u00e9tences diversifi\u00e9es et compl\u00e9mentaires des professionnels de son \u00e9quipe, Eurologos Milan fournit un service complet en mati\u00e8re de langue, d\u2019image et de communication. La gestion en interne de toute la fili\u00e8re \u00e9ditoriale \u2013 de la conception \u00e0 l\u2019impression, num\u00e9rique ou typographique \u2013 pr\u00e9sente de nombreux atouts pour le client. La gestion du projet en un seul et m\u00eame lieu se traduit par des d\u00e9lais plus courts, des proc\u00e9dures simplifi\u00e9es, un meilleur contr\u00f4le qualit\u00e9 et une facture all\u00e9g\u00e9e gr\u00e2ce \u00e0 la suppression des interm\u00e9diaires, des doubles passages et des proc\u00e9dures, d\u2019o\u00f9 la baisse des frais g\u00e9n\u00e9raux.<\/p>\n<p>&nbsp;<\/p>\n<p>[\/et_pb_text][et_pb_cta admin_label=\u00a0\u00bbCall-To-Action\u00a0\u00bb button_url=\u00a0\u00bbmailto:fiorini@eurologos.it\u00a0\u00bb url_new_window=\u00a0\u00bbon\u00a0\u00bb button_text=\u00a0\u00bbDemander un devis\u00a0\u00bb use_background_color=\u00a0\u00bboff\u00a0\u00bb background_color=\u00a0\u00bb#005498&Prime; background_layout=\u00a0\u00bblight\u00a0\u00bb text_orientation=\u00a0\u00bbleft\u00a0\u00bb use_border_color=\u00a0\u00bboff\u00a0\u00bb border_color=\u00a0\u00bb#ffffff\u00a0\u00bb border_style=\u00a0\u00bbsolid\u00a0\u00bb custom_button=\u00a0\u00bboff\u00a0\u00bb button_letter_spacing=\u00a0\u00bb0&Prime; button_use_icon=\u00a0\u00bbdefault\u00a0\u00bb button_icon_placement=\u00a0\u00bbright\u00a0\u00bb button_on_hover=\u00a0\u00bbon\u00a0\u00bb button_letter_spacing_hover=\u00a0\u00bb0&Prime;] [\/et_pb_cta][\/et_pb_column][et_pb_column type=\u00a0\u00bb1_3&Prime;][et_pb_blurb admin_label=\u00a0\u00bbBlurb\u00a0\u00bb url_new_window=\u00a0\u00bboff\u00a0\u00bb use_icon=\u00a0\u00bboff\u00a0\u00bb font_icon=\u00a0\u00bbj\u00a0\u00bb icon_color=\u00a0\u00bb#1e73be\u00a0\u00bb use_circle=\u00a0\u00bboff\u00a0\u00bb circle_color=\u00a0\u00bb#005498&Prime; use_circle_border=\u00a0\u00bboff\u00a0\u00bb circle_border_color=\u00a0\u00bb#005498&Prime; icon_placement=\u00a0\u00bbtop\u00a0\u00bb animation=\u00a0\u00bbtop\u00a0\u00bb background_layout=\u00a0\u00bblight\u00a0\u00bb text_orientation=\u00a0\u00bbcenter\u00a0\u00bb image=\u00a0\u00bbhttps:\/\/eurologos-milano.com\/wp-content\/uploads\/2015\/04\/Printing_Gif_300x300_Alpha_01.gif\u00a0\u00bb use_icon_font_size=\u00a0\u00bboff\u00a0\u00bb body_line_height=\u00a0\u00bb2em\u00a0\u00bb use_border_color=\u00a0\u00bboff\u00a0\u00bb border_color=\u00a0\u00bb#ffffff\u00a0\u00bb border_style=\u00a0\u00bbsolid\u00a0\u00bb] [\/et_pb_blurb][\/et_pb_column][\/et_pb_row][\/et_pb_section][et_pb_section admin_label=\u00a0\u00bbsection\u00a0\u00bb transparent_background=\u00a0\u00bboff\u00a0\u00bb background_color=\u00a0\u00bb#f5f5f5&Prime; inner_shadow=\u00a0\u00bboff\u00a0\u00bb parallax=\u00a0\u00bboff\u00a0\u00bb parallax_method=\u00a0\u00bboff\u00a0\u00bb][et_pb_row admin_label=\u00a0\u00bbrow\u00a0\u00bb][et_pb_column type=\u00a0\u00bb1_3&Prime;][et_pb_blurb admin_label=\u00a0\u00bbBlurb\u00a0\u00bb url_new_window=\u00a0\u00bboff\u00a0\u00bb use_icon=\u00a0\u00bboff\u00a0\u00bb font_icon=\u00a0\u00bb\ue00e\u00a0\u00bb icon_color=\u00a0\u00bb#ffffff\u00a0\u00bb use_circle=\u00a0\u00bboff\u00a0\u00bb circle_color=\u00a0\u00bb#005498&Prime; use_circle_border=\u00a0\u00bboff\u00a0\u00bb circle_border_color=\u00a0\u00bb#005498&Prime; icon_placement=\u00a0\u00bbtop\u00a0\u00bb animation=\u00a0\u00bbtop\u00a0\u00bb background_layout=\u00a0\u00bblight\u00a0\u00bb text_orientation=\u00a0\u00bbcenter\u00a0\u00bb image=\u00a0\u00bbhttps:\/\/eurologos-milano.com\/wp-content\/uploads\/2015\/04\/Website_Gif_300x300_Alpha_01.gif\u00a0\u00bb use_icon_font_size=\u00a0\u00bboff\u00a0\u00bb body_line_height=\u00a0\u00bb2em\u00a0\u00bb use_border_color=\u00a0\u00bboff\u00a0\u00bb border_color=\u00a0\u00bb#ffffff\u00a0\u00bb border_style=\u00a0\u00bbsolid\u00a0\u00bb] [\/et_pb_blurb][\/et_pb_column][et_pb_column type=\u00a0\u00bb2_3&Prime;][et_pb_text admin_label=\u00a0\u00bbSiti internet\u00a0\u00bb background_layout=\u00a0\u00bblight\u00a0\u00bb text_orientation=\u00a0\u00bbleft\u00a0\u00bb use_border_color=\u00a0\u00bboff\u00a0\u00bb border_color=\u00a0\u00bb#ffffff\u00a0\u00bb border_style=\u00a0\u00bbsolid\u00a0\u00bb]<\/p>\n<h2>SITES INTERNET<\/h2>\n<p style=\"text-align: justify;\">La Toile est l\u2019espace de communication par excellence mais elle exige une attention constante et des mises \u00e0 jour r\u00e9guli\u00e8res. Eurologos Milan propose \u00e0 ses clients de g\u00e9rer pour eux cet espace de communication gr\u00e2ce aux comp\u00e9tences cr\u00e9atives et techniques du syst\u00e8me VM6 afin d\u2019exploiter au mieux les potentialit\u00e9s infinies du Net.<\/p>\n<p>[\/et_pb_text][et_pb_cta admin_label=\u00a0\u00bbCall-To-Action\u00a0\u00bb button_url=\u00a0\u00bbmailto:fiorini@eurologos.it\u00a0\u00bb url_new_window=\u00a0\u00bbon\u00a0\u00bb button_text=\u00a0\u00bbDemander un devis\u00a0\u00bb use_background_color=\u00a0\u00bboff\u00a0\u00bb background_color=\u00a0\u00bb#005498&Prime; background_layout=\u00a0\u00bblight\u00a0\u00bb text_orientation=\u00a0\u00bbleft\u00a0\u00bb use_border_color=\u00a0\u00bboff\u00a0\u00bb border_color=\u00a0\u00bb#ffffff\u00a0\u00bb border_style=\u00a0\u00bbsolid\u00a0\u00bb custom_button=\u00a0\u00bboff\u00a0\u00bb button_letter_spacing=\u00a0\u00bb0&Prime; button_use_icon=\u00a0\u00bbdefault\u00a0\u00bb button_icon_placement=\u00a0\u00bbright\u00a0\u00bb button_on_hover=\u00a0\u00bbon\u00a0\u00bb button_letter_spacing_hover=\u00a0\u00bb0&Prime;] [\/et_pb_cta][\/et_pb_column][\/et_pb_row][\/et_pb_section]<\/p>\n","protected":false},"excerpt":{"rendered":"<p>&nbsp; DTP GRAPHISME MULTILINGUE Eurologos Milan dispose d\u2019un d\u00e9partement Graphisme qui g\u00e8re les projets multilingues. Son \u00e9quipe int\u00e9gr\u00e9e de cr\u00e9atifs r\u00e9alise toute brochure et tout document d\u2019entreprise, d\u00e9veloppe l\u2019image de marque et, plus g\u00e9n\u00e9ralement, le graphisme de l\u2019entreprise. Lorsque l\u2019on conna\u00eet bien les mots et les objectifs de son client, il est ais\u00e9 de transformer [&hellip;]<\/p>\n","protected":false},"author":8,"featured_media":0,"parent":0,"menu_order":40,"comment_status":"open","ping_status":"closed","template":"","meta":{"_et_pb_use_builder":"on","_et_pb_old_content":"","_et_gb_content_width":"","footnotes":""},"class_list":["post-8142","page","type-page","status-publish","hentry"],"yoast_head":"<!-- This site is optimized with the Yoast SEO plugin v27.3 - https:\/\/yoast.com\/product\/yoast-seo-wordpress\/ -->\n<title>Graphisme multilingue - Eurologos Milano<\/title>\n<meta name=\"robots\" content=\"index, follow, max-snippet:-1, max-image-preview:large, max-video-preview:-1\" \/>\n<link rel=\"canonical\" href=\"https:\/\/eurologos-milano.com\/fr\/grafica_multilingue\/\" \/>\n<meta property=\"og:locale\" content=\"fr_FR\" \/>\n<meta property=\"og:type\" content=\"article\" \/>\n<meta property=\"og:title\" content=\"Graphisme multilingue - Eurologos Milano\" \/>\n<meta property=\"og:description\" content=\"&nbsp; DTP GRAPHISME MULTILINGUE Eurologos Milan dispose d\u2019un d\u00e9partement Graphisme qui g\u00e8re les projets multilingues. Son \u00e9quipe int\u00e9gr\u00e9e de cr\u00e9atifs r\u00e9alise toute brochure et tout document d\u2019entreprise, d\u00e9veloppe l\u2019image de marque et, plus g\u00e9n\u00e9ralement, le graphisme de l\u2019entreprise. Lorsque l\u2019on conna\u00eet bien les mots et les objectifs de son client, il est ais\u00e9 de transformer [&hellip;]\" \/>\n<meta property=\"og:url\" content=\"https:\/\/eurologos-milano.com\/fr\/grafica_multilingue\/\" \/>\n<meta property=\"og:site_name\" content=\"Eurologos Milano\" \/>\n<meta property=\"article:modified_time\" content=\"2016-11-04T16:15:06+00:00\" \/>\n<meta name=\"twitter:card\" content=\"summary_large_image\" \/>\n<meta name=\"twitter:label1\" content=\"Dur\u00e9e de lecture estim\u00e9e\" \/>\n\t<meta name=\"twitter:data1\" content=\"7 minutes\" \/>\n<script type=\"application\/ld+json\" class=\"yoast-schema-graph\">{\"@context\":\"https:\\\/\\\/schema.org\",\"@graph\":[{\"@type\":\"WebPage\",\"@id\":\"https:\\\/\\\/eurologos-milano.com\\\/fr\\\/grafica_multilingue\\\/\",\"url\":\"https:\\\/\\\/eurologos-milano.com\\\/fr\\\/grafica_multilingue\\\/\",\"name\":\"Graphisme multilingue - Eurologos Milano\",\"isPartOf\":{\"@id\":\"https:\\\/\\\/eurologos-milano.com\\\/#website\"},\"datePublished\":\"2016-02-11T08:32:26+00:00\",\"dateModified\":\"2016-11-04T16:15:06+00:00\",\"breadcrumb\":{\"@id\":\"https:\\\/\\\/eurologos-milano.com\\\/fr\\\/grafica_multilingue\\\/#breadcrumb\"},\"inLanguage\":\"fr-FR\",\"potentialAction\":[{\"@type\":\"ReadAction\",\"target\":[\"https:\\\/\\\/eurologos-milano.com\\\/fr\\\/grafica_multilingue\\\/\"]}]},{\"@type\":\"BreadcrumbList\",\"@id\":\"https:\\\/\\\/eurologos-milano.com\\\/fr\\\/grafica_multilingue\\\/#breadcrumb\",\"itemListElement\":[{\"@type\":\"ListItem\",\"position\":1,\"name\":\"Home\",\"item\":\"https:\\\/\\\/eurologos-milano.com\\\/fr\\\/\"},{\"@type\":\"ListItem\",\"position\":2,\"name\":\"Graphisme multilingue\"}]},{\"@type\":\"WebSite\",\"@id\":\"https:\\\/\\\/eurologos-milano.com\\\/#website\",\"url\":\"https:\\\/\\\/eurologos-milano.com\\\/\",\"name\":\"Eurologos Milano\",\"description\":\"Traduzioni Milano\",\"potentialAction\":[{\"@type\":\"SearchAction\",\"target\":{\"@type\":\"EntryPoint\",\"urlTemplate\":\"https:\\\/\\\/eurologos-milano.com\\\/?s={search_term_string}\"},\"query-input\":{\"@type\":\"PropertyValueSpecification\",\"valueRequired\":true,\"valueName\":\"search_term_string\"}}],\"inLanguage\":\"fr-FR\"}]}<\/script>\n<!-- \/ Yoast SEO plugin. -->","yoast_head_json":{"title":"Graphisme multilingue - Eurologos Milano","robots":{"index":"index","follow":"follow","max-snippet":"max-snippet:-1","max-image-preview":"max-image-preview:large","max-video-preview":"max-video-preview:-1"},"canonical":"https:\/\/eurologos-milano.com\/fr\/grafica_multilingue\/","og_locale":"fr_FR","og_type":"article","og_title":"Graphisme multilingue - Eurologos Milano","og_description":"&nbsp; DTP GRAPHISME MULTILINGUE Eurologos Milan dispose d\u2019un d\u00e9partement Graphisme qui g\u00e8re les projets multilingues. Son \u00e9quipe int\u00e9gr\u00e9e de cr\u00e9atifs r\u00e9alise toute brochure et tout document d\u2019entreprise, d\u00e9veloppe l\u2019image de marque et, plus g\u00e9n\u00e9ralement, le graphisme de l\u2019entreprise. Lorsque l\u2019on conna\u00eet bien les mots et les objectifs de son client, il est ais\u00e9 de transformer [&hellip;]","og_url":"https:\/\/eurologos-milano.com\/fr\/grafica_multilingue\/","og_site_name":"Eurologos Milano","article_modified_time":"2016-11-04T16:15:06+00:00","twitter_card":"summary_large_image","twitter_misc":{"Dur\u00e9e de lecture estim\u00e9e":"7 minutes"},"schema":{"@context":"https:\/\/schema.org","@graph":[{"@type":"WebPage","@id":"https:\/\/eurologos-milano.com\/fr\/grafica_multilingue\/","url":"https:\/\/eurologos-milano.com\/fr\/grafica_multilingue\/","name":"Graphisme multilingue - Eurologos Milano","isPartOf":{"@id":"https:\/\/eurologos-milano.com\/#website"},"datePublished":"2016-02-11T08:32:26+00:00","dateModified":"2016-11-04T16:15:06+00:00","breadcrumb":{"@id":"https:\/\/eurologos-milano.com\/fr\/grafica_multilingue\/#breadcrumb"},"inLanguage":"fr-FR","potentialAction":[{"@type":"ReadAction","target":["https:\/\/eurologos-milano.com\/fr\/grafica_multilingue\/"]}]},{"@type":"BreadcrumbList","@id":"https:\/\/eurologos-milano.com\/fr\/grafica_multilingue\/#breadcrumb","itemListElement":[{"@type":"ListItem","position":1,"name":"Home","item":"https:\/\/eurologos-milano.com\/fr\/"},{"@type":"ListItem","position":2,"name":"Graphisme multilingue"}]},{"@type":"WebSite","@id":"https:\/\/eurologos-milano.com\/#website","url":"https:\/\/eurologos-milano.com\/","name":"Eurologos Milano","description":"Traduzioni Milano","potentialAction":[{"@type":"SearchAction","target":{"@type":"EntryPoint","urlTemplate":"https:\/\/eurologos-milano.com\/?s={search_term_string}"},"query-input":{"@type":"PropertyValueSpecification","valueRequired":true,"valueName":"search_term_string"}}],"inLanguage":"fr-FR"}]}},"_links":{"self":[{"href":"https:\/\/eurologos-milano.com\/fr\/wp-json\/wp\/v2\/pages\/8142","targetHints":{"allow":["GET"]}}],"collection":[{"href":"https:\/\/eurologos-milano.com\/fr\/wp-json\/wp\/v2\/pages"}],"about":[{"href":"https:\/\/eurologos-milano.com\/fr\/wp-json\/wp\/v2\/types\/page"}],"author":[{"embeddable":true,"href":"https:\/\/eurologos-milano.com\/fr\/wp-json\/wp\/v2\/users\/8"}],"replies":[{"embeddable":true,"href":"https:\/\/eurologos-milano.com\/fr\/wp-json\/wp\/v2\/comments?post=8142"}],"version-history":[{"count":1,"href":"https:\/\/eurologos-milano.com\/fr\/wp-json\/wp\/v2\/pages\/8142\/revisions"}],"predecessor-version":[{"id":9105,"href":"https:\/\/eurologos-milano.com\/fr\/wp-json\/wp\/v2\/pages\/8142\/revisions\/9105"}],"wp:attachment":[{"href":"https:\/\/eurologos-milano.com\/fr\/wp-json\/wp\/v2\/media?parent=8142"}],"curies":[{"name":"wp","href":"https:\/\/api.w.org\/{rel}","templated":true}]}}