{"id":8591,"date":"2016-03-11T18:30:46","date_gmt":"2016-03-11T18:30:46","guid":{"rendered":"https:\/\/eurologos-milano.com\/es\/?page_id=8591"},"modified":"2017-03-15T16:05:15","modified_gmt":"2017-03-15T16:05:15","slug":"contatti","status":"publish","type":"page","link":"https:\/\/eurologos-milano.com\/es\/contatti\/","title":{"rendered":"Contacto"},"content":{"rendered":"<p>[et_pb_section admin_label=\u00bbsection\u00bb fullwidth=\u00bbon\u00bb specialty=\u00bboff\u00bb][et_pb_fullwidth_map admin_label=\u00bbMap a Larghezza Piena\u00bb address=\u00bbVia Villa Mirabello, 6, 20125 Milano, Italia\u00bb zoom_level=\u00bb13&#8243; address_lat=\u00bb45.492086441783805&#8243; address_lng=\u00bb9.19480009521488&#8243; mouse_wheel=\u00bboff\u00bb] [et_pb_map_pin title=\u00bbEurologos-Milano\u00bb pin_address=\u00bbVia Villa Mirabello, 6, 20125 Milano, Italia\u00bb pin_address_lat=\u00bb45.49702&#8243; pin_address_lng=\u00bb9.19789000000003&#8243;]<\/p>\n<p><strong>Eurologos Milano<\/strong><br \/>\nvia Villa Mirabello, 6<br \/>\n20125 Milano<\/p>\n<p>[\/et_pb_map_pin] [\/et_pb_fullwidth_map][\/et_pb_section][et_pb_section admin_label=\u00bbsection\u00bb fullwidth=\u00bboff\u00bb specialty=\u00bboff\u00bb][et_pb_row admin_label=\u00bbrow\u00bb][et_pb_column type=\u00bb1_3&#8243;][et_pb_image admin_label=\u00bbImmagine\u00bb src=\u00bbhttps:\/\/eurologos-milano.com\/wp-content\/uploads\/2015\/10\/villa1.jpg\u00bb show_in_lightbox=\u00bboff\u00bb url_new_window=\u00bboff\u00bb animation=\u00bboff\u00bb sticky=\u00bboff\u00bb align=\u00bbleft\u00bb force_fullwidth=\u00bboff\u00bb always_center_on_mobile=\u00bbon\u00bb use_border_color=\u00bboff\u00bb border_color=\u00bb#ffffff\u00bb border_style=\u00bbsolid\u00bb]<\/p>\n<p>&nbsp;<\/p>\n<p>[\/et_pb_image][\/et_pb_column][et_pb_column type=\u00bb1_3&#8243;][et_pb_image admin_label=\u00bbImmagine\u00bb src=\u00bbhttps:\/\/eurologos-milano.com\/wp-content\/uploads\/2015\/10\/villa02.jpg\u00bb show_in_lightbox=\u00bboff\u00bb url_new_window=\u00bboff\u00bb animation=\u00bboff\u00bb sticky=\u00bboff\u00bb align=\u00bbleft\u00bb force_fullwidth=\u00bboff\u00bb always_center_on_mobile=\u00bbon\u00bb use_border_color=\u00bboff\u00bb border_color=\u00bb#ffffff\u00bb border_style=\u00bbsolid\u00bb]<\/p>\n<p>&nbsp;<\/p>\n<p>[\/et_pb_image][\/et_pb_column][et_pb_column type=\u00bb1_3&#8243;][et_pb_image admin_label=\u00bbImmagine\u00bb src=\u00bbhttps:\/\/eurologos-milano.com\/wp-content\/uploads\/2015\/10\/villa03.jpg\u00bb show_in_lightbox=\u00bboff\u00bb url_new_window=\u00bboff\u00bb animation=\u00bboff\u00bb sticky=\u00bboff\u00bb align=\u00bbleft\u00bb force_fullwidth=\u00bboff\u00bb always_center_on_mobile=\u00bbon\u00bb use_border_color=\u00bboff\u00bb border_color=\u00bb#ffffff\u00bb border_style=\u00bbsolid\u00bb]<\/p>\n<p>&nbsp;<\/p>\n<p>[\/et_pb_image][\/et_pb_column][\/et_pb_row][\/et_pb_section][et_pb_section admin_label=\u00bbsection\u00bb fullwidth=\u00bboff\u00bb transparent_background=\u00bboff\u00bb background_color=\u00bb#e6e6e6&#8243; inner_shadow=\u00bboff\u00bb parallax=\u00bboff\u00bb parallax_method=\u00bboff\u00bb module_id=\u00bbsezioneContatti\u00bb allow_player_pause=\u00bboff\u00bb padding_mobile=\u00bboff\u00bb make_fullwidth=\u00bboff\u00bb use_custom_width=\u00bboff\u00bb width_unit=\u00bbon\u00bb make_equal=\u00bboff\u00bb use_custom_gutter=\u00bboff\u00bb][et_pb_row admin_label=\u00bbrow\u00bb][et_pb_column type=\u00bb4_4&#8243;][et_pb_text admin_label=\u00bbTesto\u00bb background_layout=\u00bblight\u00bb text_orientation=\u00bbleft\u00bb text_line_height=\u00bb2em\u00bb use_border_color=\u00bboff\u00bb border_color=\u00bb#ffffff\u00bb border_style=\u00bbsolid\u00bb]<\/p>\n<h1>Bienvenidos a Villa Mirabello, sede de Eurologos Mil\u00e1n<\/h1>\n<p style=\"text-align: justify;\"><strong>Villa Mirabello es uno de los ejemplos m\u00e1s interesantes que existen de villa-granja suburbana del siglo XV<\/strong>, y uno de los edificios hist\u00f3ricos mejor conservados del \u00e1rea pr\u00f3xima al centro urbano de Mil\u00e1n. Vinculada a la familia Mirabello, a la que probablemente se deba el inicio de la construcci\u00f3n del edificio, en 1445 la villa pas\u00f3 a manos de Pigello Portinari, un noble florentino encargado de la gesti\u00f3n en Mil\u00e1n del Banco de los M\u00e9dici. Tras haber sido propiedad de los Landriani y de Giovanni Marino, a mediados del siglo XVI, la villa \u2014relegada \u00fanicamente a la funci\u00f3n agr\u00edcola\u2014 entr\u00f3 en una fase de decadencia hasta que, afortunadamente, se someti\u00f3 a una serie de restauraciones a principios del siglo XX.<\/p>\n<p style=\"text-align: justify;\">El complejo, en ladrillo visto, tiene una estructura en L, con ventanas ojivales y cornisas de terracota delimitadas por franjas enlucidas y pintadas. El edificio est\u00e1 flanqueado por una <strong>peque\u00f1a iglesia dedicada a la \u00abMater Amabilis\u00bb con un fresco del siglo XV<\/strong> que representa a un santo que alza la cruz. Cerrando el patio se encuentra el ala r\u00fastica, que comunica las dos zonas construidas, adem\u00e1s de cerrar un patio interior. M\u00e1s all\u00e1 se extiende el <strong>jard\u00edn<\/strong>, y un s\u00f3lido muro que rodea todo el conjunto. En el interior, una gran sala conserva un espacio con decoraciones her\u00e1ldicas; asimismo, quedan restos de frescos con motivos her\u00e1ldicos y decoraciones a base de flores y granadas, as\u00ed como un fresco en el desv\u00e1n de car\u00e1cter cort\u00e9s. En el exterior, justo en el centro del patio, se encuentra <strong>la fuente, con una representaci\u00f3n del \u00abmangia bagaj\u00bb <\/strong>(\u00abla serpiente comeni\u00f1os\u00bb). Se trata de una copia de Beltrami, hecha a finales del siglo XIX y procedente del Castillo de Vigevano. Desde 1916, la villa es sede de la <strong>Casa de trabajo y patronato para los ciegos de guerra de Lombard\u00eda<\/strong>.<\/p>\n<p style=\"text-align: justify;\">El complejo arquitect\u00f3nico sigue siendo una isla dentro de su amplio jard\u00edn, en un barrio residencial formado por viviendas de estilo modernista y atravesado por una gran avenida, como consecuencia de la expansi\u00f3n de la ciudad hacia el sur. Aqu\u00ed tiene su sede Eurologos Mil\u00e1n: venga a conocernos, \u00a1le esperamos!<\/p>\n<p>[\/et_pb_text][\/et_pb_column][\/et_pb_row][\/et_pb_section][et_pb_section admin_label=\u00bbsection\u00bb fullwidth=\u00bboff\u00bb specialty=\u00bboff\u00bb][et_pb_row admin_label=\u00bbrow\u00bb][et_pb_column type=\u00bb2_3&#8243;][et_pb_contact_form admin_label=\u00bbContact Form\u00bb captcha=\u00bbon\u00bb title=\u00bbRellene el formulario y le contactaremos lo antes posible\u00bb form_field_line_height=\u00bb2em\u00bb use_border_color=\u00bboff\u00bb border_color=\u00bb#ffffff\u00bb border_style=\u00bbsolid\u00bb custom_button=\u00bboff\u00bb button_letter_spacing=\u00bb0&#8243; button_use_icon=\u00bbdefault\u00bb button_icon_placement=\u00bbright\u00bb button_on_hover=\u00bbon\u00bb button_letter_spacing_hover=\u00bb0&#8243; email=\u00bbviola@eurologos.it\u00bb use_redirect=\u00bboff\u00bb input_border_radius=\u00bb0&#8243;] [et_pb_contact_field field_id=\u00bbname\u00bb field_title=\u00bbNombre\u00bb field_type=\u00bbinput\u00bb required_mark=\u00bbon\u00bb fullwidth_field=\u00bboff\u00bb form_field_font_select=\u00bbdefault\u00bb form_field_font=\u00bb||||\u00bb use_border_color=\u00bboff\u00bb border_style=\u00bbsolid\u00bb \/][et_pb_contact_field field_id=\u00bbEmail\u00bb field_title=\u00bbEmail\u00bb field_type=\u00bbemail\u00bb required_mark=\u00bbon\u00bb fullwidth_field=\u00bboff\u00bb form_field_font_select=\u00bbdefault\u00bb form_field_font=\u00bb||||\u00bb use_border_color=\u00bboff\u00bb border_style=\u00bbsolid\u00bb \/][et_pb_contact_field field_id=\u00bbMessage\u00bb field_title=\u00bbMansaje\u00bb field_type=\u00bbtext\u00bb required_mark=\u00bbon\u00bb fullwidth_field=\u00bboff\u00bb form_field_font_select=\u00bbdefault\u00bb form_field_font=\u00bb||||\u00bb use_border_color=\u00bboff\u00bb border_style=\u00bbsolid\u00bb \/] [\/et_pb_contact_form][\/et_pb_column][et_pb_column type=\u00bb1_3&#8243;][et_pb_text admin_label=\u00bbText\u00bb background_layout=\u00bblight\u00bb text_orientation=\u00bbleft\u00bb use_border_color=\u00bboff\u00bb border_color=\u00bb#ffffff\u00bb border_style=\u00bbsolid\u00bb]<\/p>\n<p style=\"text-align: left;\"><strong>P\u00f3ngase en contacto con uno de nuestros gestores de proyectos<\/strong>, que se encargan de supervisar cada proyecto, sirviendo de v\u00ednculo entre el cliente y los distintos colaboradores participantes: traductores, revisores, termin\u00f3logos, dise\u00f1adores gr\u00e1ficos y t\u00e9cnicos inform\u00e1ticos. Nuestros gestores de proyectos trabajan con SAP Business One\u00ae, lo que les ayuda a afrontar y resolver los problemas con la m\u00e1xima celeridad posible, reconocer las tendencias del mercado, identificar con mayor eficacia las oportunidades comerciales y planificar con seguridad cualquier solicitud de nuestros clientes.<\/p>\n<p>[\/et_pb_text][\/et_pb_column][\/et_pb_row][\/et_pb_section][et_pb_section admin_label=\u00bbsection\u00bb fullwidth=\u00bboff\u00bb specialty=\u00bboff\u00bb transparent_background=\u00bboff\u00bb background_color=\u00bb#3d7dca\u00bb inner_shadow=\u00bboff\u00bb parallax=\u00bboff\u00bb parallax_method=\u00bboff\u00bb allow_player_pause=\u00bboff\u00bb padding_mobile=\u00bboff\u00bb make_fullwidth=\u00bboff\u00bb use_custom_width=\u00bboff\u00bb width_unit=\u00bbon\u00bb make_equal=\u00bboff\u00bb use_custom_gutter=\u00bboff\u00bb][et_pb_row admin_label=\u00bbrow\u00bb][et_pb_column type=\u00bb2_3&#8243;][et_pb_image admin_label=\u00bbImmagine\u00bb src=\u00bbhttps:\/\/eurologos-milano.com\/wp-content\/uploads\/2015\/02\/fondoContatti.jpg\u00bb show_in_lightbox=\u00bboff\u00bb url_new_window=\u00bboff\u00bb animation=\u00bbleft\u00bb sticky=\u00bboff\u00bb align=\u00bbleft\u00bb force_fullwidth=\u00bboff\u00bb always_center_on_mobile=\u00bbon\u00bb use_border_color=\u00bboff\u00bb border_color=\u00bb#ffffff\u00bb border_style=\u00bbsolid\u00bb]<\/p>\n<p>&nbsp;<\/p>\n<p>[\/et_pb_image][\/et_pb_column][et_pb_column type=\u00bb1_3&#8243;][et_pb_text admin_label=\u00bbText\u00bb background_layout=\u00bbdark\u00bb text_orientation=\u00bbleft\u00bb text_line_height=\u00bb2em\u00bb use_border_color=\u00bboff\u00bb border_color=\u00bb#ffffff\u00bb border_style=\u00bbsolid\u00bb]<\/p>\n<h3>DIRECCI\u00d3N Y HORARIOS<\/h3>\n<p><strong>MTP srl Eurologos Milano<br \/>\n<\/strong>Domicilio social: Via Villa Mirabello, 6<br \/>\n20125 Mil\u00e1n \u2013 Italia<br \/>\nTfno.: +39 02 6880951 \u2013 Fax: +39 02 70030857<br \/>\nCorreo electr\u00f3nico: info@eurologos-milano.com<\/p>\n<p>CIF \/ IVA: 11816920158<br \/>\nCorreo electr\u00f3nico certificado: mtp_srl@pec.it<br \/>\nN\u00ba REA MI \u2013 1499854<br \/>\nCapital social: 79\u00a0101,00 euros<\/p>\n<p>D\u00edas y horarios de apertura:<br \/>\nlunes a viernes, h. 9.00-18.30<\/p>\n<p>[\/et_pb_text][\/et_pb_column][\/et_pb_row][\/et_pb_section][et_pb_section admin_label=\u00bbsection\u00bb fullwidth=\u00bboff\u00bb specialty=\u00bboff\u00bb transparent_background=\u00bboff\u00bb background_color=\u00bb#ffffff\u00bb inner_shadow=\u00bboff\u00bb parallax=\u00bboff\u00bb parallax_method=\u00bboff\u00bb allow_player_pause=\u00bboff\u00bb padding_mobile=\u00bboff\u00bb make_fullwidth=\u00bboff\u00bb use_custom_width=\u00bboff\u00bb width_unit=\u00bbon\u00bb make_equal=\u00bboff\u00bb use_custom_gutter=\u00bboff\u00bb module_id=\u00bblavoraconnoi\u00bb][et_pb_row admin_label=\u00bbrow\u00bb][et_pb_column type=\u00bb4_4&#8243;][et_pb_text admin_label=\u00bbLavora con noi\u00bb background_layout=\u00bblight\u00bb text_orientation=\u00bbleft\u00bb use_border_color=\u00bboff\u00bb border_color=\u00bb#ffffff\u00bb border_style=\u00bbsolid\u00bb]<\/p>\n<h1>TRABAJA CON NOSOTROS<\/h1>\n<p>[\/et_pb_text][\/et_pb_column][\/et_pb_row][et_pb_row admin_label=\u00bbrow\u00bb][et_pb_column type=\u00bb1_3&#8243;][et_pb_blurb admin_label=\u00bbFreelance\u00bb url_new_window=\u00bboff\u00bb use_icon=\u00bboff\u00bb icon_color=\u00bb#005498&#8243; use_circle=\u00bboff\u00bb circle_color=\u00bb#005498&#8243; use_circle_border=\u00bboff\u00bb circle_border_color=\u00bb#005498&#8243; image=\u00bbhttps:\/\/eurologos-milano.com\/wp-content\/uploads\/2015\/02\/icona_01.jpg\u00bb icon_placement=\u00bbtop\u00bb animation=\u00bboff\u00bb background_layout=\u00bblight\u00bb text_orientation=\u00bbleft\u00bb use_icon_font_size=\u00bboff\u00bb use_border_color=\u00bboff\u00bb border_color=\u00bb#ffffff\u00bb border_style=\u00bbsolid\u00bb]<\/p>\n<p>\u00bfEres <strong>traductor freelance cualificado<\/strong>? Env\u00eda tu CV detallado al correo electr\u00f3nico <a href=\"mailto:freelance@eurologos-milano.com\">freelance@eurologos-milano.com<\/a> y te responderemos lo antes posible.<\/p>\n<p>[\/et_pb_blurb][\/et_pb_column][et_pb_column type=\u00bb1_3&#8243;][et_pb_blurb admin_label=\u00bbtirocinio\u00bb url_new_window=\u00bboff\u00bb use_icon=\u00bboff\u00bb icon_color=\u00bb#005498&#8243; use_circle=\u00bboff\u00bb circle_color=\u00bb#005498&#8243; use_circle_border=\u00bboff\u00bb circle_border_color=\u00bb#005498&#8243; image=\u00bbhttps:\/\/eurologos-milano.com\/wp-content\/uploads\/2015\/02\/icona_02.jpg\u00bb icon_placement=\u00bbtop\u00bb animation=\u00bboff\u00bb background_layout=\u00bblight\u00bb text_orientation=\u00bbleft\u00bb use_icon_font_size=\u00bboff\u00bb use_border_color=\u00bboff\u00bb border_color=\u00bb#ffffff\u00bb border_style=\u00bbsolid\u00bb]<\/p>\n<p>\u00bfTe apetece incorporarte al mundo laboral haciendo pr\u00e1cticas de <strong>formaci\u00f3n<\/strong> en nuestra oficina? Escribe al correo electr\u00f3nico <a href=\"mailto:tirocinio@eurologos-milano.com\">tirocinio@eurologos-milano.com<\/a> y nos pondremos en contacto contigo.<\/p>\n<p>[\/et_pb_blurb][\/et_pb_column][et_pb_column type=\u00bb1_3&#8243;][et_pb_blurb admin_label=\u00bbin house\u00bb url_new_window=\u00bboff\u00bb use_icon=\u00bboff\u00bb icon_color=\u00bb#005498&#8243; use_circle=\u00bboff\u00bb circle_color=\u00bb#005498&#8243; use_circle_border=\u00bboff\u00bb circle_border_color=\u00bb#005498&#8243; image=\u00bbhttps:\/\/eurologos-milano.com\/wp-content\/uploads\/2015\/02\/icona_03.jpg\u00bb icon_placement=\u00bbtop\u00bb animation=\u00bboff\u00bb background_layout=\u00bblight\u00bb text_orientation=\u00bbleft\u00bb use_icon_font_size=\u00bboff\u00bb use_border_color=\u00bboff\u00bb border_color=\u00bb#ffffff\u00bb border_style=\u00bbsolid\u00bb]<\/p>\n<p>Si deseas trabajar como <strong>traductor y revisor en plantilla<\/strong>, env\u00eda tu CV al correo electr\u00f3nico <a href=\"mailto:inhouse@eurologos-milano.com\">inhouse@eurologos-milano.com<\/a>. Actualizamos nuestra base de datos constantemente. \u00a1El pr\u00f3ximo candidato para una entrevista puedes ser t\u00fa!<\/p>\n<p>[\/et_pb_blurb][\/et_pb_column][\/et_pb_row][\/et_pb_section]<\/p>\n","protected":false},"excerpt":{"rendered":"<p>Eurologos Milano via Villa Mirabello, 6 20125 Milano &nbsp; &nbsp; &nbsp; Bienvenidos a Villa Mirabello, sede de Eurologos Mil\u00e1n Villa Mirabello es uno de los ejemplos m\u00e1s interesantes que existen de villa-granja suburbana del siglo XV, y uno de los edificios hist\u00f3ricos mejor conservados del \u00e1rea pr\u00f3xima al centro urbano de Mil\u00e1n. Vinculada a la [&hellip;]<\/p>\n","protected":false},"author":8,"featured_media":0,"parent":0,"menu_order":70,"comment_status":"open","ping_status":"closed","template":"","meta":{"_et_pb_use_builder":"on","_et_pb_old_content":"","_et_gb_content_width":"","footnotes":""},"class_list":["post-8591","page","type-page","status-publish","hentry"],"yoast_head":"<!-- This site is optimized with the Yoast SEO plugin v27.4 - https:\/\/yoast.com\/product\/yoast-seo-wordpress\/ -->\n<title>Contacto - Eurologos Milano<\/title>\n<meta name=\"robots\" content=\"index, follow, max-snippet:-1, max-image-preview:large, max-video-preview:-1\" \/>\n<link rel=\"canonical\" href=\"https:\/\/eurologos-milano.com\/es\/contatti\/\" \/>\n<meta property=\"og:locale\" content=\"es_ES\" \/>\n<meta property=\"og:type\" content=\"article\" \/>\n<meta property=\"og:title\" content=\"Contacto - Eurologos Milano\" \/>\n<meta property=\"og:description\" content=\"Eurologos Milano via Villa Mirabello, 6 20125 Milano &nbsp; &nbsp; &nbsp; Bienvenidos a Villa Mirabello, sede de Eurologos Mil\u00e1n Villa Mirabello es uno de los ejemplos m\u00e1s interesantes que existen de villa-granja suburbana del siglo XV, y uno de los edificios hist\u00f3ricos mejor conservados del \u00e1rea pr\u00f3xima al centro urbano de Mil\u00e1n. Vinculada a la [&hellip;]\" \/>\n<meta property=\"og:url\" content=\"https:\/\/eurologos-milano.com\/es\/contatti\/\" \/>\n<meta property=\"og:site_name\" content=\"Eurologos Milano\" \/>\n<meta property=\"article:modified_time\" content=\"2017-03-15T16:05:15+00:00\" \/>\n<meta name=\"twitter:card\" content=\"summary_large_image\" \/>\n<meta name=\"twitter:label1\" content=\"Tiempo de lectura\" \/>\n\t<meta name=\"twitter:data1\" content=\"8 minutos\" \/>\n<script type=\"application\/ld+json\" class=\"yoast-schema-graph\">{\"@context\":\"https:\\\/\\\/schema.org\",\"@graph\":[{\"@type\":\"WebPage\",\"@id\":\"https:\\\/\\\/eurologos-milano.com\\\/es\\\/contatti\\\/\",\"url\":\"https:\\\/\\\/eurologos-milano.com\\\/es\\\/contatti\\\/\",\"name\":\"Contacto - Eurologos Milano\",\"isPartOf\":{\"@id\":\"https:\\\/\\\/eurologos-milano.com\\\/#website\"},\"datePublished\":\"2016-03-11T18:30:46+00:00\",\"dateModified\":\"2017-03-15T16:05:15+00:00\",\"breadcrumb\":{\"@id\":\"https:\\\/\\\/eurologos-milano.com\\\/es\\\/contatti\\\/#breadcrumb\"},\"inLanguage\":\"es\",\"potentialAction\":[{\"@type\":\"ReadAction\",\"target\":[\"https:\\\/\\\/eurologos-milano.com\\\/es\\\/contatti\\\/\"]}]},{\"@type\":\"BreadcrumbList\",\"@id\":\"https:\\\/\\\/eurologos-milano.com\\\/es\\\/contatti\\\/#breadcrumb\",\"itemListElement\":[{\"@type\":\"ListItem\",\"position\":1,\"name\":\"Home\",\"item\":\"https:\\\/\\\/eurologos-milano.com\\\/es\\\/\"},{\"@type\":\"ListItem\",\"position\":2,\"name\":\"Contacto\"}]},{\"@type\":\"WebSite\",\"@id\":\"https:\\\/\\\/eurologos-milano.com\\\/#website\",\"url\":\"https:\\\/\\\/eurologos-milano.com\\\/\",\"name\":\"Eurologos Milano\",\"description\":\"Traduzioni Milano\",\"potentialAction\":[{\"@type\":\"SearchAction\",\"target\":{\"@type\":\"EntryPoint\",\"urlTemplate\":\"https:\\\/\\\/eurologos-milano.com\\\/?s={search_term_string}\"},\"query-input\":{\"@type\":\"PropertyValueSpecification\",\"valueRequired\":true,\"valueName\":\"search_term_string\"}}],\"inLanguage\":\"es\"}]}<\/script>\n<!-- \/ Yoast SEO plugin. -->","yoast_head_json":{"title":"Contacto - Eurologos Milano","robots":{"index":"index","follow":"follow","max-snippet":"max-snippet:-1","max-image-preview":"max-image-preview:large","max-video-preview":"max-video-preview:-1"},"canonical":"https:\/\/eurologos-milano.com\/es\/contatti\/","og_locale":"es_ES","og_type":"article","og_title":"Contacto - Eurologos Milano","og_description":"Eurologos Milano via Villa Mirabello, 6 20125 Milano &nbsp; &nbsp; &nbsp; Bienvenidos a Villa Mirabello, sede de Eurologos Mil\u00e1n Villa Mirabello es uno de los ejemplos m\u00e1s interesantes que existen de villa-granja suburbana del siglo XV, y uno de los edificios hist\u00f3ricos mejor conservados del \u00e1rea pr\u00f3xima al centro urbano de Mil\u00e1n. Vinculada a la [&hellip;]","og_url":"https:\/\/eurologos-milano.com\/es\/contatti\/","og_site_name":"Eurologos Milano","article_modified_time":"2017-03-15T16:05:15+00:00","twitter_card":"summary_large_image","twitter_misc":{"Tiempo de lectura":"8 minutos"},"schema":{"@context":"https:\/\/schema.org","@graph":[{"@type":"WebPage","@id":"https:\/\/eurologos-milano.com\/es\/contatti\/","url":"https:\/\/eurologos-milano.com\/es\/contatti\/","name":"Contacto - Eurologos Milano","isPartOf":{"@id":"https:\/\/eurologos-milano.com\/#website"},"datePublished":"2016-03-11T18:30:46+00:00","dateModified":"2017-03-15T16:05:15+00:00","breadcrumb":{"@id":"https:\/\/eurologos-milano.com\/es\/contatti\/#breadcrumb"},"inLanguage":"es","potentialAction":[{"@type":"ReadAction","target":["https:\/\/eurologos-milano.com\/es\/contatti\/"]}]},{"@type":"BreadcrumbList","@id":"https:\/\/eurologos-milano.com\/es\/contatti\/#breadcrumb","itemListElement":[{"@type":"ListItem","position":1,"name":"Home","item":"https:\/\/eurologos-milano.com\/es\/"},{"@type":"ListItem","position":2,"name":"Contacto"}]},{"@type":"WebSite","@id":"https:\/\/eurologos-milano.com\/#website","url":"https:\/\/eurologos-milano.com\/","name":"Eurologos Milano","description":"Traduzioni Milano","potentialAction":[{"@type":"SearchAction","target":{"@type":"EntryPoint","urlTemplate":"https:\/\/eurologos-milano.com\/?s={search_term_string}"},"query-input":{"@type":"PropertyValueSpecification","valueRequired":true,"valueName":"search_term_string"}}],"inLanguage":"es"}]}},"_links":{"self":[{"href":"https:\/\/eurologos-milano.com\/es\/wp-json\/wp\/v2\/pages\/8591","targetHints":{"allow":["GET"]}}],"collection":[{"href":"https:\/\/eurologos-milano.com\/es\/wp-json\/wp\/v2\/pages"}],"about":[{"href":"https:\/\/eurologos-milano.com\/es\/wp-json\/wp\/v2\/types\/page"}],"author":[{"embeddable":true,"href":"https:\/\/eurologos-milano.com\/es\/wp-json\/wp\/v2\/users\/8"}],"replies":[{"embeddable":true,"href":"https:\/\/eurologos-milano.com\/es\/wp-json\/wp\/v2\/comments?post=8591"}],"version-history":[{"count":2,"href":"https:\/\/eurologos-milano.com\/es\/wp-json\/wp\/v2\/pages\/8591\/revisions"}],"predecessor-version":[{"id":9288,"href":"https:\/\/eurologos-milano.com\/es\/wp-json\/wp\/v2\/pages\/8591\/revisions\/9288"}],"wp:attachment":[{"href":"https:\/\/eurologos-milano.com\/es\/wp-json\/wp\/v2\/media?parent=8591"}],"curies":[{"name":"wp","href":"https:\/\/api.w.org\/{rel}","templated":true}]}}