{"id":8587,"date":"2016-03-11T18:24:31","date_gmt":"2016-03-11T18:24:31","guid":{"rendered":"https:\/\/eurologos-milano.com\/es\/?page_id=8587"},"modified":"2016-11-04T16:31:38","modified_gmt":"2016-11-04T16:31:38","slug":"portfolio","status":"publish","type":"page","link":"https:\/\/eurologos-milano.com\/es\/portfolio\/","title":{"rendered":"Clientes"},"content":{"rendered":"<p>[et_pb_section admin_label=\u00bbsection\u00bb fullwidth=\u00bboff\u00bb specialty=\u00bboff\u00bb transparent_background=\u00bboff\u00bb allow_player_pause=\u00bboff\u00bb inner_shadow=\u00bboff\u00bb parallax=\u00bboff\u00bb parallax_method=\u00bboff\u00bb custom_padding=\u00bb0|0&#8243; padding_mobile=\u00bboff\u00bb make_fullwidth=\u00bboff\u00bb use_custom_width=\u00bboff\u00bb width_unit=\u00bbon\u00bb make_equal=\u00bboff\u00bb use_custom_gutter=\u00bboff\u00bb background_color=\u00bb#ffffff\u00bb][et_pb_row admin_label=\u00bbrow\u00bb make_fullwidth=\u00bbon\u00bb use_custom_width=\u00bboff\u00bb width_unit=\u00bbon\u00bb use_custom_gutter=\u00bbon\u00bb padding_mobile=\u00bboff\u00bb allow_player_pause=\u00bboff\u00bb parallax=\u00bboff\u00bb parallax_method=\u00bboff\u00bb make_equal=\u00bboff\u00bb padding_top_1=\u00bb0&#8243; padding_bottom_1=\u00bb0&#8243;][et_pb_column type=\u00bb4_4&#8243;][et_pb_text admin_label=\u00bbTesto\u00bb background_layout=\u00bblight\u00bb text_orientation=\u00bbleft\u00bb use_border_color=\u00bboff\u00bb border_color=\u00bb#ffffff\u00bb border_style=\u00bbsolid\u00bb text_line_height=\u00bb2em\u00bb text_font_size=\u00bb64&#8243; module_class=\u00bbkepler titoloPortfolio\u00bb text_text_color=\u00bb#1e73be\u00bb]<\/p>\n<p>Compartimos proyectos, palabras e ideas con\u2026<\/p>\n<p>[\/et_pb_text][\/et_pb_column][\/et_pb_row][\/et_pb_section][et_pb_section admin_label=\u00bbsection\u00bb fullwidth=\u00bboff\u00bb specialty=\u00bbon\u00bb transparent_background=\u00bboff\u00bb allow_player_pause=\u00bboff\u00bb inner_shadow=\u00bboff\u00bb parallax=\u00bboff\u00bb parallax_method=\u00bboff\u00bb padding_mobile=\u00bboff\u00bb make_fullwidth=\u00bbon\u00bb use_custom_width=\u00bboff\u00bb width_unit=\u00bboff\u00bb make_equal=\u00bbon\u00bb use_custom_gutter=\u00bbon\u00bb gutter_width=\u00bb1&#8243; background_color_2=\u00bb#e8e8e8&#8243; custom_padding=\u00bb0|30&#8243; padding_top_1=\u00bb0&#8243; padding_bottom_1=\u00bb0&#8243; padding_top_2=\u00bb0&#8243; padding_bottom_2=\u00bb0&#8243; background_color=\u00bb#ffffff\u00bb][et_pb_column type=\u00bb2_3&#8243; specialty_columns=\u00bb2&#8243;][et_pb_row_inner admin_label=\u00bbrow_inner\u00bb padding_mobile=\u00bboff\u00bb use_custom_gutter=\u00bboff\u00bb make_equal=\u00bboff\u00bb background_color_1=\u00bb#8224e3&#8243; custom_padding=\u00bb0|0&#8243; padding_top_1=\u00bb0&#8243; padding_bottom_1=\u00bb0&#8243;][et_pb_column_inner type=\u00bb4_4&#8243; saved_specialty_column_type=\u00bb2_3&#8243;][et_pb_gallery admin_label=\u00bb900&#215;560&#8243; gallery_ids=\u00bb6850,6851,6852,6853,6855,6856,6857,6858,6859&#8243; fullwidth=\u00bbon\u00bb show_title_and_caption=\u00bbon\u00bb show_pagination=\u00bbon\u00bb background_layout=\u00bbdark\u00bb auto=\u00bbon\u00bb hover_overlay_color=\u00bbrgba(255,255,255,0.9)\u00bb caption_all_caps=\u00bboff\u00bb use_border_color=\u00bbon\u00bb border_color=\u00bb#ffffff\u00bb border_style=\u00bbsolid\u00bb auto_speed=\u00bb5000&#8243; gallery_orderby=\u00bbrand\u00bb]<br \/>\n[\/et_pb_gallery][\/et_pb_column_inner][\/et_pb_row_inner][et_pb_row_inner admin_label=\u00bbrow_inner\u00bb padding_mobile=\u00bboff\u00bb use_custom_gutter=\u00bbon\u00bb gutter_width=\u00bb1&#8243; make_equal=\u00bboff\u00bb background_color_1=\u00bb#dd9933&#8243; background_color_2=\u00bb#1e73be\u00bb custom_padding=\u00bb0|0&#8243;][et_pb_column_inner type=\u00bb1_2&#8243; saved_specialty_column_type=\u00bb2_3&#8243;][et_pb_gallery admin_label=\u00bb450&#215;280&#8243; fullwidth=\u00bbon\u00bb show_title_and_caption=\u00bbon\u00bb show_pagination=\u00bbon\u00bb background_layout=\u00bbdark\u00bb auto=\u00bbon\u00bb hover_overlay_color=\u00bbrgba(255,255,255,0.9)\u00bb caption_all_caps=\u00bboff\u00bb use_border_color=\u00bbon\u00bb border_color=\u00bb#ffffff\u00bb border_style=\u00bbsolid\u00bb gallery_ids=\u00bb6892,6893,6894,6895,6896,6897,6898&#8243; auto_speed=\u00bb4000&#8243; gallery_orderby=\u00bbrand\u00bb]<br \/>\n[\/et_pb_gallery][\/et_pb_column_inner][et_pb_column_inner type=\u00bb1_2&#8243; saved_specialty_column_type=\u00bb2_3&#8243;][et_pb_gallery admin_label=\u00bb450&#215;280&#8243; fullwidth=\u00bbon\u00bb show_title_and_caption=\u00bbon\u00bb show_pagination=\u00bbon\u00bb background_layout=\u00bbdark\u00bb auto=\u00bbon\u00bb hover_overlay_color=\u00bbrgba(255,255,255,0.9)\u00bb caption_all_caps=\u00bboff\u00bb use_border_color=\u00bbon\u00bb border_color=\u00bb#ffffff\u00bb border_style=\u00bbsolid\u00bb gallery_ids=\u00bb6881,6882,6883,6884,6885,6886,6887,6888,6889,6890&#8243; auto_speed=\u00bb5800&#8243; gallery_orderby=\u00bbrand\u00bb]<br \/>\n[\/et_pb_gallery][\/et_pb_column_inner][\/et_pb_row_inner][\/et_pb_column][et_pb_column type=\u00bb1_3&#8243;][et_pb_gallery admin_label=\u00bb450&#215;280&#8243; fullwidth=\u00bbon\u00bb show_title_and_caption=\u00bbon\u00bb show_pagination=\u00bbon\u00bb background_layout=\u00bbdark\u00bb auto=\u00bbon\u00bb hover_overlay_color=\u00bbrgba(255,255,255,0.9)\u00bb caption_all_caps=\u00bboff\u00bb use_border_color=\u00bbon\u00bb border_color=\u00bb#ffffff\u00bb border_style=\u00bbsolid\u00bb gallery_ids=\u00bb6870,6871,6873,6874,6875,6876,6877,6878,6879,6880&#8243; auto_speed=\u00bb8000&#8243; gallery_orderby=\u00bbrand\u00bb]<br \/>\n[\/et_pb_gallery][et_pb_gallery admin_label=\u00bb450&#215;560 vert\u00bb fullwidth=\u00bbon\u00bb show_title_and_caption=\u00bbon\u00bb show_pagination=\u00bbon\u00bb background_layout=\u00bbdark\u00bb auto=\u00bbon\u00bb hover_overlay_color=\u00bbrgba(255,255,255,0.9)\u00bb caption_all_caps=\u00bboff\u00bb use_border_color=\u00bbon\u00bb border_color=\u00bb#ffffff\u00bb border_style=\u00bbsolid\u00bb gallery_ids=\u00bb6860,6861,6862,6863,6864,6865,6866,6867,6868,6869&#8243; auto_speed=\u00bb5200&#8243; gallery_orderby=\u00bbrand\u00bb]<br \/>\n[\/et_pb_gallery][\/et_pb_column][\/et_pb_section][et_pb_section admin_label=\u00bbsection\u00bb fullwidth=\u00bboff\u00bb specialty=\u00bboff\u00bb transparent_background=\u00bboff\u00bb background_color=\u00bb#e6e6e6&#8243; allow_player_pause=\u00bboff\u00bb inner_shadow=\u00bboff\u00bb parallax=\u00bboff\u00bb parallax_method=\u00bboff\u00bb padding_mobile=\u00bboff\u00bb make_fullwidth=\u00bboff\u00bb use_custom_width=\u00bboff\u00bb width_unit=\u00bbon\u00bb make_equal=\u00bboff\u00bb use_custom_gutter=\u00bboff\u00bb custom_padding=\u00bb0|\u00bb module_id=\u00bbgeostile\u00bb][et_pb_row admin_label=\u00bbrow\u00bb make_fullwidth=\u00bbon\u00bb use_custom_width=\u00bboff\u00bb width_unit=\u00bbon\u00bb use_custom_gutter=\u00bbon\u00bb padding_mobile=\u00bboff\u00bb allow_player_pause=\u00bboff\u00bb parallax=\u00bboff\u00bb parallax_method=\u00bboff\u00bb make_equal=\u00bboff\u00bb custom_padding=\u00bb0|\u00bb][et_pb_column type=\u00bb4_4&#8243;][et_pb_text admin_label=\u00bbIntro capisaldi\u00bb background_layout=\u00bblight\u00bb text_orientation=\u00bbleft\u00bb use_border_color=\u00bboff\u00bb border_color=\u00bb#ffffff\u00bb border_style=\u00bbsolid\u00bb text_line_height=\u00bb2em\u00bb]<\/p>\n<h1 class=\"p1\"><\/h1>\n<h1 class=\"p1\"><\/h1>\n<h1>Eurologos Mil\u00e1n y los pilares de nuestra actividad<\/h1>\n<p>Eurologos Mil\u00e1n garantiza a sus clientes el respeto del lenguaje especializado de empresa y una comunicaci\u00f3n localizada, gracias a una escrupulosa selecci\u00f3n de traductores nativos que participan en cada una de las combinaciones ling\u00fc\u00edsticas.<\/p>\n<p>[\/et_pb_text][\/et_pb_column][\/et_pb_row][et_pb_row admin_label=\u00bbrow\u00bb make_fullwidth=\u00bbon\u00bb use_custom_width=\u00bboff\u00bb width_unit=\u00bbon\u00bb use_custom_gutter=\u00bbon\u00bb padding_mobile=\u00bboff\u00bb allow_player_pause=\u00bboff\u00bb parallax=\u00bboff\u00bb parallax_method=\u00bboff\u00bb make_equal=\u00bboff\u00bb][et_pb_column type=\u00bb1_3&#8243;][et_pb_text admin_label=\u00bbTecnoletto\u00bb background_layout=\u00bblight\u00bb text_orientation=\u00bbleft\u00bb use_border_color=\u00bboff\u00bb border_color=\u00bb#ffffff\u00bb border_style=\u00bbsolid\u00bb]<\/p>\n<h2>Tecnolecto<\/h2>\n<p>El tecnolecto es un subconjunto del socioestilo \u2014es decir, del lenguaje especializado de un determinado sector del mercado\u2014 y consiste en una jerga profesional caracterizada por expresiones l\u00e9xicas de tipo cient\u00edfico o t\u00e9cnico, con las que se identifica un cliente.<\/p>\n<p>[\/et_pb_text][\/et_pb_column][et_pb_column type=\u00bb1_3&#8243;][et_pb_text admin_label=\u00bbGeostile\u00bb background_layout=\u00bblight\u00bb text_orientation=\u00bbleft\u00bb use_border_color=\u00bboff\u00bb border_color=\u00bb#ffffff\u00bb border_style=\u00bbsolid\u00bb]<\/p>\n<h2>Geoestilo<\/h2>\n<p>La localizaci\u00f3n ling\u00fc\u00edstica requiere traducir y adaptar textos haci\u00e9ndolos agradables a los lectores de determinados segmentos del mercado de destino, de forma adecuada al geoestilo de un determinado territorio; es decir, las diferencias sociales y comunicativas locales.<\/p>\n<p>[\/et_pb_text][\/et_pb_column][et_pb_column type=\u00bb1_3&#8243;][et_pb_text admin_label=\u00bbTerminologia\u00bb background_layout=\u00bblight\u00bb text_orientation=\u00bbleft\u00bb use_border_color=\u00bboff\u00bb border_color=\u00bb#ffffff\u00bb border_style=\u00bbsolid\u00bb]<\/p>\n<h2>Terminolog\u00eda<span class=\"s1\"><b> \u00a0<\/b><\/span><\/h2>\n<p>Gracias al uso de los programas inform\u00e1ticos apropiados y a las competencias ling\u00fc\u00edsticas de los termin\u00f3logos, es posible mantener registros de c\u00f3mo se traducen determinados t\u00e9rminos a lo largo del tiempo, respetando la terminolog\u00eda del cliente y garantizando la uniformidad y coherencia de sus textos.<\/p>\n<p>[\/et_pb_text][\/et_pb_column][\/et_pb_row][\/et_pb_section][et_pb_section admin_label=\u00bbsection\u00bb fullwidth=\u00bboff\u00bb specialty=\u00bboff\u00bb transparent_background=\u00bboff\u00bb background_color=\u00bb#ffffff\u00bb allow_player_pause=\u00bboff\u00bb inner_shadow=\u00bboff\u00bb parallax=\u00bboff\u00bb parallax_method=\u00bboff\u00bb padding_mobile=\u00bboff\u00bb make_fullwidth=\u00bboff\u00bb use_custom_width=\u00bboff\u00bb width_unit=\u00bbon\u00bb make_equal=\u00bboff\u00bb use_custom_gutter=\u00bboff\u00bb custom_padding=\u00bb0|\u00bb module_id=\u00bbgeostile\u00bb][et_pb_row admin_label=\u00bbrow\u00bb make_fullwidth=\u00bbon\u00bb use_custom_width=\u00bboff\u00bb width_unit=\u00bbon\u00bb use_custom_gutter=\u00bbon\u00bb padding_mobile=\u00bboff\u00bb allow_player_pause=\u00bboff\u00bb parallax=\u00bboff\u00bb parallax_method=\u00bboff\u00bb make_equal=\u00bboff\u00bb custom_padding=\u00bb0|\u00bb][et_pb_column type=\u00bb4_4&#8243;][et_pb_text admin_label=\u00bbIntro settori\u00bb background_layout=\u00bblight\u00bb text_orientation=\u00bbleft\u00bb use_border_color=\u00bboff\u00bb border_color=\u00bb#ffffff\u00bb border_style=\u00bbsolid\u00bb text_line_height=\u00bb2em\u00bb]<\/p>\n<h1 class=\"p1\"><\/h1>\n<h1 class=\"p1\"><\/h1>\n<h1>Eurologos Mil\u00e1n y las cifras de una sociedad de letras<\/h1>\n<p>El Grupo Eurologos da servicio a clientes de cuatro continentes: desde multinacionales e instituciones internacionales hasta peque\u00f1as y medianas empresas locales. El Grupo produce m\u00e1s de\u00a0<strong>70 millones de palabras al a\u00f1o<\/strong>\u00a0y trabaja con un total de\u00a0<strong>45\u00a0idiomas<\/strong>.\u00a0La oficina de Eurologos Mil\u00e1n, en particular, traduce y revisa alrededor de\u00a0<strong>9 millones de palabras al a\u00f1o<\/strong>.\u00a0Nuestro newsletter electr\u00f3nico trimestral\u00a0<a href=\"https:\/\/www.glocal.be\/es\"><strong>\u00ab<em>Glocal<\/em>\u00bb<\/strong><\/a>, disponible en l\u00ednea en la p\u00e1gina\u00a0<a href=\"https:\/\/www.eurologos.com\/\"><strong>www.eurologos.com<\/strong><\/a>, presenta los perfiles de cientos de clientes globales. Hemos seleccionado m\u00e1s de\u00a0<strong>500 casos representativos<\/strong>,\u00a0tanto de los distintos tipos de servicios que prestamos a diario como de los innumerables sectores de actividad de nuestra clientela: \u00a1busque referencias en su sector!<\/p>\n<p>&nbsp;<\/p>\n<p>[\/et_pb_text][\/et_pb_column][\/et_pb_row][et_pb_row admin_label=\u00bbrow\u00bb make_fullwidth=\u00bbon\u00bb use_custom_width=\u00bboff\u00bb width_unit=\u00bbon\u00bb use_custom_gutter=\u00bbon\u00bb padding_mobile=\u00bboff\u00bb allow_player_pause=\u00bboff\u00bb parallax=\u00bboff\u00bb parallax_method=\u00bboff\u00bb make_equal=\u00bboff\u00bb custom_padding=\u00bb0|\u00bb][et_pb_column type=\u00bb3_4&#8243;][et_pb_text admin_label=\u00bbIntro settori\u00bb background_layout=\u00bblight\u00bb text_orientation=\u00bbleft\u00bb use_border_color=\u00bboff\u00bb border_color=\u00bb#ffffff\u00bb border_style=\u00bbsolid\u00bb text_line_height=\u00bb2em\u00bb]<\/p>\n<p>Nuestros departamentos de terminolog\u00eda producen al a\u00f1o m\u00e1s de\u00a0<strong>500\u00a0000 t\u00e9rminos validados<\/strong>\u00a0y estructurados en decenas de glosarios multiling\u00fces de empresa (tecnolectos para sistemas de traducci\u00f3n asistida, en particular SDL Trados 2015, del que somos socios).\u00a0Consulte a continuaci\u00f3n la lista de nuestros principales sectores de actividad:<\/p>\n<p>[\/et_pb_text][\/et_pb_column][et_pb_column type=\u00bb1_4&#8243;][et_pb_image admin_label=\u00bbImmagine\u00bb show_in_lightbox=\u00bboff\u00bb url_new_window=\u00bboff\u00bb animation=\u00bbleft\u00bb sticky=\u00bboff\u00bb align=\u00bbleft\u00bb force_fullwidth=\u00bboff\u00bb always_center_on_mobile=\u00bbon\u00bb use_border_color=\u00bboff\u00bb border_color=\u00bb#ffffff\u00bb border_style=\u00bbsolid\u00bb src=\u00bbhttps:\/\/eurologos-milano.com\/wp-content\/uploads\/2015\/07\/SDL_LSP_Partner_Program_Advantage_Plus_01.jpg\u00bb]<br \/>\n[\/et_pb_image][\/et_pb_column][\/et_pb_row][et_pb_row admin_label=\u00bbrow\u00bb make_fullwidth=\u00bbon\u00bb use_custom_width=\u00bboff\u00bb width_unit=\u00bbon\u00bb use_custom_gutter=\u00bbon\u00bb padding_mobile=\u00bboff\u00bb allow_player_pause=\u00bboff\u00bb parallax=\u00bboff\u00bb parallax_method=\u00bboff\u00bb make_equal=\u00bboff\u00bb][et_pb_column type=\u00bb1_3&#8243;][et_pb_text admin_label=\u00bbSettori 1&#8243; background_layout=\u00bblight\u00bb text_orientation=\u00bbleft\u00bb use_border_color=\u00bboff\u00bb border_color=\u00bb#ffffff\u00bb border_style=\u00bbsolid\u00bb]<\/p>\n<ul>\n<li>\n<h3>Moda y lujo<\/h3>\n<\/li>\n<li>\n<h3>Turismo y tiempo libre<\/h3>\n<\/li>\n<li>\n<h3>Medicina, farmacia y qu\u00edmica<\/h3>\n<\/li>\n<li>\n<h3>Cosm\u00e9tica<\/h3>\n<\/li>\n<\/ul>\n<p>[\/et_pb_text][\/et_pb_column][et_pb_column type=\u00bb1_3&#8243;][et_pb_text admin_label=\u00bbSettore 2&#8243; background_layout=\u00bblight\u00bb text_orientation=\u00bbleft\u00bb use_border_color=\u00bboff\u00bb border_color=\u00bb#ffffff\u00bb border_style=\u00bbsolid\u00bb]<\/p>\n<ul>\n<li>\n<h3>Industria alimentaria y gran distribuci\u00f3n<\/h3>\n<\/li>\n<li>\n<h3>Recursos humanos<\/h3>\n<\/li>\n<li>\n<h3>I+D, ingenier\u00eda industrial y construcci\u00f3n<\/h3>\n<\/li>\n<li>\n<h3>Publicidad e industria editorial<\/h3>\n<\/li>\n<\/ul>\n<p>[\/et_pb_text][\/et_pb_column][et_pb_column type=\u00bb1_3&#8243;][et_pb_text admin_label=\u00bbSettori 3&#8243; background_layout=\u00bblight\u00bb text_orientation=\u00bbleft\u00bb use_border_color=\u00bboff\u00bb border_color=\u00bb#ffffff\u00bb border_style=\u00bbsolid\u00bb]<\/p>\n<ul>\n<li>\n<h3>TI y telecomunicaciones<\/h3>\n<\/li>\n<li>\n<h3>Legal y econ\u00f3mico-financiero<\/h3>\n<\/li>\n<li>\n<h3>Transporte<\/h3>\n<\/li>\n<li>\n<h3>Responsabilidad social corporativa<\/h3>\n<\/li>\n<\/ul>\n<p>[\/et_pb_text][\/et_pb_column][\/et_pb_row][et_pb_row admin_label=\u00bbRiga\u00bb make_fullwidth=\u00bbon\u00bb use_custom_width=\u00bboff\u00bb width_unit=\u00bbon\u00bb use_custom_gutter=\u00bboff\u00bb padding_mobile=\u00bboff\u00bb allow_player_pause=\u00bboff\u00bb parallax=\u00bboff\u00bb parallax_method=\u00bboff\u00bb make_equal=\u00bboff\u00bb column_padding_mobile=\u00bbon\u00bb][et_pb_column type=\u00bb4_4&#8243;][et_pb_image admin_label=\u00bbImmagine\u00bb src=\u00bbhttps:\/\/eurologos-milano.com\/wp-content\/uploads\/2016\/01\/GRECA-ICONE2.png\u00bb show_in_lightbox=\u00bboff\u00bb url_new_window=\u00bboff\u00bb animation=\u00bbleft\u00bb sticky=\u00bboff\u00bb align=\u00bbleft\u00bb force_fullwidth=\u00bboff\u00bb always_center_on_mobile=\u00bbon\u00bb use_border_color=\u00bboff\u00bb border_color=\u00bb#ffffff\u00bb border_style=\u00bbsolid\u00bb]<br \/>\n[\/et_pb_image][\/et_pb_column][\/et_pb_row][\/et_pb_section]<\/p>\n","protected":false},"excerpt":{"rendered":"<p>Compartimos proyectos, palabras e ideas con\u2026 Eurologos Mil\u00e1n y los pilares de nuestra actividad Eurologos Mil\u00e1n garantiza a sus clientes el respeto del lenguaje especializado de empresa y una comunicaci\u00f3n localizada, gracias a una escrupulosa selecci\u00f3n de traductores nativos que participan en cada una de las combinaciones ling\u00fc\u00edsticas. Tecnolecto El tecnolecto es un subconjunto del [&hellip;]<\/p>\n","protected":false},"author":8,"featured_media":0,"parent":0,"menu_order":65,"comment_status":"open","ping_status":"closed","template":"","meta":{"_et_pb_use_builder":"on","_et_pb_old_content":"","_et_gb_content_width":"","footnotes":""},"class_list":["post-8587","page","type-page","status-publish","hentry"],"yoast_head":"<!-- This site is optimized with the Yoast SEO plugin v27.4 - https:\/\/yoast.com\/product\/yoast-seo-wordpress\/ -->\n<title>Clientes - Eurologos Milano<\/title>\n<meta name=\"robots\" content=\"index, follow, max-snippet:-1, max-image-preview:large, max-video-preview:-1\" \/>\n<link rel=\"canonical\" href=\"https:\/\/eurologos-milano.com\/es\/portfolio\/\" \/>\n<meta property=\"og:locale\" content=\"es_ES\" \/>\n<meta property=\"og:type\" content=\"article\" \/>\n<meta property=\"og:title\" content=\"Clientes - Eurologos Milano\" \/>\n<meta property=\"og:description\" content=\"Compartimos proyectos, palabras e ideas con\u2026 Eurologos Mil\u00e1n y los pilares de nuestra actividad Eurologos Mil\u00e1n garantiza a sus clientes el respeto del lenguaje especializado de empresa y una comunicaci\u00f3n localizada, gracias a una escrupulosa selecci\u00f3n de traductores nativos que participan en cada una de las combinaciones ling\u00fc\u00edsticas. Tecnolecto El tecnolecto es un subconjunto del [&hellip;]\" \/>\n<meta property=\"og:url\" content=\"https:\/\/eurologos-milano.com\/es\/portfolio\/\" \/>\n<meta property=\"og:site_name\" content=\"Eurologos Milano\" \/>\n<meta property=\"article:modified_time\" content=\"2016-11-04T16:31:38+00:00\" \/>\n<meta name=\"twitter:card\" content=\"summary_large_image\" \/>\n<meta name=\"twitter:label1\" content=\"Tiempo de lectura\" \/>\n\t<meta name=\"twitter:data1\" content=\"9 minutos\" \/>\n<script type=\"application\/ld+json\" class=\"yoast-schema-graph\">{\"@context\":\"https:\\\/\\\/schema.org\",\"@graph\":[{\"@type\":\"WebPage\",\"@id\":\"https:\\\/\\\/eurologos-milano.com\\\/es\\\/portfolio\\\/\",\"url\":\"https:\\\/\\\/eurologos-milano.com\\\/es\\\/portfolio\\\/\",\"name\":\"Clientes - Eurologos Milano\",\"isPartOf\":{\"@id\":\"https:\\\/\\\/eurologos-milano.com\\\/#website\"},\"datePublished\":\"2016-03-11T18:24:31+00:00\",\"dateModified\":\"2016-11-04T16:31:38+00:00\",\"breadcrumb\":{\"@id\":\"https:\\\/\\\/eurologos-milano.com\\\/es\\\/portfolio\\\/#breadcrumb\"},\"inLanguage\":\"es\",\"potentialAction\":[{\"@type\":\"ReadAction\",\"target\":[\"https:\\\/\\\/eurologos-milano.com\\\/es\\\/portfolio\\\/\"]}]},{\"@type\":\"BreadcrumbList\",\"@id\":\"https:\\\/\\\/eurologos-milano.com\\\/es\\\/portfolio\\\/#breadcrumb\",\"itemListElement\":[{\"@type\":\"ListItem\",\"position\":1,\"name\":\"Home\",\"item\":\"https:\\\/\\\/eurologos-milano.com\\\/es\\\/\"},{\"@type\":\"ListItem\",\"position\":2,\"name\":\"Clientes\"}]},{\"@type\":\"WebSite\",\"@id\":\"https:\\\/\\\/eurologos-milano.com\\\/#website\",\"url\":\"https:\\\/\\\/eurologos-milano.com\\\/\",\"name\":\"Eurologos Milano\",\"description\":\"Traduzioni Milano\",\"potentialAction\":[{\"@type\":\"SearchAction\",\"target\":{\"@type\":\"EntryPoint\",\"urlTemplate\":\"https:\\\/\\\/eurologos-milano.com\\\/?s={search_term_string}\"},\"query-input\":{\"@type\":\"PropertyValueSpecification\",\"valueRequired\":true,\"valueName\":\"search_term_string\"}}],\"inLanguage\":\"es\"}]}<\/script>\n<!-- \/ Yoast SEO plugin. -->","yoast_head_json":{"title":"Clientes - Eurologos Milano","robots":{"index":"index","follow":"follow","max-snippet":"max-snippet:-1","max-image-preview":"max-image-preview:large","max-video-preview":"max-video-preview:-1"},"canonical":"https:\/\/eurologos-milano.com\/es\/portfolio\/","og_locale":"es_ES","og_type":"article","og_title":"Clientes - Eurologos Milano","og_description":"Compartimos proyectos, palabras e ideas con\u2026 Eurologos Mil\u00e1n y los pilares de nuestra actividad Eurologos Mil\u00e1n garantiza a sus clientes el respeto del lenguaje especializado de empresa y una comunicaci\u00f3n localizada, gracias a una escrupulosa selecci\u00f3n de traductores nativos que participan en cada una de las combinaciones ling\u00fc\u00edsticas. Tecnolecto El tecnolecto es un subconjunto del [&hellip;]","og_url":"https:\/\/eurologos-milano.com\/es\/portfolio\/","og_site_name":"Eurologos Milano","article_modified_time":"2016-11-04T16:31:38+00:00","twitter_card":"summary_large_image","twitter_misc":{"Tiempo de lectura":"9 minutos"},"schema":{"@context":"https:\/\/schema.org","@graph":[{"@type":"WebPage","@id":"https:\/\/eurologos-milano.com\/es\/portfolio\/","url":"https:\/\/eurologos-milano.com\/es\/portfolio\/","name":"Clientes - Eurologos Milano","isPartOf":{"@id":"https:\/\/eurologos-milano.com\/#website"},"datePublished":"2016-03-11T18:24:31+00:00","dateModified":"2016-11-04T16:31:38+00:00","breadcrumb":{"@id":"https:\/\/eurologos-milano.com\/es\/portfolio\/#breadcrumb"},"inLanguage":"es","potentialAction":[{"@type":"ReadAction","target":["https:\/\/eurologos-milano.com\/es\/portfolio\/"]}]},{"@type":"BreadcrumbList","@id":"https:\/\/eurologos-milano.com\/es\/portfolio\/#breadcrumb","itemListElement":[{"@type":"ListItem","position":1,"name":"Home","item":"https:\/\/eurologos-milano.com\/es\/"},{"@type":"ListItem","position":2,"name":"Clientes"}]},{"@type":"WebSite","@id":"https:\/\/eurologos-milano.com\/#website","url":"https:\/\/eurologos-milano.com\/","name":"Eurologos Milano","description":"Traduzioni Milano","potentialAction":[{"@type":"SearchAction","target":{"@type":"EntryPoint","urlTemplate":"https:\/\/eurologos-milano.com\/?s={search_term_string}"},"query-input":{"@type":"PropertyValueSpecification","valueRequired":true,"valueName":"search_term_string"}}],"inLanguage":"es"}]}},"_links":{"self":[{"href":"https:\/\/eurologos-milano.com\/es\/wp-json\/wp\/v2\/pages\/8587","targetHints":{"allow":["GET"]}}],"collection":[{"href":"https:\/\/eurologos-milano.com\/es\/wp-json\/wp\/v2\/pages"}],"about":[{"href":"https:\/\/eurologos-milano.com\/es\/wp-json\/wp\/v2\/types\/page"}],"author":[{"embeddable":true,"href":"https:\/\/eurologos-milano.com\/es\/wp-json\/wp\/v2\/users\/8"}],"replies":[{"embeddable":true,"href":"https:\/\/eurologos-milano.com\/es\/wp-json\/wp\/v2\/comments?post=8587"}],"version-history":[{"count":1,"href":"https:\/\/eurologos-milano.com\/es\/wp-json\/wp\/v2\/pages\/8587\/revisions"}],"predecessor-version":[{"id":9120,"href":"https:\/\/eurologos-milano.com\/es\/wp-json\/wp\/v2\/pages\/8587\/revisions\/9120"}],"wp:attachment":[{"href":"https:\/\/eurologos-milano.com\/es\/wp-json\/wp\/v2\/media?parent=8587"}],"curies":[{"name":"wp","href":"https:\/\/api.w.org\/{rel}","templated":true}]}}