{"id":8573,"date":"2016-03-11T18:01:51","date_gmt":"2016-03-11T18:01:51","guid":{"rendered":"https:\/\/eurologos-milano.com\/es\/?page_id=8573"},"modified":"2016-11-04T16:29:35","modified_gmt":"2016-11-04T16:29:35","slug":"comunicazione","status":"publish","type":"page","link":"https:\/\/eurologos-milano.com\/es\/comunicazione\/","title":{"rendered":"Comunicati\u00f3n a 360\u00b0"},"content":{"rendered":"<p>[et_pb_section admin_label=\u00bbsection\u00bb fullwidth=\u00bbon\u00bb specialty=\u00bboff\u00bb background_image=\u00bbhttps:\/\/eurologos-milano.com\/wp-content\/uploads\/2015\/04\/Comunicazione-ok.jpg\u00bb transparent_background=\u00bboff\u00bb background_color=\u00bb#ffffff\u00bb inner_shadow=\u00bboff\u00bb parallax=\u00bbon\u00bb parallax_method=\u00bbon\u00bb module_class=\u00bbtestataServizi\u00bb][et_pb_fullwidth_header admin_label=\u00bbFullwidth Header\u00bb title=\u00bbCOMUNICACI\u00d3N<br \/>\na 360\u00b0\u00bb subhead=\u00bbDonde viven las ideas\u00bb background_layout=\u00bblight\u00bb text_orientation=\u00bbleft\u00bb header_fullscreen=\u00bboff\u00bb header_scroll_down=\u00bboff\u00bb parallax=\u00bboff\u00bb parallax_method=\u00bboff\u00bb content_orientation=\u00bbcenter\u00bb image_orientation=\u00bbcenter\u00bb custom_button_one=\u00bboff\u00bb button_one_letter_spacing=\u00bb0&#8243; button_one_use_icon=\u00bbdefault\u00bb button_one_icon_placement=\u00bbright\u00bb button_one_on_hover=\u00bbon\u00bb button_one_letter_spacing_hover=\u00bb0&#8243; custom_button_two=\u00bboff\u00bb button_two_letter_spacing=\u00bb0&#8243; button_two_use_icon=\u00bbdefault\u00bb button_two_icon_placement=\u00bbright\u00bb button_two_on_hover=\u00bbon\u00bb button_two_letter_spacing_hover=\u00bb0&#8243; module_class=\u00bbkepler\u00bb subhead_font=\u00bb||on||\u00bb]<\/p>\n<p>&nbsp;<\/p>\n<p>[\/et_pb_fullwidth_header][\/et_pb_section][et_pb_section admin_label=\u00bbsection\u00bb transparent_background=\u00bboff\u00bb background_color=\u00bb#f5f5f5&#8243; inner_shadow=\u00bboff\u00bb parallax=\u00bboff\u00bb parallax_method=\u00bboff\u00bb allow_player_pause=\u00bboff\u00bb padding_mobile=\u00bboff\u00bb make_fullwidth=\u00bboff\u00bb use_custom_width=\u00bboff\u00bb width_unit=\u00bbon\u00bb make_equal=\u00bboff\u00bb use_custom_gutter=\u00bboff\u00bb][et_pb_row admin_label=\u00bbrow\u00bb][et_pb_column type=\u00bb2_3&#8243;][et_pb_text admin_label=\u00bbText\u00bb background_layout=\u00bblight\u00bb text_orientation=\u00bbleft\u00bb use_border_color=\u00bboff\u00bb border_color=\u00bb#ffffff\u00bb border_style=\u00bbsolid\u00bb text_line_height=\u00bb2em\u00bb]<\/p>\n<p>&nbsp;<\/p>\n<h1>COMUNICACI\u00d3N INTEGRADA<\/h1>\n<p style=\"text-align: justify;\">La oficina de Eurologos Mil\u00e1n se encuentra en el espl\u00e9ndido marco de Villa Mirabello, un remanso de paz inmerso en la din\u00e1mica capital lombarda. Esta villa, desconocida por muchos, es una aut\u00e9ntica joya: una hist\u00f3rica casa de campo propiedad de la familia Visconti, que hoy en d\u00eda sirve de sede a la Fondazione Villa Mirabello Onlus y a varias empresas.<\/p>\n<p style=\"text-align: justify;\">Dentro de la villa, Eurologos Mil\u00e1n se inscribe en el contexto del grupo\u00a0<strong><a href=\"https:\/\/vm6.it\/il_luogo_delle_idee\/\" target=\"_blank\">VM6\u00a0\u2013\u00a0Il luogo delle idee<\/a><\/strong>, una iniciativa sin\u00e9rgica entre seis organizaciones \u2014Eurologos Mil\u00e1n, Capricorn, Beecreative, Pentaphoto, Pepe Research y Sunny Milano\u2014 con el objetivo de ofrecer un abanico m\u00e1s amplio de servicios de comunicaci\u00f3n integrada.<\/p>\n<p style=\"text-align: justify;\">Con las otras sociedades del Grupo, compartimos enfoque, objetivos y normas de calidad. Cada una de ellas trabaja individualmente en sus respectivos sectores, pero tambi\u00e9n en sinergia, en funci\u00f3n de proyectos y clientes comunes.<\/p>\n<p>[\/et_pb_text][\/et_pb_column][et_pb_column type=\u00bb1_3&#8243;][et_pb_text admin_label=\u00bbTesto\u00bb background_layout=\u00bblight\u00bb text_orientation=\u00bbleft\u00bb use_border_color=\u00bboff\u00bb border_color=\u00bb#ffffff\u00bb border_style=\u00bbsolid\u00bb]<\/p>\n<p>&nbsp;<\/p>\n<p>[\/et_pb_text][et_pb_image admin_label=\u00bbImmagine\u00bb src=\u00bbhttps:\/\/eurologos-milano.com\/wp-content\/uploads\/2015\/04\/Communication_Gif_300x300_Alpha_01.gif\u00bb show_in_lightbox=\u00bboff\u00bb url_new_window=\u00bboff\u00bb animation=\u00bbleft\u00bb sticky=\u00bboff\u00bb align=\u00bbleft\u00bb force_fullwidth=\u00bboff\u00bb always_center_on_mobile=\u00bbon\u00bb use_border_color=\u00bboff\u00bb border_color=\u00bb#ffffff\u00bb border_style=\u00bbsolid\u00bb]<\/p>\n<p>&nbsp;<\/p>\n<p>[\/et_pb_image][\/et_pb_column][\/et_pb_row][\/et_pb_section][et_pb_section admin_label=\u00bbsection\u00bb transparent_background=\u00bboff\u00bb background_color=\u00bb#f5f5f5&#8243; inner_shadow=\u00bboff\u00bb parallax=\u00bboff\u00bb parallax_method=\u00bboff\u00bb allow_player_pause=\u00bboff\u00bb padding_mobile=\u00bboff\u00bb make_fullwidth=\u00bboff\u00bb use_custom_width=\u00bboff\u00bb width_unit=\u00bbon\u00bb make_equal=\u00bboff\u00bb use_custom_gutter=\u00bboff\u00bb][et_pb_row admin_label=\u00bbrow\u00bb][et_pb_column type=\u00bb2_3&#8243;][et_pb_image admin_label=\u00bbImmagine\u00bb src=\u00bbhttps:\/\/eurologos-milano.com\/wp-content\/uploads\/2015\/04\/logo-VM6.png\u00bb show_in_lightbox=\u00bboff\u00bb url_new_window=\u00bboff\u00bb animation=\u00bbleft\u00bb sticky=\u00bboff\u00bb align=\u00bbleft\u00bb force_fullwidth=\u00bboff\u00bb always_center_on_mobile=\u00bbon\u00bb use_border_color=\u00bboff\u00bb border_color=\u00bb#ffffff\u00bb border_style=\u00bbsolid\u00bb use_overlay=\u00bboff\u00bb]<\/p>\n<p>&nbsp;<\/p>\n<p>[\/et_pb_image][et_pb_text admin_label=\u00bbTesto\u00bb background_layout=\u00bblight\u00bb text_orientation=\u00bbleft\u00bb use_border_color=\u00bboff\u00bb border_color=\u00bb#ffffff\u00bb border_style=\u00bbsolid\u00bb text_line_height=\u00bb2em\u00bb module_id=\u00bbVM6&#8243;]<\/p>\n<p style=\"text-align: justify;\">VM6 es un lugar donde los est\u00edmulos, las intuiciones y las ideas se transforman en iniciativas de comunicaci\u00f3n. En torno al claustro del edificio trabajan profesionales con diferentes competencias que, de forma colaborativa, ponen su profesionalidad al servicio de la actividad de nuestros clientes.<\/p>\n<p style=\"text-align: justify;\">La antigua villa que nos sirve de sede tiene una ventana abierta al futuro. Es un espacio donde se estudian e inventan sitios din\u00e1micos, aplicaciones y todo lo que existir\u00e1 el d\u00eda de ma\u00f1ana. Aqu\u00ed cada historia cuenta el presente con los medios del futuro. Si su empresa necesita dar un paso adelante, vis\u00edtenos\u2026\u00a0<b><a href=\"https:\/\/beecreative.it\" target=\"_blank\">Beecreative<\/a><\/b> es un especialista en creaci\u00f3n de todo tipo de sitios, que desarrolla para sus clientes soluciones pensadas para alcanzar objetivos de visibilidad y posicionamiento en la red. Es capaz de dise\u00f1ar cualquier tipo de plataforma web y aplicaci\u00f3n m\u00f3vil.<\/p>\n<p style=\"text-align: justify;\">Detr\u00e1s de estas paredes, vestimos los pensamientos, les damos forma e inventamos modos y mundos para hacerlos memorables, bonitos y apetecibles. El dise\u00f1o gr\u00e1fico y los colores pueden dar impacto a cualquier proyecto\u2026\u00a0<b><a href=\"https:\/\/www.capricorn2001.it\/it\/home.php\" target=\"_blank\">Capricorn<\/a><\/b> estudia y hace realidad ideas creativas y soluciones gr\u00e1ficas que van desde el envase hasta el material promocional, desde el <em>below the line<\/em> hasta el <em>trade marketing<\/em> y materiales para puntos de venta. Adem\u00e1s, cuenta con un departamento capaz de crear ilustraciones de todo tipo: t\u00e9cnicas (planos de secci\u00f3n, despieces), hiperrealistas o c\u00f3mic.<\/p>\n<p style=\"text-align: justify;\">Contamos historias en todas las lenguas del mundo; desde el \u00e1rabe al zul\u00fa. No hay palabra, frase o informaci\u00f3n que tenga miedo de confines o fronteras. Si los l\u00edmites de su lenguaje son los l\u00edmites de su negocio, vis\u00edtenos. Ver\u00e1 que hablamos el mismo idioma\u2026 <strong><a href=\"https:\/\/eurologos-milano.com\">Eurologos Mil\u00e1n<\/a><\/strong> es la oficina italiana del Grupo Eurologos, un proyecto internacional dedicado desde hace m\u00e1s de 35 a\u00f1os en el sector de los servicios ling\u00fc\u00edsticos. Eurologos Mil\u00e1n es un especialista en traducci\u00f3n, edici\u00f3n, interpretaci\u00f3n, maquetaci\u00f3n y dise\u00f1o gr\u00e1fico multiling\u00fce, capaz de llevar a buen puerto proyectos que en cualquier idioma, incluso los m\u00e1s raros del planeta.<\/p>\n<p style=\"text-align: justify;\">Detr\u00e1s de estas puertas, las historias duran el tiempo de una foto. Aqu\u00ed nacen im\u00e1genes que narran personas, lugares y objetos. Como todas las fotos bien hechas, es m\u00e1s bonito verlas que explicarlas. Sea cual sea su idea, tr\u00e1iganosla y le prometemos presentarla de la mejor manera posible&#8230;\u00a0<b><a href=\"https:\/\/www.pentaphoto.it\/it\/index.html\" target=\"_blank\">Pentaphoto<\/a><\/b>. L\u00edder en el \u00e1mbito de la fotograf\u00eda deportiva desde 1979, ha ido ampliando su radio de acci\u00f3n, desde la moda al bodeg\u00f3n. Dispone de un estudio fotogr\u00e1fico con tecnolog\u00eda capaz de fotografiar objetos a 360\u00b0 con alt\u00edsima definici\u00f3n.<\/p>\n<p style=\"text-align: justify;\">Aqu\u00ed se explora y se estudia, se describe y se interpreta, se observa y se analiza. En pocas palabras, investigamos. Con experiencia, pasi\u00f3n y competencia. Para que podamos conocer mejor su mundo, venga a conocernos\u2026\u00a0<b><a href=\"https:\/\/peperesearch.it\/it\/index.html\" target=\"_blank\">Pepe Research<\/a><\/b> es un instituto de estudios sociopol\u00edticos y de mercado, que combina las t\u00e9cnicas m\u00e1s cl\u00e1sicas con instrumentos modernos, innovadores y espec\u00edficos. Sus dos socias fundadoras han dirigido estudios cualitativos y cuantitativos para importantes instituciones, empresas y asociaciones de Italia.<\/p>\n<p style=\"text-align: justify;\">La publicidad es el alma del comercio y detr\u00e1s de estas ventanas est\u00e1 el alma de muchas campa\u00f1as publicitarias \u2014muy conocidas\u2014 que han contribuido al \u00e9xito de importantes marcas. Si su empresa necesita hablar, hable con nosotros\u2026\u00a0<b><a href=\"https:\/\/sunnymilano.it\" target=\"_blank\">Sunny Milano<\/a><\/b> es una agencia de comunicaci\u00f3n que naci\u00f3 de la mano de dos directores creativos, curtidos en agencias internacionales de publicidad de primera l\u00ednea. Han firmado famosas campa\u00f1as en televisi\u00f3n, radio y prensa, as\u00ed como publicidad para marcas l\u00edderes del mercado en diferentes sectores de productos.<\/p>\n<p style=\"text-align: justify;\">Le esperamos.<\/p>\n<p>[\/et_pb_text][et_pb_cta admin_label=\u00bbCall-To-Action\u00bb button_url=\u00bbmailto:bertolesi@eurologos.it\u00bb url_new_window=\u00bbon\u00bb button_text=\u00bbSolicite presupuesto\u00bb use_background_color=\u00bboff\u00bb background_color=\u00bb#005498&#8243; background_layout=\u00bblight\u00bb text_orientation=\u00bbleft\u00bb use_border_color=\u00bboff\u00bb border_color=\u00bb#ffffff\u00bb border_style=\u00bbsolid\u00bb custom_button=\u00bboff\u00bb button_letter_spacing=\u00bb0&#8243; button_use_icon=\u00bbdefault\u00bb button_icon_placement=\u00bbright\u00bb button_on_hover=\u00bbon\u00bb button_letter_spacing_hover=\u00bb0&#8243;]<\/p>\n<p>&nbsp;<\/p>\n<p>[\/et_pb_cta][\/et_pb_column][et_pb_column type=\u00bb1_3&#8243;][et_pb_image admin_label=\u00bbImmagine\u00bb src=\u00bbhttps:\/\/eurologos-milano.com\/wp-content\/uploads\/2015\/09\/VM6.png\u00bb show_in_lightbox=\u00bboff\u00bb url_new_window=\u00bboff\u00bb animation=\u00bbleft\u00bb sticky=\u00bboff\u00bb align=\u00bbleft\u00bb force_fullwidth=\u00bboff\u00bb always_center_on_mobile=\u00bbon\u00bb use_border_color=\u00bboff\u00bb border_color=\u00bb#ffffff\u00bb border_style=\u00bbsolid\u00bb]<\/p>\n<p>&nbsp;<\/p>\n<p>[\/et_pb_image][\/et_pb_column][\/et_pb_row][\/et_pb_section][et_pb_section admin_label=\u00bbsection\u00bb fullwidth=\u00bboff\u00bb specialty=\u00bboff\u00bb transparent_background=\u00bboff\u00bb background_color=\u00bb#ffffff\u00bb allow_player_pause=\u00bboff\u00bb inner_shadow=\u00bboff\u00bb parallax=\u00bboff\u00bb parallax_method=\u00bboff\u00bb padding_mobile=\u00bboff\u00bb make_fullwidth=\u00bboff\u00bb use_custom_width=\u00bboff\u00bb width_unit=\u00bbon\u00bb make_equal=\u00bboff\u00bb use_custom_gutter=\u00bboff\u00bb][et_pb_row admin_label=\u00bbrow\u00bb][et_pb_column type=\u00bb1_2&#8243;][et_pb_text admin_label=\u00bbTesto\u00bb background_layout=\u00bblight\u00bb text_orientation=\u00bbleft\u00bb use_border_color=\u00bboff\u00bb border_color=\u00bb#ffffff\u00bb border_style=\u00bbsolid\u00bb]<\/p>\n<p>&nbsp;<\/p>\n<p>[\/et_pb_text][et_pb_video admin_label=\u00bbVideo\u00bb src=\u00bbhttps:\/\/youtu.be\/YuVa6dUSy9M?t=4s\u00bb]<\/p>\n<p>&nbsp;<\/p>\n<p>[\/et_pb_video][\/et_pb_column][et_pb_column type=\u00bb1_2&#8243;][et_pb_text admin_label=\u00bbTesto\u00bb background_layout=\u00bblight\u00bb text_orientation=\u00bbleft\u00bb use_border_color=\u00bboff\u00bb border_color=\u00bb#ffffff\u00bb border_style=\u00bbsolid\u00bb]<\/p>\n<h1>C\u00d3MO NACEN LAS BUENAS IDEAS<\/h1>\n<p style=\"text-align: justify;\">La idea de VM6 naci\u00f3 en Villa Mirabello en 2012, de la mano de un grupo de profesionales del mundo de la comunicaci\u00f3n, el marketing, la creatividad y el dise\u00f1o, inspirados por la oportunidad de combinar sus ideas y competencias.\u00a0En una de las primeras mesas redondas, nos dejamos inspirar por las palabras de Steven Johnson, periodista y escritor estadounidense experto en nuevas tecnolog\u00edas. Steven reflexion\u00f3 sobre c\u00f3mo las nuevas tecnolog\u00edas y la web, as\u00ed como su capacidad de multiplicar nuestra \u00abconexi\u00f3n\u00bb, pueden influir en el proceso que lleva a crear una idea. Pero, sobre todo, explic\u00f3 que el resultado de una idea es casi siempre fruto de una \u00abcontaminaci\u00f3n\u00bb y de una colaboraci\u00f3n entre muchas personas que explotan distintas facetas de una misma idea.<\/p>\n<p>[\/et_pb_text][\/et_pb_column][\/et_pb_row][\/et_pb_section]<\/p>\n","protected":false},"excerpt":{"rendered":"<p>&nbsp; &nbsp; COMUNICACI\u00d3N INTEGRADA La oficina de Eurologos Mil\u00e1n se encuentra en el espl\u00e9ndido marco de Villa Mirabello, un remanso de paz inmerso en la din\u00e1mica capital lombarda. Esta villa, desconocida por muchos, es una aut\u00e9ntica joya: una hist\u00f3rica casa de campo propiedad de la familia Visconti, que hoy en d\u00eda sirve de sede a [&hellip;]<\/p>\n","protected":false},"author":8,"featured_media":0,"parent":0,"menu_order":50,"comment_status":"open","ping_status":"closed","template":"","meta":{"_et_pb_use_builder":"on","_et_pb_old_content":"","_et_gb_content_width":"","footnotes":""},"class_list":["post-8573","page","type-page","status-publish","hentry"],"yoast_head":"<!-- This site is optimized with the Yoast SEO plugin v27.4 - https:\/\/yoast.com\/product\/yoast-seo-wordpress\/ -->\n<title>Comunicati\u00f3n a 360\u00b0 - Eurologos Milano<\/title>\n<meta name=\"description\" content=\"Eurologos Mil\u00e1n forma parte del grupo VM6 \u2013 Il luogo delle idee, una sinergia entre seis empresas que ofrecen servicios de comunicaci\u00f3n integrada.\" \/>\n<meta name=\"robots\" content=\"index, follow, max-snippet:-1, max-image-preview:large, max-video-preview:-1\" \/>\n<link rel=\"canonical\" href=\"https:\/\/eurologos-milano.com\/es\/comunicazione\/\" \/>\n<meta property=\"og:locale\" content=\"es_ES\" \/>\n<meta property=\"og:type\" content=\"article\" \/>\n<meta property=\"og:title\" content=\"Comunicati\u00f3n a 360\u00b0 - Eurologos Milano\" \/>\n<meta property=\"og:description\" content=\"Eurologos Mil\u00e1n forma parte del grupo VM6 \u2013 Il luogo delle idee, una sinergia entre seis empresas que ofrecen servicios de comunicaci\u00f3n integrada.\" \/>\n<meta property=\"og:url\" content=\"https:\/\/eurologos-milano.com\/es\/comunicazione\/\" \/>\n<meta property=\"og:site_name\" content=\"Eurologos Milano\" \/>\n<meta property=\"article:modified_time\" content=\"2016-11-04T16:29:35+00:00\" \/>\n<meta name=\"twitter:card\" content=\"summary_large_image\" \/>\n<meta name=\"twitter:label1\" content=\"Tiempo de lectura\" \/>\n\t<meta name=\"twitter:data1\" content=\"8 minutos\" \/>\n<script type=\"application\/ld+json\" class=\"yoast-schema-graph\">{\"@context\":\"https:\\\/\\\/schema.org\",\"@graph\":[{\"@type\":\"WebPage\",\"@id\":\"https:\\\/\\\/eurologos-milano.com\\\/es\\\/comunicazione\\\/\",\"url\":\"https:\\\/\\\/eurologos-milano.com\\\/es\\\/comunicazione\\\/\",\"name\":\"Comunicati\u00f3n a 360\u00b0 - Eurologos Milano\",\"isPartOf\":{\"@id\":\"https:\\\/\\\/eurologos-milano.com\\\/#website\"},\"datePublished\":\"2016-03-11T18:01:51+00:00\",\"dateModified\":\"2016-11-04T16:29:35+00:00\",\"description\":\"Eurologos Mil\u00e1n forma parte del grupo VM6 \u2013 Il luogo delle idee, una sinergia entre seis empresas que ofrecen servicios de comunicaci\u00f3n integrada.\",\"breadcrumb\":{\"@id\":\"https:\\\/\\\/eurologos-milano.com\\\/es\\\/comunicazione\\\/#breadcrumb\"},\"inLanguage\":\"es\",\"potentialAction\":[{\"@type\":\"ReadAction\",\"target\":[\"https:\\\/\\\/eurologos-milano.com\\\/es\\\/comunicazione\\\/\"]}]},{\"@type\":\"BreadcrumbList\",\"@id\":\"https:\\\/\\\/eurologos-milano.com\\\/es\\\/comunicazione\\\/#breadcrumb\",\"itemListElement\":[{\"@type\":\"ListItem\",\"position\":1,\"name\":\"Home\",\"item\":\"https:\\\/\\\/eurologos-milano.com\\\/es\\\/\"},{\"@type\":\"ListItem\",\"position\":2,\"name\":\"Comunicati\u00f3n a 360\u00b0\"}]},{\"@type\":\"WebSite\",\"@id\":\"https:\\\/\\\/eurologos-milano.com\\\/#website\",\"url\":\"https:\\\/\\\/eurologos-milano.com\\\/\",\"name\":\"Eurologos Milano\",\"description\":\"Traduzioni Milano\",\"potentialAction\":[{\"@type\":\"SearchAction\",\"target\":{\"@type\":\"EntryPoint\",\"urlTemplate\":\"https:\\\/\\\/eurologos-milano.com\\\/?s={search_term_string}\"},\"query-input\":{\"@type\":\"PropertyValueSpecification\",\"valueRequired\":true,\"valueName\":\"search_term_string\"}}],\"inLanguage\":\"es\"}]}<\/script>\n<!-- \/ Yoast SEO plugin. -->","yoast_head_json":{"title":"Comunicati\u00f3n a 360\u00b0 - Eurologos Milano","description":"Eurologos Mil\u00e1n forma parte del grupo VM6 \u2013 Il luogo delle idee, una sinergia entre seis empresas que ofrecen servicios de comunicaci\u00f3n integrada.","robots":{"index":"index","follow":"follow","max-snippet":"max-snippet:-1","max-image-preview":"max-image-preview:large","max-video-preview":"max-video-preview:-1"},"canonical":"https:\/\/eurologos-milano.com\/es\/comunicazione\/","og_locale":"es_ES","og_type":"article","og_title":"Comunicati\u00f3n a 360\u00b0 - Eurologos Milano","og_description":"Eurologos Mil\u00e1n forma parte del grupo VM6 \u2013 Il luogo delle idee, una sinergia entre seis empresas que ofrecen servicios de comunicaci\u00f3n integrada.","og_url":"https:\/\/eurologos-milano.com\/es\/comunicazione\/","og_site_name":"Eurologos Milano","article_modified_time":"2016-11-04T16:29:35+00:00","twitter_card":"summary_large_image","twitter_misc":{"Tiempo de lectura":"8 minutos"},"schema":{"@context":"https:\/\/schema.org","@graph":[{"@type":"WebPage","@id":"https:\/\/eurologos-milano.com\/es\/comunicazione\/","url":"https:\/\/eurologos-milano.com\/es\/comunicazione\/","name":"Comunicati\u00f3n a 360\u00b0 - Eurologos Milano","isPartOf":{"@id":"https:\/\/eurologos-milano.com\/#website"},"datePublished":"2016-03-11T18:01:51+00:00","dateModified":"2016-11-04T16:29:35+00:00","description":"Eurologos Mil\u00e1n forma parte del grupo VM6 \u2013 Il luogo delle idee, una sinergia entre seis empresas que ofrecen servicios de comunicaci\u00f3n integrada.","breadcrumb":{"@id":"https:\/\/eurologos-milano.com\/es\/comunicazione\/#breadcrumb"},"inLanguage":"es","potentialAction":[{"@type":"ReadAction","target":["https:\/\/eurologos-milano.com\/es\/comunicazione\/"]}]},{"@type":"BreadcrumbList","@id":"https:\/\/eurologos-milano.com\/es\/comunicazione\/#breadcrumb","itemListElement":[{"@type":"ListItem","position":1,"name":"Home","item":"https:\/\/eurologos-milano.com\/es\/"},{"@type":"ListItem","position":2,"name":"Comunicati\u00f3n a 360\u00b0"}]},{"@type":"WebSite","@id":"https:\/\/eurologos-milano.com\/#website","url":"https:\/\/eurologos-milano.com\/","name":"Eurologos Milano","description":"Traduzioni Milano","potentialAction":[{"@type":"SearchAction","target":{"@type":"EntryPoint","urlTemplate":"https:\/\/eurologos-milano.com\/?s={search_term_string}"},"query-input":{"@type":"PropertyValueSpecification","valueRequired":true,"valueName":"search_term_string"}}],"inLanguage":"es"}]}},"_links":{"self":[{"href":"https:\/\/eurologos-milano.com\/es\/wp-json\/wp\/v2\/pages\/8573","targetHints":{"allow":["GET"]}}],"collection":[{"href":"https:\/\/eurologos-milano.com\/es\/wp-json\/wp\/v2\/pages"}],"about":[{"href":"https:\/\/eurologos-milano.com\/es\/wp-json\/wp\/v2\/types\/page"}],"author":[{"embeddable":true,"href":"https:\/\/eurologos-milano.com\/es\/wp-json\/wp\/v2\/users\/8"}],"replies":[{"embeddable":true,"href":"https:\/\/eurologos-milano.com\/es\/wp-json\/wp\/v2\/comments?post=8573"}],"version-history":[{"count":1,"href":"https:\/\/eurologos-milano.com\/es\/wp-json\/wp\/v2\/pages\/8573\/revisions"}],"predecessor-version":[{"id":9118,"href":"https:\/\/eurologos-milano.com\/es\/wp-json\/wp\/v2\/pages\/8573\/revisions\/9118"}],"wp:attachment":[{"href":"https:\/\/eurologos-milano.com\/es\/wp-json\/wp\/v2\/media?parent=8573"}],"curies":[{"name":"wp","href":"https:\/\/api.w.org\/{rel}","templated":true}]}}