{"id":8567,"date":"2016-03-11T17:47:16","date_gmt":"2016-03-11T17:47:16","guid":{"rendered":"https:\/\/eurologos-milano.com\/es\/?page_id=8567"},"modified":"2018-01-29T18:40:10","modified_gmt":"2018-01-29T18:40:10","slug":"qualita","status":"publish","type":"page","link":"https:\/\/eurologos-milano.com\/es\/qualita\/","title":{"rendered":"Calidad"},"content":{"rendered":"<p>[et_pb_section bb_built=\u00bb1&#8243; admin_label=\u00bbsection\u00bb fullwidth=\u00bbon\u00bb specialty=\u00bboff\u00bb][et_pb_fullwidth_header title=\u00bbTraducciones profesionales: producci\u00f3n y control en los pa\u00edses de uso de cada idioma\u00bb background_layout=\u00bbdark\u00bb text_orientation=\u00bbcenter\u00bb header_fullscreen=\u00bboff\u00bb header_scroll_down=\u00bbon\u00bb scroll_down_icon=\u00bb%%188%%\u00bb background_url=\u00bbhttps:\/\/eurologos-milano.com\/wp-content\/uploads\/2015\/09\/worldok.jpg\u00bb parallax=\u00bbon\u00bb parallax_method=\u00bbon\u00bb content_orientation=\u00bbcenter\u00bb image_orientation=\u00bbcenter\u00bb module_class=\u00bbkepler\u00bb custom_button_one=\u00bboff\u00bb button_one_icon_placement=\u00bbright\u00bb custom_button_two=\u00bboff\u00bb button_two_icon_placement=\u00bbright\u00bb title_font_size=\u00bb64&#8243; background_image=\u00bbhttps:\/\/eurologos-milano.com\/wp-content\/uploads\/2015\/09\/worldok.jpg\u00bb _builder_version=\u00bb3.0.83&#8243; max_width_tablet=\u00bb50px\u00bb \/][\/et_pb_section][et_pb_section bb_built=\u00bb1&#8243; admin_label=\u00bbsection\u00bb transparent_background=\u00bboff\u00bb background_color=\u00bb#ffffff\u00bb inner_shadow=\u00bboff\u00bb parallax=\u00bboff\u00bb parallax_method=\u00bboff\u00bb module_id=\u00bbtestoqualita\u00bb][et_pb_row admin_label=\u00bbrow\u00bb make_fullwidth=\u00bboff\u00bb use_custom_width=\u00bboff\u00bb width_unit=\u00bbon\u00bb use_custom_gutter=\u00bboff\u00bb padding_mobile=\u00bboff\u00bb disabled=\u00bboff\u00bb disabled_on=\u00bb|on|on\u00bb allow_player_pause=\u00bboff\u00bb parallax=\u00bboff\u00bb parallax_method=\u00bboff\u00bb make_equal=\u00bboff\u00bb parallax_1=\u00bboff\u00bb parallax_method_1=\u00bboff\u00bb column_padding_mobile=\u00bbon\u00bb background_position=\u00bbtop_left\u00bb background_repeat=\u00bbrepeat\u00bb background_size=\u00bbinitial\u00bb][et_pb_column type=\u00bb4_4&#8243;][et_pb_text admin_label=\u00bbText\u00bb background_layout=\u00bblight\u00bb text_orientation=\u00bbleft\u00bb use_border_color=\u00bboff\u00bb border_color=\u00bb#ffffff\u00bb border_style=\u00bbsolid\u00bb text_line_height=\u00bb2em\u00bb module_alignment=\u00bbleft\u00bb background_position=\u00bbtop_left\u00bb background_repeat=\u00bbrepeat\u00bb background_size=\u00bbinitial\u00bb]<\/p>\n<h1>El esquema productivo de Eurologos: del pedido a la entrega.<\/h1>\n<p>As\u00ed es como el Grupo Eurologos garantiza la calidad de los servicios ling\u00fc\u00edsticos y multimedia. En el \u00e1mbito de la traducci\u00f3n profesional, conceptos como la <strong><a href=\"https:\/\/eurologos-milano.com\/es\/portfolio\/#geostile\">localizaci\u00f3n geoestil\u00edstica de las lenguas<\/a><\/strong> o la <strong><a href=\"https:\/\/eurologos-milano.com\/es\/portfolio\/#geostile\">relocalizaci\u00f3n de la producci\u00f3n en los pa\u00edses en los que se habla una lengua<\/a><\/strong> meta no son solo palabras. Cada proyecto se gestiona bajo la <strong>supervisi\u00f3n de un gestor de proyectos<\/strong> que act\u00faa como contacto directo y responsable de las relaciones con el cliente y los colaboradores (traductores, redactores, termin\u00f3logos, dise\u00f1adores gr\u00e1ficos y t\u00e9cnicos inform\u00e1ticos): \u00a1una producci\u00f3n ling\u00fc\u00edstica y gr\u00e1fica integrada, reunida bajo el mismo techo!<\/p>\n<p>[\/et_pb_text][et_pb_image src=\u00bbhttps:\/\/eurologos-milano.com\/wp-content\/uploads\/2015\/02\/schema_NEW.png\u00bb show_in_lightbox=\u00bboff\u00bb url_new_window=\u00bboff\u00bb animation=\u00bbleft\u00bb sticky=\u00bboff\u00bb align=\u00bbleft\u00bb force_fullwidth=\u00bboff\u00bb always_center_on_mobile=\u00bbon\u00bb use_border_color=\u00bboff\u00bb border_color=\u00bb#ffffff\u00bb border_style=\u00bbsolid\u00bb use_overlay=\u00bboff\u00bb disabled=\u00bboff\u00bb disabled_on=\u00bb|off|off\u00bb animation_direction=\u00bbleft\u00bb animation_style=\u00bbslide\u00bb animation_duration=\u00bb500ms\u00bb animation_intensity_slide=\u00bb10%\u00bb]<\/p>\n<p>&nbsp;<\/p>\n<p>[\/et_pb_image][\/et_pb_column][\/et_pb_row][et_pb_row admin_label=\u00bbrow\u00bb make_fullwidth=\u00bboff\u00bb use_custom_width=\u00bboff\u00bb width_unit=\u00bbon\u00bb use_custom_gutter=\u00bboff\u00bb padding_mobile=\u00bboff\u00bb allow_player_pause=\u00bboff\u00bb parallax=\u00bboff\u00bb parallax_method=\u00bboff\u00bb make_equal=\u00bboff\u00bb column_padding_mobile=\u00bbon\u00bb disabled=\u00bboff\u00bb disabled_on=\u00bbon||\u00bb parallax_1=\u00bboff\u00bb parallax_method_1=\u00bboff\u00bb background_position=\u00bbtop_left\u00bb background_repeat=\u00bbrepeat\u00bb background_size=\u00bbinitial\u00bb][et_pb_column type=\u00bb4_4&#8243;][et_pb_text admin_label=\u00bbText\u00bb background_layout=\u00bblight\u00bb text_orientation=\u00bbleft\u00bb use_border_color=\u00bboff\u00bb border_color=\u00bb#ffffff\u00bb border_style=\u00bbsolid\u00bb text_line_height=\u00bb2em\u00bb module_alignment=\u00bbleft\u00bb background_position=\u00bbtop_left\u00bb background_repeat=\u00bbrepeat\u00bb background_size=\u00bbinitial\u00bb]<\/p>\n<h1>El esquema productivo de Eurologos: del pedido a la entrega.<\/h1>\n<p>As\u00ed es como el Grupo Eurologos garantiza la calidad de los servicios ling\u00fc\u00edsticos y multimedia. En el \u00e1mbito de la traducci\u00f3n profesional, conceptos como la\u00a0<strong><a href=\"https:\/\/eurologos-milano.com\/es\/portfolio\/#geostile\">localizaci\u00f3n geoestil\u00edstica de las lenguas<\/a><\/strong>\u00a0o la\u00a0<strong><a href=\"https:\/\/eurologos-milano.com\/es\/portfolio\/#geostile\">relocalizaci\u00f3n de la producci\u00f3n en los pa\u00edses en los que se habla una lengua<\/a><\/strong>\u00a0meta no son solo palabras. Cada proyecto se gestiona bajo la\u00a0<strong>supervisi\u00f3n de un gestor de proyectos<\/strong>\u00a0que act\u00faa como contacto directo y responsable de las relaciones con el cliente y los colaboradores (traductores, redactores, termin\u00f3logos, dise\u00f1adores gr\u00e1ficos y t\u00e9cnicos inform\u00e1ticos): \u00a1una producci\u00f3n ling\u00fc\u00edstica y gr\u00e1fica integrada, reunida bajo el mismo techo!<\/p>\n<p>[\/et_pb_text][et_pb_code module_id=\u00bbanimazioneIntro\u00bb \/][et_pb_image admin_label=\u00bbImmagine 01&#8243; show_in_lightbox=\u00bboff\u00bb url_new_window=\u00bboff\u00bb animation=\u00bboff\u00bb sticky=\u00bbon\u00bb align=\u00bbcenter\u00bb force_fullwidth=\u00bboff\u00bb always_center_on_mobile=\u00bbon\u00bb use_border_color=\u00bboff\u00bb border_color=\u00bb#ffffff\u00bb border_style=\u00bbsolid\u00bb module_id=\u00bbanimazione\u00bb url=\u00bb#animazioneStep2&#8243; module_class=\u00bbanimazione\u00bb show_bottom_space=\u00bboff\u00bb]<\/p>\n<p>&nbsp;<\/p>\n<p>[\/et_pb_image][et_pb_code module_id=\u00bbanimazioneStep2&#8243; \/][et_pb_image admin_label=\u00bbImmagine 02&#8243; show_in_lightbox=\u00bboff\u00bb url_new_window=\u00bboff\u00bb animation=\u00bboff\u00bb sticky=\u00bbon\u00bb align=\u00bbcenter\u00bb force_fullwidth=\u00bboff\u00bb always_center_on_mobile=\u00bbon\u00bb use_border_color=\u00bboff\u00bb border_color=\u00bb#ffffff\u00bb border_style=\u00bbsolid\u00bb url=\u00bb#animazioneStep3&#8243; module_id=\u00bbanimazione2&#8243; module_class=\u00bbanimazione2&#8243; show_bottom_space=\u00bboff\u00bb]<\/p>\n<p>&nbsp;<\/p>\n<p>[\/et_pb_image][et_pb_code module_id=\u00bbanimazioneStep3&#8243; \/][et_pb_image admin_label=\u00bbImmagine 03&#8243; show_in_lightbox=\u00bboff\u00bb url_new_window=\u00bboff\u00bb animation=\u00bboff\u00bb sticky=\u00bbon\u00bb align=\u00bbcenter\u00bb force_fullwidth=\u00bboff\u00bb always_center_on_mobile=\u00bbon\u00bb use_border_color=\u00bboff\u00bb border_color=\u00bb#ffffff\u00bb border_style=\u00bbsolid\u00bb module_id=\u00bbanimazione3&#8243; module_class=\u00bbanimazione3&#8243; show_bottom_space=\u00bboff\u00bb]<\/p>\n<p>&nbsp;<\/p>\n<p>[\/et_pb_image][et_pb_code]&lt;div class=\u00bbcolonnaTornaSu\u00bb id=\u00bbcolonnaTornaSu\u00bb&gt;&lt;img class=\u00bbclientFeedback\u00bb src=\u00bbhttps:\/\/eurologos-milano.com\/extra\/img\/certificazioni\/Client_feedback.gif?[random-number]\u00bb&gt;&lt;\/div&gt;[\/et_pb_code][\/et_pb_column][\/et_pb_row][\/et_pb_section][et_pb_section bb_built=\u00bb1&#8243; admin_label=\u00bbsection\u00bb fullwidth=\u00bboff\u00bb specialty=\u00bboff\u00bb transparent_background=\u00bboff\u00bb background_color=\u00bb#e6e6e6&#8243; parallax_method=\u00bboff\u00bb custom_padding_tablet=\u00bb50px|0|50px|0&#8243; custom_padding_last_edited=\u00bbon|desktop\u00bb _builder_version=\u00bb3.0.83&#8243; disabled=\u00bbon\u00bb disabled_on=\u00bbon|on|on\u00bb][et_pb_row admin_label=\u00bbrow\u00bb background_position=\u00bbtop_left\u00bb background_repeat=\u00bbrepeat\u00bb background_size=\u00bbinitial\u00bb][et_pb_column type=\u00bb2_3&#8243;][et_pb_text admin_label=\u00bbText\u00bb background_layout=\u00bblight\u00bb text_orientation=\u00bbleft\u00bb module_id=\u00bbtestoqualit\u00e0\u00bb use_border_color=\u00bboff\u00bb border_color=\u00bb#ffffff\u00bb border_style=\u00bbsolid\u00bb text_line_height=\u00bb2em\u00bb module_alignment=\u00bbleft\u00bb background_position=\u00bbtop_left\u00bb background_repeat=\u00bbrepeat\u00bb background_size=\u00bbinitial\u00bb]<\/p>\n<h1>Eurologos Mil\u00e1n y su certificaci\u00f3n de calidad<\/h1>\n<p><strong>MTP srl EUROLOGOS Milano<\/strong> es una <strong><a href=\"https:\/\/eurologos-milano.com\/wp-content\/uploads\/2016\/02\/Quality-Policy.pdf\" target=\"_blank\" rel=\"noopener\">empresa certificada<\/a><\/strong> conforme a los requisitos de las normas <strong>UNI EN ISO 9001:2008 <\/strong>y<strong> UNI EN 15038<\/strong>.<\/p>\n<p>La documentaci\u00f3n del Sistema de Gesti\u00f3n de la Calidad (SGC) recoge todos los elementos necesarios para garantizar la planificaci\u00f3n, el funcionamiento, el control y la mejora de los procesos que afectan a la calidad del servicio prestado por la empresa.<\/p>\n<p>El principal documento del SGC de MTP srl EUROLOGOS Milano es la <em>Pol\u00edtica de calidad<\/em>, que define y transmite a toda la organizaci\u00f3n las directrices generales, los objetivos y los valores que gu\u00edan y sustentan la actividad de todo el personal interno y externo, a todos los niveles, para garantizar el cumplimiento de los requisitos, la mejora continua del servicio y el SGC, con un objetivo de excelencia a largo plazo.<\/p>\n<p>&nbsp;<\/p>\n<p>[\/et_pb_text][et_pb_image src=\u00bbhttps:\/\/eurologos-milano.com\/wp-content\/uploads\/2015\/02\/loghiqualita_picc.png\u00bb show_in_lightbox=\u00bboff\u00bb url_new_window=\u00bboff\u00bb animation=\u00bbleft\u00bb sticky=\u00bboff\u00bb align=\u00bbleft\u00bb force_fullwidth=\u00bbon\u00bb always_center_on_mobile=\u00bbon\u00bb use_border_color=\u00bboff\u00bb border_color=\u00bb#ffffff\u00bb border_style=\u00bbsolid\u00bb animation_direction=\u00bbleft\u00bb animation_style=\u00bbslide\u00bb animation_duration=\u00bb500ms\u00bb animation_intensity_slide=\u00bb10%\u00bb]<\/p>\n<p>&nbsp;<\/p>\n<p>[\/et_pb_image][et_pb_cta button_url=\u00bbhttps:\/\/eurologos-milano.com\/wp-content\/uploads\/2016\/02\/Quality-Policy.pdf\u00bb url_new_window=\u00bbon\u00bb button_text=\u00bbPol\u00edtica de calidad\u00bb use_background_color=\u00bboff\u00bb background_color=\u00bb#005498&#8243; background_layout=\u00bblight\u00bb text_orientation=\u00bbcenter\u00bb use_border_color=\u00bboff\u00bb border_color=\u00bb#ffffff\u00bb border_style=\u00bbsolid\u00bb custom_button=\u00bboff\u00bb button_letter_spacing=\u00bb0&#8243; button_use_icon=\u00bbdefault\u00bb button_icon_placement=\u00bbright\u00bb button_on_hover=\u00bbon\u00bb button_letter_spacing_hover=\u00bb0&#8243; background_position=\u00bbtop_left\u00bb background_repeat=\u00bbrepeat\u00bb background_size=\u00bbinitial\u00bb]<\/p>\n<p>&nbsp;<\/p>\n<p>[\/et_pb_cta][\/et_pb_column][et_pb_column type=\u00bb1_3&#8243;][et_pb_blurb admin_label=\u00bbBlurb\u00bb title=\u00bbDescargar certificaci\u00f3n ISO\u00bb url_new_window=\u00bbon\u00bb use_icon=\u00bboff\u00bb font_icon=\u00bb\ue004\u00bb icon_color=\u00bb#005498&#8243; use_circle=\u00bboff\u00bb circle_color=\u00bb#005498&#8243; use_circle_border=\u00bboff\u00bb circle_border_color=\u00bb#005498&#8243; icon_placement=\u00bbtop\u00bb animation=\u00bbright\u00bb background_layout=\u00bblight\u00bb text_orientation=\u00bbcenter\u00bb image=\u00bbhttps:\/\/eurologos-milano.com\/wp-content\/uploads\/2015\/02\/Quality_Gif_300x300_Alpha_01.gif\u00bb use_icon_font_size=\u00bboff\u00bb body_line_height=\u00bb2em\u00bb use_border_color=\u00bboff\u00bb border_color=\u00bb#ffffff\u00bb border_style=\u00bbsolid\u00bb url=\u00bbhttps:\/\/eurologos-milano.com\/wp-content\/uploads\/2015\/10\/certification-2015_ENG.pdf\u00bb background_position=\u00bbtop_left\u00bb background_repeat=\u00bbrepeat\u00bb background_size=\u00bbinitial\u00bb]<\/p>\n<p>&nbsp;<\/p>\n<p>[\/et_pb_blurb][\/et_pb_column][\/et_pb_row][\/et_pb_section]<\/p>\n","protected":false},"excerpt":{"rendered":"<p>El esquema productivo de Eurologos: del pedido a la entrega. As\u00ed es como el Grupo Eurologos garantiza la calidad de los servicios ling\u00fc\u00edsticos y multimedia. En el \u00e1mbito de la traducci\u00f3n profesional, conceptos como la localizaci\u00f3n geoestil\u00edstica de las lenguas o la relocalizaci\u00f3n de la producci\u00f3n en los pa\u00edses en los que se habla una [&hellip;]<\/p>\n","protected":false},"author":8,"featured_media":0,"parent":0,"menu_order":20,"comment_status":"open","ping_status":"closed","template":"","meta":{"_et_pb_use_builder":"on","_et_pb_old_content":"","_et_gb_content_width":"","footnotes":""},"class_list":["post-8567","page","type-page","status-publish","hentry"],"yoast_head":"<!-- This site is optimized with the Yoast SEO plugin v27.3 - https:\/\/yoast.com\/product\/yoast-seo-wordpress\/ -->\n<title>Calidad - Eurologos Milano<\/title>\n<meta name=\"description\" content=\"El Grupo Eurologos garantiza la calidad de los servicios ling\u00fc\u00edsticos y multimedia mediante traducciones profesionales.\" \/>\n<meta name=\"robots\" content=\"index, follow, max-snippet:-1, max-image-preview:large, max-video-preview:-1\" \/>\n<link rel=\"canonical\" href=\"https:\/\/eurologos-milano.com\/es\/qualita\/\" \/>\n<meta property=\"og:locale\" content=\"es_ES\" \/>\n<meta property=\"og:type\" content=\"article\" \/>\n<meta property=\"og:title\" content=\"Calidad - Eurologos Milano\" \/>\n<meta property=\"og:description\" content=\"El Grupo Eurologos garantiza la calidad de los servicios ling\u00fc\u00edsticos y multimedia mediante traducciones profesionales.\" \/>\n<meta property=\"og:url\" content=\"https:\/\/eurologos-milano.com\/es\/qualita\/\" \/>\n<meta property=\"og:site_name\" content=\"Eurologos Milano\" \/>\n<meta property=\"article:modified_time\" content=\"2018-01-29T18:40:10+00:00\" \/>\n<meta name=\"twitter:card\" content=\"summary_large_image\" \/>\n<meta name=\"twitter:label1\" content=\"Tiempo de lectura\" \/>\n\t<meta name=\"twitter:data1\" content=\"7 minutos\" \/>\n<script type=\"application\/ld+json\" class=\"yoast-schema-graph\">{\"@context\":\"https:\\\/\\\/schema.org\",\"@graph\":[{\"@type\":\"WebPage\",\"@id\":\"https:\\\/\\\/eurologos-milano.com\\\/es\\\/qualita\\\/\",\"url\":\"https:\\\/\\\/eurologos-milano.com\\\/es\\\/qualita\\\/\",\"name\":\"Calidad - Eurologos Milano\",\"isPartOf\":{\"@id\":\"https:\\\/\\\/eurologos-milano.com\\\/#website\"},\"datePublished\":\"2016-03-11T17:47:16+00:00\",\"dateModified\":\"2018-01-29T18:40:10+00:00\",\"description\":\"El Grupo Eurologos garantiza la calidad de los servicios ling\u00fc\u00edsticos y multimedia mediante traducciones profesionales.\",\"breadcrumb\":{\"@id\":\"https:\\\/\\\/eurologos-milano.com\\\/es\\\/qualita\\\/#breadcrumb\"},\"inLanguage\":\"es\",\"potentialAction\":[{\"@type\":\"ReadAction\",\"target\":[\"https:\\\/\\\/eurologos-milano.com\\\/es\\\/qualita\\\/\"]}]},{\"@type\":\"BreadcrumbList\",\"@id\":\"https:\\\/\\\/eurologos-milano.com\\\/es\\\/qualita\\\/#breadcrumb\",\"itemListElement\":[{\"@type\":\"ListItem\",\"position\":1,\"name\":\"Home\",\"item\":\"https:\\\/\\\/eurologos-milano.com\\\/es\\\/\"},{\"@type\":\"ListItem\",\"position\":2,\"name\":\"Calidad\"}]},{\"@type\":\"WebSite\",\"@id\":\"https:\\\/\\\/eurologos-milano.com\\\/#website\",\"url\":\"https:\\\/\\\/eurologos-milano.com\\\/\",\"name\":\"Eurologos Milano\",\"description\":\"Traduzioni Milano\",\"potentialAction\":[{\"@type\":\"SearchAction\",\"target\":{\"@type\":\"EntryPoint\",\"urlTemplate\":\"https:\\\/\\\/eurologos-milano.com\\\/?s={search_term_string}\"},\"query-input\":{\"@type\":\"PropertyValueSpecification\",\"valueRequired\":true,\"valueName\":\"search_term_string\"}}],\"inLanguage\":\"es\"}]}<\/script>\n<!-- \/ Yoast SEO plugin. -->","yoast_head_json":{"title":"Calidad - Eurologos Milano","description":"El Grupo Eurologos garantiza la calidad de los servicios ling\u00fc\u00edsticos y multimedia mediante traducciones profesionales.","robots":{"index":"index","follow":"follow","max-snippet":"max-snippet:-1","max-image-preview":"max-image-preview:large","max-video-preview":"max-video-preview:-1"},"canonical":"https:\/\/eurologos-milano.com\/es\/qualita\/","og_locale":"es_ES","og_type":"article","og_title":"Calidad - Eurologos Milano","og_description":"El Grupo Eurologos garantiza la calidad de los servicios ling\u00fc\u00edsticos y multimedia mediante traducciones profesionales.","og_url":"https:\/\/eurologos-milano.com\/es\/qualita\/","og_site_name":"Eurologos Milano","article_modified_time":"2018-01-29T18:40:10+00:00","twitter_card":"summary_large_image","twitter_misc":{"Tiempo de lectura":"7 minutos"},"schema":{"@context":"https:\/\/schema.org","@graph":[{"@type":"WebPage","@id":"https:\/\/eurologos-milano.com\/es\/qualita\/","url":"https:\/\/eurologos-milano.com\/es\/qualita\/","name":"Calidad - Eurologos Milano","isPartOf":{"@id":"https:\/\/eurologos-milano.com\/#website"},"datePublished":"2016-03-11T17:47:16+00:00","dateModified":"2018-01-29T18:40:10+00:00","description":"El Grupo Eurologos garantiza la calidad de los servicios ling\u00fc\u00edsticos y multimedia mediante traducciones profesionales.","breadcrumb":{"@id":"https:\/\/eurologos-milano.com\/es\/qualita\/#breadcrumb"},"inLanguage":"es","potentialAction":[{"@type":"ReadAction","target":["https:\/\/eurologos-milano.com\/es\/qualita\/"]}]},{"@type":"BreadcrumbList","@id":"https:\/\/eurologos-milano.com\/es\/qualita\/#breadcrumb","itemListElement":[{"@type":"ListItem","position":1,"name":"Home","item":"https:\/\/eurologos-milano.com\/es\/"},{"@type":"ListItem","position":2,"name":"Calidad"}]},{"@type":"WebSite","@id":"https:\/\/eurologos-milano.com\/#website","url":"https:\/\/eurologos-milano.com\/","name":"Eurologos Milano","description":"Traduzioni Milano","potentialAction":[{"@type":"SearchAction","target":{"@type":"EntryPoint","urlTemplate":"https:\/\/eurologos-milano.com\/?s={search_term_string}"},"query-input":{"@type":"PropertyValueSpecification","valueRequired":true,"valueName":"search_term_string"}}],"inLanguage":"es"}]}},"_links":{"self":[{"href":"https:\/\/eurologos-milano.com\/es\/wp-json\/wp\/v2\/pages\/8567","targetHints":{"allow":["GET"]}}],"collection":[{"href":"https:\/\/eurologos-milano.com\/es\/wp-json\/wp\/v2\/pages"}],"about":[{"href":"https:\/\/eurologos-milano.com\/es\/wp-json\/wp\/v2\/types\/page"}],"author":[{"embeddable":true,"href":"https:\/\/eurologos-milano.com\/es\/wp-json\/wp\/v2\/users\/8"}],"replies":[{"embeddable":true,"href":"https:\/\/eurologos-milano.com\/es\/wp-json\/wp\/v2\/comments?post=8567"}],"version-history":[{"count":2,"href":"https:\/\/eurologos-milano.com\/es\/wp-json\/wp\/v2\/pages\/8567\/revisions"}],"predecessor-version":[{"id":9568,"href":"https:\/\/eurologos-milano.com\/es\/wp-json\/wp\/v2\/pages\/8567\/revisions\/9568"}],"wp:attachment":[{"href":"https:\/\/eurologos-milano.com\/es\/wp-json\/wp\/v2\/media?parent=8567"}],"curies":[{"name":"wp","href":"https:\/\/api.w.org\/{rel}","templated":true}]}}