{"id":8563,"date":"2016-03-11T17:36:18","date_gmt":"2016-03-11T17:36:18","guid":{"rendered":"https:\/\/eurologos-milano.com\/es\/?page_id=8563"},"modified":"2016-11-04T16:28:26","modified_gmt":"2016-11-04T16:28:26","slug":"grafica_multilingue","status":"publish","type":"page","link":"https:\/\/eurologos-milano.com\/es\/grafica_multilingue\/","title":{"rendered":"Dise\u00f1o gr\u00e1fico multiling\u00fces"},"content":{"rendered":"<p>[et_pb_section admin_label=\u00bbsection\u00bb fullwidth=\u00bbon\u00bb specialty=\u00bboff\u00bb transparent_background=\u00bboff\u00bb allow_player_pause=\u00bboff\u00bb inner_shadow=\u00bboff\u00bb parallax=\u00bboff\u00bb parallax_method=\u00bboff\u00bb padding_mobile=\u00bboff\u00bb module_class=\u00bbtestataServizi\u00bb make_fullwidth=\u00bboff\u00bb use_custom_width=\u00bboff\u00bb width_unit=\u00bbon\u00bb make_equal=\u00bboff\u00bb use_custom_gutter=\u00bboff\u00bb][et_pb_fullwidth_header admin_label=\u00bbIntestazione a Larghezza Piena\u00bb title=\u00bbDISE\u00d1O GR\u00c1FICO<br \/>\nMULTILING\u00dcE\u00bb subhead=\u00bbDar forma a las palabras\u00bb background_layout=\u00bblight\u00bb text_orientation=\u00bbleft\u00bb header_fullscreen=\u00bboff\u00bb header_scroll_down=\u00bbon\u00bb scroll_down_icon=\u00bb%%188%%\u00bb background_url=\u00bbhttps:\/\/eurologos-milano.com\/wp-content\/uploads\/2015\/04\/Immagine-ok.jpg\u00bb parallax=\u00bboff\u00bb parallax_method=\u00bbon\u00bb content_orientation=\u00bbcenter\u00bb image_orientation=\u00bbcenter\u00bb subhead_font=\u00bb||on||\u00bb custom_button_one=\u00bbon\u00bb button_one_letter_spacing=\u00bb0&#8243; button_one_use_icon=\u00bbon\u00bb button_one_icon_placement=\u00bbright\u00bb button_one_on_hover=\u00bboff\u00bb button_one_letter_spacing_hover=\u00bb0&#8243; custom_button_two=\u00bboff\u00bb button_two_letter_spacing=\u00bb0&#8243; button_two_use_icon=\u00bbdefault\u00bb button_two_icon_placement=\u00bbright\u00bb button_two_on_hover=\u00bbon\u00bb button_two_letter_spacing_hover=\u00bb0&#8243; module_class=\u00bbkepler\u00bb button_one_url=\u00bb#iniziotesto\u00bb button_one_text_color=\u00bb#000000&#8243; button_one_border_color=\u00bb#000000&#8243; button_one_icon=\u00bb%%18%%\u00bb button_one_border_width=\u00bb1&#8243; button_one_border_radius=\u00bb0&#8243; scroll_down_icon_color=\u00bb#000000&#8243;] [\/et_pb_fullwidth_header][\/et_pb_section][et_pb_section admin_label=\u00bbsection\u00bb transparent_background=\u00bboff\u00bb background_color=\u00bb#ffffff\u00bb inner_shadow=\u00bboff\u00bb parallax=\u00bboff\u00bb parallax_method=\u00bboff\u00bb allow_player_pause=\u00bboff\u00bb padding_mobile=\u00bboff\u00bb module_id=\u00bbiniziotesto\u00bb make_fullwidth=\u00bboff\u00bb use_custom_width=\u00bboff\u00bb width_unit=\u00bbon\u00bb make_equal=\u00bboff\u00bb use_custom_gutter=\u00bboff\u00bb][et_pb_row admin_label=\u00bbrow\u00bb][et_pb_column type=\u00bb2_3&#8243;][et_pb_text admin_label=\u00bbDPT Grafica multilingue\u00bb background_layout=\u00bblight\u00bb text_orientation=\u00bbleft\u00bb use_border_color=\u00bboff\u00bb border_color=\u00bb#ffffff\u00bb border_style=\u00bbsolid\u00bb]<\/p>\n<p>&nbsp;<\/p>\n<h1>DISE\u00d1O GR\u00c1FICO MULTILING\u00dcE<\/h1>\n<p style=\"text-align: justify;\">Eurologos Mil\u00e1n dispone de un Departamento de dise\u00f1o gr\u00e1fico dedicado a la gesti\u00f3n de proyectos multiling\u00fces. Nuestro equipo creativo integrado se ocupa de realizar folletos, documentos empresariales, desarrollo de la identidad corporativa y, con car\u00e1cter general, toda clase de proyectos de empresa. Conociendo bien las palabras y los objetivos de nuestros clientes es f\u00e1cil transformar las ideas y el gusto en imagen: \u00a1la belleza es un derecho!<\/p>\n<p>[\/et_pb_text][et_pb_cta admin_label=\u00bbCall-To-Action\u00bb button_url=\u00bbmailto:fiorini@eurologos.it\u00bb url_new_window=\u00bbon\u00bb button_text=\u00bbSolicite presupuesto\u00bb use_background_color=\u00bboff\u00bb background_color=\u00bb#005498&#8243; background_layout=\u00bblight\u00bb text_orientation=\u00bbleft\u00bb use_border_color=\u00bboff\u00bb border_color=\u00bb#ffffff\u00bb border_style=\u00bbsolid\u00bb custom_button=\u00bboff\u00bb button_letter_spacing=\u00bb0&#8243; button_use_icon=\u00bbdefault\u00bb button_icon_placement=\u00bbright\u00bb button_on_hover=\u00bbon\u00bb button_letter_spacing_hover=\u00bb0&#8243;] [\/et_pb_cta][\/et_pb_column][et_pb_column type=\u00bb1_3&#8243;][et_pb_blurb admin_label=\u00bbBlurb\u00bb url_new_window=\u00bboff\u00bb use_icon=\u00bboff\u00bb font_icon=\u00bb\ue005\u00bb icon_color=\u00bb#ffffff\u00bb use_circle=\u00bboff\u00bb circle_color=\u00bb#005498&#8243; use_circle_border=\u00bboff\u00bb circle_border_color=\u00bb#005498&#8243; icon_placement=\u00bbtop\u00bb animation=\u00bbtop\u00bb background_layout=\u00bblight\u00bb text_orientation=\u00bbcenter\u00bb image=\u00bbhttps:\/\/eurologos-milano.com\/wp-content\/uploads\/2015\/04\/DTP_Gif_300x300_Alpha_01.gif\u00bb use_icon_font_size=\u00bboff\u00bb use_border_color=\u00bboff\u00bb border_color=\u00bb#ffffff\u00bb border_style=\u00bbsolid\u00bb]<br \/>\n[\/et_pb_blurb][\/et_pb_column][\/et_pb_row][\/et_pb_section][et_pb_section admin_label=\u00bbsection\u00bb transparent_background=\u00bboff\u00bb background_color=\u00bb#f5f5f5&#8243; inner_shadow=\u00bboff\u00bb parallax=\u00bboff\u00bb parallax_method=\u00bboff\u00bb allow_player_pause=\u00bboff\u00bb padding_mobile=\u00bboff\u00bb module_id=\u00bbtesto2&#8243; make_fullwidth=\u00bboff\u00bb use_custom_width=\u00bboff\u00bb width_unit=\u00bbon\u00bb make_equal=\u00bboff\u00bb use_custom_gutter=\u00bboff\u00bb][et_pb_row admin_label=\u00bbrow\u00bb][et_pb_column type=\u00bb1_3&#8243;][et_pb_blurb admin_label=\u00bbBlurb\u00bb url_new_window=\u00bboff\u00bb use_icon=\u00bboff\u00bb font_icon=\u00bbj\u00bb icon_color=\u00bb#ffffff\u00bb use_circle=\u00bboff\u00bb circle_color=\u00bb#005498&#8243; use_circle_border=\u00bboff\u00bb circle_border_color=\u00bb#005498&#8243; icon_placement=\u00bbtop\u00bb animation=\u00bbtop\u00bb background_layout=\u00bblight\u00bb text_orientation=\u00bbcenter\u00bb image=\u00bbhttps:\/\/eurologos-milano.com\/wp-content\/uploads\/2015\/04\/Illustration_Gif_300x300_Alpha_01.gif\u00bb use_icon_font_size=\u00bboff\u00bb body_line_height=\u00bb2em\u00bb use_border_color=\u00bboff\u00bb border_color=\u00bb#ffffff\u00bb border_style=\u00bbsolid\u00bb]<br \/>\n[\/et_pb_blurb][\/et_pb_column][et_pb_column type=\u00bb2_3&#8243;][et_pb_text admin_label=\u00bbIllustrazione\u00bb background_layout=\u00bblight\u00bb text_orientation=\u00bbleft\u00bb use_border_color=\u00bboff\u00bb border_color=\u00bb#ffffff\u00bb border_style=\u00bbsolid\u00bb]<\/p>\n<h1>ILUSTRACI\u00d3N<\/h1>\n<p style=\"text-align: justify;\">La creatividad de Eurologos Mil\u00e1n est\u00e1 al servicio del cliente incluso en aquellos \u00e1mbitos en los que las palabras no bastan. \u00bfCrear un mapa o una mascota? \u00bfIconos exclusivos o un servicio fotogr\u00e1fico para una nueva colecci\u00f3n o para la inauguraci\u00f3n de un local? Los fot\u00f3grafos y los ilustradores que trabajan con Eurologos Mil\u00e1n en el marco del sistema integrado VM6 saben dar vida a los proyectos y las exigencias de cualquier cliente.<\/p>\n<p>&nbsp;<\/p>\n<p>[\/et_pb_text][et_pb_cta admin_label=\u00bbCall-To-Action\u00bb button_url=\u00bbmailto:fiorini@eurologos.it\u00bb url_new_window=\u00bbon\u00bb button_text=\u00bbSolicite presupuesto\u00bb use_background_color=\u00bboff\u00bb background_color=\u00bb#005498&#8243; background_layout=\u00bblight\u00bb text_orientation=\u00bbleft\u00bb use_border_color=\u00bboff\u00bb border_color=\u00bb#ffffff\u00bb border_style=\u00bbsolid\u00bb custom_button=\u00bboff\u00bb button_letter_spacing=\u00bb0&#8243; button_use_icon=\u00bbdefault\u00bb button_icon_placement=\u00bbright\u00bb button_on_hover=\u00bbon\u00bb button_letter_spacing_hover=\u00bb0&#8243;] [\/et_pb_cta][\/et_pb_column][\/et_pb_row][\/et_pb_section][et_pb_section admin_label=\u00bbsection\u00bb transparent_background=\u00bboff\u00bb background_color=\u00bb#ffffff\u00bb inner_shadow=\u00bboff\u00bb parallax=\u00bboff\u00bb parallax_method=\u00bboff\u00bb][et_pb_row admin_label=\u00bbrow\u00bb][et_pb_column type=\u00bb2_3&#8243;][et_pb_text admin_label=\u00bbFotolito\u00bb background_layout=\u00bblight\u00bb text_orientation=\u00bbleft\u00bb use_border_color=\u00bboff\u00bb border_color=\u00bb#ffffff\u00bb border_style=\u00bbsolid\u00bb]<\/p>\n<p>&nbsp;<\/p>\n<h1>FOTOLITOS E IMPRENTA<\/h1>\n<p style=\"text-align: justify;\">Gracias a las funciones diversificadas y complementarias de nuestro equipo de profesionales, Eurologos Mil\u00e1n presta servicios integrales de lengua, imagen y comunicaci\u00f3n. Todo el proceso editorial se gestiona internamente, desde la planificaci\u00f3n a la impresi\u00f3n (digital o tipogr\u00e1fica), con ventajas indudables para el cliente. La gesti\u00f3n de todo el proyecto bajo un solo techo garantiza plazos m\u00e1s r\u00e1pidos, procesos simplificados, un mejor control de la calidad y un precio m\u00e1s competitivo, porque eliminamos intermediarios, no duplicamos pasos y procedimientos, y reducimos los gastos generales.<\/p>\n<p>&nbsp;<\/p>\n<p>[\/et_pb_text][et_pb_cta admin_label=\u00bbCall-To-Action\u00bb button_url=\u00bbmailto:fiorini@eurologos.it\u00bb url_new_window=\u00bbon\u00bb button_text=\u00bbSolicite presupuesto\u00bb use_background_color=\u00bboff\u00bb background_color=\u00bb#005498&#8243; background_layout=\u00bblight\u00bb text_orientation=\u00bbleft\u00bb use_border_color=\u00bboff\u00bb border_color=\u00bb#ffffff\u00bb border_style=\u00bbsolid\u00bb custom_button=\u00bboff\u00bb button_letter_spacing=\u00bb0&#8243; button_use_icon=\u00bbdefault\u00bb button_icon_placement=\u00bbright\u00bb button_on_hover=\u00bbon\u00bb button_letter_spacing_hover=\u00bb0&#8243;] [\/et_pb_cta][\/et_pb_column][et_pb_column type=\u00bb1_3&#8243;][et_pb_blurb admin_label=\u00bbBlurb\u00bb url_new_window=\u00bboff\u00bb use_icon=\u00bboff\u00bb font_icon=\u00bbj\u00bb icon_color=\u00bb#1e73be\u00bb use_circle=\u00bboff\u00bb circle_color=\u00bb#005498&#8243; use_circle_border=\u00bboff\u00bb circle_border_color=\u00bb#005498&#8243; icon_placement=\u00bbtop\u00bb animation=\u00bbtop\u00bb background_layout=\u00bblight\u00bb text_orientation=\u00bbcenter\u00bb image=\u00bbhttps:\/\/eurologos-milano.com\/wp-content\/uploads\/2015\/04\/Printing_Gif_300x300_Alpha_01.gif\u00bb use_icon_font_size=\u00bboff\u00bb body_line_height=\u00bb2em\u00bb use_border_color=\u00bboff\u00bb border_color=\u00bb#ffffff\u00bb border_style=\u00bbsolid\u00bb]<br \/>\n[\/et_pb_blurb][\/et_pb_column][\/et_pb_row][\/et_pb_section][et_pb_section admin_label=\u00bbsection\u00bb transparent_background=\u00bboff\u00bb background_color=\u00bb#f5f5f5&#8243; inner_shadow=\u00bboff\u00bb parallax=\u00bboff\u00bb parallax_method=\u00bboff\u00bb][et_pb_row admin_label=\u00bbrow\u00bb][et_pb_column type=\u00bb1_3&#8243;][et_pb_blurb admin_label=\u00bbBlurb\u00bb url_new_window=\u00bboff\u00bb use_icon=\u00bboff\u00bb font_icon=\u00bb\ue00e\u00bb icon_color=\u00bb#ffffff\u00bb use_circle=\u00bboff\u00bb circle_color=\u00bb#005498&#8243; use_circle_border=\u00bboff\u00bb circle_border_color=\u00bb#005498&#8243; icon_placement=\u00bbtop\u00bb animation=\u00bbtop\u00bb background_layout=\u00bblight\u00bb text_orientation=\u00bbcenter\u00bb image=\u00bbhttps:\/\/eurologos-milano.com\/wp-content\/uploads\/2015\/04\/Website_Gif_300x300_Alpha_01.gif\u00bb use_icon_font_size=\u00bboff\u00bb body_line_height=\u00bb2em\u00bb use_border_color=\u00bboff\u00bb border_color=\u00bb#ffffff\u00bb border_style=\u00bbsolid\u00bb]<br \/>\n[\/et_pb_blurb][\/et_pb_column][et_pb_column type=\u00bb2_3&#8243;][et_pb_text admin_label=\u00bbSiti internet\u00bb background_layout=\u00bblight\u00bb text_orientation=\u00bbleft\u00bb use_border_color=\u00bboff\u00bb border_color=\u00bb#ffffff\u00bb border_style=\u00bbsolid\u00bb]<\/p>\n<h1>P\u00c1GINAS WEB<\/h1>\n<p style=\"text-align: justify;\">Internet es el espacio de comunicaci\u00f3n por excelencia, pero requiere un esfuerzo constante de puesta al d\u00eda. Eurologos Mil\u00e1n ofrece a sus clientes la posibilidad de administrar ese espacio de comunicaci\u00f3n, integrando competencias creativas y t\u00e9cnicas en el \u00e1mbito del sistema VM6 y explotando al m\u00e1ximo las innumerables posibilidades de la red global.<\/p>\n<p>[\/et_pb_text][et_pb_cta admin_label=\u00bbCall-To-Action\u00bb button_url=\u00bbmailto:fiorini@eurologos.it\u00bb url_new_window=\u00bbon\u00bb button_text=\u00bbSolicite presupuesto\u00bb use_background_color=\u00bboff\u00bb background_color=\u00bb#005498&#8243; background_layout=\u00bblight\u00bb text_orientation=\u00bbleft\u00bb use_border_color=\u00bboff\u00bb border_color=\u00bb#ffffff\u00bb border_style=\u00bbsolid\u00bb custom_button=\u00bboff\u00bb button_letter_spacing=\u00bb0&#8243; button_use_icon=\u00bbdefault\u00bb button_icon_placement=\u00bbright\u00bb button_on_hover=\u00bbon\u00bb button_letter_spacing_hover=\u00bb0&#8243;] [\/et_pb_cta][\/et_pb_column][\/et_pb_row][\/et_pb_section]<\/p>\n","protected":false},"excerpt":{"rendered":"<p>&nbsp; DISE\u00d1O GR\u00c1FICO MULTILING\u00dcE Eurologos Mil\u00e1n dispone de un Departamento de dise\u00f1o gr\u00e1fico dedicado a la gesti\u00f3n de proyectos multiling\u00fces. Nuestro equipo creativo integrado se ocupa de realizar folletos, documentos empresariales, desarrollo de la identidad corporativa y, con car\u00e1cter general, toda clase de proyectos de empresa. Conociendo bien las palabras y los objetivos de nuestros [&hellip;]<\/p>\n","protected":false},"author":8,"featured_media":0,"parent":0,"menu_order":40,"comment_status":"open","ping_status":"closed","template":"","meta":{"_et_pb_use_builder":"on","_et_pb_old_content":"","_et_gb_content_width":"","footnotes":""},"class_list":["post-8563","page","type-page","status-publish","hentry"],"yoast_head":"<!-- This site is optimized with the Yoast SEO plugin v27.3 - https:\/\/yoast.com\/product\/yoast-seo-wordpress\/ -->\n<title>Dise\u00f1o gr\u00e1fico multiling\u00fces - Eurologos Milano<\/title>\n<meta name=\"description\" content=\"Eurologos Mil\u00e1n dispone de un departamento de dise\u00f1o gr\u00e1fico multiling\u00fce dedicado a la gesti\u00f3n de proyectos de varios idiomas.\" \/>\n<meta name=\"robots\" content=\"index, follow, max-snippet:-1, max-image-preview:large, max-video-preview:-1\" \/>\n<link rel=\"canonical\" href=\"https:\/\/eurologos-milano.com\/es\/grafica_multilingue\/\" \/>\n<meta property=\"og:locale\" content=\"es_ES\" \/>\n<meta property=\"og:type\" content=\"article\" \/>\n<meta property=\"og:title\" content=\"Dise\u00f1o gr\u00e1fico multiling\u00fces - Eurologos Milano\" \/>\n<meta property=\"og:description\" content=\"Eurologos Mil\u00e1n dispone de un departamento de dise\u00f1o gr\u00e1fico multiling\u00fce dedicado a la gesti\u00f3n de proyectos de varios idiomas.\" \/>\n<meta property=\"og:url\" content=\"https:\/\/eurologos-milano.com\/es\/grafica_multilingue\/\" \/>\n<meta property=\"og:site_name\" content=\"Eurologos Milano\" \/>\n<meta property=\"article:modified_time\" content=\"2016-11-04T16:28:26+00:00\" \/>\n<meta name=\"twitter:card\" content=\"summary_large_image\" \/>\n<meta name=\"twitter:label1\" content=\"Tiempo de lectura\" \/>\n\t<meta name=\"twitter:data1\" content=\"7 minutos\" \/>\n<script type=\"application\/ld+json\" class=\"yoast-schema-graph\">{\"@context\":\"https:\\\/\\\/schema.org\",\"@graph\":[{\"@type\":\"WebPage\",\"@id\":\"https:\\\/\\\/eurologos-milano.com\\\/es\\\/grafica_multilingue\\\/\",\"url\":\"https:\\\/\\\/eurologos-milano.com\\\/es\\\/grafica_multilingue\\\/\",\"name\":\"Dise\u00f1o gr\u00e1fico multiling\u00fces - Eurologos Milano\",\"isPartOf\":{\"@id\":\"https:\\\/\\\/eurologos-milano.com\\\/#website\"},\"datePublished\":\"2016-03-11T17:36:18+00:00\",\"dateModified\":\"2016-11-04T16:28:26+00:00\",\"description\":\"Eurologos Mil\u00e1n dispone de un departamento de dise\u00f1o gr\u00e1fico multiling\u00fce dedicado a la gesti\u00f3n de proyectos de varios idiomas.\",\"breadcrumb\":{\"@id\":\"https:\\\/\\\/eurologos-milano.com\\\/es\\\/grafica_multilingue\\\/#breadcrumb\"},\"inLanguage\":\"es\",\"potentialAction\":[{\"@type\":\"ReadAction\",\"target\":[\"https:\\\/\\\/eurologos-milano.com\\\/es\\\/grafica_multilingue\\\/\"]}]},{\"@type\":\"BreadcrumbList\",\"@id\":\"https:\\\/\\\/eurologos-milano.com\\\/es\\\/grafica_multilingue\\\/#breadcrumb\",\"itemListElement\":[{\"@type\":\"ListItem\",\"position\":1,\"name\":\"Home\",\"item\":\"https:\\\/\\\/eurologos-milano.com\\\/es\\\/\"},{\"@type\":\"ListItem\",\"position\":2,\"name\":\"Dise\u00f1o gr\u00e1fico multiling\u00fces\"}]},{\"@type\":\"WebSite\",\"@id\":\"https:\\\/\\\/eurologos-milano.com\\\/#website\",\"url\":\"https:\\\/\\\/eurologos-milano.com\\\/\",\"name\":\"Eurologos Milano\",\"description\":\"Traduzioni Milano\",\"potentialAction\":[{\"@type\":\"SearchAction\",\"target\":{\"@type\":\"EntryPoint\",\"urlTemplate\":\"https:\\\/\\\/eurologos-milano.com\\\/?s={search_term_string}\"},\"query-input\":{\"@type\":\"PropertyValueSpecification\",\"valueRequired\":true,\"valueName\":\"search_term_string\"}}],\"inLanguage\":\"es\"}]}<\/script>\n<!-- \/ Yoast SEO plugin. -->","yoast_head_json":{"title":"Dise\u00f1o gr\u00e1fico multiling\u00fces - Eurologos Milano","description":"Eurologos Mil\u00e1n dispone de un departamento de dise\u00f1o gr\u00e1fico multiling\u00fce dedicado a la gesti\u00f3n de proyectos de varios idiomas.","robots":{"index":"index","follow":"follow","max-snippet":"max-snippet:-1","max-image-preview":"max-image-preview:large","max-video-preview":"max-video-preview:-1"},"canonical":"https:\/\/eurologos-milano.com\/es\/grafica_multilingue\/","og_locale":"es_ES","og_type":"article","og_title":"Dise\u00f1o gr\u00e1fico multiling\u00fces - Eurologos Milano","og_description":"Eurologos Mil\u00e1n dispone de un departamento de dise\u00f1o gr\u00e1fico multiling\u00fce dedicado a la gesti\u00f3n de proyectos de varios idiomas.","og_url":"https:\/\/eurologos-milano.com\/es\/grafica_multilingue\/","og_site_name":"Eurologos Milano","article_modified_time":"2016-11-04T16:28:26+00:00","twitter_card":"summary_large_image","twitter_misc":{"Tiempo de lectura":"7 minutos"},"schema":{"@context":"https:\/\/schema.org","@graph":[{"@type":"WebPage","@id":"https:\/\/eurologos-milano.com\/es\/grafica_multilingue\/","url":"https:\/\/eurologos-milano.com\/es\/grafica_multilingue\/","name":"Dise\u00f1o gr\u00e1fico multiling\u00fces - Eurologos Milano","isPartOf":{"@id":"https:\/\/eurologos-milano.com\/#website"},"datePublished":"2016-03-11T17:36:18+00:00","dateModified":"2016-11-04T16:28:26+00:00","description":"Eurologos Mil\u00e1n dispone de un departamento de dise\u00f1o gr\u00e1fico multiling\u00fce dedicado a la gesti\u00f3n de proyectos de varios idiomas.","breadcrumb":{"@id":"https:\/\/eurologos-milano.com\/es\/grafica_multilingue\/#breadcrumb"},"inLanguage":"es","potentialAction":[{"@type":"ReadAction","target":["https:\/\/eurologos-milano.com\/es\/grafica_multilingue\/"]}]},{"@type":"BreadcrumbList","@id":"https:\/\/eurologos-milano.com\/es\/grafica_multilingue\/#breadcrumb","itemListElement":[{"@type":"ListItem","position":1,"name":"Home","item":"https:\/\/eurologos-milano.com\/es\/"},{"@type":"ListItem","position":2,"name":"Dise\u00f1o gr\u00e1fico multiling\u00fces"}]},{"@type":"WebSite","@id":"https:\/\/eurologos-milano.com\/#website","url":"https:\/\/eurologos-milano.com\/","name":"Eurologos Milano","description":"Traduzioni Milano","potentialAction":[{"@type":"SearchAction","target":{"@type":"EntryPoint","urlTemplate":"https:\/\/eurologos-milano.com\/?s={search_term_string}"},"query-input":{"@type":"PropertyValueSpecification","valueRequired":true,"valueName":"search_term_string"}}],"inLanguage":"es"}]}},"_links":{"self":[{"href":"https:\/\/eurologos-milano.com\/es\/wp-json\/wp\/v2\/pages\/8563","targetHints":{"allow":["GET"]}}],"collection":[{"href":"https:\/\/eurologos-milano.com\/es\/wp-json\/wp\/v2\/pages"}],"about":[{"href":"https:\/\/eurologos-milano.com\/es\/wp-json\/wp\/v2\/types\/page"}],"author":[{"embeddable":true,"href":"https:\/\/eurologos-milano.com\/es\/wp-json\/wp\/v2\/users\/8"}],"replies":[{"embeddable":true,"href":"https:\/\/eurologos-milano.com\/es\/wp-json\/wp\/v2\/comments?post=8563"}],"version-history":[{"count":1,"href":"https:\/\/eurologos-milano.com\/es\/wp-json\/wp\/v2\/pages\/8563\/revisions"}],"predecessor-version":[{"id":9117,"href":"https:\/\/eurologos-milano.com\/es\/wp-json\/wp\/v2\/pages\/8563\/revisions\/9117"}],"wp:attachment":[{"href":"https:\/\/eurologos-milano.com\/es\/wp-json\/wp\/v2\/media?parent=8563"}],"curies":[{"name":"wp","href":"https:\/\/api.w.org\/{rel}","templated":true}]}}