{"id":8557,"date":"2016-03-11T17:27:28","date_gmt":"2016-03-11T17:27:28","guid":{"rendered":"https:\/\/eurologos-milano.com\/es\/?page_id=8557"},"modified":"2016-11-04T16:29:04","modified_gmt":"2016-11-04T16:29:04","slug":"lingua","status":"publish","type":"page","link":"https:\/\/eurologos-milano.com\/es\/lingua\/","title":{"rendered":"Traducci\u00f3n y Copywriting"},"content":{"rendered":"<p>[et_pb_section admin_label=\u00bbsection\u00bb fullwidth=\u00bbon\u00bb specialty=\u00bboff\u00bb background_image=\u00bbhttps:\/\/eurologos-milano.com\/wp-content\/uploads\/2015\/04\/Lingua-ok.jpg\u00bb transparent_background=\u00bboff\u00bb background_color=\u00bb#ffffff\u00bb inner_shadow=\u00bboff\u00bb parallax=\u00bbon\u00bb parallax_method=\u00bbon\u00bb module_class=\u00bbtestataServizi\u00bb][et_pb_fullwidth_header admin_label=\u00bbFullwidth Header\u00bb title=\u00bbTraducci\u00f3n<br \/>\ny copywriting\u00bb subhead=\u00bbNinguna lengua es extra\u00f1a\u00bb background_layout=\u00bblight\u00bb text_orientation=\u00bbleft\u00bb header_fullscreen=\u00bboff\u00bb header_scroll_down=\u00bboff\u00bb parallax=\u00bboff\u00bb parallax_method=\u00bboff\u00bb content_orientation=\u00bbcenter\u00bb image_orientation=\u00bbcenter\u00bb custom_button_one=\u00bboff\u00bb button_one_letter_spacing=\u00bb0&#8243; button_one_use_icon=\u00bbdefault\u00bb button_one_icon_placement=\u00bbright\u00bb button_one_on_hover=\u00bbon\u00bb button_one_letter_spacing_hover=\u00bb0&#8243; custom_button_two=\u00bboff\u00bb button_two_letter_spacing=\u00bb0&#8243; button_two_use_icon=\u00bbdefault\u00bb button_two_icon_placement=\u00bbright\u00bb button_two_on_hover=\u00bbon\u00bb button_two_letter_spacing_hover=\u00bb0&#8243; module_class=\u00bbkepler\u00bb subhead_font=\u00bb||on||\u00bb]<br \/>\n[\/et_pb_fullwidth_header][\/et_pb_section][et_pb_section admin_label=\u00bbsection\u00bb fullwidth=\u00bboff\u00bb specialty=\u00bboff\u00bb transparent_background=\u00bboff\u00bb background_color=\u00bb#f5f5f5&#8243; inner_shadow=\u00bboff\u00bb parallax=\u00bboff\u00bb parallax_method=\u00bboff\u00bb allow_player_pause=\u00bboff\u00bb padding_mobile=\u00bboff\u00bb make_fullwidth=\u00bboff\u00bb use_custom_width=\u00bboff\u00bb width_unit=\u00bbon\u00bb make_equal=\u00bboff\u00bb use_custom_gutter=\u00bboff\u00bb][et_pb_row admin_label=\u00bbrow\u00bb][et_pb_column type=\u00bb1_2&#8243;][et_pb_text admin_label=\u00bbTraduzione e revisione\u00bb background_layout=\u00bblight\u00bb text_orientation=\u00bbleft\u00bb text_line_height=\u00bb2em\u00bb use_border_color=\u00bboff\u00bb border_color=\u00bb#ffffff\u00bb border_style=\u00bbsolid\u00bb]<\/p>\n<h1>TRADUCCI\u00d3N, REVISI\u00d3N Y TERMINOLOG\u00cdA<\/h1>\n<p style=\"text-align: justify;\">Nuestra actividad principal es la traducci\u00f3n, porque nuestros clientes saben lo fundamental que es hoy en d\u00eda adaptar su idioma al de los mercados en los que tienen actividad, mediante la <strong>localizaci\u00f3n ling\u00fc\u00edstica<\/strong>. El multiling\u00fcismo ya forma parte de los productos y los servicios de las empresas, y una traducci\u00f3n de calidad es un factor crucial de competitividad y \u00e9xito. Por este motivo, Eurologos Mil\u00e1n utiliza un m\u00e9todo de calidad consolidado. Cada traducci\u00f3n se somete a un proceso de revisi\u00f3n que se caracteriza por un doble control de profesionales en su lengua materna y por una actualizaci\u00f3n constante del l\u00e9xico de empresa.<\/p>\n<p>[\/et_pb_text][et_pb_cta admin_label=\u00bbCall-To-Action\u00bb button_url=\u00bbmailto:viola@eurologos.it\u00bb url_new_window=\u00bbon\u00bb button_text=\u00bbSolicite presupuesto\u00bb use_background_color=\u00bboff\u00bb background_color=\u00bb#005498&#8243; background_layout=\u00bblight\u00bb text_orientation=\u00bbleft\u00bb use_border_color=\u00bboff\u00bb border_color=\u00bb#ffffff\u00bb border_style=\u00bbsolid\u00bb custom_button=\u00bboff\u00bb button_letter_spacing=\u00bb0&#8243; button_use_icon=\u00bbdefault\u00bb button_icon_placement=\u00bbright\u00bb button_on_hover=\u00bbon\u00bb button_letter_spacing_hover=\u00bb0&#8243;]<\/p>\n<p>&nbsp;<\/p>\n<p>[\/et_pb_cta][\/et_pb_column][et_pb_column type=\u00bb1_2&#8243;][et_pb_blurb admin_label=\u00bbBlurb\u00bb url_new_window=\u00bboff\u00bb use_icon=\u00bboff\u00bb font_icon=\u00bb\ue0e2\u00bb icon_color=\u00bb#ffffff\u00bb use_circle=\u00bboff\u00bb circle_color=\u00bb#005498&#8243; use_circle_border=\u00bboff\u00bb circle_border_color=\u00bb#005498&#8243; icon_placement=\u00bbtop\u00bb animation=\u00bbright\u00bb background_layout=\u00bblight\u00bb text_orientation=\u00bbcenter\u00bb image=\u00bbhttps:\/\/eurologos-milano.com\/wp-content\/uploads\/2015\/04\/Tick_Gif_300x300_Alpha_01.gif\u00bb use_icon_font_size=\u00bboff\u00bb body_line_height=\u00bb2em\u00bb use_border_color=\u00bboff\u00bb border_color=\u00bb#ffffff\u00bb border_style=\u00bbsolid\u00bb]<\/p>\n<p>&nbsp;<\/p>\n<p>[\/et_pb_blurb][\/et_pb_column][\/et_pb_row][\/et_pb_section][et_pb_section admin_label=\u00bbsection\u00bb fullwidth=\u00bboff\u00bb specialty=\u00bboff\u00bb transparent_background=\u00bboff\u00bb background_color=\u00bb#ffffff\u00bb inner_shadow=\u00bboff\u00bb parallax=\u00bboff\u00bb parallax_method=\u00bboff\u00bb allow_player_pause=\u00bboff\u00bb padding_mobile=\u00bboff\u00bb make_fullwidth=\u00bboff\u00bb use_custom_width=\u00bboff\u00bb width_unit=\u00bbon\u00bb make_equal=\u00bboff\u00bb use_custom_gutter=\u00bboff\u00bb][et_pb_row admin_label=\u00bbrow\u00bb][et_pb_column type=\u00bb1_3&#8243;][et_pb_blurb admin_label=\u00bbBlurb\u00bb url_new_window=\u00bboff\u00bb use_icon=\u00bboff\u00bb font_icon=\u00bbl\u00bb icon_color=\u00bb#ffffff\u00bb use_circle=\u00bboff\u00bb circle_color=\u00bb#005498&#8243; use_circle_border=\u00bboff\u00bb circle_border_color=\u00bb#005498&#8243; icon_placement=\u00bbtop\u00bb animation=\u00bbtop\u00bb background_layout=\u00bblight\u00bb text_orientation=\u00bbcenter\u00bb image=\u00bbhttps:\/\/eurologos-milano.com\/wp-content\/uploads\/2015\/04\/Copywriting_Gif_300x300_Alpha_01.gif\u00bb use_icon_font_size=\u00bboff\u00bb body_line_height=\u00bb2em\u00bb use_border_color=\u00bboff\u00bb border_color=\u00bb#ffffff\u00bb border_style=\u00bbsolid\u00bb]<\/p>\n<p>&nbsp;<\/p>\n<p>[\/et_pb_blurb][\/et_pb_column][et_pb_column type=\u00bb2_3&#8243;][et_pb_text admin_label=\u00bbediting e scrittura\u00bb background_layout=\u00bblight\u00bb text_orientation=\u00bbleft\u00bb text_line_height=\u00bb2em\u00bb use_border_color=\u00bboff\u00bb border_color=\u00bb#ffffff\u00bb border_style=\u00bbsolid\u00bb]<\/p>\n<h1>CONTENIDOS: EDICI\u00d3N Y REDACCI\u00d3N OPTIMIZADAS PARA LA WEB<\/h1>\n<p style=\"text-align: justify;\">Las palabras son la misi\u00f3n de Eurologos Mil\u00e1n. Son nuestra manera de aportar valor a sus productos. Conocemos el l\u00e9xico espec\u00edfico de las empresas m\u00e1s diversas, nos adaptamos a la jerga profesional, caracterizada por su terminolog\u00eda cient\u00edfica o t\u00e9cnica, y somos capaces de expresar de la mejor forma posible lo que se desea comunicar. Eurologos Mil\u00e1n abarca desde la escritura de un texto partiendo de cero hasta servicios de reescritura, edici\u00f3n y correcci\u00f3n de pruebas. Adem\u00e1s, gracias a la colaboraci\u00f3n con Beecreative, una Web Agency que junto a Eurologos forma parte del sistema integrado VM6, nuestra oferta incluye desde sitios web multiling\u00fces y glocalizados, con traducciones optimizadas pensando en los motores de b\u00fasqueda, hasta la creaci\u00f3n de contenidos para el mundo digital y las redes sociales, siempre con el objetivo de garantizar a su empresa el mejor posicionamiento exterior.<\/p>\n<p>&nbsp;<\/p>\n<p>[\/et_pb_text][et_pb_cta admin_label=\u00bbCall-To-Action\u00bb button_url=\u00bbmailto:viola@eurologos.it\u00bb url_new_window=\u00bbon\u00bb button_text=\u00bbSolicite presupuesto\u00bb use_background_color=\u00bboff\u00bb background_color=\u00bb#005498&#8243; background_layout=\u00bblight\u00bb text_orientation=\u00bbleft\u00bb use_border_color=\u00bboff\u00bb border_color=\u00bb#ffffff\u00bb border_style=\u00bbsolid\u00bb custom_button=\u00bboff\u00bb button_letter_spacing=\u00bb0&#8243; button_use_icon=\u00bbdefault\u00bb button_icon_placement=\u00bbright\u00bb button_on_hover=\u00bbon\u00bb button_letter_spacing_hover=\u00bb0&#8243;]<\/p>\n<p>&nbsp;<\/p>\n<p>[\/et_pb_cta][\/et_pb_column][\/et_pb_row][\/et_pb_section][et_pb_section admin_label=\u00bbsection\u00bb fullwidth=\u00bboff\u00bb specialty=\u00bboff\u00bb transparent_background=\u00bboff\u00bb background_color=\u00bb#f5f5f5&#8243; inner_shadow=\u00bboff\u00bb parallax=\u00bboff\u00bb parallax_method=\u00bboff\u00bb allow_player_pause=\u00bboff\u00bb padding_mobile=\u00bboff\u00bb make_fullwidth=\u00bboff\u00bb use_custom_width=\u00bboff\u00bb width_unit=\u00bbon\u00bb make_equal=\u00bboff\u00bb use_custom_gutter=\u00bboff\u00bb][et_pb_row admin_label=\u00bbrow\u00bb][et_pb_column type=\u00bb2_3&#8243;][et_pb_text admin_label=\u00bbgestione lingue rare\u00bb background_layout=\u00bblight\u00bb text_orientation=\u00bbleft\u00bb text_line_height=\u00bb2em\u00bb use_border_color=\u00bboff\u00bb border_color=\u00bb#ffffff\u00bb border_style=\u00bbsolid\u00bb]<\/p>\n<h1>GESTI\u00d3N DE LENGUAS POCO COMUNES<\/h1>\n<p style=\"text-align: justify;\">Hoy en d\u00eda, gran parte del mundo empresarial italiano y europeo est\u00e1 explorando nuevos mercados de referencia y nuevos canales comerciales. Esta din\u00e1mica no hace m\u00e1s que aumentar el inter\u00e9s por las lenguas poco comunes. Para Eurologos Mil\u00e1n ninguna lengua es extra\u00f1a y no es nada inusual traducir, maquetar o publicar proyectos multiling\u00fces en idiomas de pa\u00edses de Europa del Este, Asia o \u00c1frica. Tenemos competencias ling\u00fc\u00edsticas y gr\u00e1ficas en idiomas poco comunes, que ponemos al servicio de nuestros clientes con los mismos niveles de calidad que las traducciones a las lenguas m\u00e1s frecuentes. Eurologos Mil\u00e1n puede desarrollar una presentaci\u00f3n en \u00e1rabe en El Cairo o maquetar e imprimir un folleto en chino bajo la supervisi\u00f3n de la oficina de <a href=\"https:\/\/eurologos-shanghai.cn\/\" target=\"_blank\">Eurologos Shangh\u00e1i<\/a>. Porque cada una de nuestras oficinas es, al mismo tiempo, local y global, es decir: <em>glocal<\/em>.<\/p>\n<p>[\/et_pb_text][et_pb_cta admin_label=\u00bbCall-To-Action\u00bb button_url=\u00bbmailto:viola@eurologos.it\u00bb url_new_window=\u00bbon\u00bb button_text=\u00bbSolicite presupuesto\u00bb use_background_color=\u00bboff\u00bb background_color=\u00bb#005498&#8243; background_layout=\u00bblight\u00bb text_orientation=\u00bbleft\u00bb use_border_color=\u00bboff\u00bb border_color=\u00bb#ffffff\u00bb border_style=\u00bbsolid\u00bb custom_button=\u00bboff\u00bb button_letter_spacing=\u00bb0&#8243; button_use_icon=\u00bbdefault\u00bb button_icon_placement=\u00bbright\u00bb button_on_hover=\u00bbon\u00bb button_letter_spacing_hover=\u00bb0&#8243;]<\/p>\n<p>&nbsp;<\/p>\n<p>[\/et_pb_cta][\/et_pb_column][et_pb_column type=\u00bb1_3&#8243;][et_pb_blurb admin_label=\u00bbBlurb\u00bb url_new_window=\u00bboff\u00bb use_icon=\u00bboff\u00bb font_icon=\u00bb\ue00a\u00bb icon_color=\u00bb#1e73be\u00bb use_circle=\u00bboff\u00bb circle_color=\u00bb#005498&#8243; use_circle_border=\u00bboff\u00bb circle_border_color=\u00bb#005498&#8243; icon_placement=\u00bbtop\u00bb animation=\u00bbtop\u00bb background_layout=\u00bblight\u00bb text_orientation=\u00bbcenter\u00bb image=\u00bbhttps:\/\/eurologos-milano.com\/wp-content\/uploads\/2015\/04\/RareLanguages_Gif_300x300_Alpha_01.gif\u00bb use_icon_font_size=\u00bboff\u00bb body_line_height=\u00bb2em\u00bb use_border_color=\u00bboff\u00bb border_color=\u00bb#ffffff\u00bb border_style=\u00bbsolid\u00bb]<\/p>\n<p>&nbsp;<\/p>\n<p>[\/et_pb_blurb][\/et_pb_column][\/et_pb_row][\/et_pb_section][et_pb_section admin_label=\u00bbsection\u00bb fullwidth=\u00bboff\u00bb specialty=\u00bboff\u00bb transparent_background=\u00bboff\u00bb background_color=\u00bb#ffffff\u00bb inner_shadow=\u00bboff\u00bb parallax=\u00bboff\u00bb parallax_method=\u00bboff\u00bb allow_player_pause=\u00bboff\u00bb padding_mobile=\u00bboff\u00bb make_fullwidth=\u00bboff\u00bb use_custom_width=\u00bboff\u00bb width_unit=\u00bbon\u00bb make_equal=\u00bboff\u00bb use_custom_gutter=\u00bboff\u00bb][et_pb_row admin_label=\u00bbrow\u00bb][et_pb_column type=\u00bb1_3&#8243;][et_pb_blurb admin_label=\u00bbBlurb\u00bb url_new_window=\u00bboff\u00bb use_icon=\u00bboff\u00bb font_icon=\u00bb\ue027\u00bb icon_color=\u00bb#ffffff\u00bb use_circle=\u00bboff\u00bb circle_color=\u00bb#005498&#8243; use_circle_border=\u00bboff\u00bb circle_border_color=\u00bb#005498&#8243; icon_placement=\u00bbtop\u00bb animation=\u00bbtop\u00bb background_layout=\u00bblight\u00bb text_orientation=\u00bbcenter\u00bb image=\u00bbhttps:\/\/eurologos-milano.com\/wp-content\/uploads\/2015\/04\/Interpreter_Gif_300x300_Alpha_01.gif\u00bb use_icon_font_size=\u00bboff\u00bb body_line_height=\u00bb2em\u00bb use_border_color=\u00bboff\u00bb border_color=\u00bb#ffffff\u00bb border_style=\u00bbsolid\u00bb]<\/p>\n<p>&nbsp;<\/p>\n<p>[\/et_pb_blurb][\/et_pb_column][et_pb_column type=\u00bb2_3&#8243;][et_pb_text admin_label=\u00bbInterpretariato\u00bb background_layout=\u00bblight\u00bb text_orientation=\u00bbleft\u00bb text_line_height=\u00bb2em\u00bb use_border_color=\u00bboff\u00bb border_color=\u00bb#ffffff\u00bb border_style=\u00bbsolid\u00bb]<\/p>\n<h1>INTERPRETACI\u00d3N Y ORGANIZACI\u00d3N DE CONGRESOS<\/h1>\n<p style=\"text-align: justify;\">En Eurologos Mil\u00e1n sabemos interpretar los conocimientos t\u00e9cnicos empresariales y transformarlos en palabras. Por eso, nuestro departamento de interpretaci\u00f3n se ocupa de que se alcancen sistem\u00e1ticamente todos y cada uno de los objetivos de nuestra oferta. Desde el servicio ling\u00fc\u00edstico hasta la log\u00edstica, pasando por la redacci\u00f3n de programas: toda la experiencia de Eurologos Mil\u00e1n est\u00e1 siempre al servicio de sus clientes. Ya se trate de un importante congreso multiling\u00fce, una conferencia de prensa o una reuni\u00f3n de trabajo biling\u00fce, Eurologos Mil\u00e1n ofrece servicios de interpretaci\u00f3n y traducci\u00f3n, as\u00ed como f\u00f3rmulas personalizadas (reservas de hotel, alojamiento, material audiovisual y equipos).<\/p>\n<p>[\/et_pb_text][et_pb_cta admin_label=\u00bbCall-To-Action\u00bb button_url=\u00bbmailto:viola@eurologos.it\u00bb url_new_window=\u00bbon\u00bb button_text=\u00bbSolicite presupuesto\u00bb use_background_color=\u00bboff\u00bb background_color=\u00bb#005498&#8243; background_layout=\u00bblight\u00bb text_orientation=\u00bbleft\u00bb use_border_color=\u00bboff\u00bb border_color=\u00bb#ffffff\u00bb border_style=\u00bbsolid\u00bb custom_button=\u00bboff\u00bb button_letter_spacing=\u00bb0&#8243; button_use_icon=\u00bbdefault\u00bb button_icon_placement=\u00bbright\u00bb button_on_hover=\u00bbon\u00bb button_letter_spacing_hover=\u00bb0&#8243;]<\/p>\n<p>&nbsp;<\/p>\n<p>[\/et_pb_cta][\/et_pb_column][\/et_pb_row][\/et_pb_section][et_pb_section admin_label=\u00bbsection\u00bb fullwidth=\u00bboff\u00bb specialty=\u00bboff\u00bb transparent_background=\u00bboff\u00bb background_color=\u00bb#f5f5f5&#8243; inner_shadow=\u00bboff\u00bb parallax=\u00bboff\u00bb parallax_method=\u00bboff\u00bb allow_player_pause=\u00bboff\u00bb padding_mobile=\u00bboff\u00bb make_fullwidth=\u00bboff\u00bb use_custom_width=\u00bboff\u00bb width_unit=\u00bbon\u00bb make_equal=\u00bboff\u00bb use_custom_gutter=\u00bboff\u00bb][et_pb_row admin_label=\u00bbrow\u00bb][et_pb_column type=\u00bb2_3&#8243;][et_pb_text admin_label=\u00bbCorsi di lingua\u00bb background_layout=\u00bblight\u00bb text_orientation=\u00bbleft\u00bb use_border_color=\u00bboff\u00bb border_color=\u00bb#ffffff\u00bb border_style=\u00bbsolid\u00bb text_line_height=\u00bb2em\u00bb]<\/p>\n<h1>CURSOS DE IDIOMAS<\/h1>\n<p style=\"text-align: justify;\">Nuestro profundo conocimiento de los clientes, de sus exigencias y del lenguaje de cada sector ha permitido a Eurologos Mil\u00e1n desarrollar una experiencia ling\u00fc\u00edstica \u00fanica. Todo ese saber hacer est\u00e1 al servicio de nuestros clientes, para ayudarles a internacionalizar y hacer multiling\u00fces sus conocimientos t\u00e9cnicos. Eurologos organiza cursos personalizados, concebidos con el objetivo de desarrollar los conocimientos ling\u00fc\u00edsticos espec\u00edficos de cada sector. Las clases pueden desarrollarse tanto en las oficinas de la oficina de Eurologos Mil\u00e1n como directamente en las instalaciones del cliente.<\/p>\n<p>[\/et_pb_text][et_pb_cta admin_label=\u00bbCall-To-Action\u00bb button_url=\u00bbmailto:viola@eurologos.it\u00bb url_new_window=\u00bbon\u00bb button_text=\u00bbSolicite presupuesto\u00bb use_background_color=\u00bboff\u00bb background_color=\u00bb#005498&#8243; background_layout=\u00bblight\u00bb text_orientation=\u00bbleft\u00bb use_border_color=\u00bboff\u00bb border_color=\u00bb#ffffff\u00bb border_style=\u00bbsolid\u00bb custom_button=\u00bboff\u00bb button_letter_spacing=\u00bb0&#8243; button_use_icon=\u00bbdefault\u00bb button_icon_placement=\u00bbright\u00bb button_on_hover=\u00bbon\u00bb button_letter_spacing_hover=\u00bb0&#8243;]<\/p>\n<p>&nbsp;<\/p>\n<p>[\/et_pb_cta][\/et_pb_column][et_pb_column type=\u00bb1_3&#8243;][et_pb_blurb admin_label=\u00bbBlurb\u00bb url_new_window=\u00bboff\u00bb use_icon=\u00bboff\u00bb font_icon=\u00bb\ue00e\u00bb icon_color=\u00bb#ffffff\u00bb use_circle=\u00bboff\u00bb circle_color=\u00bb#005498&#8243; use_circle_border=\u00bboff\u00bb circle_border_color=\u00bb#005498&#8243; icon_placement=\u00bbtop\u00bb animation=\u00bbtop\u00bb background_layout=\u00bblight\u00bb text_orientation=\u00bbcenter\u00bb image=\u00bbhttps:\/\/eurologos-milano.com\/wp-content\/uploads\/2015\/04\/LanguageCourses_Gif_300x300_Alpha_01.gif\u00bb use_icon_font_size=\u00bboff\u00bb body_line_height=\u00bb2em\u00bb use_border_color=\u00bboff\u00bb border_color=\u00bb#ffffff\u00bb border_style=\u00bbsolid\u00bb]<\/p>\n<p>&nbsp;<\/p>\n<p>[\/et_pb_blurb][\/et_pb_column][\/et_pb_row][\/et_pb_section]<\/p>\n","protected":false},"excerpt":{"rendered":"<p>TRADUCCI\u00d3N, REVISI\u00d3N Y TERMINOLOG\u00cdA Nuestra actividad principal es la traducci\u00f3n, porque nuestros clientes saben lo fundamental que es hoy en d\u00eda adaptar su idioma al de los mercados en los que tienen actividad, mediante la localizaci\u00f3n ling\u00fc\u00edstica. El multiling\u00fcismo ya forma parte de los productos y los servicios de las empresas, y una traducci\u00f3n de [&hellip;]<\/p>\n","protected":false},"author":8,"featured_media":0,"parent":0,"menu_order":30,"comment_status":"open","ping_status":"closed","template":"","meta":{"_et_pb_use_builder":"on","_et_pb_old_content":"","_et_gb_content_width":"","footnotes":""},"class_list":["post-8557","page","type-page","status-publish","hentry"],"yoast_head":"<!-- This site is optimized with the Yoast SEO plugin v27.3 - https:\/\/yoast.com\/product\/yoast-seo-wordpress\/ -->\n<title>Traducci\u00f3n y Copywriting - Eurologos Milano<\/title>\n<meta name=\"description\" content=\"Nuestra actividad principal es la traducci\u00f3n y nuestros clientes saben lo esencial que es hoy en d\u00eda la localizaci\u00f3n ling\u00fc\u00edstica en sus mercados de destino.\" \/>\n<meta name=\"robots\" content=\"index, follow, max-snippet:-1, max-image-preview:large, max-video-preview:-1\" \/>\n<link rel=\"canonical\" href=\"https:\/\/eurologos-milano.com\/es\/lingua\/\" \/>\n<meta property=\"og:locale\" content=\"es_ES\" \/>\n<meta property=\"og:type\" content=\"article\" \/>\n<meta property=\"og:title\" content=\"Traducci\u00f3n y Copywriting - Eurologos Milano\" \/>\n<meta property=\"og:description\" content=\"Nuestra actividad principal es la traducci\u00f3n y nuestros clientes saben lo esencial que es hoy en d\u00eda la localizaci\u00f3n ling\u00fc\u00edstica en sus mercados de destino.\" \/>\n<meta property=\"og:url\" content=\"https:\/\/eurologos-milano.com\/es\/lingua\/\" \/>\n<meta property=\"og:site_name\" content=\"Eurologos Milano\" \/>\n<meta property=\"article:modified_time\" content=\"2016-11-04T16:29:04+00:00\" \/>\n<meta name=\"twitter:card\" content=\"summary_large_image\" \/>\n<meta name=\"twitter:label1\" content=\"Tiempo de lectura\" \/>\n\t<meta name=\"twitter:data1\" content=\"10 minutos\" \/>\n<script type=\"application\/ld+json\" class=\"yoast-schema-graph\">{\"@context\":\"https:\\\/\\\/schema.org\",\"@graph\":[{\"@type\":\"WebPage\",\"@id\":\"https:\\\/\\\/eurologos-milano.com\\\/es\\\/lingua\\\/\",\"url\":\"https:\\\/\\\/eurologos-milano.com\\\/es\\\/lingua\\\/\",\"name\":\"Traducci\u00f3n y Copywriting - Eurologos Milano\",\"isPartOf\":{\"@id\":\"https:\\\/\\\/eurologos-milano.com\\\/#website\"},\"datePublished\":\"2016-03-11T17:27:28+00:00\",\"dateModified\":\"2016-11-04T16:29:04+00:00\",\"description\":\"Nuestra actividad principal es la traducci\u00f3n y nuestros clientes saben lo esencial que es hoy en d\u00eda la localizaci\u00f3n ling\u00fc\u00edstica en sus mercados de destino.\",\"breadcrumb\":{\"@id\":\"https:\\\/\\\/eurologos-milano.com\\\/es\\\/lingua\\\/#breadcrumb\"},\"inLanguage\":\"es\",\"potentialAction\":[{\"@type\":\"ReadAction\",\"target\":[\"https:\\\/\\\/eurologos-milano.com\\\/es\\\/lingua\\\/\"]}]},{\"@type\":\"BreadcrumbList\",\"@id\":\"https:\\\/\\\/eurologos-milano.com\\\/es\\\/lingua\\\/#breadcrumb\",\"itemListElement\":[{\"@type\":\"ListItem\",\"position\":1,\"name\":\"Home\",\"item\":\"https:\\\/\\\/eurologos-milano.com\\\/es\\\/\"},{\"@type\":\"ListItem\",\"position\":2,\"name\":\"Traducci\u00f3n y Copywriting\"}]},{\"@type\":\"WebSite\",\"@id\":\"https:\\\/\\\/eurologos-milano.com\\\/#website\",\"url\":\"https:\\\/\\\/eurologos-milano.com\\\/\",\"name\":\"Eurologos Milano\",\"description\":\"Traduzioni Milano\",\"potentialAction\":[{\"@type\":\"SearchAction\",\"target\":{\"@type\":\"EntryPoint\",\"urlTemplate\":\"https:\\\/\\\/eurologos-milano.com\\\/?s={search_term_string}\"},\"query-input\":{\"@type\":\"PropertyValueSpecification\",\"valueRequired\":true,\"valueName\":\"search_term_string\"}}],\"inLanguage\":\"es\"}]}<\/script>\n<!-- \/ Yoast SEO plugin. -->","yoast_head_json":{"title":"Traducci\u00f3n y Copywriting - Eurologos Milano","description":"Nuestra actividad principal es la traducci\u00f3n y nuestros clientes saben lo esencial que es hoy en d\u00eda la localizaci\u00f3n ling\u00fc\u00edstica en sus mercados de destino.","robots":{"index":"index","follow":"follow","max-snippet":"max-snippet:-1","max-image-preview":"max-image-preview:large","max-video-preview":"max-video-preview:-1"},"canonical":"https:\/\/eurologos-milano.com\/es\/lingua\/","og_locale":"es_ES","og_type":"article","og_title":"Traducci\u00f3n y Copywriting - Eurologos Milano","og_description":"Nuestra actividad principal es la traducci\u00f3n y nuestros clientes saben lo esencial que es hoy en d\u00eda la localizaci\u00f3n ling\u00fc\u00edstica en sus mercados de destino.","og_url":"https:\/\/eurologos-milano.com\/es\/lingua\/","og_site_name":"Eurologos Milano","article_modified_time":"2016-11-04T16:29:04+00:00","twitter_card":"summary_large_image","twitter_misc":{"Tiempo de lectura":"10 minutos"},"schema":{"@context":"https:\/\/schema.org","@graph":[{"@type":"WebPage","@id":"https:\/\/eurologos-milano.com\/es\/lingua\/","url":"https:\/\/eurologos-milano.com\/es\/lingua\/","name":"Traducci\u00f3n y Copywriting - Eurologos Milano","isPartOf":{"@id":"https:\/\/eurologos-milano.com\/#website"},"datePublished":"2016-03-11T17:27:28+00:00","dateModified":"2016-11-04T16:29:04+00:00","description":"Nuestra actividad principal es la traducci\u00f3n y nuestros clientes saben lo esencial que es hoy en d\u00eda la localizaci\u00f3n ling\u00fc\u00edstica en sus mercados de destino.","breadcrumb":{"@id":"https:\/\/eurologos-milano.com\/es\/lingua\/#breadcrumb"},"inLanguage":"es","potentialAction":[{"@type":"ReadAction","target":["https:\/\/eurologos-milano.com\/es\/lingua\/"]}]},{"@type":"BreadcrumbList","@id":"https:\/\/eurologos-milano.com\/es\/lingua\/#breadcrumb","itemListElement":[{"@type":"ListItem","position":1,"name":"Home","item":"https:\/\/eurologos-milano.com\/es\/"},{"@type":"ListItem","position":2,"name":"Traducci\u00f3n y Copywriting"}]},{"@type":"WebSite","@id":"https:\/\/eurologos-milano.com\/#website","url":"https:\/\/eurologos-milano.com\/","name":"Eurologos Milano","description":"Traduzioni Milano","potentialAction":[{"@type":"SearchAction","target":{"@type":"EntryPoint","urlTemplate":"https:\/\/eurologos-milano.com\/?s={search_term_string}"},"query-input":{"@type":"PropertyValueSpecification","valueRequired":true,"valueName":"search_term_string"}}],"inLanguage":"es"}]}},"_links":{"self":[{"href":"https:\/\/eurologos-milano.com\/es\/wp-json\/wp\/v2\/pages\/8557","targetHints":{"allow":["GET"]}}],"collection":[{"href":"https:\/\/eurologos-milano.com\/es\/wp-json\/wp\/v2\/pages"}],"about":[{"href":"https:\/\/eurologos-milano.com\/es\/wp-json\/wp\/v2\/types\/page"}],"author":[{"embeddable":true,"href":"https:\/\/eurologos-milano.com\/es\/wp-json\/wp\/v2\/users\/8"}],"replies":[{"embeddable":true,"href":"https:\/\/eurologos-milano.com\/es\/wp-json\/wp\/v2\/comments?post=8557"}],"version-history":[{"count":1,"href":"https:\/\/eurologos-milano.com\/es\/wp-json\/wp\/v2\/pages\/8557\/revisions"}],"predecessor-version":[{"id":9116,"href":"https:\/\/eurologos-milano.com\/es\/wp-json\/wp\/v2\/pages\/8557\/revisions\/9116"}],"wp:attachment":[{"href":"https:\/\/eurologos-milano.com\/es\/wp-json\/wp\/v2\/media?parent=8557"}],"curies":[{"name":"wp","href":"https:\/\/api.w.org\/{rel}","templated":true}]}}