{"id":8350,"date":"2016-02-22T11:50:16","date_gmt":"2016-02-22T11:50:16","guid":{"rendered":"https:\/\/eurologos-milano.com\/de\/?page_id=8350"},"modified":"2016-11-04T16:37:41","modified_gmt":"2016-11-04T16:37:41","slug":"contatti","status":"publish","type":"page","link":"https:\/\/eurologos-milano.com\/de\/contatti\/","title":{"rendered":"Kontakt"},"content":{"rendered":"<p>[et_pb_section admin_label=&#8220;section&#8220; fullwidth=&#8220;on&#8220; specialty=&#8220;off&#8220;][et_pb_fullwidth_map admin_label=&#8220;Map a Larghezza Piena&#8220; address=&#8220;Via Villa Mirabello, 6, 20125 Milano, Italia&#8220; zoom_level=&#8220;13&#8243; address_lat=&#8220;45.492086441783805&#8243; address_lng=&#8220;9.19480009521488&#8243; mouse_wheel=&#8220;off&#8220;] [et_pb_map_pin title=&#8220;Eurologos-Milano&#8220; pin_address=&#8220;Via Villa Mirabello, 6, 20125 Milano, Italia&#8220; pin_address_lat=&#8220;45.49702&#8243; pin_address_lng=&#8220;9.19789000000003&#8243;]<\/p>\n<p><strong>Eurologos Milano<\/strong><br \/>\nvia Villa Mirabello, 6<br \/>\n20125 Milano<\/p>\n<p>[\/et_pb_map_pin] [\/et_pb_fullwidth_map][\/et_pb_section][et_pb_section admin_label=&#8220;section&#8220; fullwidth=&#8220;off&#8220; specialty=&#8220;off&#8220;][et_pb_row admin_label=&#8220;row&#8220;][et_pb_column type=&#8220;1_3&#8243;][et_pb_image admin_label=&#8220;Immagine&#8220; src=&#8220;https:\/\/eurologos-milano.com\/wp-content\/uploads\/2015\/10\/villa1.jpg&#8220; show_in_lightbox=&#8220;off&#8220; url_new_window=&#8220;off&#8220; animation=&#8220;off&#8220; sticky=&#8220;off&#8220; align=&#8220;left&#8220; force_fullwidth=&#8220;off&#8220; always_center_on_mobile=&#8220;on&#8220; use_border_color=&#8220;off&#8220; border_color=&#8220;#ffffff&#8220; border_style=&#8220;solid&#8220;] [\/et_pb_image][\/et_pb_column][et_pb_column type=&#8220;1_3&#8243;][et_pb_image admin_label=&#8220;Immagine&#8220; src=&#8220;https:\/\/eurologos-milano.com\/wp-content\/uploads\/2015\/10\/villa02.jpg&#8220; show_in_lightbox=&#8220;off&#8220; url_new_window=&#8220;off&#8220; animation=&#8220;off&#8220; sticky=&#8220;off&#8220; align=&#8220;left&#8220; force_fullwidth=&#8220;off&#8220; always_center_on_mobile=&#8220;on&#8220; use_border_color=&#8220;off&#8220; border_color=&#8220;#ffffff&#8220; border_style=&#8220;solid&#8220;] [\/et_pb_image][\/et_pb_column][et_pb_column type=&#8220;1_3&#8243;][et_pb_image admin_label=&#8220;Immagine&#8220; src=&#8220;https:\/\/eurologos-milano.com\/wp-content\/uploads\/2015\/10\/villa03.jpg&#8220; show_in_lightbox=&#8220;off&#8220; url_new_window=&#8220;off&#8220; animation=&#8220;off&#8220; sticky=&#8220;off&#8220; align=&#8220;left&#8220; force_fullwidth=&#8220;off&#8220; always_center_on_mobile=&#8220;on&#8220; use_border_color=&#8220;off&#8220; border_color=&#8220;#ffffff&#8220; border_style=&#8220;solid&#8220;] [\/et_pb_image][\/et_pb_column][\/et_pb_row][\/et_pb_section][et_pb_section admin_label=&#8220;section&#8220; fullwidth=&#8220;off&#8220; transparent_background=&#8220;off&#8220; background_color=&#8220;#e6e6e6&#8243; inner_shadow=&#8220;off&#8220; parallax=&#8220;off&#8220; parallax_method=&#8220;off&#8220; module_id=&#8220;sezioneContatti&#8220; allow_player_pause=&#8220;off&#8220; padding_mobile=&#8220;off&#8220; make_fullwidth=&#8220;off&#8220; use_custom_width=&#8220;off&#8220; width_unit=&#8220;on&#8220; make_equal=&#8220;off&#8220; use_custom_gutter=&#8220;off&#8220;][et_pb_row admin_label=&#8220;row&#8220;][et_pb_column type=&#8220;4_4&#8243;][et_pb_text admin_label=&#8220;Testo&#8220; background_layout=&#8220;light&#8220; text_orientation=&#8220;left&#8220; text_line_height=&#8220;2em&#8220; use_border_color=&#8220;off&#8220; border_color=&#8220;#ffffff&#8220; border_style=&#8220;solid&#8220;]<\/p>\n<h1>Willkommen in der Villa Mirabello, Sitz von Eurologos Milano<\/h1>\n<p style=\"text-align: justify;\"><strong>Die Villa Mirabello ist eines der wichtigsten Beispiele f\u00fcr l\u00e4ndliche Villen des 15. Jahrhunderts<\/strong> und geh\u00f6rt zu den besterhaltenen Bauwerken des an das Stadtzentrum von Mailand angrenzenden Viertels. Mit der Familie Mirabello verbunden, der wir vermutlich den urspr\u00fcnglichen Bau der Villa verdanken, ging diese 1445 an Pigello Portinari, einen Florentiner Adligen, \u00fcber, der das Mail\u00e4nder Bankinstitut Banco Mediceo leitete. Nachdem sie der Familie Landriani und sp\u00e4ter Giovanni Marino geh\u00f6rt hatte, begann f\u00fcr die Villa, die nunmehr ausschlie\u00dflich zu landwirtschaftlichen Zwecken genutzt wurde, eine Phase des Verfalls. Dieser wurde erst zu Beginn des 20. Jahrhunderts durch eine Reihe von Restaurierungsarbeiten ein Ende gesetzt.<\/p>\n<p style=\"text-align: justify;\">Der aus unverputzten Ziegeln bestehende Komplex weist eine L-Form auf und bezaubert mit spitzbogigen Fenstern und Einfassungen aus Cotto, die von verputzten Streifen und Graphit eingerahmt werden. Neben dem Bauwerk befindet sich eine <strong>kleine, der \u201eMater Amabilis\u201c gewidmete Kirche. Sie ist mit einem Fresko aus dem 15. Jahrhundert geschm\u00fcckt, <\/strong>das einen Heiligen mit erhobenem Kreuz darstellt. Der Hof wird durch einen rustikalen Fl\u00fcgel begrenzt, der zwei separate Teile miteinander verbindet und dem gesamten Innenhof ein Aussehen vollendeter Geschlossenheit verleiht. Das Ganze ist von einer starken Mauer umgeben, auf deren anderer Seite sich der <strong>Hortus <\/strong>erstreckt. Im Inneren gibt es einen gro\u00dfen Saal mit einem Streifen heraldischer Dekorationen; au\u00dferdem sind Spuren von freskierten Wappen und Verzierungen mit Bl\u00fcten und Granat\u00e4pfeln zu sehen.\u00a0 In der Mitte des Hofes befindet sich <strong>der \u201eMangia Bagai\u201c Brunnen, das Wahrzeichen der Visconti und der Sforza<\/strong>.\u00a0 Es handelt sich um eine Kopie des Originals von Beltrami,\u00a0 die Ende des 19. Jahrhunderts angefertigt wurde und vom Schloss von Vigevano stammt. Ab 1916 war die Villa Sitz der <strong>Casa di lavoro e patronato per i ciechi di guerra di Lombardia<\/strong>.<\/p>\n<p style=\"text-align: justify;\">Der Bauwerkskomplex ist eine regelrechte Insel in einem gro\u00dfen Garten inmitten eines Wohnviertels aus Jugendstilh\u00e4usern, durch das im Zuge der Nordausdehnung der Stadt eine gro\u00dfe Allee gezogen wurde. Hier ist der Sitz von Eurologos Milano: Kommen Sie uns besuchen, wir erwarten Sie!<\/p>\n<p>&nbsp;<\/p>\n<p>[\/et_pb_text][\/et_pb_column][\/et_pb_row][\/et_pb_section][et_pb_section admin_label=&#8220;section&#8220; fullwidth=&#8220;off&#8220; specialty=&#8220;off&#8220;][et_pb_row admin_label=&#8220;row&#8220;][et_pb_column type=&#8220;2_3&#8243;][et_pb_contact_form admin_label=&#8220;Contact Form&#8220; captcha=&#8220;on&#8220; title=&#8220; Bitte f\u00fcllen Sie das nachstehende Formular aus, wir setzen uns baldm\u00f6glichst mit Ihnen in Verbindung.&#8220; form_field_line_height=&#8220;2em&#8220; use_border_color=&#8220;off&#8220; border_color=&#8220;#ffffff&#8220; border_style=&#8220;solid&#8220; custom_button=&#8220;off&#8220; button_letter_spacing=&#8220;0&#8243; button_use_icon=&#8220;default&#8220; button_icon_placement=&#8220;right&#8220; button_on_hover=&#8220;on&#8220; button_letter_spacing_hover=&#8220;0&#8243; email=&#8220;viola@eurologos.it&#8220;] [\/et_pb_contact_form][\/et_pb_column][et_pb_column type=&#8220;1_3&#8243;][et_pb_text admin_label=&#8220;Text&#8220; background_layout=&#8220;light&#8220; text_orientation=&#8220;left&#8220; use_border_color=&#8220;off&#8220; border_color=&#8220;#ffffff&#8220; border_style=&#8220;solid&#8220;]<\/p>\n<p>Wenden Sie sich an einen unserer Projektmanager: Jedes Projekt wird einem von ihnen in die Hand gegeben, d.h. er wird zum verbindenden Element zwischen dem Kunden und den \u201eProduzenten\u201c \u2013 \u00dcbersetzern, Lektoren, Terminologen, Grafikern und IT Technikern. Dank der Arbeit mit SAP Business One\u00ae k\u00f6nnen unsere Projektmanager au\u00dferdem auf sehr schnelle Weise Probleme l\u00f6sen, die Trends des Markts erkennen, auf besonders effiziente Weise die wirtschaftlichen M\u00f6glichkeiten ermitteln und s\u00e4mtliche Anfragen unserer Kunden mit absoluter Sicherheit planen.<\/p>\n<p>[\/et_pb_text][\/et_pb_column][\/et_pb_row][\/et_pb_section][et_pb_section admin_label=&#8220;section&#8220; fullwidth=&#8220;off&#8220; specialty=&#8220;off&#8220; transparent_background=&#8220;off&#8220; background_color=&#8220;#3d7dca&#8220; inner_shadow=&#8220;off&#8220; parallax=&#8220;off&#8220; parallax_method=&#8220;off&#8220; allow_player_pause=&#8220;off&#8220; padding_mobile=&#8220;off&#8220; make_fullwidth=&#8220;off&#8220; use_custom_width=&#8220;off&#8220; width_unit=&#8220;on&#8220; make_equal=&#8220;off&#8220; use_custom_gutter=&#8220;off&#8220;][et_pb_row admin_label=&#8220;row&#8220;][et_pb_column type=&#8220;2_3&#8243;][et_pb_image admin_label=&#8220;Immagine&#8220; src=&#8220;https:\/\/eurologos-milano.com\/wp-content\/uploads\/2015\/02\/fondoContatti.jpg&#8220; show_in_lightbox=&#8220;off&#8220; url_new_window=&#8220;off&#8220; animation=&#8220;left&#8220; sticky=&#8220;off&#8220; align=&#8220;left&#8220; force_fullwidth=&#8220;off&#8220; always_center_on_mobile=&#8220;on&#8220; use_border_color=&#8220;off&#8220; border_color=&#8220;#ffffff&#8220; border_style=&#8220;solid&#8220;] [\/et_pb_image][\/et_pb_column][et_pb_column type=&#8220;1_3&#8243;][et_pb_text admin_label=&#8220;Text&#8220; background_layout=&#8220;dark&#8220; text_orientation=&#8220;left&#8220; text_line_height=&#8220;2em&#8220; use_border_color=&#8220;off&#8220; border_color=&#8220;#ffffff&#8220; border_style=&#8220;solid&#8220;]<\/p>\n<h3>ANSCHRIFT UND \u00d6FFNUNGSZEITEN<\/h3>\n<p><strong>MTP srl Eurologos Milano<\/strong><\/p>\n<p>Unternehmenssitz: Via Villa Mirabello, 6<br \/>\n20125 Milano \u2013 Italia<br \/>\nTel. +39 02 6880951 \u2013 Fax +39 02 70030857<br \/>\nE-mail: info@eurologos-milano.com<\/p>\n<p>Steuernummer\/MWSt-Identnr. 11816920158<br \/>\nZertifizierte E-Mail-Adresse: mtp_srl@pec.it<br \/>\nWirtschaftsauskunftsnr. MI \u2013 1499854<br \/>\nBeschlossenes Stammkapital: 79.101,00 Euro<\/p>\n<p>\u00d6ffnungszeiten:<br \/>\nMontag bis Freitag 9.00 \u2013 18.30 Uhr<\/p>\n<p>[\/et_pb_text][\/et_pb_column][\/et_pb_row][\/et_pb_section][et_pb_section admin_label=&#8220;section&#8220; fullwidth=&#8220;off&#8220; specialty=&#8220;off&#8220; transparent_background=&#8220;off&#8220; background_color=&#8220;#ffffff&#8220; inner_shadow=&#8220;off&#8220; parallax=&#8220;off&#8220; parallax_method=&#8220;off&#8220; allow_player_pause=&#8220;off&#8220; padding_mobile=&#8220;off&#8220; make_fullwidth=&#8220;off&#8220; use_custom_width=&#8220;off&#8220; width_unit=&#8220;on&#8220; make_equal=&#8220;off&#8220; use_custom_gutter=&#8220;off&#8220; module_id=&#8220;lavoraconnoi&#8220;][et_pb_row admin_label=&#8220;row&#8220;][et_pb_column type=&#8220;4_4&#8243;][et_pb_text admin_label=&#8220;Lavora con noi&#8220; background_layout=&#8220;light&#8220; text_orientation=&#8220;left&#8220; use_border_color=&#8220;off&#8220; border_color=&#8220;#ffffff&#8220; border_style=&#8220;solid&#8220;]<\/p>\n<h1>ARBEITEN SIE MIT UNS ZUSAMMEN<\/h1>\n<p>[\/et_pb_text][\/et_pb_column][\/et_pb_row][et_pb_row admin_label=&#8220;row&#8220;][et_pb_column type=&#8220;1_3&#8243;][et_pb_blurb admin_label=&#8220;Freelance&#8220; url_new_window=&#8220;off&#8220; use_icon=&#8220;off&#8220; icon_color=&#8220;#005498&#8243; use_circle=&#8220;off&#8220; circle_color=&#8220;#005498&#8243; use_circle_border=&#8220;off&#8220; circle_border_color=&#8220;#005498&#8243; image=&#8220;https:\/\/eurologos-milano.com\/wp-content\/uploads\/2015\/02\/icona_01.jpg&#8220; icon_placement=&#8220;top&#8220; animation=&#8220;off&#8220; background_layout=&#8220;light&#8220; text_orientation=&#8220;left&#8220; use_icon_font_size=&#8220;off&#8220; use_border_color=&#8220;off&#8220; border_color=&#8220;#ffffff&#8220; border_style=&#8220;solid&#8220;]<\/p>\n<p>Sie sind ein qualifizierter <strong>freiberuflicher \u00dcbersetzer<\/strong>? Dann schicken Sie uns Ihren detaillierten CV an die Anschrift <a href=\"mailto:freelance@eurologos-milano.com\">freelance@eurologos-milano.com<\/a>. Wir setzen uns so bald wie m\u00f6glich mit Ihnen in Verbindung.<\/p>\n<p>[\/et_pb_blurb][\/et_pb_column][et_pb_column type=&#8220;1_3&#8243;][et_pb_blurb admin_label=&#8220;tirocinio&#8220; url_new_window=&#8220;off&#8220; use_icon=&#8220;off&#8220; icon_color=&#8220;#005498&#8243; use_circle=&#8220;off&#8220; circle_color=&#8220;#005498&#8243; use_circle_border=&#8220;off&#8220; circle_border_color=&#8220;#005498&#8243; image=&#8220;https:\/\/eurologos-milano.com\/wp-content\/uploads\/2015\/02\/icona_02.jpg&#8220; icon_placement=&#8220;top&#8220; animation=&#8220;off&#8220; background_layout=&#8220;light&#8220; text_orientation=&#8220;left&#8220; use_icon_font_size=&#8220;off&#8220; use_border_color=&#8220;off&#8220; border_color=&#8220;#ffffff&#8220; border_style=&#8220;solid&#8220;]<\/p>\n<p>Haben Sie Lust, in die Arbeitswelt hineinzuschnuppern und bei uns ein <strong>Praktikum<\/strong> zu absolvieren? Dann schreiben Sie uns an die Adresse <a href=\"mailto:tirocinio@eurologos-milano.com\">tirocinio@eurologos-milano.com<\/a> und wir melden uns bei Ihnen.<\/p>\n<p>[\/et_pb_blurb][\/et_pb_column][et_pb_column type=&#8220;1_3&#8243;][et_pb_blurb admin_label=&#8220;in house&#8220; url_new_window=&#8220;off&#8220; use_icon=&#8220;off&#8220; icon_color=&#8220;#005498&#8243; use_circle=&#8220;off&#8220; circle_color=&#8220;#005498&#8243; use_circle_border=&#8220;off&#8220; circle_border_color=&#8220;#005498&#8243; image=&#8220;https:\/\/eurologos-milano.com\/wp-content\/uploads\/2015\/02\/icona_03.jpg&#8220; icon_placement=&#8220;top&#8220; animation=&#8220;off&#8220; background_layout=&#8220;light&#8220; text_orientation=&#8220;left&#8220; use_icon_font_size=&#8220;off&#8220; use_border_color=&#8220;off&#8220; border_color=&#8220;#ffffff&#8220; border_style=&#8220;solid&#8220;]<\/p>\n<p>Wenn Sie den Wunsch haben, als <strong>In-House-\u00dcbersetzer und -Lektor<\/strong> zu arbeiten, \u00fcbersenden Sie uns Ihren CV an die Adresse <a href=\"mailto:inhouse@eurologos-milano.com\">inhouse@eurologos-milano.com<\/a>. Unsere Datenbank wird kontinuierlich aktualisiert \u2013 die n\u00e4chste Kandidatin oder der n\u00e4chste Kandidat f\u00fcr ein Vorstellungsgespr\u00e4ch k\u00f6nnten Sie sein!<\/p>\n<p>[\/et_pb_blurb][\/et_pb_column][\/et_pb_row][\/et_pb_section]<\/p>\n","protected":false},"excerpt":{"rendered":"<p>Eurologos Milano via Villa Mirabello, 6 20125 Milano Willkommen in der Villa Mirabello, Sitz von Eurologos Milano Die Villa Mirabello ist eines der wichtigsten Beispiele f\u00fcr l\u00e4ndliche Villen des 15. Jahrhunderts und geh\u00f6rt zu den besterhaltenen Bauwerken des an das Stadtzentrum von Mailand angrenzenden Viertels. Mit der Familie Mirabello verbunden, der wir vermutlich den urspr\u00fcnglichen [&hellip;]<\/p>\n","protected":false},"author":8,"featured_media":0,"parent":0,"menu_order":70,"comment_status":"open","ping_status":"closed","template":"","meta":{"_et_pb_use_builder":"on","_et_pb_old_content":"","_et_gb_content_width":"","footnotes":""},"class_list":["post-8350","page","type-page","status-publish","hentry"],"yoast_head":"<!-- This site is optimized with the Yoast SEO plugin v27.4 - https:\/\/yoast.com\/product\/yoast-seo-wordpress\/ -->\n<title>Kontakt - Eurologos Milano<\/title>\n<meta name=\"description\" content=\"Willkommen in der Villa Mirabello, Sitz von Eurologos Milano\" \/>\n<meta name=\"robots\" content=\"index, follow, max-snippet:-1, max-image-preview:large, max-video-preview:-1\" \/>\n<link rel=\"canonical\" href=\"https:\/\/eurologos-milano.com\/de\/contatti\/\" \/>\n<meta property=\"og:locale\" content=\"de_DE\" \/>\n<meta property=\"og:type\" content=\"article\" \/>\n<meta property=\"og:title\" content=\"Kontakt - Eurologos Milano\" \/>\n<meta property=\"og:description\" content=\"Willkommen in der Villa Mirabello, Sitz von Eurologos Milano\" \/>\n<meta property=\"og:url\" content=\"https:\/\/eurologos-milano.com\/de\/contatti\/\" \/>\n<meta property=\"og:site_name\" content=\"Eurologos Milano\" \/>\n<meta property=\"article:modified_time\" content=\"2016-11-04T16:37:41+00:00\" \/>\n<meta name=\"twitter:card\" content=\"summary_large_image\" \/>\n<meta name=\"twitter:label1\" content=\"Gesch\u00e4tzte Lesezeit\" \/>\n\t<meta name=\"twitter:data1\" content=\"8\u00a0Minuten\" \/>\n<script type=\"application\/ld+json\" class=\"yoast-schema-graph\">{\"@context\":\"https:\\\/\\\/schema.org\",\"@graph\":[{\"@type\":\"WebPage\",\"@id\":\"https:\\\/\\\/eurologos-milano.com\\\/de\\\/contatti\\\/\",\"url\":\"https:\\\/\\\/eurologos-milano.com\\\/de\\\/contatti\\\/\",\"name\":\"Kontakt - Eurologos Milano\",\"isPartOf\":{\"@id\":\"https:\\\/\\\/eurologos-milano.com\\\/#website\"},\"datePublished\":\"2016-02-22T11:50:16+00:00\",\"dateModified\":\"2016-11-04T16:37:41+00:00\",\"description\":\"Willkommen in der Villa Mirabello, Sitz von Eurologos Milano\",\"breadcrumb\":{\"@id\":\"https:\\\/\\\/eurologos-milano.com\\\/de\\\/contatti\\\/#breadcrumb\"},\"inLanguage\":\"de\",\"potentialAction\":[{\"@type\":\"ReadAction\",\"target\":[\"https:\\\/\\\/eurologos-milano.com\\\/de\\\/contatti\\\/\"]}]},{\"@type\":\"BreadcrumbList\",\"@id\":\"https:\\\/\\\/eurologos-milano.com\\\/de\\\/contatti\\\/#breadcrumb\",\"itemListElement\":[{\"@type\":\"ListItem\",\"position\":1,\"name\":\"Home\",\"item\":\"https:\\\/\\\/eurologos-milano.com\\\/de\\\/\"},{\"@type\":\"ListItem\",\"position\":2,\"name\":\"Kontakt\"}]},{\"@type\":\"WebSite\",\"@id\":\"https:\\\/\\\/eurologos-milano.com\\\/#website\",\"url\":\"https:\\\/\\\/eurologos-milano.com\\\/\",\"name\":\"Eurologos Milano\",\"description\":\"Traduzioni Milano\",\"potentialAction\":[{\"@type\":\"SearchAction\",\"target\":{\"@type\":\"EntryPoint\",\"urlTemplate\":\"https:\\\/\\\/eurologos-milano.com\\\/?s={search_term_string}\"},\"query-input\":{\"@type\":\"PropertyValueSpecification\",\"valueRequired\":true,\"valueName\":\"search_term_string\"}}],\"inLanguage\":\"de\"}]}<\/script>\n<!-- \/ Yoast SEO plugin. -->","yoast_head_json":{"title":"Kontakt - Eurologos Milano","description":"Willkommen in der Villa Mirabello, Sitz von Eurologos Milano","robots":{"index":"index","follow":"follow","max-snippet":"max-snippet:-1","max-image-preview":"max-image-preview:large","max-video-preview":"max-video-preview:-1"},"canonical":"https:\/\/eurologos-milano.com\/de\/contatti\/","og_locale":"de_DE","og_type":"article","og_title":"Kontakt - Eurologos Milano","og_description":"Willkommen in der Villa Mirabello, Sitz von Eurologos Milano","og_url":"https:\/\/eurologos-milano.com\/de\/contatti\/","og_site_name":"Eurologos Milano","article_modified_time":"2016-11-04T16:37:41+00:00","twitter_card":"summary_large_image","twitter_misc":{"Gesch\u00e4tzte Lesezeit":"8\u00a0Minuten"},"schema":{"@context":"https:\/\/schema.org","@graph":[{"@type":"WebPage","@id":"https:\/\/eurologos-milano.com\/de\/contatti\/","url":"https:\/\/eurologos-milano.com\/de\/contatti\/","name":"Kontakt - Eurologos Milano","isPartOf":{"@id":"https:\/\/eurologos-milano.com\/#website"},"datePublished":"2016-02-22T11:50:16+00:00","dateModified":"2016-11-04T16:37:41+00:00","description":"Willkommen in der Villa Mirabello, Sitz von Eurologos Milano","breadcrumb":{"@id":"https:\/\/eurologos-milano.com\/de\/contatti\/#breadcrumb"},"inLanguage":"de","potentialAction":[{"@type":"ReadAction","target":["https:\/\/eurologos-milano.com\/de\/contatti\/"]}]},{"@type":"BreadcrumbList","@id":"https:\/\/eurologos-milano.com\/de\/contatti\/#breadcrumb","itemListElement":[{"@type":"ListItem","position":1,"name":"Home","item":"https:\/\/eurologos-milano.com\/de\/"},{"@type":"ListItem","position":2,"name":"Kontakt"}]},{"@type":"WebSite","@id":"https:\/\/eurologos-milano.com\/#website","url":"https:\/\/eurologos-milano.com\/","name":"Eurologos Milano","description":"Traduzioni Milano","potentialAction":[{"@type":"SearchAction","target":{"@type":"EntryPoint","urlTemplate":"https:\/\/eurologos-milano.com\/?s={search_term_string}"},"query-input":{"@type":"PropertyValueSpecification","valueRequired":true,"valueName":"search_term_string"}}],"inLanguage":"de"}]}},"_links":{"self":[{"href":"https:\/\/eurologos-milano.com\/de\/wp-json\/wp\/v2\/pages\/8350","targetHints":{"allow":["GET"]}}],"collection":[{"href":"https:\/\/eurologos-milano.com\/de\/wp-json\/wp\/v2\/pages"}],"about":[{"href":"https:\/\/eurologos-milano.com\/de\/wp-json\/wp\/v2\/types\/page"}],"author":[{"embeddable":true,"href":"https:\/\/eurologos-milano.com\/de\/wp-json\/wp\/v2\/users\/8"}],"replies":[{"embeddable":true,"href":"https:\/\/eurologos-milano.com\/de\/wp-json\/wp\/v2\/comments?post=8350"}],"version-history":[{"count":2,"href":"https:\/\/eurologos-milano.com\/de\/wp-json\/wp\/v2\/pages\/8350\/revisions"}],"predecessor-version":[{"id":9129,"href":"https:\/\/eurologos-milano.com\/de\/wp-json\/wp\/v2\/pages\/8350\/revisions\/9129"}],"wp:attachment":[{"href":"https:\/\/eurologos-milano.com\/de\/wp-json\/wp\/v2\/media?parent=8350"}],"curies":[{"name":"wp","href":"https:\/\/api.w.org\/{rel}","templated":true}]}}