{"id":8343,"date":"2016-02-22T11:39:03","date_gmt":"2016-02-22T11:39:03","guid":{"rendered":"https:\/\/eurologos-milano.com\/de\/?page_id=8343"},"modified":"2016-11-04T16:24:41","modified_gmt":"2016-11-04T16:24:41","slug":"portfolio","status":"publish","type":"page","link":"https:\/\/eurologos-milano.com\/de\/portfolio\/","title":{"rendered":"Kunden"},"content":{"rendered":"<p>[et_pb_section admin_label=&#8220;section&#8220; fullwidth=&#8220;off&#8220; specialty=&#8220;off&#8220; transparent_background=&#8220;off&#8220; allow_player_pause=&#8220;off&#8220; inner_shadow=&#8220;off&#8220; parallax=&#8220;off&#8220; parallax_method=&#8220;off&#8220; custom_padding=&#8220;0|0&#8243; padding_mobile=&#8220;off&#8220; make_fullwidth=&#8220;off&#8220; use_custom_width=&#8220;off&#8220; width_unit=&#8220;on&#8220; make_equal=&#8220;off&#8220; use_custom_gutter=&#8220;off&#8220; background_color=&#8220;#ffffff&#8220;][et_pb_row admin_label=&#8220;row&#8220; make_fullwidth=&#8220;on&#8220; use_custom_width=&#8220;off&#8220; width_unit=&#8220;on&#8220; use_custom_gutter=&#8220;on&#8220; padding_mobile=&#8220;off&#8220; allow_player_pause=&#8220;off&#8220; parallax=&#8220;off&#8220; parallax_method=&#8220;off&#8220; make_equal=&#8220;off&#8220; padding_top_1=&#8220;0&#8243; padding_bottom_1=&#8220;0&#8243;][et_pb_column type=&#8220;4_4&#8243;][et_pb_text admin_label=&#8220;Testo&#8220; background_layout=&#8220;light&#8220; text_orientation=&#8220;left&#8220; use_border_color=&#8220;off&#8220; border_color=&#8220;#ffffff&#8220; border_style=&#8220;solid&#8220; text_line_height=&#8220;2em&#8220; text_font_size=&#8220;64&#8243; module_class=&#8220;kepler titoloPortfolio&#8220; text_text_color=&#8220;#1e73be&#8220;]<\/p>\n<p>Wir teilen Projekte, Worte und Ideen mit &#8230;<\/p>\n<p>[\/et_pb_text][\/et_pb_column][\/et_pb_row][\/et_pb_section][et_pb_section admin_label=&#8220;section&#8220; fullwidth=&#8220;off&#8220; specialty=&#8220;on&#8220; transparent_background=&#8220;off&#8220; allow_player_pause=&#8220;off&#8220; inner_shadow=&#8220;off&#8220; parallax=&#8220;off&#8220; parallax_method=&#8220;off&#8220; padding_mobile=&#8220;off&#8220; make_fullwidth=&#8220;on&#8220; use_custom_width=&#8220;off&#8220; width_unit=&#8220;off&#8220; make_equal=&#8220;on&#8220; use_custom_gutter=&#8220;on&#8220; gutter_width=&#8220;1&#8243; background_color_2=&#8220;#e8e8e8&#8243; custom_padding=&#8220;0|30&#8243; padding_top_1=&#8220;0&#8243; padding_bottom_1=&#8220;0&#8243; padding_top_2=&#8220;0&#8243; padding_bottom_2=&#8220;0&#8243; background_color=&#8220;#ffffff&#8220;][et_pb_column type=&#8220;2_3&#8243; specialty_columns=&#8220;2&#8243;][et_pb_row_inner admin_label=&#8220;row_inner&#8220; padding_mobile=&#8220;off&#8220; use_custom_gutter=&#8220;off&#8220; make_equal=&#8220;off&#8220; background_color_1=&#8220;#8224e3&#8243; custom_padding=&#8220;0|0&#8243; padding_top_1=&#8220;0&#8243; padding_bottom_1=&#8220;0&#8243;][et_pb_column_inner type=&#8220;4_4&#8243; saved_specialty_column_type=&#8220;2_3&#8243;][et_pb_gallery admin_label=&#8220;900&#215;560&#8243; gallery_ids=&#8220;6850,6851,6852,6853,6855,6856,6857,6858,6859&#8243; fullwidth=&#8220;on&#8220; show_title_and_caption=&#8220;on&#8220; show_pagination=&#8220;on&#8220; background_layout=&#8220;dark&#8220; auto=&#8220;on&#8220; hover_overlay_color=&#8220;rgba(255,255,255,0.9)&#8220; caption_all_caps=&#8220;off&#8220; use_border_color=&#8220;on&#8220; border_color=&#8220;#ffffff&#8220; border_style=&#8220;solid&#8220; auto_speed=&#8220;5000&#8243; gallery_orderby=&#8220;rand&#8220;] [\/et_pb_gallery][\/et_pb_column_inner][\/et_pb_row_inner][et_pb_row_inner admin_label=&#8220;row_inner&#8220; padding_mobile=&#8220;off&#8220; use_custom_gutter=&#8220;on&#8220; gutter_width=&#8220;1&#8243; make_equal=&#8220;off&#8220; background_color_1=&#8220;#dd9933&#8243; background_color_2=&#8220;#1e73be&#8220; custom_padding=&#8220;0|0&#8243;][et_pb_column_inner type=&#8220;1_2&#8243; saved_specialty_column_type=&#8220;2_3&#8243;][et_pb_gallery admin_label=&#8220;450&#215;280&#8243; fullwidth=&#8220;on&#8220; show_title_and_caption=&#8220;on&#8220; show_pagination=&#8220;on&#8220; background_layout=&#8220;dark&#8220; auto=&#8220;on&#8220; hover_overlay_color=&#8220;rgba(255,255,255,0.9)&#8220; caption_all_caps=&#8220;off&#8220; use_border_color=&#8220;on&#8220; border_color=&#8220;#ffffff&#8220; border_style=&#8220;solid&#8220; gallery_ids=&#8220;6892,6893,6894,6895,6896,6897,6898&#8243; auto_speed=&#8220;4000&#8243; gallery_orderby=&#8220;rand&#8220;] [\/et_pb_gallery][\/et_pb_column_inner][et_pb_column_inner type=&#8220;1_2&#8243; saved_specialty_column_type=&#8220;2_3&#8243;][et_pb_gallery admin_label=&#8220;450&#215;280&#8243; fullwidth=&#8220;on&#8220; show_title_and_caption=&#8220;on&#8220; show_pagination=&#8220;on&#8220; background_layout=&#8220;dark&#8220; auto=&#8220;on&#8220; hover_overlay_color=&#8220;rgba(255,255,255,0.9)&#8220; caption_all_caps=&#8220;off&#8220; use_border_color=&#8220;on&#8220; border_color=&#8220;#ffffff&#8220; border_style=&#8220;solid&#8220; gallery_ids=&#8220;6881,6882,6883,6884,6885,6886,6887,6888,6889,6890&#8243; auto_speed=&#8220;5800&#8243; gallery_orderby=&#8220;rand&#8220;] [\/et_pb_gallery][\/et_pb_column_inner][\/et_pb_row_inner][\/et_pb_column][et_pb_column type=&#8220;1_3&#8243;][et_pb_gallery admin_label=&#8220;450&#215;280&#8243; fullwidth=&#8220;on&#8220; show_title_and_caption=&#8220;on&#8220; show_pagination=&#8220;on&#8220; background_layout=&#8220;dark&#8220; auto=&#8220;on&#8220; hover_overlay_color=&#8220;rgba(255,255,255,0.9)&#8220; caption_all_caps=&#8220;off&#8220; use_border_color=&#8220;on&#8220; border_color=&#8220;#ffffff&#8220; border_style=&#8220;solid&#8220; gallery_ids=&#8220;6870,6871,6873,6874,6875,6876,6877,6878,6879,6880&#8243; auto_speed=&#8220;8000&#8243; gallery_orderby=&#8220;rand&#8220;] [\/et_pb_gallery][et_pb_gallery admin_label=&#8220;450&#215;560 vert&#8220; fullwidth=&#8220;on&#8220; show_title_and_caption=&#8220;on&#8220; show_pagination=&#8220;on&#8220; background_layout=&#8220;dark&#8220; auto=&#8220;on&#8220; hover_overlay_color=&#8220;rgba(255,255,255,0.9)&#8220; caption_all_caps=&#8220;off&#8220; use_border_color=&#8220;on&#8220; border_color=&#8220;#ffffff&#8220; border_style=&#8220;solid&#8220; gallery_ids=&#8220;6860,6861,6862,6863,6864,6865,6866,6867,6868,6869&#8243; auto_speed=&#8220;5200&#8243; gallery_orderby=&#8220;rand&#8220;] [\/et_pb_gallery][\/et_pb_column][\/et_pb_section][et_pb_section admin_label=&#8220;section&#8220; fullwidth=&#8220;off&#8220; specialty=&#8220;off&#8220; transparent_background=&#8220;off&#8220; background_color=&#8220;#e6e6e6&#8243; allow_player_pause=&#8220;off&#8220; inner_shadow=&#8220;off&#8220; parallax=&#8220;off&#8220; parallax_method=&#8220;off&#8220; padding_mobile=&#8220;off&#8220; make_fullwidth=&#8220;off&#8220; use_custom_width=&#8220;off&#8220; width_unit=&#8220;on&#8220; make_equal=&#8220;off&#8220; use_custom_gutter=&#8220;off&#8220; custom_padding=&#8220;0|&#8220; module_id=&#8220;geostile&#8220;][et_pb_row admin_label=&#8220;row&#8220; make_fullwidth=&#8220;on&#8220; use_custom_width=&#8220;off&#8220; width_unit=&#8220;on&#8220; use_custom_gutter=&#8220;on&#8220; padding_mobile=&#8220;off&#8220; allow_player_pause=&#8220;off&#8220; parallax=&#8220;off&#8220; parallax_method=&#8220;off&#8220; make_equal=&#8220;off&#8220; custom_padding=&#8220;0|&#8220;][et_pb_column type=&#8220;4_4&#8243;][et_pb_text admin_label=&#8220;Intro capisaldi&#8220; background_layout=&#8220;light&#8220; text_orientation=&#8220;left&#8220; use_border_color=&#8220;off&#8220; border_color=&#8220;#ffffff&#8220; border_style=&#8220;solid&#8220; text_line_height=&#8220;2em&#8220;]<\/p>\n<h1 class=\"p1\"><\/h1>\n<h1 class=\"p1\"><\/h1>\n<h1 class=\"p1\">Eurologos und die Schwerpunkte seiner Aktivit\u00e4t<\/h1>\n<p>Eurologos legt von Anbeginn gro\u00dfen Wert darauf, seinen Kunden die Beibehaltung der spezifischen Sprache ihres Unternehmens und eine lokalisierte Kommunikation zu garantieren. Daher geht es bei der Auswahl seiner muttersprachlichen \u00dcbersetzerinnen und \u00dcbersetzer f\u00fcr die jeweils geforderte Sprachkombinationen stets sehr sorgf\u00e4ltig vor.<\/p>\n<p>[\/et_pb_text][\/et_pb_column][\/et_pb_row][et_pb_row admin_label=&#8220;row&#8220; make_fullwidth=&#8220;on&#8220; use_custom_width=&#8220;off&#8220; width_unit=&#8220;on&#8220; use_custom_gutter=&#8220;on&#8220; padding_mobile=&#8220;off&#8220; allow_player_pause=&#8220;off&#8220; parallax=&#8220;off&#8220; parallax_method=&#8220;off&#8220; make_equal=&#8220;off&#8220;][et_pb_column type=&#8220;1_3&#8243;][et_pb_text admin_label=&#8220;Tecnoletto&#8220; background_layout=&#8220;light&#8220; text_orientation=&#8220;left&#8220; use_border_color=&#8220;off&#8220; border_color=&#8220;#ffffff&#8220; border_style=&#8220;solid&#8220;]<\/p>\n<h2>Technolekt<\/h2>\n<p>Fachsprache eines Marktsegments, die wissenschaftliche oder technische Begriffe beinhaltet, mit denen sich das Kundenunternehmen identifiziert.<\/p>\n<p>[\/et_pb_text][\/et_pb_column][et_pb_column type=&#8220;1_3&#8243;][et_pb_text admin_label=&#8220;Geostile&#8220; background_layout=&#8220;light&#8220; text_orientation=&#8220;left&#8220; use_border_color=&#8220;off&#8220; border_color=&#8220;#ffffff&#8220; border_style=&#8220;solid&#8220;]<\/p>\n<h2 class=\"p1\"><span class=\"s1\">Geostil<\/span><\/h2>\n<p>Die sprachliche Lokalisierung gestattet es, unter Beachtung des Geostils des betreffenden Landes, also der lokalen sozialen und kommunikativen Unterschiede, einen Text zu \u00fcbersetzen, anzupassen und ihn auf diese Weise f\u00fcr Leser eines bestimmten Segments des Zielmarkts nutzbar zu machen.<\/p>\n<p>[\/et_pb_text][\/et_pb_column][et_pb_column type=&#8220;1_3&#8243;][et_pb_text admin_label=&#8220;Terminologia&#8220; background_layout=&#8220;light&#8220; text_orientation=&#8220;left&#8220; use_border_color=&#8220;off&#8220; border_color=&#8220;#ffffff&#8220; border_style=&#8220;solid&#8220;]<\/p>\n<h2 class=\"p1\"><span class=\"s1\">Terminologie<b>\u00a0 \u00a0<\/b><\/span><\/h2>\n<p>Dank des Einsatzes von spezieller Software und der sprachlichen F\u00e4higkeiten der Terminologen ist es m\u00f6glich, die \u00fcbersetzerischen L\u00f6sungen der Vergangenheit beizuhalten, so dass die Terminologie des Kunden und die begriffliche \u00dcbereinstimmung der Texte gew\u00e4hrleistet sind.<\/p>\n<p>[\/et_pb_text][\/et_pb_column][\/et_pb_row][\/et_pb_section][et_pb_section admin_label=&#8220;section&#8220; fullwidth=&#8220;off&#8220; specialty=&#8220;off&#8220; transparent_background=&#8220;off&#8220; background_color=&#8220;#ffffff&#8220; allow_player_pause=&#8220;off&#8220; inner_shadow=&#8220;off&#8220; parallax=&#8220;off&#8220; parallax_method=&#8220;off&#8220; padding_mobile=&#8220;off&#8220; make_fullwidth=&#8220;off&#8220; use_custom_width=&#8220;off&#8220; width_unit=&#8220;on&#8220; make_equal=&#8220;off&#8220; use_custom_gutter=&#8220;off&#8220; custom_padding=&#8220;0|&#8220; module_id=&#8220;geostile&#8220;][et_pb_row admin_label=&#8220;row&#8220; make_fullwidth=&#8220;on&#8220; use_custom_width=&#8220;off&#8220; width_unit=&#8220;on&#8220; use_custom_gutter=&#8220;on&#8220; padding_mobile=&#8220;off&#8220; allow_player_pause=&#8220;off&#8220; parallax=&#8220;off&#8220; parallax_method=&#8220;off&#8220; make_equal=&#8220;off&#8220; custom_padding=&#8220;0|&#8220;][et_pb_column type=&#8220;4_4&#8243;][et_pb_text admin_label=&#8220;Intro settori&#8220; background_layout=&#8220;light&#8220; text_orientation=&#8220;left&#8220; use_border_color=&#8220;off&#8220; border_color=&#8220;#ffffff&#8220; border_style=&#8220;solid&#8220; text_line_height=&#8220;2em&#8220;]<\/p>\n<h1 class=\"p1\"><\/h1>\n<h1 class=\"p1\"><\/h1>\n<h1>Eurologos Milano in Zahlen<\/h1>\n<p>Die Gruppe Eurologos arbeitet mit Kunden von 4 Kontinenten zusammen: von multinationalen Firmen und internationalen Institutionen bis hin zu kleinen und mittleren lokalen Unternehmen. Die Gruppe produziert \u00fcber\u00a0<strong>70 Millionen Worte im Jahr<\/strong>\u00a0in Kombinationen, in denen sich insgesamt\u00a0<strong>45\u00a0Sprachen <\/strong>kreuzen.\u00a0Davon \u00fcbersetzt und lektoriert Eurologos Milano ca.\u00a0<strong>9 Millionen im Jahr<\/strong>.\u00a0Die Profile von Hunderten Kunden werden in unserem quartalsweise erscheinenden e-Magazine\u00a0<a href=\"https:\/\/www.glocal.be\/\"><strong>\u201eGlocal\u201c<\/strong><\/a> pr\u00e4sentiert, das auf der Unternehmenswebseite\u00a0<a href=\"https:\/\/www.eurologos.com\/\" target=\"_blank\"><strong>www.eurologos.com<\/strong><\/a> online zur Verf\u00fcgung steht. Wir haben mehr als\u00a0<strong>500 F\u00e4lle<\/strong>\u00a0ausgew\u00e4hlt, die sowohl f\u00fcr die Art der t\u00e4glich von unseren Filialen garantierten Serviceleistungen als auch f\u00fcr die unz\u00e4hligen Sektoren, in denen unsere Kunden zu Hause sind, <strong>repr\u00e4sentativ<\/strong> sind: Schauen Sie nach den Vertretern Ihrer Branche!<\/p>\n<p>[\/et_pb_text][\/et_pb_column][\/et_pb_row][et_pb_row admin_label=&#8220;row&#8220; make_fullwidth=&#8220;on&#8220; use_custom_width=&#8220;off&#8220; width_unit=&#8220;on&#8220; use_custom_gutter=&#8220;on&#8220; padding_mobile=&#8220;off&#8220; allow_player_pause=&#8220;off&#8220; parallax=&#8220;off&#8220; parallax_method=&#8220;off&#8220; make_equal=&#8220;off&#8220; custom_padding=&#8220;0|&#8220;][et_pb_column type=&#8220;3_4&#8243;][et_pb_text admin_label=&#8220;Intro settori&#8220; background_layout=&#8220;light&#8220; text_orientation=&#8220;left&#8220; use_border_color=&#8220;off&#8220; border_color=&#8220;#ffffff&#8220; border_style=&#8220;solid&#8220; text_line_height=&#8220;2em&#8220;]<\/p>\n<p>Unsere Terminologie-Abteilungen produzieren jedes Jahr mehr als <strong>500.000 best\u00e4tigte Begriffe,<\/strong>\u00a0die in Dutzenden mehrsprachiger Glossare (Verzeichnisse technischer und unternehmensspezifischer Begriffe in \u00dcbersetzungssystemen, insbesondere SDL Trados 2015, dessen Partner wir sind) zusammengefasst sind.\u00a0Hier finden Sie eine Zusammenstellung der meistgefragten Sektoren:<\/p>\n<p>[\/et_pb_text][\/et_pb_column][et_pb_column type=&#8220;1_4&#8243;][et_pb_image admin_label=&#8220;Immagine&#8220; show_in_lightbox=&#8220;off&#8220; url_new_window=&#8220;off&#8220; animation=&#8220;left&#8220; sticky=&#8220;off&#8220; align=&#8220;left&#8220; force_fullwidth=&#8220;off&#8220; always_center_on_mobile=&#8220;on&#8220; use_border_color=&#8220;off&#8220; border_color=&#8220;#ffffff&#8220; border_style=&#8220;solid&#8220; src=&#8220;https:\/\/eurologos-milano.com\/wp-content\/uploads\/2015\/07\/SDL_LSP_Partner_Program_Advantage_Plus_01.jpg&#8220;] [\/et_pb_image][\/et_pb_column][\/et_pb_row][et_pb_row admin_label=&#8220;row&#8220; make_fullwidth=&#8220;on&#8220; use_custom_width=&#8220;off&#8220; width_unit=&#8220;on&#8220; use_custom_gutter=&#8220;on&#8220; padding_mobile=&#8220;off&#8220; allow_player_pause=&#8220;off&#8220; parallax=&#8220;off&#8220; parallax_method=&#8220;off&#8220; make_equal=&#8220;off&#8220;][et_pb_column type=&#8220;1_3&#8243;][et_pb_text admin_label=&#8220;Settori 1&#8243; background_layout=&#8220;light&#8220; text_orientation=&#8220;left&#8220; use_border_color=&#8220;off&#8220; border_color=&#8220;#ffffff&#8220; border_style=&#8220;solid&#8220;]<\/p>\n<ul>\n<li>\n<h3>Mode und Luxus<\/h3>\n<\/li>\n<li>\n<h3>Tourismus und Freizeit<\/h3>\n<\/li>\n<li>\n<h3>Medizin, Pharmazie und Chemie<\/h3>\n<\/li>\n<li>\n<h3>Kosmetik<\/h3>\n<\/li>\n<\/ul>\n<p>[\/et_pb_text][\/et_pb_column][et_pb_column type=&#8220;1_3&#8243;][et_pb_text admin_label=&#8220;Settore 2&#8243; background_layout=&#8220;light&#8220; text_orientation=&#8220;left&#8220; use_border_color=&#8220;off&#8220; border_color=&#8220;#ffffff&#8220; border_style=&#8220;solid&#8220;]<\/p>\n<ul>\n<li>\n<h3>Lebensmittelindustrie und Gro\u00dfhandel<\/h3>\n<\/li>\n<li>\n<h3>Personalwesen<\/h3>\n<\/li>\n<li>\n<h3>R&amp;S, Industriebau und Bauwesen<\/h3>\n<\/li>\n<li>\n<h3>Werbung und Verlagswesen<\/h3>\n<\/li>\n<\/ul>\n<p>[\/et_pb_text][\/et_pb_column][et_pb_column type=&#8220;1_3&#8243;][et_pb_text admin_label=&#8220;Settori 3&#8243; background_layout=&#8220;light&#8220; text_orientation=&#8220;left&#8220; use_border_color=&#8220;off&#8220; border_color=&#8220;#ffffff&#8220; border_style=&#8220;solid&#8220;]<\/p>\n<ul>\n<li>\n<h3>IT und Telekommunikation<\/h3>\n<\/li>\n<li>\n<h3>Recht, Wirtschaft und Finanzen<\/h3>\n<\/li>\n<li>\n<h3>Verkehrswesen<\/h3>\n<\/li>\n<li>\n<h3>Soziale Verantwortung der Unternehmen<\/h3>\n<\/li>\n<\/ul>\n<p>[\/et_pb_text][\/et_pb_column][\/et_pb_row][et_pb_row admin_label=&#8220;Riga&#8220; make_fullwidth=&#8220;on&#8220; use_custom_width=&#8220;off&#8220; width_unit=&#8220;on&#8220; use_custom_gutter=&#8220;off&#8220; padding_mobile=&#8220;off&#8220; allow_player_pause=&#8220;off&#8220; parallax=&#8220;off&#8220; parallax_method=&#8220;off&#8220; make_equal=&#8220;off&#8220; column_padding_mobile=&#8220;on&#8220;][et_pb_column type=&#8220;4_4&#8243;][et_pb_image admin_label=&#8220;Immagine&#8220; src=&#8220;https:\/\/eurologos-milano.com\/wp-content\/uploads\/2016\/01\/GRECA-ICONE2.png&#8220; show_in_lightbox=&#8220;off&#8220; url_new_window=&#8220;off&#8220; animation=&#8220;left&#8220; sticky=&#8220;off&#8220; align=&#8220;left&#8220; force_fullwidth=&#8220;off&#8220; always_center_on_mobile=&#8220;on&#8220; use_border_color=&#8220;off&#8220; border_color=&#8220;#ffffff&#8220; border_style=&#8220;solid&#8220;] [\/et_pb_image][\/et_pb_column][\/et_pb_row][\/et_pb_section]<\/p>\n","protected":false},"excerpt":{"rendered":"<p>Wir teilen Projekte, Worte und Ideen mit &#8230; Eurologos und die Schwerpunkte seiner Aktivit\u00e4t Eurologos legt von Anbeginn gro\u00dfen Wert darauf, seinen Kunden die Beibehaltung der spezifischen Sprache ihres Unternehmens und eine lokalisierte Kommunikation zu garantieren. Daher geht es bei der Auswahl seiner muttersprachlichen \u00dcbersetzerinnen und \u00dcbersetzer f\u00fcr die jeweils geforderte Sprachkombinationen stets sehr sorgf\u00e4ltig [&hellip;]<\/p>\n","protected":false},"author":8,"featured_media":0,"parent":0,"menu_order":65,"comment_status":"open","ping_status":"closed","template":"","meta":{"_et_pb_use_builder":"on","_et_pb_old_content":"","_et_gb_content_width":"","footnotes":""},"class_list":["post-8343","page","type-page","status-publish","hentry"],"yoast_head":"<!-- This site is optimized with the Yoast SEO plugin v27.5 - https:\/\/yoast.com\/product\/yoast-seo-wordpress\/ -->\n<title>Kunden - Eurologos Milano<\/title>\n<meta name=\"description\" content=\"Eurologos und die Schwerpunkte seiner Aktivit\u00e4t\" \/>\n<meta name=\"robots\" content=\"index, follow, max-snippet:-1, max-image-preview:large, max-video-preview:-1\" \/>\n<link rel=\"canonical\" href=\"https:\/\/eurologos-milano.com\/de\/portfolio\/\" \/>\n<meta property=\"og:locale\" content=\"de_DE\" \/>\n<meta property=\"og:type\" content=\"article\" \/>\n<meta property=\"og:title\" content=\"Kunden - Eurologos Milano\" \/>\n<meta property=\"og:description\" content=\"Eurologos und die Schwerpunkte seiner Aktivit\u00e4t\" \/>\n<meta property=\"og:url\" content=\"https:\/\/eurologos-milano.com\/de\/portfolio\/\" \/>\n<meta property=\"og:site_name\" content=\"Eurologos Milano\" \/>\n<meta property=\"article:modified_time\" content=\"2016-11-04T16:24:41+00:00\" \/>\n<meta name=\"twitter:card\" content=\"summary_large_image\" \/>\n<meta name=\"twitter:label1\" content=\"Gesch\u00e4tzte Lesezeit\" \/>\n\t<meta name=\"twitter:data1\" content=\"9\u00a0Minuten\" \/>\n<script type=\"application\/ld+json\" class=\"yoast-schema-graph\">{\"@context\":\"https:\\\/\\\/schema.org\",\"@graph\":[{\"@type\":\"WebPage\",\"@id\":\"https:\\\/\\\/eurologos-milano.com\\\/de\\\/portfolio\\\/\",\"url\":\"https:\\\/\\\/eurologos-milano.com\\\/de\\\/portfolio\\\/\",\"name\":\"Kunden - Eurologos Milano\",\"isPartOf\":{\"@id\":\"https:\\\/\\\/eurologos-milano.com\\\/#website\"},\"datePublished\":\"2016-02-22T11:39:03+00:00\",\"dateModified\":\"2016-11-04T16:24:41+00:00\",\"description\":\"Eurologos und die Schwerpunkte seiner Aktivit\u00e4t\",\"breadcrumb\":{\"@id\":\"https:\\\/\\\/eurologos-milano.com\\\/de\\\/portfolio\\\/#breadcrumb\"},\"inLanguage\":\"de\",\"potentialAction\":[{\"@type\":\"ReadAction\",\"target\":[\"https:\\\/\\\/eurologos-milano.com\\\/de\\\/portfolio\\\/\"]}]},{\"@type\":\"BreadcrumbList\",\"@id\":\"https:\\\/\\\/eurologos-milano.com\\\/de\\\/portfolio\\\/#breadcrumb\",\"itemListElement\":[{\"@type\":\"ListItem\",\"position\":1,\"name\":\"Home\",\"item\":\"https:\\\/\\\/eurologos-milano.com\\\/de\\\/\"},{\"@type\":\"ListItem\",\"position\":2,\"name\":\"Kunden\"}]},{\"@type\":\"WebSite\",\"@id\":\"https:\\\/\\\/eurologos-milano.com\\\/#website\",\"url\":\"https:\\\/\\\/eurologos-milano.com\\\/\",\"name\":\"Eurologos Milano\",\"description\":\"Traduzioni Milano\",\"potentialAction\":[{\"@type\":\"SearchAction\",\"target\":{\"@type\":\"EntryPoint\",\"urlTemplate\":\"https:\\\/\\\/eurologos-milano.com\\\/?s={search_term_string}\"},\"query-input\":{\"@type\":\"PropertyValueSpecification\",\"valueRequired\":true,\"valueName\":\"search_term_string\"}}],\"inLanguage\":\"de\"}]}<\/script>\n<!-- \/ Yoast SEO plugin. -->","yoast_head_json":{"title":"Kunden - Eurologos Milano","description":"Eurologos und die Schwerpunkte seiner Aktivit\u00e4t","robots":{"index":"index","follow":"follow","max-snippet":"max-snippet:-1","max-image-preview":"max-image-preview:large","max-video-preview":"max-video-preview:-1"},"canonical":"https:\/\/eurologos-milano.com\/de\/portfolio\/","og_locale":"de_DE","og_type":"article","og_title":"Kunden - Eurologos Milano","og_description":"Eurologos und die Schwerpunkte seiner Aktivit\u00e4t","og_url":"https:\/\/eurologos-milano.com\/de\/portfolio\/","og_site_name":"Eurologos Milano","article_modified_time":"2016-11-04T16:24:41+00:00","twitter_card":"summary_large_image","twitter_misc":{"Gesch\u00e4tzte Lesezeit":"9\u00a0Minuten"},"schema":{"@context":"https:\/\/schema.org","@graph":[{"@type":"WebPage","@id":"https:\/\/eurologos-milano.com\/de\/portfolio\/","url":"https:\/\/eurologos-milano.com\/de\/portfolio\/","name":"Kunden - Eurologos Milano","isPartOf":{"@id":"https:\/\/eurologos-milano.com\/#website"},"datePublished":"2016-02-22T11:39:03+00:00","dateModified":"2016-11-04T16:24:41+00:00","description":"Eurologos und die Schwerpunkte seiner Aktivit\u00e4t","breadcrumb":{"@id":"https:\/\/eurologos-milano.com\/de\/portfolio\/#breadcrumb"},"inLanguage":"de","potentialAction":[{"@type":"ReadAction","target":["https:\/\/eurologos-milano.com\/de\/portfolio\/"]}]},{"@type":"BreadcrumbList","@id":"https:\/\/eurologos-milano.com\/de\/portfolio\/#breadcrumb","itemListElement":[{"@type":"ListItem","position":1,"name":"Home","item":"https:\/\/eurologos-milano.com\/de\/"},{"@type":"ListItem","position":2,"name":"Kunden"}]},{"@type":"WebSite","@id":"https:\/\/eurologos-milano.com\/#website","url":"https:\/\/eurologos-milano.com\/","name":"Eurologos Milano","description":"Traduzioni Milano","potentialAction":[{"@type":"SearchAction","target":{"@type":"EntryPoint","urlTemplate":"https:\/\/eurologos-milano.com\/?s={search_term_string}"},"query-input":{"@type":"PropertyValueSpecification","valueRequired":true,"valueName":"search_term_string"}}],"inLanguage":"de"}]}},"_links":{"self":[{"href":"https:\/\/eurologos-milano.com\/de\/wp-json\/wp\/v2\/pages\/8343","targetHints":{"allow":["GET"]}}],"collection":[{"href":"https:\/\/eurologos-milano.com\/de\/wp-json\/wp\/v2\/pages"}],"about":[{"href":"https:\/\/eurologos-milano.com\/de\/wp-json\/wp\/v2\/types\/page"}],"author":[{"embeddable":true,"href":"https:\/\/eurologos-milano.com\/de\/wp-json\/wp\/v2\/users\/8"}],"replies":[{"embeddable":true,"href":"https:\/\/eurologos-milano.com\/de\/wp-json\/wp\/v2\/comments?post=8343"}],"version-history":[{"count":1,"href":"https:\/\/eurologos-milano.com\/de\/wp-json\/wp\/v2\/pages\/8343\/revisions"}],"predecessor-version":[{"id":9114,"href":"https:\/\/eurologos-milano.com\/de\/wp-json\/wp\/v2\/pages\/8343\/revisions\/9114"}],"wp:attachment":[{"href":"https:\/\/eurologos-milano.com\/de\/wp-json\/wp\/v2\/media?parent=8343"}],"curies":[{"name":"wp","href":"https:\/\/api.w.org\/{rel}","templated":true}]}}