{"id":8330,"date":"2016-02-22T11:13:45","date_gmt":"2016-02-22T11:13:45","guid":{"rendered":"https:\/\/eurologos-milano.com\/de\/?page_id=8330"},"modified":"2018-01-29T18:38:39","modified_gmt":"2018-01-29T18:38:39","slug":"qualita","status":"publish","type":"page","link":"https:\/\/eurologos-milano.com\/de\/qualita\/","title":{"rendered":"Qualit\u00e4t"},"content":{"rendered":"<p>[et_pb_section bb_built=&#8220;1&#8243; admin_label=&#8220;section&#8220; fullwidth=&#8220;on&#8220; specialty=&#8220;off&#8220;][et_pb_fullwidth_header title=&#8220;Professionelle \u00dcbersetzungen: Erstellung und \u00dcberpr\u00fcfung an dem Ort, wo die Sprachen gesprochen werden&#8220; background_layout=&#8220;dark&#8220; text_orientation=&#8220;center&#8220; header_fullscreen=&#8220;off&#8220; header_scroll_down=&#8220;on&#8220; scroll_down_icon=&#8220;%%188%%&#8220; background_url=&#8220;https:\/\/eurologos-milano.com\/wp-content\/uploads\/2015\/09\/worldok.jpg&#8220; parallax=&#8220;on&#8220; parallax_method=&#8220;on&#8220; content_orientation=&#8220;center&#8220; image_orientation=&#8220;center&#8220; module_class=&#8220;kepler&#8220; custom_button_one=&#8220;off&#8220; button_one_icon_placement=&#8220;right&#8220; custom_button_two=&#8220;off&#8220; button_two_icon_placement=&#8220;right&#8220; title_font_size=&#8220;64&#8243; background_image=&#8220;https:\/\/eurologos-milano.com\/wp-content\/uploads\/2015\/09\/worldok.jpg&#8220; _builder_version=&#8220;3.0.83&#8243; max_width_tablet=&#8220;50px&#8220; \/][\/et_pb_section][et_pb_section bb_built=&#8220;1&#8243; admin_label=&#8220;section&#8220; transparent_background=&#8220;off&#8220; background_color=&#8220;#ffffff&#8220; inner_shadow=&#8220;off&#8220; parallax=&#8220;off&#8220; parallax_method=&#8220;off&#8220; module_id=&#8220;testoqualita&#8220;][et_pb_row admin_label=&#8220;row&#8220; make_fullwidth=&#8220;off&#8220; use_custom_width=&#8220;off&#8220; width_unit=&#8220;on&#8220; use_custom_gutter=&#8220;off&#8220; padding_mobile=&#8220;off&#8220; disabled=&#8220;off&#8220; disabled_on=&#8220;|on|on&#8220; allow_player_pause=&#8220;off&#8220; parallax=&#8220;off&#8220; parallax_method=&#8220;off&#8220; make_equal=&#8220;off&#8220; parallax_1=&#8220;off&#8220; parallax_method_1=&#8220;off&#8220; column_padding_mobile=&#8220;on&#8220; background_position=&#8220;top_left&#8220; background_repeat=&#8220;repeat&#8220; background_size=&#8220;initial&#8220;][et_pb_column type=&#8220;4_4&#8243;][et_pb_text admin_label=&#8220;Text&#8220; background_layout=&#8220;light&#8220; text_orientation=&#8220;left&#8220; use_border_color=&#8220;off&#8220; border_color=&#8220;#ffffff&#8220; border_style=&#8220;solid&#8220; text_line_height=&#8220;2em&#8220; module_alignment=&#8220;left&#8220; background_position=&#8220;top_left&#8220; background_repeat=&#8220;repeat&#8220; background_size=&#8220;initial&#8220;]<\/p>\n<h1>Das Produktionsschema von Eurologos: vom Auftrag bis zur Abgabe.<\/h1>\n<p>Hier sehen Sie, wie die Gruppe Eurologos die Qualit\u00e4t der sprachlichen und multimedialen Dienstleistungen gew\u00e4hrleistet. Im Rahmen der <strong>professionellen \u00dcbersetzungen<\/strong> sind Konzepte der <strong><a href=\"https:\/\/eurologos-milano.com\/de\/portfolio\/#geostile\">geostilistischen Lokalisierung der Sprachen<\/a><\/strong> und die <strong><a href=\"https:\/\/eurologos-milano.com\/de\/portfolio\/#geostile\">Relokalisierung der Produktion an dem Ort, wo die Zielsprache gesprochen wird<\/a><\/strong>, keine leeren Worte. Jedes Projekt wird unter der Supervision eines <strong>einzigen Projektmanagers<\/strong> bearbeitet, der als direkter Kontakt und Ansprechpartner f\u00fcr den Kunden und die Lieferanten (\u00dcbersetzer, Copywriter, Terminologen, Grafiker und Computertechniker) fungiert: sprachliche Produktion und integrierte Grafik unter einem Dach!<\/p>\n<p>[\/et_pb_text][et_pb_image src=&#8220;https:\/\/eurologos-milano.com\/wp-content\/uploads\/2015\/02\/schema_NEW.png&#8220; show_in_lightbox=&#8220;off&#8220; url_new_window=&#8220;off&#8220; animation=&#8220;left&#8220; sticky=&#8220;off&#8220; align=&#8220;left&#8220; force_fullwidth=&#8220;off&#8220; always_center_on_mobile=&#8220;on&#8220; use_border_color=&#8220;off&#8220; border_color=&#8220;#ffffff&#8220; border_style=&#8220;solid&#8220; animation_direction=&#8220;left&#8220; animation_style=&#8220;slide&#8220; animation_duration=&#8220;500ms&#8220; animation_intensity_slide=&#8220;10%&#8220;]<\/p>\n<p>&nbsp;<\/p>\n<p>[\/et_pb_image][\/et_pb_column][\/et_pb_row][et_pb_row admin_label=&#8220;row&#8220; make_fullwidth=&#8220;off&#8220; use_custom_width=&#8220;off&#8220; width_unit=&#8220;on&#8220; use_custom_gutter=&#8220;off&#8220; padding_mobile=&#8220;off&#8220; allow_player_pause=&#8220;off&#8220; parallax=&#8220;off&#8220; parallax_method=&#8220;off&#8220; make_equal=&#8220;off&#8220; column_padding_mobile=&#8220;on&#8220; disabled=&#8220;off&#8220; disabled_on=&#8220;on||&#8220; parallax_1=&#8220;off&#8220; parallax_method_1=&#8220;off&#8220; background_position=&#8220;top_left&#8220; background_repeat=&#8220;repeat&#8220; background_size=&#8220;initial&#8220;][et_pb_column type=&#8220;4_4&#8243;][et_pb_text admin_label=&#8220;Text&#8220; background_layout=&#8220;light&#8220; text_orientation=&#8220;left&#8220; use_border_color=&#8220;off&#8220; border_color=&#8220;#ffffff&#8220; border_style=&#8220;solid&#8220; text_line_height=&#8220;2em&#8220; module_alignment=&#8220;left&#8220; background_position=&#8220;top_left&#8220; background_repeat=&#8220;repeat&#8220; background_size=&#8220;initial&#8220;]<\/p>\n<h1>Das Produktionsschema von Eurologos: vom Auftrag bis zur Abgabe.<\/h1>\n<p>Hier sehen Sie, wie die Gruppe Eurologos die Qualit\u00e4t der sprachlichen und multimedialen Dienstleistungen gew\u00e4hrleistet. Im Rahmen der <strong>professionellen \u00dcbersetzungen<\/strong> sind Konzepte der <strong><a href=\"https:\/\/eurologos-milano.com\/de\/portfolio\/#geostile\">geostilistischen Lokalisierung der Sprachen<\/a><\/strong> und die <strong><a href=\"https:\/\/eurologos-milano.com\/de\/portfolio\/#geostile\">Relokalisierung der Produktion an dem Ort, wo die Zielsprache gesprochen wird<\/a><\/strong>, keine leeren Worte. Jedes Projekt wird unter der Supervision eines <strong>einzigen Projektmanagers<\/strong> bearbeitet, der als direkter Kontakt und Ansprechpartner f\u00fcr den Kunden und die Lieferanten (\u00dcbersetzer, Copywriter, Terminologen, Grafiker und Computertechniker) fungiert: sprachliche Produktion und integrierte Grafik unter einem Dach!<\/p>\n<p>[\/et_pb_text][et_pb_code module_id=&#8220;animazioneIntro&#8220; \/][et_pb_image admin_label=&#8220;Immagine 01&#8243; show_in_lightbox=&#8220;off&#8220; url_new_window=&#8220;off&#8220; animation=&#8220;off&#8220; sticky=&#8220;on&#8220; align=&#8220;center&#8220; force_fullwidth=&#8220;off&#8220; always_center_on_mobile=&#8220;on&#8220; use_border_color=&#8220;off&#8220; border_color=&#8220;#ffffff&#8220; border_style=&#8220;solid&#8220; module_id=&#8220;animazione&#8220; url=&#8220;#animazioneStep2&#8243; module_class=&#8220;animazione&#8220; show_bottom_space=&#8220;off&#8220;]<\/p>\n<p>&nbsp;<\/p>\n<p>[\/et_pb_image][et_pb_code module_id=&#8220;animazioneStep2&#8243; \/][et_pb_image admin_label=&#8220;Immagine 02&#8243; show_in_lightbox=&#8220;off&#8220; url_new_window=&#8220;off&#8220; animation=&#8220;off&#8220; sticky=&#8220;on&#8220; align=&#8220;center&#8220; force_fullwidth=&#8220;off&#8220; always_center_on_mobile=&#8220;on&#8220; use_border_color=&#8220;off&#8220; border_color=&#8220;#ffffff&#8220; border_style=&#8220;solid&#8220; url=&#8220;#animazioneStep3&#8243; module_id=&#8220;animazione2&#8243; module_class=&#8220;animazione2&#8243; show_bottom_space=&#8220;off&#8220;]<\/p>\n<p>&nbsp;<\/p>\n<p>[\/et_pb_image][et_pb_code module_id=&#8220;animazioneStep3&#8243; \/][et_pb_image admin_label=&#8220;Immagine 03&#8243; show_in_lightbox=&#8220;off&#8220; url_new_window=&#8220;off&#8220; animation=&#8220;off&#8220; sticky=&#8220;on&#8220; align=&#8220;center&#8220; force_fullwidth=&#8220;off&#8220; always_center_on_mobile=&#8220;on&#8220; use_border_color=&#8220;off&#8220; border_color=&#8220;#ffffff&#8220; border_style=&#8220;solid&#8220; module_id=&#8220;animazione3&#8243; module_class=&#8220;animazione3&#8243; show_bottom_space=&#8220;off&#8220;]<\/p>\n<p>&nbsp;<\/p>\n<p>[\/et_pb_image][et_pb_code]&lt;div class=&#8220;colonnaTornaSu&#8220; id=&#8220;colonnaTornaSu&#8220;&gt;&lt;img class=&#8220;clientFeedback&#8220; src=&#8220;https:\/\/eurologos-milano.com\/extra\/img\/certificazioni\/Client_feedback.gif&#8220;&gt;&lt;\/div&gt;[\/et_pb_code][\/et_pb_column][\/et_pb_row][\/et_pb_section][et_pb_section bb_built=&#8220;1&#8243; admin_label=&#8220;section&#8220; fullwidth=&#8220;off&#8220; specialty=&#8220;off&#8220; transparent_background=&#8220;off&#8220; background_color=&#8220;#e6e6e6&#8243; parallax_method=&#8220;off&#8220; custom_padding_tablet=&#8220;50px|0|50px|0&#8243; custom_padding_last_edited=&#8220;on|desktop&#8220; _builder_version=&#8220;3.0.83&#8243; disabled=&#8220;on&#8220; disabled_on=&#8220;on|on|on&#8220;][et_pb_row admin_label=&#8220;row&#8220; background_position=&#8220;top_left&#8220; background_repeat=&#8220;repeat&#8220; background_size=&#8220;initial&#8220;][et_pb_column type=&#8220;2_3&#8243;][et_pb_text admin_label=&#8220;Text&#8220; background_layout=&#8220;light&#8220; text_orientation=&#8220;left&#8220; module_id=&#8220;testoqualit\u00e0&#8220; use_border_color=&#8220;off&#8220; border_color=&#8220;#ffffff&#8220; border_style=&#8220;solid&#8220; text_line_height=&#8220;2em&#8220; module_alignment=&#8220;left&#8220; background_position=&#8220;top_left&#8220; background_repeat=&#8220;repeat&#8220; background_size=&#8220;initial&#8220;]<\/p>\n<h1>Eurologos Milano und seine Qualit\u00e4tszertifizierung<\/h1>\n<p><strong>MTP srl EUROLOGOS Milano<\/strong> ist ein Unternehmen, das nach den Normen der Richtlinie<strong> UNI EN ISO 9001:2008<\/strong> \u2013 mit Erweiterung nach den Anforderungen von <strong>UNI EN 15038<\/strong> \u2013 zertifiziert wurde.<\/p>\n<p>Die Dokumentation des Qualit\u00e4tsmanagementsystems umfasst alle Dokumente, die erforderlich sind, um die Planung, Umsetzung, Kontrolle und Verbesserung der Prozesse zu gew\u00e4hrleisten, welche einen Einfluss auf die Qualit\u00e4t des von MTP srl EUROLOGOS Milano erbrachten Service haben.<\/p>\n<p><strong><a href=\"https:\/\/eurologos-milano.com\/wp-content\/uploads\/2016\/02\/Quality-Policy.pdf\" target=\"_blank\" rel=\"noopener\">\u201eQuality Policy\u201c<\/a><\/strong>\u00a0ist das Hauptdokument des Qualit\u00e4tsmanagementsystems von MTP srl EUROLOGOS Milano. Es erkl\u00e4rt und \u00fcbermittelt der gesamten Organisation die allgemeinen Zielstellungen, Zwecke und Werte, die das Wirken des gesamten internen und externen Mitarbeiterstamms auf den unterschiedlichen Ebenen antreiben und unterst\u00fctzen. Das gemeinsame Ziel: Streben nach Exzellenz bei der Erf\u00fcllung der Anforderungen und st\u00e4ndige Verbesserung der Serviceeffizienz und des Qualit\u00e4tsmanagementsystems.<\/p>\n<p>&nbsp;<\/p>\n<p>[\/et_pb_text][et_pb_image src=&#8220;https:\/\/eurologos-milano.com\/wp-content\/uploads\/2015\/02\/loghiqualita_picc.png&#8220; show_in_lightbox=&#8220;off&#8220; url_new_window=&#8220;off&#8220; animation=&#8220;left&#8220; sticky=&#8220;off&#8220; align=&#8220;left&#8220; force_fullwidth=&#8220;on&#8220; always_center_on_mobile=&#8220;on&#8220; use_border_color=&#8220;off&#8220; border_color=&#8220;#ffffff&#8220; border_style=&#8220;solid&#8220; animation_direction=&#8220;left&#8220; animation_style=&#8220;slide&#8220; animation_duration=&#8220;500ms&#8220; animation_intensity_slide=&#8220;10%&#8220;]<\/p>\n<p>&nbsp;<\/p>\n<p>[\/et_pb_image][et_pb_cta button_url=&#8220;https:\/\/eurologos-milano.com\/wp-content\/uploads\/2016\/02\/Quality-Policy.pdf&#8220; url_new_window=&#8220;on&#8220; button_text=&#8220;Qualit\u00e4tspolitik&#8220; use_background_color=&#8220;off&#8220; background_color=&#8220;#005498&#8243; background_layout=&#8220;light&#8220; text_orientation=&#8220;center&#8220; use_border_color=&#8220;off&#8220; border_color=&#8220;#ffffff&#8220; border_style=&#8220;solid&#8220; custom_button=&#8220;off&#8220; button_letter_spacing=&#8220;0&#8243; button_use_icon=&#8220;default&#8220; button_icon_placement=&#8220;right&#8220; button_on_hover=&#8220;on&#8220; button_letter_spacing_hover=&#8220;0&#8243; background_position=&#8220;top_left&#8220; background_repeat=&#8220;repeat&#8220; background_size=&#8220;initial&#8220;]<\/p>\n<p>&nbsp;<\/p>\n<p>[\/et_pb_cta][\/et_pb_column][et_pb_column type=&#8220;1_3&#8243;][et_pb_blurb admin_label=&#8220;Blurb&#8220; title=&#8220;ISO-Zertifizierung herunterladen&#8220; url_new_window=&#8220;on&#8220; use_icon=&#8220;off&#8220; font_icon=&#8220;\ue004&#8220; icon_color=&#8220;#005498&#8243; use_circle=&#8220;off&#8220; circle_color=&#8220;#005498&#8243; use_circle_border=&#8220;off&#8220; circle_border_color=&#8220;#005498&#8243; icon_placement=&#8220;top&#8220; animation=&#8220;right&#8220; background_layout=&#8220;light&#8220; text_orientation=&#8220;center&#8220; image=&#8220;https:\/\/eurologos-milano.com\/wp-content\/uploads\/2015\/02\/Quality_Gif_300x300_Alpha_01.gif&#8220; use_icon_font_size=&#8220;off&#8220; body_line_height=&#8220;2em&#8220; use_border_color=&#8220;off&#8220; border_color=&#8220;#ffffff&#8220; border_style=&#8220;solid&#8220; url=&#8220;https:\/\/eurologos-milano.com\/wp-content\/uploads\/2015\/09\/certification-2015_ITA.pdf&#8220; background_position=&#8220;top_left&#8220; background_repeat=&#8220;repeat&#8220; background_size=&#8220;initial&#8220;]<\/p>\n<p>&nbsp;<\/p>\n<p>[\/et_pb_blurb][\/et_pb_column][\/et_pb_row][\/et_pb_section]<\/p>\n","protected":false},"excerpt":{"rendered":"<p>Das Produktionsschema von Eurologos: vom Auftrag bis zur Abgabe. Hier sehen Sie, wie die Gruppe Eurologos die Qualit\u00e4t der sprachlichen und multimedialen Dienstleistungen gew\u00e4hrleistet. Im Rahmen der professionellen \u00dcbersetzungen sind Konzepte der geostilistischen Lokalisierung der Sprachen und die Relokalisierung der Produktion an dem Ort, wo die Zielsprache gesprochen wird, keine leeren Worte. Jedes Projekt wird [&hellip;]<\/p>\n","protected":false},"author":8,"featured_media":0,"parent":0,"menu_order":20,"comment_status":"open","ping_status":"closed","template":"","meta":{"_et_pb_use_builder":"on","_et_pb_old_content":"","_et_gb_content_width":"","footnotes":""},"class_list":["post-8330","page","type-page","status-publish","hentry"],"yoast_head":"<!-- This site is optimized with the Yoast SEO plugin v27.4 - https:\/\/yoast.com\/product\/yoast-seo-wordpress\/ -->\n<title>Qualit\u00e4t - Eurologos Milano<\/title>\n<meta name=\"description\" content=\"Dank professioneller \u00dcbersetzungen gew\u00e4hrleistet die Gruppe Eurologos die Qualit\u00e4t der sprachlichen und multimedialen Dienstleistungen.\" \/>\n<meta name=\"robots\" content=\"index, follow, max-snippet:-1, max-image-preview:large, max-video-preview:-1\" \/>\n<link rel=\"canonical\" href=\"https:\/\/eurologos-milano.com\/de\/qualita\/\" \/>\n<meta property=\"og:locale\" content=\"de_DE\" \/>\n<meta property=\"og:type\" content=\"article\" \/>\n<meta property=\"og:title\" content=\"Qualit\u00e4t - Eurologos Milano\" \/>\n<meta property=\"og:description\" content=\"Dank professioneller \u00dcbersetzungen gew\u00e4hrleistet die Gruppe Eurologos die Qualit\u00e4t der sprachlichen und multimedialen Dienstleistungen.\" \/>\n<meta property=\"og:url\" content=\"https:\/\/eurologos-milano.com\/de\/qualita\/\" \/>\n<meta property=\"og:site_name\" content=\"Eurologos Milano\" \/>\n<meta property=\"article:modified_time\" content=\"2018-01-29T18:38:39+00:00\" \/>\n<meta name=\"twitter:card\" content=\"summary_large_image\" \/>\n<meta name=\"twitter:label1\" content=\"Gesch\u00e4tzte Lesezeit\" \/>\n\t<meta name=\"twitter:data1\" content=\"7\u00a0Minuten\" \/>\n<script type=\"application\/ld+json\" class=\"yoast-schema-graph\">{\"@context\":\"https:\\\/\\\/schema.org\",\"@graph\":[{\"@type\":\"WebPage\",\"@id\":\"https:\\\/\\\/eurologos-milano.com\\\/de\\\/qualita\\\/\",\"url\":\"https:\\\/\\\/eurologos-milano.com\\\/de\\\/qualita\\\/\",\"name\":\"Qualit\u00e4t - Eurologos Milano\",\"isPartOf\":{\"@id\":\"https:\\\/\\\/eurologos-milano.com\\\/#website\"},\"datePublished\":\"2016-02-22T11:13:45+00:00\",\"dateModified\":\"2018-01-29T18:38:39+00:00\",\"description\":\"Dank professioneller \u00dcbersetzungen gew\u00e4hrleistet die Gruppe Eurologos die Qualit\u00e4t der sprachlichen und multimedialen Dienstleistungen.\",\"breadcrumb\":{\"@id\":\"https:\\\/\\\/eurologos-milano.com\\\/de\\\/qualita\\\/#breadcrumb\"},\"inLanguage\":\"de\",\"potentialAction\":[{\"@type\":\"ReadAction\",\"target\":[\"https:\\\/\\\/eurologos-milano.com\\\/de\\\/qualita\\\/\"]}]},{\"@type\":\"BreadcrumbList\",\"@id\":\"https:\\\/\\\/eurologos-milano.com\\\/de\\\/qualita\\\/#breadcrumb\",\"itemListElement\":[{\"@type\":\"ListItem\",\"position\":1,\"name\":\"Home\",\"item\":\"https:\\\/\\\/eurologos-milano.com\\\/de\\\/\"},{\"@type\":\"ListItem\",\"position\":2,\"name\":\"Qualit\u00e4t\"}]},{\"@type\":\"WebSite\",\"@id\":\"https:\\\/\\\/eurologos-milano.com\\\/#website\",\"url\":\"https:\\\/\\\/eurologos-milano.com\\\/\",\"name\":\"Eurologos Milano\",\"description\":\"Traduzioni Milano\",\"potentialAction\":[{\"@type\":\"SearchAction\",\"target\":{\"@type\":\"EntryPoint\",\"urlTemplate\":\"https:\\\/\\\/eurologos-milano.com\\\/?s={search_term_string}\"},\"query-input\":{\"@type\":\"PropertyValueSpecification\",\"valueRequired\":true,\"valueName\":\"search_term_string\"}}],\"inLanguage\":\"de\"}]}<\/script>\n<!-- \/ Yoast SEO plugin. -->","yoast_head_json":{"title":"Qualit\u00e4t - Eurologos Milano","description":"Dank professioneller \u00dcbersetzungen gew\u00e4hrleistet die Gruppe Eurologos die Qualit\u00e4t der sprachlichen und multimedialen Dienstleistungen.","robots":{"index":"index","follow":"follow","max-snippet":"max-snippet:-1","max-image-preview":"max-image-preview:large","max-video-preview":"max-video-preview:-1"},"canonical":"https:\/\/eurologos-milano.com\/de\/qualita\/","og_locale":"de_DE","og_type":"article","og_title":"Qualit\u00e4t - Eurologos Milano","og_description":"Dank professioneller \u00dcbersetzungen gew\u00e4hrleistet die Gruppe Eurologos die Qualit\u00e4t der sprachlichen und multimedialen Dienstleistungen.","og_url":"https:\/\/eurologos-milano.com\/de\/qualita\/","og_site_name":"Eurologos Milano","article_modified_time":"2018-01-29T18:38:39+00:00","twitter_card":"summary_large_image","twitter_misc":{"Gesch\u00e4tzte Lesezeit":"7\u00a0Minuten"},"schema":{"@context":"https:\/\/schema.org","@graph":[{"@type":"WebPage","@id":"https:\/\/eurologos-milano.com\/de\/qualita\/","url":"https:\/\/eurologos-milano.com\/de\/qualita\/","name":"Qualit\u00e4t - Eurologos Milano","isPartOf":{"@id":"https:\/\/eurologos-milano.com\/#website"},"datePublished":"2016-02-22T11:13:45+00:00","dateModified":"2018-01-29T18:38:39+00:00","description":"Dank professioneller \u00dcbersetzungen gew\u00e4hrleistet die Gruppe Eurologos die Qualit\u00e4t der sprachlichen und multimedialen Dienstleistungen.","breadcrumb":{"@id":"https:\/\/eurologos-milano.com\/de\/qualita\/#breadcrumb"},"inLanguage":"de","potentialAction":[{"@type":"ReadAction","target":["https:\/\/eurologos-milano.com\/de\/qualita\/"]}]},{"@type":"BreadcrumbList","@id":"https:\/\/eurologos-milano.com\/de\/qualita\/#breadcrumb","itemListElement":[{"@type":"ListItem","position":1,"name":"Home","item":"https:\/\/eurologos-milano.com\/de\/"},{"@type":"ListItem","position":2,"name":"Qualit\u00e4t"}]},{"@type":"WebSite","@id":"https:\/\/eurologos-milano.com\/#website","url":"https:\/\/eurologos-milano.com\/","name":"Eurologos Milano","description":"Traduzioni Milano","potentialAction":[{"@type":"SearchAction","target":{"@type":"EntryPoint","urlTemplate":"https:\/\/eurologos-milano.com\/?s={search_term_string}"},"query-input":{"@type":"PropertyValueSpecification","valueRequired":true,"valueName":"search_term_string"}}],"inLanguage":"de"}]}},"_links":{"self":[{"href":"https:\/\/eurologos-milano.com\/de\/wp-json\/wp\/v2\/pages\/8330","targetHints":{"allow":["GET"]}}],"collection":[{"href":"https:\/\/eurologos-milano.com\/de\/wp-json\/wp\/v2\/pages"}],"about":[{"href":"https:\/\/eurologos-milano.com\/de\/wp-json\/wp\/v2\/types\/page"}],"author":[{"embeddable":true,"href":"https:\/\/eurologos-milano.com\/de\/wp-json\/wp\/v2\/users\/8"}],"replies":[{"embeddable":true,"href":"https:\/\/eurologos-milano.com\/de\/wp-json\/wp\/v2\/comments?post=8330"}],"version-history":[{"count":2,"href":"https:\/\/eurologos-milano.com\/de\/wp-json\/wp\/v2\/pages\/8330\/revisions"}],"predecessor-version":[{"id":9566,"href":"https:\/\/eurologos-milano.com\/de\/wp-json\/wp\/v2\/pages\/8330\/revisions\/9566"}],"wp:attachment":[{"href":"https:\/\/eurologos-milano.com\/de\/wp-json\/wp\/v2\/media?parent=8330"}],"curies":[{"name":"wp","href":"https:\/\/api.w.org\/{rel}","templated":true}]}}