{"id":8325,"date":"2016-02-22T10:55:17","date_gmt":"2016-02-22T10:55:17","guid":{"rendered":"https:\/\/eurologos-milano.com\/de\/?page_id=8325"},"modified":"2016-11-04T16:22:44","modified_gmt":"2016-11-04T16:22:44","slug":"comunicazione","status":"publish","type":"page","link":"https:\/\/eurologos-milano.com\/de\/comunicazione\/","title":{"rendered":"360\u00b0 Kommunikation"},"content":{"rendered":"<p>[et_pb_section admin_label=&#8220;section&#8220; fullwidth=&#8220;on&#8220; specialty=&#8220;off&#8220; background_image=&#8220;https:\/\/eurologos-milano.com\/wp-content\/uploads\/2015\/04\/Comunicazione-ok.jpg&#8220; transparent_background=&#8220;off&#8220; background_color=&#8220;#ffffff&#8220; inner_shadow=&#8220;off&#8220; parallax=&#8220;on&#8220; parallax_method=&#8220;on&#8220; module_class=&#8220;testataServizi&#8220;][et_pb_fullwidth_header admin_label=&#8220;Fullwidth Header&#8220; title=&#8220;360\u00b0 Kommunikation&#8220; subhead=&#8220;Der Ort der Ideen&#8220; background_layout=&#8220;light&#8220; text_orientation=&#8220;left&#8220; header_fullscreen=&#8220;off&#8220; header_scroll_down=&#8220;off&#8220; parallax=&#8220;off&#8220; parallax_method=&#8220;off&#8220; content_orientation=&#8220;center&#8220; image_orientation=&#8220;center&#8220; custom_button_one=&#8220;off&#8220; button_one_letter_spacing=&#8220;0&#8243; button_one_use_icon=&#8220;default&#8220; button_one_icon_placement=&#8220;right&#8220; button_one_on_hover=&#8220;on&#8220; button_one_letter_spacing_hover=&#8220;0&#8243; custom_button_two=&#8220;off&#8220; button_two_letter_spacing=&#8220;0&#8243; button_two_use_icon=&#8220;default&#8220; button_two_icon_placement=&#8220;right&#8220; button_two_on_hover=&#8220;on&#8220; button_two_letter_spacing_hover=&#8220;0&#8243; module_class=&#8220;kepler&#8220; subhead_font=&#8220;||on||&#8220;]<br \/>\n[\/et_pb_fullwidth_header][\/et_pb_section][et_pb_section admin_label=&#8220;section&#8220; transparent_background=&#8220;off&#8220; background_color=&#8220;#f5f5f5&#8243; inner_shadow=&#8220;off&#8220; parallax=&#8220;off&#8220; parallax_method=&#8220;off&#8220; allow_player_pause=&#8220;off&#8220; padding_mobile=&#8220;off&#8220; make_fullwidth=&#8220;off&#8220; use_custom_width=&#8220;off&#8220; width_unit=&#8220;on&#8220; make_equal=&#8220;off&#8220; use_custom_gutter=&#8220;off&#8220;][et_pb_row admin_label=&#8220;row&#8220;][et_pb_column type=&#8220;2_3&#8243;][et_pb_text admin_label=&#8220;Text&#8220; background_layout=&#8220;light&#8220; text_orientation=&#8220;left&#8220; use_border_color=&#8220;off&#8220; border_color=&#8220;#ffffff&#8220; border_style=&#8220;solid&#8220; text_line_height=&#8220;2em&#8220;]<\/p>\n<p>&nbsp;<\/p>\n<h2><strong>INTEGRIERTE KOMMUNIKATION<\/strong><\/h2>\n<p style=\"text-align: justify;\">Eurologos Milano ist in der wundervollen Villa Mirabello, einer Oase des Friedens inmitten der dynamischen Hauptstadt der Lombardei, angesiedelt. Viele wissen es nicht, aber die Villa ist ein echtes Juwel: Als einstiger Landsitz des Adelsgeschlechts Visconti beherbergt sie heute den Sitz der Fondazione Villa Mirabello Onlus und zahlreicher Gesellschaften.<\/p>\n<p style=\"text-align: justify;\">In dieser Villa f\u00fcgt sich Eurologos in den Kontext der Ideenschmiede <a href=\"https:\/\/vm6.it\/il_luogo_delle_idee\/\" target=\"_blank\">VM6<\/a> ein. VM6 ist eine Synergie aus sechs Organisationen: Eurologos Milano, Capricorn, Beecreative, Pentaphoto, Pepe Research und Sunny Milano. Ihr Ziel ist es, eine m\u00f6glichst breite Auswahl an Serviceleistungen f\u00fcr <strong>integrierte Kommunikation<\/strong> zu bieten.<\/p>\n<p style=\"text-align: justify;\">Mit den anderen Gesellschaften der Gruppe verbinden uns Herangehensweise, Ziele und Qualit\u00e4tsstandards. Jeder von uns arbeitet sowohl individuell im jeweiligen Sektor als auch in Synergie mit den anderen, wenn es um gemeinsame Projekte und gemeinsame Kunden geht.<\/p>\n<p>[\/et_pb_text][\/et_pb_column][et_pb_column type=&#8220;1_3&#8243;][et_pb_text admin_label=&#8220;Testo&#8220; background_layout=&#8220;light&#8220; text_orientation=&#8220;left&#8220; use_border_color=&#8220;off&#8220; border_color=&#8220;#ffffff&#8220; border_style=&#8220;solid&#8220;]<br \/>\n[\/et_pb_text][et_pb_image admin_label=&#8220;Immagine&#8220; src=&#8220;https:\/\/eurologos-milano.com\/wp-content\/uploads\/2015\/04\/Communication_Gif_300x300_Alpha_01.gif&#8220; show_in_lightbox=&#8220;off&#8220; url_new_window=&#8220;off&#8220; animation=&#8220;left&#8220; sticky=&#8220;off&#8220; align=&#8220;left&#8220; force_fullwidth=&#8220;off&#8220; always_center_on_mobile=&#8220;on&#8220; use_border_color=&#8220;off&#8220; border_color=&#8220;#ffffff&#8220; border_style=&#8220;solid&#8220;]<br \/>\n[\/et_pb_image][\/et_pb_column][\/et_pb_row][\/et_pb_section][et_pb_section admin_label=&#8220;section&#8220; transparent_background=&#8220;off&#8220; background_color=&#8220;#f5f5f5&#8243; inner_shadow=&#8220;off&#8220; parallax=&#8220;off&#8220; parallax_method=&#8220;off&#8220; allow_player_pause=&#8220;off&#8220; padding_mobile=&#8220;off&#8220; make_fullwidth=&#8220;off&#8220; use_custom_width=&#8220;off&#8220; width_unit=&#8220;on&#8220; make_equal=&#8220;off&#8220; use_custom_gutter=&#8220;off&#8220;][et_pb_row admin_label=&#8220;row&#8220;][et_pb_column type=&#8220;2_3&#8243;][et_pb_image admin_label=&#8220;Immagine&#8220; src=&#8220;https:\/\/eurologos-milano.com\/wp-content\/uploads\/2015\/04\/logo-VM6.png&#8220; show_in_lightbox=&#8220;off&#8220; url_new_window=&#8220;off&#8220; animation=&#8220;left&#8220; sticky=&#8220;off&#8220; align=&#8220;left&#8220; force_fullwidth=&#8220;off&#8220; always_center_on_mobile=&#8220;on&#8220; use_border_color=&#8220;off&#8220; border_color=&#8220;#ffffff&#8220; border_style=&#8220;solid&#8220; use_overlay=&#8220;off&#8220;]<\/p>\n<p>&nbsp;<\/p>\n<p>[\/et_pb_image][et_pb_text admin_label=&#8220;Testo&#8220; background_layout=&#8220;light&#8220; text_orientation=&#8220;left&#8220; use_border_color=&#8220;off&#8220; border_color=&#8220;#ffffff&#8220; border_style=&#8220;solid&#8220; text_line_height=&#8220;2em&#8220; module_id=&#8220;VM6&#8243;]<\/p>\n<p style=\"text-align: justify;\">VM6 ist ein Ort, wo Impulse, Intuitionen und Ideen zu Kommunikation werden. Unter diesem Dach arbeiten Fachleute mit diversen Kompetenzen, die sich freuen, ihr Know-how in die Zusammenarbeit im Dienste Ihres Gesch\u00e4fts einflie\u00dfen zu lassen.<\/p>\n<p style=\"text-align: justify;\">Die alte Villa hat ein Fenster, das sich zum Morgen \u00f6ffnet. Sie ist ein Raum, in dem es um dynamische Webseiten, Applikationen und alles, was kommen wird, geht. Hier erz\u00e4hlt jede Geschichte mit den Mitteln der Zukunft von der Gegenwart. Wenn Ihr Gesch\u00e4ft einen Schritt nach vorn machen soll, dann kommen Sie vorbei &#8230;. <strong><a href=\"https:\/\/beecreative.it\" target=\"_blank\">Beecreative<\/a><\/strong>. Auf die Kreation von Webseiten der unterschiedlichsten Art spezialisiert, bietet es den Kunden L\u00f6sungen f\u00fcr eine bessere Sichtbarkeit und Positionierung im Netz. Es ist in der Lage, jede Art von Internetplattform und App zu entwickeln.<\/p>\n<p style=\"text-align: justify;\">Hinter diesen W\u00e4nden gibt es Menschen, die Gedanken eine Form zu geben wissen und Wege und Welten erfinden, um sie unvergesslich, sch\u00f6n und attraktiv zu gestalten. Hier verm\u00f6gen Grafik und Farben jedes Projekt zur Geltung zu bringen &#8230;\u00a0<b><a href=\"https:\/\/www.capricorn2001.it\/it\/home.php\" target=\"_blank\">Capricorn<\/a><\/b>. Capricorn entwickelt und realisiert kreative Ideen und grafische L\u00f6sungen, die vom Packaging bis zu Promotions reichen, vom Below the line \u00fcber Trade Marketing bis zu den Werbematerialien f\u00fcr die Verkaufsstelle. Au\u00dferdem verf\u00fcgt es \u00fcber eine Abteilung, die Bilder und Grafiken jeder Art kreiert: technisch (Schnitt- oder Explosionsdarstellung), hyperrealistisch und Cartoon.<\/p>\n<p style=\"text-align: justify;\">Hier werden Geschichten in allen Sprachen der Welt erz\u00e4hlt: von Arabisch bis Zulu. Es gibt kein Wort, keinen Satz, keine Information, die Grenzen scheuen w\u00fcrde. Wenn die Grenzen Ihrer Sprache die Grenzen Ihres Gesch\u00e4fts sind, schauen Sie einfach bei uns vorbei. Sie werden sehen: Wir sprechen dieselbe Sprache &#8230;\u00a0<b><a href=\"https:\/\/eurologos-milano.com\">Eurologos Milano<\/a><\/b>. Italienische Niederlassung der Gruppe Eurologos, ein internationales Unternehmen, das seit \u00fcber 35 Jahren in der Branche der Sprachdienstleistungen t\u00e4tig ist. Auf \u00dcbersetzung, Editing, Dolmetscherarbeiten, Layout und Grafik in vielen Sprachen spezialisiert, ist Eurologos Milano in der Lage, Auftr\u00e4ge in nahezu jeder Sprache, selbst den seltensten der Erde, zu \u00fcbernehmen.<\/p>\n<p style=\"text-align: justify;\">Hinter diesem Tor finden sich ganze Erz\u00e4hlungen in einem einzigen Foto wieder\u00a0. Hier entstehen Bilder, die von Menschen, Orten und Dingen berichten. Und wie alle gut gemachten Aufnahmen sind sie sch\u00f6ner anzusehen als zu beschreiben. Was auch immer Ihr Business ist, bringen Sie es zu uns! Wir werden es ins beste Licht setzen &#8230;\u00a0<b><a href=\"https:\/\/www.pentaphoto.it\/it\/index.html\" target=\"_blank\">Pentaphoto<\/a><\/b>. Seit 1979 Marktf\u00fchrer im Bereich der Sportfotografie, hat das Unternehmen im Laufe der Jahre seinen Aktionsradius erweitert, der heute von der Mode bis zu Stillleben reicht. Pentaphoto verf\u00fcgt \u00fcber ein hochmodernes Studio, dessen Technologien in der Lage sind, Gegenst\u00e4nde zu 360\u00b0 in h\u00f6chster Aufl\u00f6sung festzuhalten.<\/p>\n<p style=\"text-align: justify;\">Hier wird untersucht und studiert, beschrieben und interpretiert, beobachtet und analysiert. Kurz: es wird geforscht. Und dieses Forschen wird mit Erfahrung, Leidenschaft und Kompetenz begleitet. Wenn Sie Ihre Welt besser kennen m\u00f6chten, kommen Sie, um uns kennen zu lernen &#8230;\u00a0<b><a href=\"https:\/\/peperesearch.it\/it\/index.html\" target=\"_blank\">Pepe Research<\/a><\/b>. Ein Institut, das Marktforschungen und soziopolitische Analysen erstellt und konventionelle Techniken mit modernen, innovativen und gezielten Hilfsmitteln verbindet. Die zwei Gr\u00fcndungsgesellschafterinnen haben schon f\u00fcr die bedeutendsten Institutionen, Unternehmen und Organisationen des Landes qualitative und quantitative Studien durchgef\u00fchrt.<\/p>\n<p style=\"text-align: justify;\">Die Werbung ist die Seele des Handels und hinter diesen Fenstern wohnt die Seele vieler bekannter Werbekampagnen, die zum Erfolg gro\u00dfer Marken beigetragen haben. Wenn Sie Ihrem Unternehmen eine Stimme verleihen m\u00f6chten, sprechen Sie mit uns &#8230;\u00a0<b><a href=\"https:\/\/sunnymilano.it\" target=\"_blank\">Sunny Milano<\/a><\/b>. Eine Agentur f\u00fcr Kommunikation, die von zwei Kreativdirektoren gegr\u00fcndet wurde, welche sich durch international renommierte Werbeagenturen etabliert haben. Sie waren federf\u00fchrend bei ber\u00fchmten Kampagnen f\u00fcr Marktf\u00fchrer diverser Branchen, die im Fernsehen, im Rundfunk, in der Presse und auf Plakaten zu sehen waren.<\/p>\n<p style=\"text-align: justify;\">Wir erwarten Sie!<\/p>\n<p>[\/et_pb_text][et_pb_cta admin_label=&#8220;Call-To-Action&#8220; button_url=&#8220;mailto:bertolesi@eurologos.it&#8220; url_new_window=&#8220;on&#8220; button_text=&#8220;Kostenvoranschlag anfordern&#8220; use_background_color=&#8220;off&#8220; background_color=&#8220;#005498&#8243; background_layout=&#8220;light&#8220; text_orientation=&#8220;left&#8220; use_border_color=&#8220;off&#8220; border_color=&#8220;#ffffff&#8220; border_style=&#8220;solid&#8220; custom_button=&#8220;off&#8220; button_letter_spacing=&#8220;0&#8243; button_use_icon=&#8220;default&#8220; button_icon_placement=&#8220;right&#8220; button_on_hover=&#8220;on&#8220; button_letter_spacing_hover=&#8220;0&#8243;]<br \/>\n[\/et_pb_cta][\/et_pb_column][et_pb_column type=&#8220;1_3&#8243;][et_pb_image admin_label=&#8220;Immagine&#8220; src=&#8220;https:\/\/eurologos-milano.com\/wp-content\/uploads\/2015\/09\/VM6.png&#8220; show_in_lightbox=&#8220;off&#8220; url_new_window=&#8220;off&#8220; animation=&#8220;left&#8220; sticky=&#8220;off&#8220; align=&#8220;left&#8220; force_fullwidth=&#8220;off&#8220; always_center_on_mobile=&#8220;on&#8220; use_border_color=&#8220;off&#8220; border_color=&#8220;#ffffff&#8220; border_style=&#8220;solid&#8220;]<br \/>\n[\/et_pb_image][\/et_pb_column][\/et_pb_row][\/et_pb_section][et_pb_section admin_label=&#8220;section&#8220; fullwidth=&#8220;off&#8220; specialty=&#8220;off&#8220; transparent_background=&#8220;off&#8220; background_color=&#8220;#ffffff&#8220; allow_player_pause=&#8220;off&#8220; inner_shadow=&#8220;off&#8220; parallax=&#8220;off&#8220; parallax_method=&#8220;off&#8220; padding_mobile=&#8220;off&#8220; make_fullwidth=&#8220;off&#8220; use_custom_width=&#8220;off&#8220; width_unit=&#8220;on&#8220; make_equal=&#8220;off&#8220; use_custom_gutter=&#8220;off&#8220;][et_pb_row admin_label=&#8220;row&#8220;][et_pb_column type=&#8220;1_2&#8243;][et_pb_text admin_label=&#8220;Testo&#8220; background_layout=&#8220;light&#8220; text_orientation=&#8220;left&#8220; use_border_color=&#8220;off&#8220; border_color=&#8220;#ffffff&#8220; border_style=&#8220;solid&#8220;]<br \/>\n[\/et_pb_text][et_pb_video admin_label=&#8220;Video&#8220; src=&#8220;https:\/\/youtu.be\/YuVa6dUSy9M?t=4s&#8220;]<br \/>\n[\/et_pb_video][\/et_pb_column][et_pb_column type=&#8220;1_2&#8243;][et_pb_text admin_label=&#8220;Testo&#8220; background_layout=&#8220;light&#8220; text_orientation=&#8220;left&#8220; use_border_color=&#8220;off&#8220; border_color=&#8220;#ffffff&#8220; border_style=&#8220;solid&#8220;]<\/p>\n<h1>WIE GUTE IDEEN ENTSTEHEN<\/h1>\n<p>&nbsp;<\/p>\n<p>Die Idee f\u00fcr VM6 entstand 2012 in der Villa Mirabello in einer Gruppe von Fachleuten aus der Welt von Kommunikation, Marketing, Kreativit\u00e4t und Design. Die Inspiration? Eine Schnittstelle f\u00fcr ihre Ideen und Kompetenzen zu finden.<\/p>\n<p>An einem der ersten runden Tische haben wir uns von den Worten des US-amerikanischen Journalisten und Schriftstellers Steven Johnson, einem Experten f\u00fcr neue Technologien, inspirieren lassen. Steven legte dar, in welchem Ma\u00dfe sich die neuen Technologien und das Web sowie deren F\u00e4higkeit, unsere \u201eVerbindungen\u201c zu vervielfachen, auf den Prozess auswirken k\u00f6nnen, der zur Entstehung einer Idee f\u00fchrt. Vor allem aber zeigte er auf, dass eine Idee fast immer das Ergebnis der Feedbacks, Inspiration und Zusammenarbeit mehrerer Personen ist, die ihren Teil zur Verwirklichung dieser Idee beitragen.<\/p>\n<p>[\/et_pb_text][\/et_pb_column][\/et_pb_row][\/et_pb_section]<\/p>\n","protected":false},"excerpt":{"rendered":"<p>&nbsp; INTEGRIERTE KOMMUNIKATION Eurologos Milano ist in der wundervollen Villa Mirabello, einer Oase des Friedens inmitten der dynamischen Hauptstadt der Lombardei, angesiedelt. Viele wissen es nicht, aber die Villa ist ein echtes Juwel: Als einstiger Landsitz des Adelsgeschlechts Visconti beherbergt sie heute den Sitz der Fondazione Villa Mirabello Onlus und zahlreicher Gesellschaften. In dieser Villa [&hellip;]<\/p>\n","protected":false},"author":8,"featured_media":0,"parent":0,"menu_order":50,"comment_status":"open","ping_status":"closed","template":"","meta":{"_et_pb_use_builder":"on","_et_pb_old_content":"","_et_gb_content_width":"","footnotes":""},"class_list":["post-8325","page","type-page","status-publish","hentry"],"yoast_head":"<!-- This site is optimized with the Yoast SEO plugin v27.3 - https:\/\/yoast.com\/product\/yoast-seo-wordpress\/ -->\n<title>360\u00b0 Kommunikation - Eurologos Milano<\/title>\n<meta name=\"description\" content=\"Eurologos Milano geh\u00f6rt zur Ideenschmiede VM6, der synergetischen Verbindung aus sechs Firmen, die Serviceleistungen rund um integrierte Kommunikation bieten.\" \/>\n<meta name=\"robots\" content=\"index, follow, max-snippet:-1, max-image-preview:large, max-video-preview:-1\" \/>\n<link rel=\"canonical\" href=\"https:\/\/eurologos-milano.com\/de\/comunicazione\/\" \/>\n<meta property=\"og:locale\" content=\"de_DE\" \/>\n<meta property=\"og:type\" content=\"article\" \/>\n<meta property=\"og:title\" content=\"360\u00b0 Kommunikation - Eurologos Milano\" \/>\n<meta property=\"og:description\" content=\"Eurologos Milano geh\u00f6rt zur Ideenschmiede VM6, der synergetischen Verbindung aus sechs Firmen, die Serviceleistungen rund um integrierte Kommunikation bieten.\" \/>\n<meta property=\"og:url\" content=\"https:\/\/eurologos-milano.com\/de\/comunicazione\/\" \/>\n<meta property=\"og:site_name\" content=\"Eurologos Milano\" \/>\n<meta property=\"article:modified_time\" content=\"2016-11-04T16:22:44+00:00\" \/>\n<meta name=\"twitter:card\" content=\"summary_large_image\" \/>\n<meta name=\"twitter:label1\" content=\"Gesch\u00e4tzte Lesezeit\" \/>\n\t<meta name=\"twitter:data1\" content=\"8\u00a0Minuten\" \/>\n<script type=\"application\/ld+json\" class=\"yoast-schema-graph\">{\"@context\":\"https:\\\/\\\/schema.org\",\"@graph\":[{\"@type\":\"WebPage\",\"@id\":\"https:\\\/\\\/eurologos-milano.com\\\/de\\\/comunicazione\\\/\",\"url\":\"https:\\\/\\\/eurologos-milano.com\\\/de\\\/comunicazione\\\/\",\"name\":\"360\u00b0 Kommunikation - Eurologos Milano\",\"isPartOf\":{\"@id\":\"https:\\\/\\\/eurologos-milano.com\\\/#website\"},\"datePublished\":\"2016-02-22T10:55:17+00:00\",\"dateModified\":\"2016-11-04T16:22:44+00:00\",\"description\":\"Eurologos Milano geh\u00f6rt zur Ideenschmiede VM6, der synergetischen Verbindung aus sechs Firmen, die Serviceleistungen rund um integrierte Kommunikation bieten.\",\"breadcrumb\":{\"@id\":\"https:\\\/\\\/eurologos-milano.com\\\/de\\\/comunicazione\\\/#breadcrumb\"},\"inLanguage\":\"de\",\"potentialAction\":[{\"@type\":\"ReadAction\",\"target\":[\"https:\\\/\\\/eurologos-milano.com\\\/de\\\/comunicazione\\\/\"]}]},{\"@type\":\"BreadcrumbList\",\"@id\":\"https:\\\/\\\/eurologos-milano.com\\\/de\\\/comunicazione\\\/#breadcrumb\",\"itemListElement\":[{\"@type\":\"ListItem\",\"position\":1,\"name\":\"Home\",\"item\":\"https:\\\/\\\/eurologos-milano.com\\\/de\\\/\"},{\"@type\":\"ListItem\",\"position\":2,\"name\":\"360\u00b0 Kommunikation\"}]},{\"@type\":\"WebSite\",\"@id\":\"https:\\\/\\\/eurologos-milano.com\\\/#website\",\"url\":\"https:\\\/\\\/eurologos-milano.com\\\/\",\"name\":\"Eurologos Milano\",\"description\":\"Traduzioni Milano\",\"potentialAction\":[{\"@type\":\"SearchAction\",\"target\":{\"@type\":\"EntryPoint\",\"urlTemplate\":\"https:\\\/\\\/eurologos-milano.com\\\/?s={search_term_string}\"},\"query-input\":{\"@type\":\"PropertyValueSpecification\",\"valueRequired\":true,\"valueName\":\"search_term_string\"}}],\"inLanguage\":\"de\"}]}<\/script>\n<!-- \/ Yoast SEO plugin. -->","yoast_head_json":{"title":"360\u00b0 Kommunikation - Eurologos Milano","description":"Eurologos Milano geh\u00f6rt zur Ideenschmiede VM6, der synergetischen Verbindung aus sechs Firmen, die Serviceleistungen rund um integrierte Kommunikation bieten.","robots":{"index":"index","follow":"follow","max-snippet":"max-snippet:-1","max-image-preview":"max-image-preview:large","max-video-preview":"max-video-preview:-1"},"canonical":"https:\/\/eurologos-milano.com\/de\/comunicazione\/","og_locale":"de_DE","og_type":"article","og_title":"360\u00b0 Kommunikation - Eurologos Milano","og_description":"Eurologos Milano geh\u00f6rt zur Ideenschmiede VM6, der synergetischen Verbindung aus sechs Firmen, die Serviceleistungen rund um integrierte Kommunikation bieten.","og_url":"https:\/\/eurologos-milano.com\/de\/comunicazione\/","og_site_name":"Eurologos Milano","article_modified_time":"2016-11-04T16:22:44+00:00","twitter_card":"summary_large_image","twitter_misc":{"Gesch\u00e4tzte Lesezeit":"8\u00a0Minuten"},"schema":{"@context":"https:\/\/schema.org","@graph":[{"@type":"WebPage","@id":"https:\/\/eurologos-milano.com\/de\/comunicazione\/","url":"https:\/\/eurologos-milano.com\/de\/comunicazione\/","name":"360\u00b0 Kommunikation - Eurologos Milano","isPartOf":{"@id":"https:\/\/eurologos-milano.com\/#website"},"datePublished":"2016-02-22T10:55:17+00:00","dateModified":"2016-11-04T16:22:44+00:00","description":"Eurologos Milano geh\u00f6rt zur Ideenschmiede VM6, der synergetischen Verbindung aus sechs Firmen, die Serviceleistungen rund um integrierte Kommunikation bieten.","breadcrumb":{"@id":"https:\/\/eurologos-milano.com\/de\/comunicazione\/#breadcrumb"},"inLanguage":"de","potentialAction":[{"@type":"ReadAction","target":["https:\/\/eurologos-milano.com\/de\/comunicazione\/"]}]},{"@type":"BreadcrumbList","@id":"https:\/\/eurologos-milano.com\/de\/comunicazione\/#breadcrumb","itemListElement":[{"@type":"ListItem","position":1,"name":"Home","item":"https:\/\/eurologos-milano.com\/de\/"},{"@type":"ListItem","position":2,"name":"360\u00b0 Kommunikation"}]},{"@type":"WebSite","@id":"https:\/\/eurologos-milano.com\/#website","url":"https:\/\/eurologos-milano.com\/","name":"Eurologos Milano","description":"Traduzioni Milano","potentialAction":[{"@type":"SearchAction","target":{"@type":"EntryPoint","urlTemplate":"https:\/\/eurologos-milano.com\/?s={search_term_string}"},"query-input":{"@type":"PropertyValueSpecification","valueRequired":true,"valueName":"search_term_string"}}],"inLanguage":"de"}]}},"_links":{"self":[{"href":"https:\/\/eurologos-milano.com\/de\/wp-json\/wp\/v2\/pages\/8325","targetHints":{"allow":["GET"]}}],"collection":[{"href":"https:\/\/eurologos-milano.com\/de\/wp-json\/wp\/v2\/pages"}],"about":[{"href":"https:\/\/eurologos-milano.com\/de\/wp-json\/wp\/v2\/types\/page"}],"author":[{"embeddable":true,"href":"https:\/\/eurologos-milano.com\/de\/wp-json\/wp\/v2\/users\/8"}],"replies":[{"embeddable":true,"href":"https:\/\/eurologos-milano.com\/de\/wp-json\/wp\/v2\/comments?post=8325"}],"version-history":[{"count":1,"href":"https:\/\/eurologos-milano.com\/de\/wp-json\/wp\/v2\/pages\/8325\/revisions"}],"predecessor-version":[{"id":9112,"href":"https:\/\/eurologos-milano.com\/de\/wp-json\/wp\/v2\/pages\/8325\/revisions\/9112"}],"wp:attachment":[{"href":"https:\/\/eurologos-milano.com\/de\/wp-json\/wp\/v2\/media?parent=8325"}],"curies":[{"name":"wp","href":"https:\/\/api.w.org\/{rel}","templated":true}]}}