{"id":8320,"date":"2016-02-22T10:49:41","date_gmt":"2016-02-22T10:49:41","guid":{"rendered":"https:\/\/eurologos-milano.com\/de\/?page_id=8320"},"modified":"2016-11-04T16:21:43","modified_gmt":"2016-11-04T16:21:43","slug":"grafica_multilingue","status":"publish","type":"page","link":"https:\/\/eurologos-milano.com\/de\/grafica_multilingue\/","title":{"rendered":"Mehrsprachige Grafik"},"content":{"rendered":"<p>[et_pb_section admin_label=&#8220;section&#8220; fullwidth=&#8220;on&#8220; specialty=&#8220;off&#8220; transparent_background=&#8220;off&#8220; allow_player_pause=&#8220;off&#8220; inner_shadow=&#8220;off&#8220; parallax=&#8220;off&#8220; parallax_method=&#8220;off&#8220; padding_mobile=&#8220;off&#8220; module_class=&#8220;testataServizi&#8220; make_fullwidth=&#8220;off&#8220; use_custom_width=&#8220;off&#8220; width_unit=&#8220;on&#8220; make_equal=&#8220;off&#8220; use_custom_gutter=&#8220;off&#8220;][et_pb_fullwidth_header admin_label=&#8220;Intestazione a Larghezza Piena&#8220; title=&#8220;MEHRSPRACHIGE<br \/>\nGRAFIK&#8220; subhead=&#8220;Den Worten eine Form geben&#8220; background_layout=&#8220;light&#8220; text_orientation=&#8220;left&#8220; header_fullscreen=&#8220;on&#8220; header_scroll_down=&#8220;on&#8220; scroll_down_icon=&#8220;%%188%%&#8220; background_url=&#8220;https:\/\/eurologos-milano.com\/wp-content\/uploads\/2015\/04\/Immagine-ok.jpg&#8220; parallax=&#8220;off&#8220; parallax_method=&#8220;on&#8220; content_orientation=&#8220;center&#8220; image_orientation=&#8220;center&#8220; subhead_font=&#8220;||on||&#8220; custom_button_one=&#8220;on&#8220; button_one_letter_spacing=&#8220;0&#8243; button_one_use_icon=&#8220;on&#8220; button_one_icon_placement=&#8220;right&#8220; button_one_on_hover=&#8220;off&#8220; button_one_letter_spacing_hover=&#8220;0&#8243; custom_button_two=&#8220;off&#8220; button_two_letter_spacing=&#8220;0&#8243; button_two_use_icon=&#8220;default&#8220; button_two_icon_placement=&#8220;right&#8220; button_two_on_hover=&#8220;on&#8220; button_two_letter_spacing_hover=&#8220;0&#8243; module_class=&#8220;kepler&#8220; button_one_url=&#8220;#iniziotesto&#8220; button_one_text_color=&#8220;#000000&#8243; button_one_border_color=&#8220;#000000&#8243; button_one_icon=&#8220;%%18%%&#8220; button_one_border_width=&#8220;1&#8243; button_one_border_radius=&#8220;0&#8243; scroll_down_icon_color=&#8220;#000000&#8243;] [\/et_pb_fullwidth_header][\/et_pb_section][et_pb_section admin_label=&#8220;section&#8220; transparent_background=&#8220;off&#8220; background_color=&#8220;#ffffff&#8220; inner_shadow=&#8220;off&#8220; parallax=&#8220;off&#8220; parallax_method=&#8220;off&#8220; allow_player_pause=&#8220;off&#8220; padding_mobile=&#8220;off&#8220; module_id=&#8220;iniziotesto&#8220; make_fullwidth=&#8220;off&#8220; use_custom_width=&#8220;off&#8220; width_unit=&#8220;on&#8220; make_equal=&#8220;off&#8220; use_custom_gutter=&#8220;off&#8220;][et_pb_row admin_label=&#8220;row&#8220;][et_pb_column type=&#8220;2_3&#8243;][et_pb_text admin_label=&#8220;DPT Grafica multilingue&#8220; background_layout=&#8220;light&#8220; text_orientation=&#8220;left&#8220; use_border_color=&#8220;off&#8220; border_color=&#8220;#ffffff&#8220; border_style=&#8220;solid&#8220;]<\/p>\n<p>&nbsp;<\/p>\n<h2 style=\"text-align: justify;\">GRAFISCHES LAYOUT IN VIELEN SPRACHEN<\/h2>\n<p style=\"text-align: justify;\">Eurologos Milano verf\u00fcgt \u00fcber eine Abteilung f\u00fcr das Layouten mehrsprachiger grafischer Druckerzeugnisse f\u00fcr vielsprachige Projekte. Ein kreatives Team befasst sich damit, Brosch\u00fcren und andere Printmedien f\u00fcr Unternehmen herzustellen, deren Corporate Identity zu entwickeln und allgemein Unternehmensprojekte zu bearbeiten. Da wir uns mit Worten und den Zielen unserer Kunden gut auskennen, ist es f\u00fcr uns leicht, deren Ideen und Geschmack visuell umzusetzen. Sch\u00f6nheit ist f\u00fcr alle da.<\/p>\n<p>[\/et_pb_text][et_pb_cta admin_label=&#8220;Call-To-Action&#8220; button_url=&#8220;mailto:fiorini@eurologos.it&#8220; url_new_window=&#8220;on&#8220; button_text=&#8220;Kostenvoranschlag anfordern&#8220; use_background_color=&#8220;off&#8220; background_color=&#8220;#005498&#8243; background_layout=&#8220;light&#8220; text_orientation=&#8220;left&#8220; use_border_color=&#8220;off&#8220; border_color=&#8220;#ffffff&#8220; border_style=&#8220;solid&#8220; custom_button=&#8220;off&#8220; button_letter_spacing=&#8220;0&#8243; button_use_icon=&#8220;default&#8220; button_icon_placement=&#8220;right&#8220; button_on_hover=&#8220;on&#8220; button_letter_spacing_hover=&#8220;0&#8243;] [\/et_pb_cta][\/et_pb_column][et_pb_column type=&#8220;1_3&#8243;][et_pb_blurb admin_label=&#8220;Blurb&#8220; url_new_window=&#8220;off&#8220; use_icon=&#8220;off&#8220; font_icon=&#8220;\ue005&#8220; icon_color=&#8220;#ffffff&#8220; use_circle=&#8220;off&#8220; circle_color=&#8220;#005498&#8243; use_circle_border=&#8220;off&#8220; circle_border_color=&#8220;#005498&#8243; icon_placement=&#8220;top&#8220; animation=&#8220;top&#8220; background_layout=&#8220;light&#8220; text_orientation=&#8220;center&#8220; image=&#8220;https:\/\/eurologos-milano.com\/wp-content\/uploads\/2015\/04\/DTP_Gif_300x300_Alpha_01.gif&#8220; use_icon_font_size=&#8220;off&#8220; use_border_color=&#8220;off&#8220; border_color=&#8220;#ffffff&#8220; border_style=&#8220;solid&#8220;] [\/et_pb_blurb][\/et_pb_column][\/et_pb_row][\/et_pb_section][et_pb_section admin_label=&#8220;section&#8220; transparent_background=&#8220;off&#8220; background_color=&#8220;#f5f5f5&#8243; inner_shadow=&#8220;off&#8220; parallax=&#8220;off&#8220; parallax_method=&#8220;off&#8220; allow_player_pause=&#8220;off&#8220; padding_mobile=&#8220;off&#8220; module_id=&#8220;testo2&#8243; make_fullwidth=&#8220;off&#8220; use_custom_width=&#8220;off&#8220; width_unit=&#8220;on&#8220; make_equal=&#8220;off&#8220; use_custom_gutter=&#8220;off&#8220;][et_pb_row admin_label=&#8220;row&#8220;][et_pb_column type=&#8220;1_3&#8243;][et_pb_blurb admin_label=&#8220;Blurb&#8220; url_new_window=&#8220;off&#8220; use_icon=&#8220;off&#8220; font_icon=&#8220;j&#8220; icon_color=&#8220;#ffffff&#8220; use_circle=&#8220;off&#8220; circle_color=&#8220;#005498&#8243; use_circle_border=&#8220;off&#8220; circle_border_color=&#8220;#005498&#8243; icon_placement=&#8220;top&#8220; animation=&#8220;top&#8220; background_layout=&#8220;light&#8220; text_orientation=&#8220;center&#8220; image=&#8220;https:\/\/eurologos-milano.com\/wp-content\/uploads\/2015\/04\/Illustration_Gif_300x300_Alpha_01.gif&#8220; use_icon_font_size=&#8220;off&#8220; body_line_height=&#8220;2em&#8220; use_border_color=&#8220;off&#8220; border_color=&#8220;#ffffff&#8220; border_style=&#8220;solid&#8220;] [\/et_pb_blurb][\/et_pb_column][et_pb_column type=&#8220;2_3&#8243;][et_pb_text admin_label=&#8220;Illustrazione&#8220; background_layout=&#8220;light&#8220; text_orientation=&#8220;left&#8220; use_border_color=&#8220;off&#8220; border_color=&#8220;#ffffff&#8220; border_style=&#8220;solid&#8220;]<\/p>\n<h2>ILLUSTRATION<\/h2>\n<p style=\"text-align: justify;\">In den Bereichen, wo Worte nicht gen\u00fcgen, stellt Eurologos auch seine k\u00fcnstlerische Kreativit\u00e4t in den Dienst des Kunden. Ob es sich um die Erstellung einer Mappe oder eines Maskottchens handelt, ob es um die Kreation exklusiver Ikonen oder um ein Fotoshooting f\u00fcr eine neue Kollektion geht oder ob der Auftrag eine Gesch\u00e4ftser\u00f6ffnung betrifft: Die Fotografen und Illustratoren, die mit Eurologos Milano im Rahmen des Systems CM6 zusammenarbeiten, wissen den Projekten und Anforderungen des Kunden Form zu geben.<\/p>\n<p>&nbsp;<\/p>\n<p>[\/et_pb_text][et_pb_cta admin_label=&#8220;Call-To-Action&#8220; button_url=&#8220;mailto:fiorini@eurologos.it&#8220; url_new_window=&#8220;on&#8220; button_text=&#8220;Kostenvoranschlag anfordern&#8220; use_background_color=&#8220;off&#8220; background_color=&#8220;#005498&#8243; background_layout=&#8220;light&#8220; text_orientation=&#8220;left&#8220; use_border_color=&#8220;off&#8220; border_color=&#8220;#ffffff&#8220; border_style=&#8220;solid&#8220; custom_button=&#8220;off&#8220; button_letter_spacing=&#8220;0&#8243; button_use_icon=&#8220;default&#8220; button_icon_placement=&#8220;right&#8220; button_on_hover=&#8220;on&#8220; button_letter_spacing_hover=&#8220;0&#8243;] [\/et_pb_cta][\/et_pb_column][\/et_pb_row][\/et_pb_section][et_pb_section admin_label=&#8220;section&#8220; transparent_background=&#8220;off&#8220; background_color=&#8220;#ffffff&#8220; inner_shadow=&#8220;off&#8220; parallax=&#8220;off&#8220; parallax_method=&#8220;off&#8220;][et_pb_row admin_label=&#8220;row&#8220;][et_pb_column type=&#8220;2_3&#8243;][et_pb_text admin_label=&#8220;Fotolito&#8220; background_layout=&#8220;light&#8220; text_orientation=&#8220;left&#8220; use_border_color=&#8220;off&#8220; border_color=&#8220;#ffffff&#8220; border_style=&#8220;solid&#8220;]<\/p>\n<p>&nbsp;<\/p>\n<h2>FOTOLITHOGRAFIE UND DRUCK<\/h2>\n<p style=\"text-align: justify;\">Dank der breitgef\u00e4cherten und komplement\u00e4ren Funktionen der professionellen Mitarbeiter seines Teams kann Eurologos einen kompletten, aus Sprache, Bild und Kommunikation bestehenden Service bieten. Durch das interne Management der gesamten editorialen Produktionskette, von der Projektierung bis zum digitalen oder typografischen Druck, ergibt sich f\u00fcr den Kunden eine Vielzahl von Vorteilen. Die Bearbeitung des kompletten Projekts an einem einzigen Ort gew\u00e4hrleistet die Reduzierung der Zeiten, Vereinfachung der Verfahren, h\u00f6here Kontrolle der Qualit\u00e4t und Senkung des Preises, denn die Zwischenstufen und die Dopplung der \u00dcberg\u00e4nge sowie Verfahren fallen weg. Dadurch werden die allgemeinen Kosten geringer.<\/p>\n<p>&nbsp;<\/p>\n<p>[\/et_pb_text][et_pb_cta admin_label=&#8220;Call-To-Action&#8220; button_url=&#8220;mailto:fiorini@eurologos.it&#8220; url_new_window=&#8220;on&#8220; button_text=&#8220;Kostenvoranschlag anfordern&#8220; use_background_color=&#8220;off&#8220; background_color=&#8220;#005498&#8243; background_layout=&#8220;light&#8220; text_orientation=&#8220;left&#8220; use_border_color=&#8220;off&#8220; border_color=&#8220;#ffffff&#8220; border_style=&#8220;solid&#8220; custom_button=&#8220;off&#8220; button_letter_spacing=&#8220;0&#8243; button_use_icon=&#8220;default&#8220; button_icon_placement=&#8220;right&#8220; button_on_hover=&#8220;on&#8220; button_letter_spacing_hover=&#8220;0&#8243;] [\/et_pb_cta][\/et_pb_column][et_pb_column type=&#8220;1_3&#8243;][et_pb_blurb admin_label=&#8220;Blurb&#8220; url_new_window=&#8220;off&#8220; use_icon=&#8220;off&#8220; font_icon=&#8220;j&#8220; icon_color=&#8220;#1e73be&#8220; use_circle=&#8220;off&#8220; circle_color=&#8220;#005498&#8243; use_circle_border=&#8220;off&#8220; circle_border_color=&#8220;#005498&#8243; icon_placement=&#8220;top&#8220; animation=&#8220;top&#8220; background_layout=&#8220;light&#8220; text_orientation=&#8220;center&#8220; image=&#8220;https:\/\/eurologos-milano.com\/wp-content\/uploads\/2015\/04\/Printing_Gif_300x300_Alpha_01.gif&#8220; use_icon_font_size=&#8220;off&#8220; body_line_height=&#8220;2em&#8220; use_border_color=&#8220;off&#8220; border_color=&#8220;#ffffff&#8220; border_style=&#8220;solid&#8220;] [\/et_pb_blurb][\/et_pb_column][\/et_pb_row][\/et_pb_section][et_pb_section admin_label=&#8220;section&#8220; transparent_background=&#8220;off&#8220; background_color=&#8220;#f5f5f5&#8243; inner_shadow=&#8220;off&#8220; parallax=&#8220;off&#8220; parallax_method=&#8220;off&#8220;][et_pb_row admin_label=&#8220;row&#8220;][et_pb_column type=&#8220;1_3&#8243;][et_pb_blurb admin_label=&#8220;Blurb&#8220; url_new_window=&#8220;off&#8220; use_icon=&#8220;off&#8220; font_icon=&#8220;\ue00e&#8220; icon_color=&#8220;#ffffff&#8220; use_circle=&#8220;off&#8220; circle_color=&#8220;#005498&#8243; use_circle_border=&#8220;off&#8220; circle_border_color=&#8220;#005498&#8243; icon_placement=&#8220;top&#8220; animation=&#8220;top&#8220; background_layout=&#8220;light&#8220; text_orientation=&#8220;center&#8220; image=&#8220;https:\/\/eurologos-milano.com\/wp-content\/uploads\/2015\/04\/Website_Gif_300x300_Alpha_01.gif&#8220; use_icon_font_size=&#8220;off&#8220; body_line_height=&#8220;2em&#8220; use_border_color=&#8220;off&#8220; border_color=&#8220;#ffffff&#8220; border_style=&#8220;solid&#8220;] [\/et_pb_blurb][\/et_pb_column][et_pb_column type=&#8220;2_3&#8243;][et_pb_text admin_label=&#8220;Siti internet&#8220; background_layout=&#8220;light&#8220; text_orientation=&#8220;left&#8220; use_border_color=&#8220;off&#8220; border_color=&#8220;#ffffff&#8220; border_style=&#8220;solid&#8220;]<\/p>\n<h2>INTERNETSEITEN<\/h2>\n<p style=\"text-align: justify;\">Das Netz ist der Kommunikationsort par excellence, muss aber st\u00e4ndig gepflegt und aktualisiert werden. Eurologos Milano bietet seinen Kunden auch die Pflege dieses Bereichs an. Dazu werden die kreativen und technischen Kompetenzen des Systems VM6 eingeflochten und das unermessliche Potential des Worldwide Web ausgenutzt.<\/p>\n<p>[\/et_pb_text][et_pb_cta admin_label=&#8220;Call-To-Action&#8220; button_url=&#8220;mailto:fiorini@eurologos.it&#8220; url_new_window=&#8220;on&#8220; button_text=&#8220;Kostenvoranschlag anfordern&#8220; use_background_color=&#8220;off&#8220; background_color=&#8220;#005498&#8243; background_layout=&#8220;light&#8220; text_orientation=&#8220;left&#8220; use_border_color=&#8220;off&#8220; border_color=&#8220;#ffffff&#8220; border_style=&#8220;solid&#8220; custom_button=&#8220;off&#8220; button_letter_spacing=&#8220;0&#8243; button_use_icon=&#8220;default&#8220; button_icon_placement=&#8220;right&#8220; button_on_hover=&#8220;on&#8220; button_letter_spacing_hover=&#8220;0&#8243;] [\/et_pb_cta][\/et_pb_column][\/et_pb_row][\/et_pb_section]<\/p>\n","protected":false},"excerpt":{"rendered":"<p>&nbsp; GRAFISCHES LAYOUT IN VIELEN SPRACHEN Eurologos Milano verf\u00fcgt \u00fcber eine Abteilung f\u00fcr das Layouten mehrsprachiger grafischer Druckerzeugnisse f\u00fcr vielsprachige Projekte. Ein kreatives Team befasst sich damit, Brosch\u00fcren und andere Printmedien f\u00fcr Unternehmen herzustellen, deren Corporate Identity zu entwickeln und allgemein Unternehmensprojekte zu bearbeiten. Da wir uns mit Worten und den Zielen unserer Kunden gut [&hellip;]<\/p>\n","protected":false},"author":8,"featured_media":0,"parent":0,"menu_order":40,"comment_status":"open","ping_status":"closed","template":"","meta":{"_et_pb_use_builder":"on","_et_pb_old_content":"","_et_gb_content_width":"","footnotes":""},"class_list":["post-8320","page","type-page","status-publish","hentry"],"yoast_head":"<!-- This site is optimized with the Yoast SEO plugin v27.3 - https:\/\/yoast.com\/product\/yoast-seo-wordpress\/ -->\n<title>Mehrsprachige Grafik - Eurologos Milano<\/title>\n<meta name=\"description\" content=\"Eurologos Milano verf\u00fcgt \u00fcber eine Abteilung f\u00fcr das Layouten mehrsprachiger grafischer Druckerzeugnisse f\u00fcr vielsprachige Projekte.\u00a0\" \/>\n<meta name=\"robots\" content=\"index, follow, max-snippet:-1, max-image-preview:large, max-video-preview:-1\" \/>\n<link rel=\"canonical\" href=\"https:\/\/eurologos-milano.com\/de\/grafica_multilingue\/\" \/>\n<meta property=\"og:locale\" content=\"de_DE\" \/>\n<meta property=\"og:type\" content=\"article\" \/>\n<meta property=\"og:title\" content=\"Mehrsprachige Grafik - Eurologos Milano\" \/>\n<meta property=\"og:description\" content=\"Eurologos Milano verf\u00fcgt \u00fcber eine Abteilung f\u00fcr das Layouten mehrsprachiger grafischer Druckerzeugnisse f\u00fcr vielsprachige Projekte.\u00a0\" \/>\n<meta property=\"og:url\" content=\"https:\/\/eurologos-milano.com\/de\/grafica_multilingue\/\" \/>\n<meta property=\"og:site_name\" content=\"Eurologos Milano\" \/>\n<meta property=\"article:modified_time\" content=\"2016-11-04T16:21:43+00:00\" \/>\n<meta name=\"twitter:card\" content=\"summary_large_image\" \/>\n<meta name=\"twitter:label1\" content=\"Gesch\u00e4tzte Lesezeit\" \/>\n\t<meta name=\"twitter:data1\" content=\"7\u00a0Minuten\" \/>\n<script type=\"application\/ld+json\" class=\"yoast-schema-graph\">{\"@context\":\"https:\\\/\\\/schema.org\",\"@graph\":[{\"@type\":\"WebPage\",\"@id\":\"https:\\\/\\\/eurologos-milano.com\\\/de\\\/grafica_multilingue\\\/\",\"url\":\"https:\\\/\\\/eurologos-milano.com\\\/de\\\/grafica_multilingue\\\/\",\"name\":\"Mehrsprachige Grafik - Eurologos Milano\",\"isPartOf\":{\"@id\":\"https:\\\/\\\/eurologos-milano.com\\\/#website\"},\"datePublished\":\"2016-02-22T10:49:41+00:00\",\"dateModified\":\"2016-11-04T16:21:43+00:00\",\"description\":\"Eurologos Milano verf\u00fcgt \u00fcber eine Abteilung f\u00fcr das Layouten mehrsprachiger grafischer Druckerzeugnisse f\u00fcr vielsprachige Projekte.\u00a0\",\"breadcrumb\":{\"@id\":\"https:\\\/\\\/eurologos-milano.com\\\/de\\\/grafica_multilingue\\\/#breadcrumb\"},\"inLanguage\":\"de\",\"potentialAction\":[{\"@type\":\"ReadAction\",\"target\":[\"https:\\\/\\\/eurologos-milano.com\\\/de\\\/grafica_multilingue\\\/\"]}]},{\"@type\":\"BreadcrumbList\",\"@id\":\"https:\\\/\\\/eurologos-milano.com\\\/de\\\/grafica_multilingue\\\/#breadcrumb\",\"itemListElement\":[{\"@type\":\"ListItem\",\"position\":1,\"name\":\"Home\",\"item\":\"https:\\\/\\\/eurologos-milano.com\\\/de\\\/\"},{\"@type\":\"ListItem\",\"position\":2,\"name\":\"Mehrsprachige Grafik\"}]},{\"@type\":\"WebSite\",\"@id\":\"https:\\\/\\\/eurologos-milano.com\\\/#website\",\"url\":\"https:\\\/\\\/eurologos-milano.com\\\/\",\"name\":\"Eurologos Milano\",\"description\":\"Traduzioni Milano\",\"potentialAction\":[{\"@type\":\"SearchAction\",\"target\":{\"@type\":\"EntryPoint\",\"urlTemplate\":\"https:\\\/\\\/eurologos-milano.com\\\/?s={search_term_string}\"},\"query-input\":{\"@type\":\"PropertyValueSpecification\",\"valueRequired\":true,\"valueName\":\"search_term_string\"}}],\"inLanguage\":\"de\"}]}<\/script>\n<!-- \/ Yoast SEO plugin. -->","yoast_head_json":{"title":"Mehrsprachige Grafik - Eurologos Milano","description":"Eurologos Milano verf\u00fcgt \u00fcber eine Abteilung f\u00fcr das Layouten mehrsprachiger grafischer Druckerzeugnisse f\u00fcr vielsprachige Projekte.\u00a0","robots":{"index":"index","follow":"follow","max-snippet":"max-snippet:-1","max-image-preview":"max-image-preview:large","max-video-preview":"max-video-preview:-1"},"canonical":"https:\/\/eurologos-milano.com\/de\/grafica_multilingue\/","og_locale":"de_DE","og_type":"article","og_title":"Mehrsprachige Grafik - Eurologos Milano","og_description":"Eurologos Milano verf\u00fcgt \u00fcber eine Abteilung f\u00fcr das Layouten mehrsprachiger grafischer Druckerzeugnisse f\u00fcr vielsprachige Projekte.\u00a0","og_url":"https:\/\/eurologos-milano.com\/de\/grafica_multilingue\/","og_site_name":"Eurologos Milano","article_modified_time":"2016-11-04T16:21:43+00:00","twitter_card":"summary_large_image","twitter_misc":{"Gesch\u00e4tzte Lesezeit":"7\u00a0Minuten"},"schema":{"@context":"https:\/\/schema.org","@graph":[{"@type":"WebPage","@id":"https:\/\/eurologos-milano.com\/de\/grafica_multilingue\/","url":"https:\/\/eurologos-milano.com\/de\/grafica_multilingue\/","name":"Mehrsprachige Grafik - Eurologos Milano","isPartOf":{"@id":"https:\/\/eurologos-milano.com\/#website"},"datePublished":"2016-02-22T10:49:41+00:00","dateModified":"2016-11-04T16:21:43+00:00","description":"Eurologos Milano verf\u00fcgt \u00fcber eine Abteilung f\u00fcr das Layouten mehrsprachiger grafischer Druckerzeugnisse f\u00fcr vielsprachige Projekte.\u00a0","breadcrumb":{"@id":"https:\/\/eurologos-milano.com\/de\/grafica_multilingue\/#breadcrumb"},"inLanguage":"de","potentialAction":[{"@type":"ReadAction","target":["https:\/\/eurologos-milano.com\/de\/grafica_multilingue\/"]}]},{"@type":"BreadcrumbList","@id":"https:\/\/eurologos-milano.com\/de\/grafica_multilingue\/#breadcrumb","itemListElement":[{"@type":"ListItem","position":1,"name":"Home","item":"https:\/\/eurologos-milano.com\/de\/"},{"@type":"ListItem","position":2,"name":"Mehrsprachige Grafik"}]},{"@type":"WebSite","@id":"https:\/\/eurologos-milano.com\/#website","url":"https:\/\/eurologos-milano.com\/","name":"Eurologos Milano","description":"Traduzioni Milano","potentialAction":[{"@type":"SearchAction","target":{"@type":"EntryPoint","urlTemplate":"https:\/\/eurologos-milano.com\/?s={search_term_string}"},"query-input":{"@type":"PropertyValueSpecification","valueRequired":true,"valueName":"search_term_string"}}],"inLanguage":"de"}]}},"_links":{"self":[{"href":"https:\/\/eurologos-milano.com\/de\/wp-json\/wp\/v2\/pages\/8320","targetHints":{"allow":["GET"]}}],"collection":[{"href":"https:\/\/eurologos-milano.com\/de\/wp-json\/wp\/v2\/pages"}],"about":[{"href":"https:\/\/eurologos-milano.com\/de\/wp-json\/wp\/v2\/types\/page"}],"author":[{"embeddable":true,"href":"https:\/\/eurologos-milano.com\/de\/wp-json\/wp\/v2\/users\/8"}],"replies":[{"embeddable":true,"href":"https:\/\/eurologos-milano.com\/de\/wp-json\/wp\/v2\/comments?post=8320"}],"version-history":[{"count":1,"href":"https:\/\/eurologos-milano.com\/de\/wp-json\/wp\/v2\/pages\/8320\/revisions"}],"predecessor-version":[{"id":9111,"href":"https:\/\/eurologos-milano.com\/de\/wp-json\/wp\/v2\/pages\/8320\/revisions\/9111"}],"wp:attachment":[{"href":"https:\/\/eurologos-milano.com\/de\/wp-json\/wp\/v2\/media?parent=8320"}],"curies":[{"name":"wp","href":"https:\/\/api.w.org\/{rel}","templated":true}]}}